{"id":17535,"date":"2022-10-04T14:12:28","date_gmt":"2022-10-04T14:12:28","guid":{"rendered":"https:\/\/luxon.com\/security\/"},"modified":"2024-10-22T07:36:26","modified_gmt":"2024-10-22T07:36:26","slug":"security","status":"publish","type":"page","link":"https:\/\/luxon.com\/pt-br\/security\/","title":{"rendered":"Levamos a s\u00e9rio a prote\u00e7\u00e3o de seus fundos"},"content":{"rendered":"<p>Seu dinheiro est\u00e1 em boas m\u00e3os. Voc\u00ea pode personalizar suas configura\u00e7\u00f5es de seguran\u00e7a com autentica\u00e7\u00e3o de 2 fatores integrada. Todos os dados s\u00e3o criptografados e nossa equipe de suporte ao cliente 24 horas por dia, 7 dias por semana, o ajudar\u00e1 instantaneamente.<\/p>\n","protected":false},"excerpt":{"rendered":"<p>Seu dinheiro est\u00e1 em boas m\u00e3os. Voc\u00ea pode personalizar suas configura\u00e7\u00f5es de seguran\u00e7a com autentica\u00e7\u00e3o de 2 fatores integrada. Todos os dados s\u00e3o criptografados e nossa equipe de suporte ao cliente 24 horas por dia, 7 dias por semana, o ajudar\u00e1 instantaneamente.<\/p>\n","protected":false},"author":3,"featured_media":21059,"parent":0,"menu_order":0,"comment_status":"closed","ping_status":"closed","template":"templates\/block-template.php","meta":{"_acf_changed":false,"footnotes":""},"class_list":["post-17535","page","type-page","status-publish","has-post-thumbnail","hentry"],"acf":[],"yoast_head":"<!-- This site is optimized with the Yoast SEO plugin v27.1.1 - https:\/\/yoast.com\/product\/yoast-seo-wordpress\/ -->\n<title>Levamos a s\u00e9rio a prote\u00e7\u00e3o de seus fundos - Luxon Pay<\/title>\n<meta name=\"robots\" content=\"index, follow, max-snippet:-1, max-image-preview:large, max-video-preview:-1\" \/>\n<link rel=\"canonical\" href=\"https:\/\/luxon.com\/pt-br\/security\/\" \/>\n<meta property=\"og:locale\" content=\"pt_BR\" \/>\n<meta property=\"og:type\" content=\"article\" \/>\n<meta property=\"og:title\" content=\"Levamos a s\u00e9rio a prote\u00e7\u00e3o de seus fundos - Luxon Pay\" \/>\n<meta property=\"og:description\" content=\"Seu dinheiro est\u00e1 em boas m\u00e3os. Voc\u00ea pode personalizar suas configura\u00e7\u00f5es de seguran\u00e7a com autentica\u00e7\u00e3o de 2 fatores integrada. Todos os dados s\u00e3o criptografados e nossa equipe de suporte ao cliente 24 horas por dia, 7 dias por semana, o ajudar\u00e1 instantaneamente.\" \/>\n<meta property=\"og:url\" content=\"https:\/\/luxon.com\/pt-br\/security\/\" \/>\n<meta property=\"og:site_name\" content=\"Luxon Pay\" \/>\n<meta property=\"article:modified_time\" content=\"2024-10-22T07:36:26+00:00\" \/>\n<meta property=\"og:image\" content=\"https:\/\/luxon.com\/wp-content\/uploads\/Security-5.png\" \/>\n\t<meta property=\"og:image:width\" content=\"370\" \/>\n\t<meta property=\"og:image:height\" content=\"466\" \/>\n\t<meta property=\"og:image:type\" content=\"image\/png\" \/>\n<meta name=\"twitter:card\" content=\"summary_large_image\" \/>\n<meta name=\"twitter:label1\" content=\"Est. tempo de leitura\" \/>\n\t<meta name=\"twitter:data1\" content=\"1 minuto\" \/>\n<script type=\"application\/ld+json\" class=\"yoast-schema-graph\">{\"@context\":\"https:\/\/schema.org\",\"@graph\":[{\"@type\":\"WebPage\",\"@id\":\"https:\/\/luxon.com\/pt-br\/security\/\",\"url\":\"https:\/\/luxon.com\/pt-br\/security\/\",\"name\":\"Levamos a s\u00e9rio a prote\u00e7\u00e3o de seus fundos - Luxon Pay\",\"isPartOf\":{\"@id\":\"https:\/\/luxon.com\/pt-br\/#website\"},\"primaryImageOfPage\":{\"@id\":\"https:\/\/luxon.com\/pt-br\/security\/#primaryimage\"},\"image\":{\"@id\":\"https:\/\/luxon.com\/pt-br\/security\/#primaryimage\"},\"thumbnailUrl\":\"https:\/\/luxon.com\/wp-content\/uploads\/Security-5.png\",\"datePublished\":\"2022-10-04T14:12:28+00:00\",\"dateModified\":\"2024-10-22T07:36:26+00:00\",\"inLanguage\":\"pt-BR\",\"potentialAction\":[{\"@type\":\"ReadAction\",\"target\":[\"https:\/\/luxon.com\/pt-br\/security\/\"]}]},{\"@type\":\"ImageObject\",\"inLanguage\":\"pt-BR\",\"@id\":\"https:\/\/luxon.com\/pt-br\/security\/#primaryimage\",\"url\":\"https:\/\/luxon.com\/wp-content\/uploads\/Security-5.png\",\"contentUrl\":\"https:\/\/luxon.com\/wp-content\/uploads\/Security-5.png\",\"width\":370,\"height\":466},{\"@type\":\"WebSite\",\"@id\":\"https:\/\/luxon.com\/pt-br\/#website\",\"url\":\"https:\/\/luxon.com\/pt-br\/\",\"name\":\"Luxon Pay\",\"description\":\"Instant secure global payments\",\"publisher\":{\"@id\":\"https:\/\/luxon.com\/pt-br\/#organization\"},\"potentialAction\":[{\"@type\":\"SearchAction\",\"target\":{\"@type\":\"EntryPoint\",\"urlTemplate\":\"https:\/\/luxon.com\/pt-br\/?s={search_term_string}\"},\"query-input\":{\"@type\":\"PropertyValueSpecification\",\"valueRequired\":true,\"valueName\":\"search_term_string\"}}],\"inLanguage\":\"pt-BR\"},{\"@type\":\"Organization\",\"@id\":\"https:\/\/luxon.com\/pt-br\/#organization\",\"name\":\"Luxon Pay\",\"url\":\"https:\/\/luxon.com\/pt-br\/\",\"logo\":{\"@type\":\"ImageObject\",\"inLanguage\":\"pt-BR\",\"@id\":\"https:\/\/luxon.com\/pt-br\/#\/schema\/logo\/image\/\",\"url\":\"https:\/\/luxon.com\/wp-content\/uploads\/WebsiteImage04.png\",\"contentUrl\":\"https:\/\/luxon.com\/wp-content\/uploads\/WebsiteImage04.png\",\"width\":1200,\"height\":630,\"caption\":\"Luxon Pay\"},\"image\":{\"@id\":\"https:\/\/luxon.com\/pt-br\/#\/schema\/logo\/image\/\"}}]}<\/script>\n<!-- \/ Yoast SEO plugin. -->","yoast_head_json":{"title":"Levamos a s\u00e9rio a prote\u00e7\u00e3o de seus fundos - Luxon Pay","robots":{"index":"index","follow":"follow","max-snippet":"max-snippet:-1","max-image-preview":"max-image-preview:large","max-video-preview":"max-video-preview:-1"},"canonical":"https:\/\/luxon.com\/pt-br\/security\/","og_locale":"pt_BR","og_type":"article","og_title":"Levamos a s\u00e9rio a prote\u00e7\u00e3o de seus fundos - Luxon Pay","og_description":"Seu dinheiro est\u00e1 em boas m\u00e3os. Voc\u00ea pode personalizar suas configura\u00e7\u00f5es de seguran\u00e7a com autentica\u00e7\u00e3o de 2 fatores integrada. Todos os dados s\u00e3o criptografados e nossa equipe de suporte ao cliente 24 horas por dia, 7 dias por semana, o ajudar\u00e1 instantaneamente.","og_url":"https:\/\/luxon.com\/pt-br\/security\/","og_site_name":"Luxon Pay","article_modified_time":"2024-10-22T07:36:26+00:00","og_image":[{"width":370,"height":466,"url":"https:\/\/luxon.com\/wp-content\/uploads\/Security-5.png","type":"image\/png"}],"twitter_card":"summary_large_image","twitter_misc":{"Est. tempo de leitura":"1 minuto"},"schema":{"@context":"https:\/\/schema.org","@graph":[{"@type":"WebPage","@id":"https:\/\/luxon.com\/pt-br\/security\/","url":"https:\/\/luxon.com\/pt-br\/security\/","name":"Levamos a s\u00e9rio a prote\u00e7\u00e3o de seus fundos - Luxon Pay","isPartOf":{"@id":"https:\/\/luxon.com\/pt-br\/#website"},"primaryImageOfPage":{"@id":"https:\/\/luxon.com\/pt-br\/security\/#primaryimage"},"image":{"@id":"https:\/\/luxon.com\/pt-br\/security\/#primaryimage"},"thumbnailUrl":"https:\/\/luxon.com\/wp-content\/uploads\/Security-5.png","datePublished":"2022-10-04T14:12:28+00:00","dateModified":"2024-10-22T07:36:26+00:00","inLanguage":"pt-BR","potentialAction":[{"@type":"ReadAction","target":["https:\/\/luxon.com\/pt-br\/security\/"]}]},{"@type":"ImageObject","inLanguage":"pt-BR","@id":"https:\/\/luxon.com\/pt-br\/security\/#primaryimage","url":"https:\/\/luxon.com\/wp-content\/uploads\/Security-5.png","contentUrl":"https:\/\/luxon.com\/wp-content\/uploads\/Security-5.png","width":370,"height":466},{"@type":"WebSite","@id":"https:\/\/luxon.com\/pt-br\/#website","url":"https:\/\/luxon.com\/pt-br\/","name":"Luxon Pay","description":"Instant secure global payments","publisher":{"@id":"https:\/\/luxon.com\/pt-br\/#organization"},"potentialAction":[{"@type":"SearchAction","target":{"@type":"EntryPoint","urlTemplate":"https:\/\/luxon.com\/pt-br\/?s={search_term_string}"},"query-input":{"@type":"PropertyValueSpecification","valueRequired":true,"valueName":"search_term_string"}}],"inLanguage":"pt-BR"},{"@type":"Organization","@id":"https:\/\/luxon.com\/pt-br\/#organization","name":"Luxon Pay","url":"https:\/\/luxon.com\/pt-br\/","logo":{"@type":"ImageObject","inLanguage":"pt-BR","@id":"https:\/\/luxon.com\/pt-br\/#\/schema\/logo\/image\/","url":"https:\/\/luxon.com\/wp-content\/uploads\/WebsiteImage04.png","contentUrl":"https:\/\/luxon.com\/wp-content\/uploads\/WebsiteImage04.png","width":1200,"height":630,"caption":"Luxon Pay"},"image":{"@id":"https:\/\/luxon.com\/pt-br\/#\/schema\/logo\/image\/"}}]}},"_links":{"self":[{"href":"https:\/\/luxon.com\/pt-br\/wp-json\/wp\/v2\/pages\/17535","targetHints":{"allow":["GET"]}}],"collection":[{"href":"https:\/\/luxon.com\/pt-br\/wp-json\/wp\/v2\/pages"}],"about":[{"href":"https:\/\/luxon.com\/pt-br\/wp-json\/wp\/v2\/types\/page"}],"author":[{"embeddable":true,"href":"https:\/\/luxon.com\/pt-br\/wp-json\/wp\/v2\/users\/3"}],"replies":[{"embeddable":true,"href":"https:\/\/luxon.com\/pt-br\/wp-json\/wp\/v2\/comments?post=17535"}],"version-history":[{"count":3,"href":"https:\/\/luxon.com\/pt-br\/wp-json\/wp\/v2\/pages\/17535\/revisions"}],"predecessor-version":[{"id":27465,"href":"https:\/\/luxon.com\/pt-br\/wp-json\/wp\/v2\/pages\/17535\/revisions\/27465"}],"wp:featuredmedia":[{"embeddable":true,"href":"https:\/\/luxon.com\/pt-br\/wp-json\/wp\/v2\/media\/21059"}],"wp:attachment":[{"href":"https:\/\/luxon.com\/pt-br\/wp-json\/wp\/v2\/media?parent=17535"}],"curies":[{"name":"wp","href":"https:\/\/api.w.org\/{rel}","templated":true}]}}