{"id":26603,"date":"2024-06-07T14:24:28","date_gmt":"2024-06-07T14:24:28","guid":{"rendered":"https:\/\/luxon.com\/wpt-global-cash-back-promo\/"},"modified":"2024-06-13T20:10:43","modified_gmt":"2024-06-13T20:10:43","slug":"wpt-global-cash-back-promo","status":"publish","type":"page","link":"https:\/\/luxon.com\/pt-br\/wpt-global-cash-back-promo\/","title":{"rendered":"Promo\u00e7\u00e3o: cashback do WPT Global"},"content":{"rendered":"<p>Ganhe at\u00e9 $ 50 em dinheiro de volta<\/p>\n<p>Deposite no WPT Global via Luxon Pay e receba 1% em dinheiro de volta em todos os dep\u00f3sitos at\u00e9 30 de junho de 2024.<\/p>\n<ul>\n<li>Promo\u00e7\u00e3o dispon\u00edvel para todos os usu\u00e1rios que depositarem no WPT Global via Luxon Pay durante as datas da promo\u00e7\u00e3o<\/li>\n<li>Promo\u00e7\u00e3o em vigor de 13 de junho de 2024, \u00e0s 00h00 CET, a 30 de junho de 2024, \u00e0s 23h59 CET<\/li>\n<li>Os usu\u00e1rios devem ter uma conta Luxon Pay ativa (KYC preenchido) antes de poderem depositar no WPT Global<\/li>\n<li>O reembolso ser\u00e1 pago em todos os dep\u00f3sitos no WPT Global at\u00e9 o valor de $50.<\/li>\n<li>O reembolso ser\u00e1 pago em sua conta Luxon Pay em 2 de julho de 2024<\/li>\n<\/ul>\n","protected":false},"excerpt":{"rendered":"<p>Ganhe at\u00e9 $ 50 em dinheiro de volta Deposite no WPT Global via Luxon Pay e receba 1% em dinheiro de volta em todos os dep\u00f3sitos at\u00e9 30 de junho de 2024. Promo\u00e7\u00e3o dispon\u00edvel para todos os usu\u00e1rios que depositarem no WPT Global via Luxon Pay durante as datas da promo\u00e7\u00e3o Promo\u00e7\u00e3o em vigor de<a class=\"excerpt-read-more\" href=\"https:\/\/luxon.com\/pt-br\/wpt-global-cash-back-promo\/\" title=\"ReadPromo\u00e7\u00e3o: cashback do WPT Global\">&#8230; Read more &raquo;<\/a><\/p>\n","protected":false},"author":5,"featured_media":26562,"parent":0,"menu_order":0,"comment_status":"closed","ping_status":"closed","template":"templates\/block-template.php","meta":{"_acf_changed":false,"footnotes":""},"class_list":["post-26603","page","type-page","status-publish","has-post-thumbnail","hentry"],"acf":[],"yoast_head":"<!-- This site is optimized with the Yoast SEO plugin v27.1.1 - https:\/\/yoast.com\/product\/yoast-seo-wordpress\/ -->\n<title>Promo\u00e7\u00e3o: cashback do WPT Global - Luxon Pay<\/title>\n<meta name=\"robots\" content=\"index, follow, max-snippet:-1, max-image-preview:large, max-video-preview:-1\" \/>\n<link rel=\"canonical\" href=\"https:\/\/luxon.com\/pt-br\/wpt-global-cash-back-promo\/\" \/>\n<meta property=\"og:locale\" content=\"pt_BR\" \/>\n<meta property=\"og:type\" content=\"article\" \/>\n<meta property=\"og:title\" content=\"Promo\u00e7\u00e3o: cashback do WPT Global - Luxon Pay\" \/>\n<meta property=\"og:description\" content=\"Ganhe at\u00e9 $ 50 em dinheiro de volta Deposite no WPT Global via Luxon Pay e receba 1% em dinheiro de volta em todos os dep\u00f3sitos at\u00e9 30 de junho de 2024. Promo\u00e7\u00e3o dispon\u00edvel para todos os usu\u00e1rios que depositarem no WPT Global via Luxon Pay durante as datas da promo\u00e7\u00e3o Promo\u00e7\u00e3o em vigor de... Read more &raquo;\" \/>\n<meta property=\"og:url\" content=\"https:\/\/luxon.com\/pt-br\/wpt-global-cash-back-promo\/\" \/>\n<meta property=\"og:site_name\" content=\"Luxon Pay\" \/>\n<meta property=\"article:modified_time\" content=\"2024-06-13T20:10:43+00:00\" \/>\n<meta property=\"og:image\" content=\"https:\/\/luxon.com\/wp-content\/uploads\/1f0e507fca6c7f520e2fa51ad0759238-420fc-fill-1200-0.png\" \/>\n\t<meta property=\"og:image:width\" content=\"1200\" \/>\n\t<meta property=\"og:image:height\" content=\"582\" \/>\n\t<meta property=\"og:image:type\" content=\"image\/png\" \/>\n<meta name=\"twitter:card\" content=\"summary_large_image\" \/>\n<meta name=\"twitter:label1\" content=\"Est. tempo de leitura\" \/>\n\t<meta name=\"twitter:data1\" content=\"1 minuto\" \/>\n<script type=\"application\/ld+json\" class=\"yoast-schema-graph\">{\"@context\":\"https:\/\/schema.org\",\"@graph\":[{\"@type\":\"WebPage\",\"@id\":\"https:\/\/luxon.com\/pt-br\/wpt-global-cash-back-promo\/\",\"url\":\"https:\/\/luxon.com\/pt-br\/wpt-global-cash-back-promo\/\",\"name\":\"Promo\u00e7\u00e3o: cashback do WPT Global - Luxon Pay\",\"isPartOf\":{\"@id\":\"https:\/\/luxon.com\/pt-br\/#website\"},\"primaryImageOfPage\":{\"@id\":\"https:\/\/luxon.com\/pt-br\/wpt-global-cash-back-promo\/#primaryimage\"},\"image\":{\"@id\":\"https:\/\/luxon.com\/pt-br\/wpt-global-cash-back-promo\/#primaryimage\"},\"thumbnailUrl\":\"https:\/\/luxon.com\/wp-content\/uploads\/1f0e507fca6c7f520e2fa51ad0759238-420fc-fill-1200-0.png\",\"datePublished\":\"2024-06-07T14:24:28+00:00\",\"dateModified\":\"2024-06-13T20:10:43+00:00\",\"inLanguage\":\"pt-BR\",\"potentialAction\":[{\"@type\":\"ReadAction\",\"target\":[\"https:\/\/luxon.com\/pt-br\/wpt-global-cash-back-promo\/\"]}]},{\"@type\":\"ImageObject\",\"inLanguage\":\"pt-BR\",\"@id\":\"https:\/\/luxon.com\/pt-br\/wpt-global-cash-back-promo\/#primaryimage\",\"url\":\"https:\/\/luxon.com\/wp-content\/uploads\/1f0e507fca6c7f520e2fa51ad0759238-420fc-fill-1200-0.png\",\"contentUrl\":\"https:\/\/luxon.com\/wp-content\/uploads\/1f0e507fca6c7f520e2fa51ad0759238-420fc-fill-1200-0.png\",\"width\":1200,\"height\":582},{\"@type\":\"WebSite\",\"@id\":\"https:\/\/luxon.com\/pt-br\/#website\",\"url\":\"https:\/\/luxon.com\/pt-br\/\",\"name\":\"Luxon Pay\",\"description\":\"Instant secure global payments\",\"publisher\":{\"@id\":\"https:\/\/luxon.com\/pt-br\/#organization\"},\"potentialAction\":[{\"@type\":\"SearchAction\",\"target\":{\"@type\":\"EntryPoint\",\"urlTemplate\":\"https:\/\/luxon.com\/pt-br\/?s={search_term_string}\"},\"query-input\":{\"@type\":\"PropertyValueSpecification\",\"valueRequired\":true,\"valueName\":\"search_term_string\"}}],\"inLanguage\":\"pt-BR\"},{\"@type\":\"Organization\",\"@id\":\"https:\/\/luxon.com\/pt-br\/#organization\",\"name\":\"Luxon Pay\",\"url\":\"https:\/\/luxon.com\/pt-br\/\",\"logo\":{\"@type\":\"ImageObject\",\"inLanguage\":\"pt-BR\",\"@id\":\"https:\/\/luxon.com\/pt-br\/#\/schema\/logo\/image\/\",\"url\":\"https:\/\/luxon.com\/wp-content\/uploads\/WebsiteImage04.png\",\"contentUrl\":\"https:\/\/luxon.com\/wp-content\/uploads\/WebsiteImage04.png\",\"width\":1200,\"height\":630,\"caption\":\"Luxon Pay\"},\"image\":{\"@id\":\"https:\/\/luxon.com\/pt-br\/#\/schema\/logo\/image\/\"}}]}<\/script>\n<!-- \/ Yoast SEO plugin. -->","yoast_head_json":{"title":"Promo\u00e7\u00e3o: cashback do WPT Global - Luxon Pay","robots":{"index":"index","follow":"follow","max-snippet":"max-snippet:-1","max-image-preview":"max-image-preview:large","max-video-preview":"max-video-preview:-1"},"canonical":"https:\/\/luxon.com\/pt-br\/wpt-global-cash-back-promo\/","og_locale":"pt_BR","og_type":"article","og_title":"Promo\u00e7\u00e3o: cashback do WPT Global - Luxon Pay","og_description":"Ganhe at\u00e9 $ 50 em dinheiro de volta Deposite no WPT Global via Luxon Pay e receba 1% em dinheiro de volta em todos os dep\u00f3sitos at\u00e9 30 de junho de 2024. Promo\u00e7\u00e3o dispon\u00edvel para todos os usu\u00e1rios que depositarem no WPT Global via Luxon Pay durante as datas da promo\u00e7\u00e3o Promo\u00e7\u00e3o em vigor de... Read more &raquo;","og_url":"https:\/\/luxon.com\/pt-br\/wpt-global-cash-back-promo\/","og_site_name":"Luxon Pay","article_modified_time":"2024-06-13T20:10:43+00:00","og_image":[{"width":1200,"height":582,"url":"https:\/\/luxon.com\/wp-content\/uploads\/1f0e507fca6c7f520e2fa51ad0759238-420fc-fill-1200-0.png","type":"image\/png"}],"twitter_card":"summary_large_image","twitter_misc":{"Est. tempo de leitura":"1 minuto"},"schema":{"@context":"https:\/\/schema.org","@graph":[{"@type":"WebPage","@id":"https:\/\/luxon.com\/pt-br\/wpt-global-cash-back-promo\/","url":"https:\/\/luxon.com\/pt-br\/wpt-global-cash-back-promo\/","name":"Promo\u00e7\u00e3o: cashback do WPT Global - Luxon Pay","isPartOf":{"@id":"https:\/\/luxon.com\/pt-br\/#website"},"primaryImageOfPage":{"@id":"https:\/\/luxon.com\/pt-br\/wpt-global-cash-back-promo\/#primaryimage"},"image":{"@id":"https:\/\/luxon.com\/pt-br\/wpt-global-cash-back-promo\/#primaryimage"},"thumbnailUrl":"https:\/\/luxon.com\/wp-content\/uploads\/1f0e507fca6c7f520e2fa51ad0759238-420fc-fill-1200-0.png","datePublished":"2024-06-07T14:24:28+00:00","dateModified":"2024-06-13T20:10:43+00:00","inLanguage":"pt-BR","potentialAction":[{"@type":"ReadAction","target":["https:\/\/luxon.com\/pt-br\/wpt-global-cash-back-promo\/"]}]},{"@type":"ImageObject","inLanguage":"pt-BR","@id":"https:\/\/luxon.com\/pt-br\/wpt-global-cash-back-promo\/#primaryimage","url":"https:\/\/luxon.com\/wp-content\/uploads\/1f0e507fca6c7f520e2fa51ad0759238-420fc-fill-1200-0.png","contentUrl":"https:\/\/luxon.com\/wp-content\/uploads\/1f0e507fca6c7f520e2fa51ad0759238-420fc-fill-1200-0.png","width":1200,"height":582},{"@type":"WebSite","@id":"https:\/\/luxon.com\/pt-br\/#website","url":"https:\/\/luxon.com\/pt-br\/","name":"Luxon Pay","description":"Instant secure global payments","publisher":{"@id":"https:\/\/luxon.com\/pt-br\/#organization"},"potentialAction":[{"@type":"SearchAction","target":{"@type":"EntryPoint","urlTemplate":"https:\/\/luxon.com\/pt-br\/?s={search_term_string}"},"query-input":{"@type":"PropertyValueSpecification","valueRequired":true,"valueName":"search_term_string"}}],"inLanguage":"pt-BR"},{"@type":"Organization","@id":"https:\/\/luxon.com\/pt-br\/#organization","name":"Luxon Pay","url":"https:\/\/luxon.com\/pt-br\/","logo":{"@type":"ImageObject","inLanguage":"pt-BR","@id":"https:\/\/luxon.com\/pt-br\/#\/schema\/logo\/image\/","url":"https:\/\/luxon.com\/wp-content\/uploads\/WebsiteImage04.png","contentUrl":"https:\/\/luxon.com\/wp-content\/uploads\/WebsiteImage04.png","width":1200,"height":630,"caption":"Luxon Pay"},"image":{"@id":"https:\/\/luxon.com\/pt-br\/#\/schema\/logo\/image\/"}}]}},"_links":{"self":[{"href":"https:\/\/luxon.com\/pt-br\/wp-json\/wp\/v2\/pages\/26603","targetHints":{"allow":["GET"]}}],"collection":[{"href":"https:\/\/luxon.com\/pt-br\/wp-json\/wp\/v2\/pages"}],"about":[{"href":"https:\/\/luxon.com\/pt-br\/wp-json\/wp\/v2\/types\/page"}],"author":[{"embeddable":true,"href":"https:\/\/luxon.com\/pt-br\/wp-json\/wp\/v2\/users\/5"}],"replies":[{"embeddable":true,"href":"https:\/\/luxon.com\/pt-br\/wp-json\/wp\/v2\/comments?post=26603"}],"version-history":[{"count":2,"href":"https:\/\/luxon.com\/pt-br\/wp-json\/wp\/v2\/pages\/26603\/revisions"}],"predecessor-version":[{"id":26605,"href":"https:\/\/luxon.com\/pt-br\/wp-json\/wp\/v2\/pages\/26603\/revisions\/26605"}],"wp:featuredmedia":[{"embeddable":true,"href":"https:\/\/luxon.com\/pt-br\/wp-json\/wp\/v2\/media\/26562"}],"wp:attachment":[{"href":"https:\/\/luxon.com\/pt-br\/wp-json\/wp\/v2\/media?parent=26603"}],"curies":[{"name":"wp","href":"https:\/\/api.w.org\/{rel}","templated":true}]}}