{"id":27568,"date":"2024-11-29T09:43:57","date_gmt":"2024-11-29T09:43:57","guid":{"rendered":"https:\/\/luxon.com\/free-luxon-pay-mastercard-in-december\/"},"modified":"2025-06-02T09:37:25","modified_gmt":"2025-06-02T09:37:25","slug":"free-luxon-pay-mastercard-in-december","status":"publish","type":"page","link":"https:\/\/luxon.com\/pt-br\/free-luxon-pay-mastercard-in-december\/","title":{"rendered":"Luxon Pay Mastercard gratuito"},"content":{"rendered":"<p data-start=\"2722\" data-end=\"2836\">Este junho, estamos a tornar mais f\u00e1cil do que nunca usar os seus fundos com um <strong data-start=\"2802\" data-end=\"2835\">Luxon Pay Mastercard GRATUITO<\/strong>!<\/p>\n<p data-start=\"2838\" data-end=\"2952\">Por tempo limitado, solicite o seu cart\u00e3o f\u00edsico sem qualquer custo \u2013 uma forma simples de gastar em todo o mundo.<\/p>\n<p data-start=\"2954\" data-end=\"3043\">N\u00e3o perca esta oportunidade \u2013 a oferta \u00e9 v\u00e1lida apenas por tempo limitado. Pe\u00e7a j\u00e1 o seu!<\/p>\n<p data-start=\"3045\" data-end=\"3095\">V\u00e1 \u00e0 sec\u00e7\u00e3o \u201cCart\u00e3o\u201d na aplica\u00e7\u00e3o para encomendar.<\/p>\n<p data-start=\"3097\" data-end=\"3120\"><strong data-start=\"3097\" data-end=\"3120\">Termos e Condi\u00e7\u00f5es:<\/strong><\/p>\n<ul data-start=\"3121\" data-end=\"3506\">\n<li data-start=\"3121\" data-end=\"3202\">\n<p data-start=\"3123\" data-end=\"3202\">Os utilizadores devem ter uma conta totalmente verificada para pedir o cart\u00e3o<\/p>\n<\/li>\n<li data-start=\"3203\" data-end=\"3263\">\n<p data-start=\"3205\" data-end=\"3263\">Apenas utilizadores do Reino Unido e da UE s\u00e3o eleg\u00edveis<\/p>\n<\/li>\n<li data-start=\"3264\" data-end=\"3362\">\n<p data-start=\"3266\" data-end=\"3362\">Os cart\u00f5es s\u00e3o geralmente entregues na morada associada \u00e0 conta num prazo de 5 a 10 dias \u00fateis<\/p>\n<\/li>\n<li data-start=\"3363\" data-end=\"3413\">\n<p data-start=\"3365\" data-end=\"3413\">A promo\u00e7\u00e3o \u00e9 v\u00e1lida de 1 a 30 de junho de 2025<\/p>\n<\/li>\n<li data-start=\"3414\" data-end=\"3506\">\n<p data-start=\"3416\" data-end=\"3506\">Apenas \u00e9 permitida uma carta por utilizador. Se j\u00e1 tiver um cart\u00e3o, n\u00e3o poder\u00e1 pedir outro<\/p>\n<\/li>\n<\/ul>\n","protected":false},"excerpt":{"rendered":"<p>Este junho, estamos a tornar mais f\u00e1cil do que nunca usar os seus fundos com um Luxon Pay Mastercard GRATUITO! Por tempo limitado, solicite o seu cart\u00e3o f\u00edsico sem qualquer custo \u2013 uma forma simples de gastar em todo o mundo. N\u00e3o perca esta oportunidade \u2013 a oferta \u00e9 v\u00e1lida apenas por tempo limitado. Pe\u00e7a<a class=\"excerpt-read-more\" href=\"https:\/\/luxon.com\/pt-br\/free-luxon-pay-mastercard-in-december\/\" title=\"ReadLuxon Pay Mastercard gratuito\">&#8230; Read more &raquo;<\/a><\/p>\n","protected":false},"author":5,"featured_media":26426,"parent":0,"menu_order":0,"comment_status":"closed","ping_status":"closed","template":"templates\/block-template.php","meta":{"_acf_changed":false,"footnotes":""},"class_list":["post-27568","page","type-page","status-publish","has-post-thumbnail","hentry"],"acf":[],"yoast_head":"<!-- This site is optimized with the Yoast SEO plugin v27.1.1 - https:\/\/yoast.com\/product\/yoast-seo-wordpress\/ -->\n<title>Luxon Pay Mastercard gratuito - Luxon Pay<\/title>\n<meta name=\"robots\" content=\"index, follow, max-snippet:-1, max-image-preview:large, max-video-preview:-1\" \/>\n<link rel=\"canonical\" href=\"https:\/\/luxon.com\/pt-br\/free-luxon-pay-mastercard-in-december\/\" \/>\n<meta property=\"og:locale\" content=\"pt_BR\" \/>\n<meta property=\"og:type\" content=\"article\" \/>\n<meta property=\"og:title\" content=\"Luxon Pay Mastercard gratuito - Luxon Pay\" \/>\n<meta property=\"og:description\" content=\"Este junho, estamos a tornar mais f\u00e1cil do que nunca usar os seus fundos com um Luxon Pay Mastercard GRATUITO! Por tempo limitado, solicite o seu cart\u00e3o f\u00edsico sem qualquer custo \u2013 uma forma simples de gastar em todo o mundo. N\u00e3o perca esta oportunidade \u2013 a oferta \u00e9 v\u00e1lida apenas por tempo limitado. Pe\u00e7a... Read more &raquo;\" \/>\n<meta property=\"og:url\" content=\"https:\/\/luxon.com\/pt-br\/free-luxon-pay-mastercard-in-december\/\" \/>\n<meta property=\"og:site_name\" content=\"Luxon Pay\" \/>\n<meta property=\"article:modified_time\" content=\"2025-06-02T09:37:25+00:00\" \/>\n<meta property=\"og:image\" content=\"https:\/\/luxon.com\/wp-content\/uploads\/Hero-Image@3x-3.png\" \/>\n\t<meta property=\"og:image:width\" content=\"1652\" \/>\n\t<meta property=\"og:image:height\" content=\"1727\" \/>\n\t<meta property=\"og:image:type\" content=\"image\/png\" \/>\n<meta name=\"twitter:card\" content=\"summary_large_image\" \/>\n<meta name=\"twitter:label1\" content=\"Est. tempo de leitura\" \/>\n\t<meta name=\"twitter:data1\" content=\"1 minuto\" \/>\n<script type=\"application\/ld+json\" class=\"yoast-schema-graph\">{\"@context\":\"https:\/\/schema.org\",\"@graph\":[{\"@type\":\"WebPage\",\"@id\":\"https:\/\/luxon.com\/pt-br\/free-luxon-pay-mastercard-in-december\/\",\"url\":\"https:\/\/luxon.com\/pt-br\/free-luxon-pay-mastercard-in-december\/\",\"name\":\"Luxon Pay Mastercard gratuito - Luxon Pay\",\"isPartOf\":{\"@id\":\"https:\/\/luxon.com\/pt-br\/#website\"},\"primaryImageOfPage\":{\"@id\":\"https:\/\/luxon.com\/pt-br\/free-luxon-pay-mastercard-in-december\/#primaryimage\"},\"image\":{\"@id\":\"https:\/\/luxon.com\/pt-br\/free-luxon-pay-mastercard-in-december\/#primaryimage\"},\"thumbnailUrl\":\"https:\/\/luxon.com\/wp-content\/uploads\/Hero-Image@3x-3.png\",\"datePublished\":\"2024-11-29T09:43:57+00:00\",\"dateModified\":\"2025-06-02T09:37:25+00:00\",\"inLanguage\":\"pt-BR\",\"potentialAction\":[{\"@type\":\"ReadAction\",\"target\":[\"https:\/\/luxon.com\/pt-br\/free-luxon-pay-mastercard-in-december\/\"]}]},{\"@type\":\"ImageObject\",\"inLanguage\":\"pt-BR\",\"@id\":\"https:\/\/luxon.com\/pt-br\/free-luxon-pay-mastercard-in-december\/#primaryimage\",\"url\":\"https:\/\/luxon.com\/wp-content\/uploads\/Hero-Image@3x-3.png\",\"contentUrl\":\"https:\/\/luxon.com\/wp-content\/uploads\/Hero-Image@3x-3.png\",\"width\":1652,\"height\":1727},{\"@type\":\"WebSite\",\"@id\":\"https:\/\/luxon.com\/pt-br\/#website\",\"url\":\"https:\/\/luxon.com\/pt-br\/\",\"name\":\"Luxon Pay\",\"description\":\"Instant secure global payments\",\"publisher\":{\"@id\":\"https:\/\/luxon.com\/pt-br\/#organization\"},\"potentialAction\":[{\"@type\":\"SearchAction\",\"target\":{\"@type\":\"EntryPoint\",\"urlTemplate\":\"https:\/\/luxon.com\/pt-br\/?s={search_term_string}\"},\"query-input\":{\"@type\":\"PropertyValueSpecification\",\"valueRequired\":true,\"valueName\":\"search_term_string\"}}],\"inLanguage\":\"pt-BR\"},{\"@type\":\"Organization\",\"@id\":\"https:\/\/luxon.com\/pt-br\/#organization\",\"name\":\"Luxon Pay\",\"url\":\"https:\/\/luxon.com\/pt-br\/\",\"logo\":{\"@type\":\"ImageObject\",\"inLanguage\":\"pt-BR\",\"@id\":\"https:\/\/luxon.com\/pt-br\/#\/schema\/logo\/image\/\",\"url\":\"https:\/\/luxon.com\/wp-content\/uploads\/WebsiteImage04.png\",\"contentUrl\":\"https:\/\/luxon.com\/wp-content\/uploads\/WebsiteImage04.png\",\"width\":1200,\"height\":630,\"caption\":\"Luxon Pay\"},\"image\":{\"@id\":\"https:\/\/luxon.com\/pt-br\/#\/schema\/logo\/image\/\"}}]}<\/script>\n<!-- \/ Yoast SEO plugin. -->","yoast_head_json":{"title":"Luxon Pay Mastercard gratuito - Luxon Pay","robots":{"index":"index","follow":"follow","max-snippet":"max-snippet:-1","max-image-preview":"max-image-preview:large","max-video-preview":"max-video-preview:-1"},"canonical":"https:\/\/luxon.com\/pt-br\/free-luxon-pay-mastercard-in-december\/","og_locale":"pt_BR","og_type":"article","og_title":"Luxon Pay Mastercard gratuito - Luxon Pay","og_description":"Este junho, estamos a tornar mais f\u00e1cil do que nunca usar os seus fundos com um Luxon Pay Mastercard GRATUITO! Por tempo limitado, solicite o seu cart\u00e3o f\u00edsico sem qualquer custo \u2013 uma forma simples de gastar em todo o mundo. N\u00e3o perca esta oportunidade \u2013 a oferta \u00e9 v\u00e1lida apenas por tempo limitado. Pe\u00e7a... Read more &raquo;","og_url":"https:\/\/luxon.com\/pt-br\/free-luxon-pay-mastercard-in-december\/","og_site_name":"Luxon Pay","article_modified_time":"2025-06-02T09:37:25+00:00","og_image":[{"width":1652,"height":1727,"url":"https:\/\/luxon.com\/wp-content\/uploads\/Hero-Image@3x-3.png","type":"image\/png"}],"twitter_card":"summary_large_image","twitter_misc":{"Est. tempo de leitura":"1 minuto"},"schema":{"@context":"https:\/\/schema.org","@graph":[{"@type":"WebPage","@id":"https:\/\/luxon.com\/pt-br\/free-luxon-pay-mastercard-in-december\/","url":"https:\/\/luxon.com\/pt-br\/free-luxon-pay-mastercard-in-december\/","name":"Luxon Pay Mastercard gratuito - Luxon Pay","isPartOf":{"@id":"https:\/\/luxon.com\/pt-br\/#website"},"primaryImageOfPage":{"@id":"https:\/\/luxon.com\/pt-br\/free-luxon-pay-mastercard-in-december\/#primaryimage"},"image":{"@id":"https:\/\/luxon.com\/pt-br\/free-luxon-pay-mastercard-in-december\/#primaryimage"},"thumbnailUrl":"https:\/\/luxon.com\/wp-content\/uploads\/Hero-Image@3x-3.png","datePublished":"2024-11-29T09:43:57+00:00","dateModified":"2025-06-02T09:37:25+00:00","inLanguage":"pt-BR","potentialAction":[{"@type":"ReadAction","target":["https:\/\/luxon.com\/pt-br\/free-luxon-pay-mastercard-in-december\/"]}]},{"@type":"ImageObject","inLanguage":"pt-BR","@id":"https:\/\/luxon.com\/pt-br\/free-luxon-pay-mastercard-in-december\/#primaryimage","url":"https:\/\/luxon.com\/wp-content\/uploads\/Hero-Image@3x-3.png","contentUrl":"https:\/\/luxon.com\/wp-content\/uploads\/Hero-Image@3x-3.png","width":1652,"height":1727},{"@type":"WebSite","@id":"https:\/\/luxon.com\/pt-br\/#website","url":"https:\/\/luxon.com\/pt-br\/","name":"Luxon Pay","description":"Instant secure global payments","publisher":{"@id":"https:\/\/luxon.com\/pt-br\/#organization"},"potentialAction":[{"@type":"SearchAction","target":{"@type":"EntryPoint","urlTemplate":"https:\/\/luxon.com\/pt-br\/?s={search_term_string}"},"query-input":{"@type":"PropertyValueSpecification","valueRequired":true,"valueName":"search_term_string"}}],"inLanguage":"pt-BR"},{"@type":"Organization","@id":"https:\/\/luxon.com\/pt-br\/#organization","name":"Luxon Pay","url":"https:\/\/luxon.com\/pt-br\/","logo":{"@type":"ImageObject","inLanguage":"pt-BR","@id":"https:\/\/luxon.com\/pt-br\/#\/schema\/logo\/image\/","url":"https:\/\/luxon.com\/wp-content\/uploads\/WebsiteImage04.png","contentUrl":"https:\/\/luxon.com\/wp-content\/uploads\/WebsiteImage04.png","width":1200,"height":630,"caption":"Luxon Pay"},"image":{"@id":"https:\/\/luxon.com\/pt-br\/#\/schema\/logo\/image\/"}}]}},"_links":{"self":[{"href":"https:\/\/luxon.com\/pt-br\/wp-json\/wp\/v2\/pages\/27568","targetHints":{"allow":["GET"]}}],"collection":[{"href":"https:\/\/luxon.com\/pt-br\/wp-json\/wp\/v2\/pages"}],"about":[{"href":"https:\/\/luxon.com\/pt-br\/wp-json\/wp\/v2\/types\/page"}],"author":[{"embeddable":true,"href":"https:\/\/luxon.com\/pt-br\/wp-json\/wp\/v2\/users\/5"}],"replies":[{"embeddable":true,"href":"https:\/\/luxon.com\/pt-br\/wp-json\/wp\/v2\/comments?post=27568"}],"version-history":[{"count":6,"href":"https:\/\/luxon.com\/pt-br\/wp-json\/wp\/v2\/pages\/27568\/revisions"}],"predecessor-version":[{"id":29923,"href":"https:\/\/luxon.com\/pt-br\/wp-json\/wp\/v2\/pages\/27568\/revisions\/29923"}],"wp:featuredmedia":[{"embeddable":true,"href":"https:\/\/luxon.com\/pt-br\/wp-json\/wp\/v2\/media\/26426"}],"wp:attachment":[{"href":"https:\/\/luxon.com\/pt-br\/wp-json\/wp\/v2\/media?parent=27568"}],"curies":[{"name":"wp","href":"https:\/\/api.w.org\/{rel}","templated":true}]}}