{"id":29990,"date":"2025-05-22T14:37:46","date_gmt":"2025-05-22T14:37:46","guid":{"rendered":"https:\/\/luxon.com\/win-a-free-10000-wsop-main-event-seat-in-our-exclusive-giveaway\/"},"modified":"2025-06-03T17:54:52","modified_gmt":"2025-06-03T17:54:52","slug":"win-a-free-10000-wsop-main-event-seat-in-our-exclusive-giveaway","status":"publish","type":"page","link":"https:\/\/luxon.com\/pt-br\/win-a-free-10000-wsop-main-event-seat-in-our-exclusive-giveaway\/","title":{"rendered":"Ganhe um ingresso gr\u00e1tis de US$ 10.000 para o Evento Principal da WSOP em nosso sorteio exclusivo"},"content":{"rendered":"<ul>\n<li>\u2060 \u2060Siga o Luxon Pay no X<\/li>\n<li style=\"font-weight: 400;\">\u2060 \u2060Compartilhe a publica\u00e7\u00e3o no X<\/li>\n<li style=\"font-weight: 400;\">\u2060 \u2060Pague qualquer evento da WSOP via Luxon Pay antes de 30 de junho<\/li>\n<\/ul>\n<p style=\"font-weight: 400;\">Termos e Condi\u00e7\u00f5es<\/p>\n<p style=\"font-weight: 400;\">1.\u2060 \u2060Os usu\u00e1rios devem comprar um ingresso pelo aplicativo WSOP+ e finalizar a compra com o Luxon Pay para serem eleg\u00edveis para a promo\u00e7\u00e3o<\/p>\n<p style=\"font-weight: 400;\">2.\u2060 \u2060Os usu\u00e1rios devem ter seguido o Luxon Pay no X e compartilhado a publica\u00e7\u00e3o relevante para serem eleg\u00edveis<\/p>\n<p style=\"font-weight: 400;\">3.\u2060 \u2060As inscri\u00e7\u00f5es ser\u00e3o encerradas \u00e0s 23:59\u00a0 CET em 30 de junho de 2025<\/p>\n<p style=\"font-weight: 400;\">4.\u2060 \u2060O vencedor ser\u00e1 anunciado em 1\u00ba de julho de 2025<\/p>\n<p style=\"font-weight: 400;\">5.\u2060 \u2060O ingresso de US$ 10.000 para o Evento Principal da WSOP pode ser usado para o Evento Principal da WSOP de 2025 ou 2026<\/p>\n<p style=\"font-weight: 400;\">\n<p style=\"font-weight: 400;\">\n","protected":false},"excerpt":{"rendered":"<p>\u2060 \u2060Siga o Luxon Pay no X \u2060 \u2060Compartilhe a publica\u00e7\u00e3o no X \u2060 \u2060Pague qualquer evento da WSOP via Luxon Pay antes de 30 de junho Termos e Condi\u00e7\u00f5es 1.\u2060 \u2060Os usu\u00e1rios devem comprar um ingresso pelo aplicativo WSOP+ e finalizar a compra com o Luxon Pay para serem eleg\u00edveis para a promo\u00e7\u00e3o 2.\u2060<a class=\"excerpt-read-more\" href=\"https:\/\/luxon.com\/pt-br\/win-a-free-10000-wsop-main-event-seat-in-our-exclusive-giveaway\/\" title=\"ReadGanhe um ingresso gr\u00e1tis de US$ 10.000 para o Evento Principal da WSOP em nosso sorteio exclusivo\">&#8230; Read more &raquo;<\/a><\/p>\n","protected":false},"author":5,"featured_media":29582,"parent":0,"menu_order":0,"comment_status":"closed","ping_status":"closed","template":"templates\/block-template.php","meta":{"_acf_changed":false,"footnotes":""},"class_list":["post-29990","page","type-page","status-publish","has-post-thumbnail","hentry"],"acf":[],"yoast_head":"<!-- This site is optimized with the Yoast SEO plugin v27.1.1 - https:\/\/yoast.com\/product\/yoast-seo-wordpress\/ -->\n<title>Ganhe um ingresso gr\u00e1tis de US$ 10.000 para o Evento Principal da WSOP em nosso sorteio exclusivo - Luxon Pay<\/title>\n<meta name=\"robots\" content=\"index, follow, max-snippet:-1, max-image-preview:large, max-video-preview:-1\" \/>\n<link rel=\"canonical\" href=\"https:\/\/luxon.com\/pt-br\/win-a-free-10000-wsop-main-event-seat-in-our-exclusive-giveaway\/\" \/>\n<meta property=\"og:locale\" content=\"pt_BR\" \/>\n<meta property=\"og:type\" content=\"article\" \/>\n<meta property=\"og:title\" content=\"Ganhe um ingresso gr\u00e1tis de US$ 10.000 para o Evento Principal da WSOP em nosso sorteio exclusivo - Luxon Pay\" \/>\n<meta property=\"og:description\" content=\"\u2060 \u2060Siga o Luxon Pay no X \u2060 \u2060Compartilhe a publica\u00e7\u00e3o no X \u2060 \u2060Pague qualquer evento da WSOP via Luxon Pay antes de 30 de junho Termos e Condi\u00e7\u00f5es 1.\u2060 \u2060Os usu\u00e1rios devem comprar um ingresso pelo aplicativo WSOP+ e finalizar a compra com o Luxon Pay para serem eleg\u00edveis para a promo\u00e7\u00e3o 2.\u2060... Read more &raquo;\" \/>\n<meta property=\"og:url\" content=\"https:\/\/luxon.com\/pt-br\/win-a-free-10000-wsop-main-event-seat-in-our-exclusive-giveaway\/\" \/>\n<meta property=\"og:site_name\" content=\"Luxon Pay\" \/>\n<meta property=\"article:modified_time\" content=\"2025-06-03T17:54:52+00:00\" \/>\n<meta property=\"og:image\" content=\"https:\/\/luxon.com\/wp-content\/uploads\/Luxon-website-banner-image.png\" \/>\n\t<meta property=\"og:image:width\" content=\"404\" \/>\n\t<meta property=\"og:image:height\" content=\"640\" \/>\n\t<meta property=\"og:image:type\" content=\"image\/png\" \/>\n<meta name=\"twitter:card\" content=\"summary_large_image\" \/>\n<meta name=\"twitter:label1\" content=\"Est. tempo de leitura\" \/>\n\t<meta name=\"twitter:data1\" content=\"1 minuto\" \/>\n<script type=\"application\/ld+json\" class=\"yoast-schema-graph\">{\"@context\":\"https:\/\/schema.org\",\"@graph\":[{\"@type\":\"WebPage\",\"@id\":\"https:\/\/luxon.com\/pt-br\/win-a-free-10000-wsop-main-event-seat-in-our-exclusive-giveaway\/\",\"url\":\"https:\/\/luxon.com\/pt-br\/win-a-free-10000-wsop-main-event-seat-in-our-exclusive-giveaway\/\",\"name\":\"Ganhe um ingresso gr\u00e1tis de US$ 10.000 para o Evento Principal da WSOP em nosso sorteio exclusivo - Luxon Pay\",\"isPartOf\":{\"@id\":\"https:\/\/luxon.com\/pt-br\/#website\"},\"primaryImageOfPage\":{\"@id\":\"https:\/\/luxon.com\/pt-br\/win-a-free-10000-wsop-main-event-seat-in-our-exclusive-giveaway\/#primaryimage\"},\"image\":{\"@id\":\"https:\/\/luxon.com\/pt-br\/win-a-free-10000-wsop-main-event-seat-in-our-exclusive-giveaway\/#primaryimage\"},\"thumbnailUrl\":\"https:\/\/luxon.com\/wp-content\/uploads\/Luxon-website-banner-image.png\",\"datePublished\":\"2025-05-22T14:37:46+00:00\",\"dateModified\":\"2025-06-03T17:54:52+00:00\",\"inLanguage\":\"pt-BR\",\"potentialAction\":[{\"@type\":\"ReadAction\",\"target\":[\"https:\/\/luxon.com\/pt-br\/win-a-free-10000-wsop-main-event-seat-in-our-exclusive-giveaway\/\"]}]},{\"@type\":\"ImageObject\",\"inLanguage\":\"pt-BR\",\"@id\":\"https:\/\/luxon.com\/pt-br\/win-a-free-10000-wsop-main-event-seat-in-our-exclusive-giveaway\/#primaryimage\",\"url\":\"https:\/\/luxon.com\/wp-content\/uploads\/Luxon-website-banner-image.png\",\"contentUrl\":\"https:\/\/luxon.com\/wp-content\/uploads\/Luxon-website-banner-image.png\",\"width\":404,\"height\":640},{\"@type\":\"WebSite\",\"@id\":\"https:\/\/luxon.com\/pt-br\/#website\",\"url\":\"https:\/\/luxon.com\/pt-br\/\",\"name\":\"Luxon Pay\",\"description\":\"Instant secure global payments\",\"publisher\":{\"@id\":\"https:\/\/luxon.com\/pt-br\/#organization\"},\"potentialAction\":[{\"@type\":\"SearchAction\",\"target\":{\"@type\":\"EntryPoint\",\"urlTemplate\":\"https:\/\/luxon.com\/pt-br\/?s={search_term_string}\"},\"query-input\":{\"@type\":\"PropertyValueSpecification\",\"valueRequired\":true,\"valueName\":\"search_term_string\"}}],\"inLanguage\":\"pt-BR\"},{\"@type\":\"Organization\",\"@id\":\"https:\/\/luxon.com\/pt-br\/#organization\",\"name\":\"Luxon Pay\",\"url\":\"https:\/\/luxon.com\/pt-br\/\",\"logo\":{\"@type\":\"ImageObject\",\"inLanguage\":\"pt-BR\",\"@id\":\"https:\/\/luxon.com\/pt-br\/#\/schema\/logo\/image\/\",\"url\":\"https:\/\/luxon.com\/wp-content\/uploads\/WebsiteImage04.png\",\"contentUrl\":\"https:\/\/luxon.com\/wp-content\/uploads\/WebsiteImage04.png\",\"width\":1200,\"height\":630,\"caption\":\"Luxon Pay\"},\"image\":{\"@id\":\"https:\/\/luxon.com\/pt-br\/#\/schema\/logo\/image\/\"}}]}<\/script>\n<!-- \/ Yoast SEO plugin. -->","yoast_head_json":{"title":"Ganhe um ingresso gr\u00e1tis de US$ 10.000 para o Evento Principal da WSOP em nosso sorteio exclusivo - Luxon Pay","robots":{"index":"index","follow":"follow","max-snippet":"max-snippet:-1","max-image-preview":"max-image-preview:large","max-video-preview":"max-video-preview:-1"},"canonical":"https:\/\/luxon.com\/pt-br\/win-a-free-10000-wsop-main-event-seat-in-our-exclusive-giveaway\/","og_locale":"pt_BR","og_type":"article","og_title":"Ganhe um ingresso gr\u00e1tis de US$ 10.000 para o Evento Principal da WSOP em nosso sorteio exclusivo - Luxon Pay","og_description":"\u2060 \u2060Siga o Luxon Pay no X \u2060 \u2060Compartilhe a publica\u00e7\u00e3o no X \u2060 \u2060Pague qualquer evento da WSOP via Luxon Pay antes de 30 de junho Termos e Condi\u00e7\u00f5es 1.\u2060 \u2060Os usu\u00e1rios devem comprar um ingresso pelo aplicativo WSOP+ e finalizar a compra com o Luxon Pay para serem eleg\u00edveis para a promo\u00e7\u00e3o 2.\u2060... Read more &raquo;","og_url":"https:\/\/luxon.com\/pt-br\/win-a-free-10000-wsop-main-event-seat-in-our-exclusive-giveaway\/","og_site_name":"Luxon Pay","article_modified_time":"2025-06-03T17:54:52+00:00","og_image":[{"width":404,"height":640,"url":"https:\/\/luxon.com\/wp-content\/uploads\/Luxon-website-banner-image.png","type":"image\/png"}],"twitter_card":"summary_large_image","twitter_misc":{"Est. tempo de leitura":"1 minuto"},"schema":{"@context":"https:\/\/schema.org","@graph":[{"@type":"WebPage","@id":"https:\/\/luxon.com\/pt-br\/win-a-free-10000-wsop-main-event-seat-in-our-exclusive-giveaway\/","url":"https:\/\/luxon.com\/pt-br\/win-a-free-10000-wsop-main-event-seat-in-our-exclusive-giveaway\/","name":"Ganhe um ingresso gr\u00e1tis de US$ 10.000 para o Evento Principal da WSOP em nosso sorteio exclusivo - Luxon Pay","isPartOf":{"@id":"https:\/\/luxon.com\/pt-br\/#website"},"primaryImageOfPage":{"@id":"https:\/\/luxon.com\/pt-br\/win-a-free-10000-wsop-main-event-seat-in-our-exclusive-giveaway\/#primaryimage"},"image":{"@id":"https:\/\/luxon.com\/pt-br\/win-a-free-10000-wsop-main-event-seat-in-our-exclusive-giveaway\/#primaryimage"},"thumbnailUrl":"https:\/\/luxon.com\/wp-content\/uploads\/Luxon-website-banner-image.png","datePublished":"2025-05-22T14:37:46+00:00","dateModified":"2025-06-03T17:54:52+00:00","inLanguage":"pt-BR","potentialAction":[{"@type":"ReadAction","target":["https:\/\/luxon.com\/pt-br\/win-a-free-10000-wsop-main-event-seat-in-our-exclusive-giveaway\/"]}]},{"@type":"ImageObject","inLanguage":"pt-BR","@id":"https:\/\/luxon.com\/pt-br\/win-a-free-10000-wsop-main-event-seat-in-our-exclusive-giveaway\/#primaryimage","url":"https:\/\/luxon.com\/wp-content\/uploads\/Luxon-website-banner-image.png","contentUrl":"https:\/\/luxon.com\/wp-content\/uploads\/Luxon-website-banner-image.png","width":404,"height":640},{"@type":"WebSite","@id":"https:\/\/luxon.com\/pt-br\/#website","url":"https:\/\/luxon.com\/pt-br\/","name":"Luxon Pay","description":"Instant secure global payments","publisher":{"@id":"https:\/\/luxon.com\/pt-br\/#organization"},"potentialAction":[{"@type":"SearchAction","target":{"@type":"EntryPoint","urlTemplate":"https:\/\/luxon.com\/pt-br\/?s={search_term_string}"},"query-input":{"@type":"PropertyValueSpecification","valueRequired":true,"valueName":"search_term_string"}}],"inLanguage":"pt-BR"},{"@type":"Organization","@id":"https:\/\/luxon.com\/pt-br\/#organization","name":"Luxon Pay","url":"https:\/\/luxon.com\/pt-br\/","logo":{"@type":"ImageObject","inLanguage":"pt-BR","@id":"https:\/\/luxon.com\/pt-br\/#\/schema\/logo\/image\/","url":"https:\/\/luxon.com\/wp-content\/uploads\/WebsiteImage04.png","contentUrl":"https:\/\/luxon.com\/wp-content\/uploads\/WebsiteImage04.png","width":1200,"height":630,"caption":"Luxon Pay"},"image":{"@id":"https:\/\/luxon.com\/pt-br\/#\/schema\/logo\/image\/"}}]}},"_links":{"self":[{"href":"https:\/\/luxon.com\/pt-br\/wp-json\/wp\/v2\/pages\/29990","targetHints":{"allow":["GET"]}}],"collection":[{"href":"https:\/\/luxon.com\/pt-br\/wp-json\/wp\/v2\/pages"}],"about":[{"href":"https:\/\/luxon.com\/pt-br\/wp-json\/wp\/v2\/types\/page"}],"author":[{"embeddable":true,"href":"https:\/\/luxon.com\/pt-br\/wp-json\/wp\/v2\/users\/5"}],"replies":[{"embeddable":true,"href":"https:\/\/luxon.com\/pt-br\/wp-json\/wp\/v2\/comments?post=29990"}],"version-history":[{"count":1,"href":"https:\/\/luxon.com\/pt-br\/wp-json\/wp\/v2\/pages\/29990\/revisions"}],"predecessor-version":[{"id":29991,"href":"https:\/\/luxon.com\/pt-br\/wp-json\/wp\/v2\/pages\/29990\/revisions\/29991"}],"wp:featuredmedia":[{"embeddable":true,"href":"https:\/\/luxon.com\/pt-br\/wp-json\/wp\/v2\/media\/29582"}],"wp:attachment":[{"href":"https:\/\/luxon.com\/pt-br\/wp-json\/wp\/v2\/media?parent=29990"}],"curies":[{"name":"wp","href":"https:\/\/api.w.org\/{rel}","templated":true}]}}