{"id":30727,"date":"2025-01-16T10:31:45","date_gmt":"2025-01-16T10:31:45","guid":{"rendered":"https:\/\/luxon.com\/business\/"},"modified":"2026-03-26T10:48:27","modified_gmt":"2026-03-26T10:48:27","slug":"business","status":"publish","type":"page","link":"https:\/\/luxon.com\/pt-br\/business\/","title":{"rendered":"Servi\u00e7os banc\u00e1rios globais para empresas sem complica\u00e7\u00f5es"},"content":{"rendered":"<p><span style=\"font-weight: 400;\">Com nossas Contas Empresariais, voc\u00ea pode agilizar pagamentos e expandir seu alcance com uma conta multimoeda \u2014 tudo em uma plataforma integrada.<\/span><\/p>\n","protected":false},"excerpt":{"rendered":"<p>Com nossas Contas Empresariais, voc\u00ea pode agilizar pagamentos e expandir seu alcance com uma conta multimoeda \u2014 tudo em uma plataforma integrada.<\/p>\n","protected":false},"author":2,"featured_media":27889,"parent":0,"menu_order":0,"comment_status":"closed","ping_status":"closed","template":"templates\/block-template.php","meta":{"_acf_changed":false,"footnotes":""},"class_list":["post-30727","page","type-page","status-publish","has-post-thumbnail","hentry"],"acf":[],"yoast_head":"<!-- This site is optimized with the Yoast SEO plugin v27.4 - https:\/\/yoast.com\/product\/yoast-seo-wordpress\/ -->\n<title>Servi\u00e7os banc\u00e1rios globais para empresas sem complica\u00e7\u00f5es - Luxon Pay<\/title>\n<meta name=\"robots\" content=\"index, follow, max-snippet:-1, max-image-preview:large, max-video-preview:-1\" \/>\n<link rel=\"canonical\" href=\"https:\/\/luxon.com\/pt-br\/business\/\" \/>\n<meta property=\"og:locale\" content=\"pt_BR\" \/>\n<meta property=\"og:type\" content=\"article\" \/>\n<meta property=\"og:title\" content=\"Servi\u00e7os banc\u00e1rios globais para empresas sem complica\u00e7\u00f5es - Luxon Pay\" \/>\n<meta property=\"og:description\" content=\"Com nossas Contas Empresariais, voc\u00ea pode agilizar pagamentos e expandir seu alcance com uma conta multimoeda \u2014 tudo em uma plataforma integrada.\" \/>\n<meta property=\"og:url\" content=\"https:\/\/luxon.com\/pt-br\/business\/\" \/>\n<meta property=\"og:site_name\" content=\"Luxon Pay\" \/>\n<meta property=\"article:modified_time\" content=\"2026-03-26T10:48:27+00:00\" \/>\n<meta property=\"og:image\" content=\"https:\/\/luxon.com\/wp-content\/uploads\/remove-shadow.png\" \/>\n\t<meta property=\"og:image:width\" content=\"734\" \/>\n\t<meta property=\"og:image:height\" content=\"666\" \/>\n\t<meta property=\"og:image:type\" content=\"image\/png\" \/>\n<meta name=\"twitter:card\" content=\"summary_large_image\" \/>\n<meta name=\"twitter:label1\" content=\"Est. tempo de leitura\" \/>\n\t<meta name=\"twitter:data1\" content=\"1 minuto\" \/>\n<script type=\"application\/ld+json\" class=\"yoast-schema-graph\">{\"@context\":\"https:\\\/\\\/schema.org\",\"@graph\":[{\"@type\":\"WebPage\",\"@id\":\"https:\\\/\\\/luxon.com\\\/pt-br\\\/business\\\/\",\"url\":\"https:\\\/\\\/luxon.com\\\/pt-br\\\/business\\\/\",\"name\":\"Servi\u00e7os banc\u00e1rios globais para empresas sem complica\u00e7\u00f5es - Luxon Pay\",\"isPartOf\":{\"@id\":\"https:\\\/\\\/luxon.com\\\/pt-br\\\/#website\"},\"primaryImageOfPage\":{\"@id\":\"https:\\\/\\\/luxon.com\\\/pt-br\\\/business\\\/#primaryimage\"},\"image\":{\"@id\":\"https:\\\/\\\/luxon.com\\\/pt-br\\\/business\\\/#primaryimage\"},\"thumbnailUrl\":\"https:\\\/\\\/luxon.com\\\/wp-content\\\/uploads\\\/remove-shadow.png\",\"datePublished\":\"2025-01-16T10:31:45+00:00\",\"dateModified\":\"2026-03-26T10:48:27+00:00\",\"inLanguage\":\"pt-BR\",\"potentialAction\":[{\"@type\":\"ReadAction\",\"target\":[\"https:\\\/\\\/luxon.com\\\/pt-br\\\/business\\\/\"]}]},{\"@type\":\"ImageObject\",\"inLanguage\":\"pt-BR\",\"@id\":\"https:\\\/\\\/luxon.com\\\/pt-br\\\/business\\\/#primaryimage\",\"url\":\"https:\\\/\\\/luxon.com\\\/wp-content\\\/uploads\\\/remove-shadow.png\",\"contentUrl\":\"https:\\\/\\\/luxon.com\\\/wp-content\\\/uploads\\\/remove-shadow.png\",\"width\":734,\"height\":666},{\"@type\":\"WebSite\",\"@id\":\"https:\\\/\\\/luxon.com\\\/pt-br\\\/#website\",\"url\":\"https:\\\/\\\/luxon.com\\\/pt-br\\\/\",\"name\":\"Luxon Pay\",\"description\":\"Instant secure global payments\",\"publisher\":{\"@id\":\"https:\\\/\\\/luxon.com\\\/pt-br\\\/#organization\"},\"potentialAction\":[{\"@type\":\"SearchAction\",\"target\":{\"@type\":\"EntryPoint\",\"urlTemplate\":\"https:\\\/\\\/luxon.com\\\/pt-br\\\/?s={search_term_string}\"},\"query-input\":{\"@type\":\"PropertyValueSpecification\",\"valueRequired\":true,\"valueName\":\"search_term_string\"}}],\"inLanguage\":\"pt-BR\"},{\"@type\":\"Organization\",\"@id\":\"https:\\\/\\\/luxon.com\\\/pt-br\\\/#organization\",\"name\":\"Luxon Pay\",\"url\":\"https:\\\/\\\/luxon.com\\\/pt-br\\\/\",\"logo\":{\"@type\":\"ImageObject\",\"inLanguage\":\"pt-BR\",\"@id\":\"https:\\\/\\\/luxon.com\\\/pt-br\\\/#\\\/schema\\\/logo\\\/image\\\/\",\"url\":\"https:\\\/\\\/luxon.com\\\/wp-content\\\/uploads\\\/WebsiteImage04.png\",\"contentUrl\":\"https:\\\/\\\/luxon.com\\\/wp-content\\\/uploads\\\/WebsiteImage04.png\",\"width\":1200,\"height\":630,\"caption\":\"Luxon Pay\"},\"image\":{\"@id\":\"https:\\\/\\\/luxon.com\\\/pt-br\\\/#\\\/schema\\\/logo\\\/image\\\/\"}}]}<\/script>\n<!-- \/ Yoast SEO plugin. -->","yoast_head_json":{"title":"Servi\u00e7os banc\u00e1rios globais para empresas sem complica\u00e7\u00f5es - Luxon Pay","robots":{"index":"index","follow":"follow","max-snippet":"max-snippet:-1","max-image-preview":"max-image-preview:large","max-video-preview":"max-video-preview:-1"},"canonical":"https:\/\/luxon.com\/pt-br\/business\/","og_locale":"pt_BR","og_type":"article","og_title":"Servi\u00e7os banc\u00e1rios globais para empresas sem complica\u00e7\u00f5es - Luxon Pay","og_description":"Com nossas Contas Empresariais, voc\u00ea pode agilizar pagamentos e expandir seu alcance com uma conta multimoeda \u2014 tudo em uma plataforma integrada.","og_url":"https:\/\/luxon.com\/pt-br\/business\/","og_site_name":"Luxon Pay","article_modified_time":"2026-03-26T10:48:27+00:00","og_image":[{"width":734,"height":666,"url":"https:\/\/luxon.com\/wp-content\/uploads\/remove-shadow.png","type":"image\/png"}],"twitter_card":"summary_large_image","twitter_misc":{"Est. tempo de leitura":"1 minuto"},"schema":{"@context":"https:\/\/schema.org","@graph":[{"@type":"WebPage","@id":"https:\/\/luxon.com\/pt-br\/business\/","url":"https:\/\/luxon.com\/pt-br\/business\/","name":"Servi\u00e7os banc\u00e1rios globais para empresas sem complica\u00e7\u00f5es - Luxon Pay","isPartOf":{"@id":"https:\/\/luxon.com\/pt-br\/#website"},"primaryImageOfPage":{"@id":"https:\/\/luxon.com\/pt-br\/business\/#primaryimage"},"image":{"@id":"https:\/\/luxon.com\/pt-br\/business\/#primaryimage"},"thumbnailUrl":"https:\/\/luxon.com\/wp-content\/uploads\/remove-shadow.png","datePublished":"2025-01-16T10:31:45+00:00","dateModified":"2026-03-26T10:48:27+00:00","inLanguage":"pt-BR","potentialAction":[{"@type":"ReadAction","target":["https:\/\/luxon.com\/pt-br\/business\/"]}]},{"@type":"ImageObject","inLanguage":"pt-BR","@id":"https:\/\/luxon.com\/pt-br\/business\/#primaryimage","url":"https:\/\/luxon.com\/wp-content\/uploads\/remove-shadow.png","contentUrl":"https:\/\/luxon.com\/wp-content\/uploads\/remove-shadow.png","width":734,"height":666},{"@type":"WebSite","@id":"https:\/\/luxon.com\/pt-br\/#website","url":"https:\/\/luxon.com\/pt-br\/","name":"Luxon Pay","description":"Instant secure global payments","publisher":{"@id":"https:\/\/luxon.com\/pt-br\/#organization"},"potentialAction":[{"@type":"SearchAction","target":{"@type":"EntryPoint","urlTemplate":"https:\/\/luxon.com\/pt-br\/?s={search_term_string}"},"query-input":{"@type":"PropertyValueSpecification","valueRequired":true,"valueName":"search_term_string"}}],"inLanguage":"pt-BR"},{"@type":"Organization","@id":"https:\/\/luxon.com\/pt-br\/#organization","name":"Luxon Pay","url":"https:\/\/luxon.com\/pt-br\/","logo":{"@type":"ImageObject","inLanguage":"pt-BR","@id":"https:\/\/luxon.com\/pt-br\/#\/schema\/logo\/image\/","url":"https:\/\/luxon.com\/wp-content\/uploads\/WebsiteImage04.png","contentUrl":"https:\/\/luxon.com\/wp-content\/uploads\/WebsiteImage04.png","width":1200,"height":630,"caption":"Luxon Pay"},"image":{"@id":"https:\/\/luxon.com\/pt-br\/#\/schema\/logo\/image\/"}}]}},"_links":{"self":[{"href":"https:\/\/luxon.com\/pt-br\/wp-json\/wp\/v2\/pages\/30727","targetHints":{"allow":["GET"]}}],"collection":[{"href":"https:\/\/luxon.com\/pt-br\/wp-json\/wp\/v2\/pages"}],"about":[{"href":"https:\/\/luxon.com\/pt-br\/wp-json\/wp\/v2\/types\/page"}],"author":[{"embeddable":true,"href":"https:\/\/luxon.com\/pt-br\/wp-json\/wp\/v2\/users\/2"}],"replies":[{"embeddable":true,"href":"https:\/\/luxon.com\/pt-br\/wp-json\/wp\/v2\/comments?post=30727"}],"version-history":[{"count":4,"href":"https:\/\/luxon.com\/pt-br\/wp-json\/wp\/v2\/pages\/30727\/revisions"}],"predecessor-version":[{"id":34532,"href":"https:\/\/luxon.com\/pt-br\/wp-json\/wp\/v2\/pages\/30727\/revisions\/34532"}],"wp:featuredmedia":[{"embeddable":true,"href":"https:\/\/luxon.com\/pt-br\/wp-json\/wp\/v2\/media\/27889"}],"wp:attachment":[{"href":"https:\/\/luxon.com\/pt-br\/wp-json\/wp\/v2\/media?parent=30727"}],"curies":[{"name":"wp","href":"https:\/\/api.w.org\/{rel}","templated":true}]}}