{"id":31467,"date":"2025-06-19T09:23:21","date_gmt":"2025-06-19T09:23:21","guid":{"rendered":"https:\/\/luxon.com\/?page_id=31467"},"modified":"2025-08-22T16:13:09","modified_gmt":"2025-08-22T16:13:09","slug":"ganhe-1-de-cashback-em-depositos-no-pokerplanets","status":"publish","type":"page","link":"https:\/\/luxon.com\/pt-br\/ganhe-1-de-cashback-em-depositos-no-pokerplanets\/","title":{"rendered":"Ganhe 1% de Cashback em Dep\u00f3sitos no Pokerplanets"},"content":{"rendered":"<p><b>Promotion valid until 15 September 2025<\/b><\/p>\n<p><img loading=\"lazy\" decoding=\"async\" class=\"alignnone size-medium wp-image-30244\" src=\"https:\/\/luxon.com\/wp-content\/uploads\/PP-Luxon-banner-300x300.jpg\" alt=\"\" width=\"300\" height=\"300\" srcset=\"https:\/\/luxon.com\/wp-content\/uploads\/PP-Luxon-banner-300x300.jpg 300w, https:\/\/luxon.com\/wp-content\/uploads\/PP-Luxon-banner-1024x1024.jpg 1024w, https:\/\/luxon.com\/wp-content\/uploads\/PP-Luxon-banner-150x150.jpg 150w, https:\/\/luxon.com\/wp-content\/uploads\/PP-Luxon-banner-768x768.jpg 768w, https:\/\/luxon.com\/wp-content\/uploads\/PP-Luxon-banner-1536x1536.jpg 1536w, https:\/\/luxon.com\/wp-content\/uploads\/PP-Luxon-banner-125x125.jpg 125w, https:\/\/luxon.com\/wp-content\/uploads\/PP-Luxon-banner.jpg 1920w\" sizes=\"auto, (max-width: 300px) 100vw, 300px\" \/><\/p>\n<p><span style=\"font-weight: 400;\">Fechamos uma parceria com o <\/span><b>Pokerplanets<\/b><span style=\"font-weight: 400;\">, a nova plataforma de poker lan\u00e7ada em <\/span><b>abril<\/b><span style=\"font-weight: 400;\"> de <\/span><b>2025<\/b><span style=\"font-weight: 400;\">, para oferecer exclusivamente aos usu\u00e1rios da Luxon <\/span><b>1% de cashback<\/b><span style=\"font-weight: 400;\"> em todos os dep\u00f3sitos.<\/span><\/p>\n<p><b>\ud83d\udcb8<\/b><strong>Como Funciona<\/strong><\/p>\n<ul>\n<li style=\"font-weight: 400;\" aria-level=\"1\"><span style=\"font-weight: 400;\">Deposite no Pokerplanets usando a Luxon Pay<\/span><\/li>\n<li style=\"font-weight: 400;\" aria-level=\"1\"><span style=\"font-weight: 400;\">Ganhe 1% de cashback em cada dep\u00f3sito<\/span><\/li>\n<li style=\"font-weight: 400;\" aria-level=\"1\"><span style=\"font-weight: 400;\">Valor m\u00ednimo de cashback: 1 USD<\/span><\/li>\n<li aria-level=\"1\"><span style=\"font-weight: 400;\">O cashback ser\u00e1 creditado na sua carteira Luxon em at\u00e9 7 dias ap\u00f3s o t\u00e9rmino da promo\u00e7\u00e3o<\/span><\/li>\n<\/ul>\n<p><span style=\"font-weight: 400;\">\ud83d\uddd3\ufe0f <b>Termina em<\/b>: 15 de setembro de 2025<br \/>\n<\/span><\/p>\n<p><span style=\"font-weight: 400;\">\u274c <b>N\u00e3o cumulativo<\/b> com outras promo\u00e7\u00f5es da Luxon Pay<\/span><\/p>\n<p><b>\ud83c\udd95 Sobre o Pokerplanets<\/b><\/p>\n<ul>\n<li style=\"font-weight: 400;\" aria-level=\"1\"><span style=\"font-weight: 400;\">Criado para a nova gera\u00e7\u00e3o de jogadores de poker<\/span><\/li>\n<li style=\"font-weight: 400;\" aria-level=\"1\"><span style=\"font-weight: 400;\">Dispon\u00edvel agora em vers\u00e3o<\/span><b> beta<\/b><span style=\"font-weight: 400;\"> para:<\/span>\n<ul>\n<li style=\"font-weight: 400;\" aria-level=\"2\"><a href=\"https:\/\/ppdl.me\/win\"><b>Windows<\/b><b><\/b><\/a><\/li>\n<li style=\"font-weight: 400;\" aria-level=\"2\"><a href=\"https:\/\/ppdl.me\/mac\"><b>MacOS<\/b><b><\/b><\/a><\/li>\n<li style=\"font-weight: 400;\" aria-level=\"2\"><a href=\"https:\/\/ppdl.me\/android\"><b>Android (mobile)<\/b><\/a><\/li>\n<\/ul>\n<\/li>\n<\/ul>\n<p><b>Esta oferta est\u00e1 dispon\u00edvel apenas para utilizadores selecionados. Se a est\u00e1 a receber, significa que \u00e9 eleg\u00edvel. N\u00e3o perca!<\/b><\/p>\n<p><a href=\"https:\/\/pokerplanets.com\/\"><b><a href=\"https:\/\/pokerplanets.com\/\">Deposite Agora<\/a><\/b><\/a><\/p>\n<p><span style=\"font-weight: 400;\">D\u00favidas? Entre em contato com nosso <\/span><b>suporte 24h<\/b><span style=\"font-weight: 400;\"> pelo aplicativo Luxon Pay ou pelo e-mail <a href=\"mailto:support@luxon.com\">support@luxon.com\u00a0<\/a><\/span><\/p>\n","protected":false},"excerpt":{"rendered":"<p>Promotion valid until 15 September 2025 Fechamos uma parceria com o Pokerplanets, a nova plataforma de poker lan\u00e7ada em abril de 2025, para oferecer exclusivamente aos usu\u00e1rios da Luxon 1% de cashback em todos os dep\u00f3sitos. \ud83d\udcb8Como Funciona Deposite no Pokerplanets usando a Luxon Pay Ganhe 1% de cashback em cada dep\u00f3sito Valor m\u00ednimo de<a class=\"excerpt-read-more\" href=\"https:\/\/luxon.com\/pt-br\/ganhe-1-de-cashback-em-depositos-no-pokerplanets\/\" title=\"ReadGanhe 1% de Cashback em Dep\u00f3sitos no Pokerplanets\">&#8230; Read more &raquo;<\/a><\/p>\n","protected":false},"author":9,"featured_media":30255,"parent":0,"menu_order":0,"comment_status":"closed","ping_status":"closed","template":"template-full-width.php","meta":{"_acf_changed":false,"footnotes":""},"class_list":["post-31467","page","type-page","status-publish","has-post-thumbnail","hentry"],"acf":[],"yoast_head":"<!-- This site is optimized with the Yoast SEO plugin v27.1.1 - https:\/\/yoast.com\/product\/yoast-seo-wordpress\/ -->\n<title>Ganhe 1% de Cashback em Dep\u00f3sitos no Pokerplanets - Luxon Pay<\/title>\n<meta name=\"robots\" content=\"index, follow, max-snippet:-1, max-image-preview:large, max-video-preview:-1\" \/>\n<link rel=\"canonical\" href=\"https:\/\/luxon.com\/pt-br\/ganhe-1-de-cashback-em-depositos-no-pokerplanets\/\" \/>\n<meta property=\"og:locale\" content=\"pt_BR\" \/>\n<meta property=\"og:type\" content=\"article\" \/>\n<meta property=\"og:title\" content=\"Ganhe 1% de Cashback em Dep\u00f3sitos no Pokerplanets - Luxon Pay\" \/>\n<meta property=\"og:description\" content=\"Promotion valid until 15 September 2025 Fechamos uma parceria com o Pokerplanets, a nova plataforma de poker lan\u00e7ada em abril de 2025, para oferecer exclusivamente aos usu\u00e1rios da Luxon 1% de cashback em todos os dep\u00f3sitos. \ud83d\udcb8Como Funciona Deposite no Pokerplanets usando a Luxon Pay Ganhe 1% de cashback em cada dep\u00f3sito Valor m\u00ednimo de... Read more &raquo;\" \/>\n<meta property=\"og:url\" content=\"https:\/\/luxon.com\/pt-br\/ganhe-1-de-cashback-em-depositos-no-pokerplanets\/\" \/>\n<meta property=\"og:site_name\" content=\"Luxon Pay\" \/>\n<meta property=\"article:modified_time\" content=\"2025-08-22T16:13:09+00:00\" \/>\n<meta property=\"og:image\" content=\"https:\/\/luxon.com\/wp-content\/uploads\/PP-Luxon-banner.jpg\" \/>\n\t<meta property=\"og:image:width\" content=\"1920\" \/>\n\t<meta property=\"og:image:height\" content=\"1920\" \/>\n\t<meta property=\"og:image:type\" content=\"image\/jpeg\" \/>\n<meta name=\"twitter:card\" content=\"summary_large_image\" \/>\n<meta name=\"twitter:label1\" content=\"Est. tempo de leitura\" \/>\n\t<meta name=\"twitter:data1\" content=\"1 minuto\" \/>\n<script type=\"application\/ld+json\" class=\"yoast-schema-graph\">{\"@context\":\"https:\/\/schema.org\",\"@graph\":[{\"@type\":\"WebPage\",\"@id\":\"https:\/\/luxon.com\/pt-br\/ganhe-1-de-cashback-em-depositos-no-pokerplanets\/\",\"url\":\"https:\/\/luxon.com\/pt-br\/ganhe-1-de-cashback-em-depositos-no-pokerplanets\/\",\"name\":\"Ganhe 1% de Cashback em Dep\u00f3sitos no Pokerplanets - Luxon Pay\",\"isPartOf\":{\"@id\":\"https:\/\/luxon.com\/pt-br\/#website\"},\"primaryImageOfPage\":{\"@id\":\"https:\/\/luxon.com\/pt-br\/ganhe-1-de-cashback-em-depositos-no-pokerplanets\/#primaryimage\"},\"image\":{\"@id\":\"https:\/\/luxon.com\/pt-br\/ganhe-1-de-cashback-em-depositos-no-pokerplanets\/#primaryimage\"},\"thumbnailUrl\":\"https:\/\/luxon.com\/wp-content\/uploads\/PP-Luxon-banner.jpg\",\"datePublished\":\"2025-06-19T09:23:21+00:00\",\"dateModified\":\"2025-08-22T16:13:09+00:00\",\"inLanguage\":\"pt-BR\",\"potentialAction\":[{\"@type\":\"ReadAction\",\"target\":[\"https:\/\/luxon.com\/pt-br\/ganhe-1-de-cashback-em-depositos-no-pokerplanets\/\"]}]},{\"@type\":\"ImageObject\",\"inLanguage\":\"pt-BR\",\"@id\":\"https:\/\/luxon.com\/pt-br\/ganhe-1-de-cashback-em-depositos-no-pokerplanets\/#primaryimage\",\"url\":\"https:\/\/luxon.com\/wp-content\/uploads\/PP-Luxon-banner.jpg\",\"contentUrl\":\"https:\/\/luxon.com\/wp-content\/uploads\/PP-Luxon-banner.jpg\",\"width\":1920,\"height\":1920},{\"@type\":\"WebSite\",\"@id\":\"https:\/\/luxon.com\/pt-br\/#website\",\"url\":\"https:\/\/luxon.com\/pt-br\/\",\"name\":\"Luxon Pay\",\"description\":\"Instant secure global payments\",\"publisher\":{\"@id\":\"https:\/\/luxon.com\/pt-br\/#organization\"},\"potentialAction\":[{\"@type\":\"SearchAction\",\"target\":{\"@type\":\"EntryPoint\",\"urlTemplate\":\"https:\/\/luxon.com\/pt-br\/?s={search_term_string}\"},\"query-input\":{\"@type\":\"PropertyValueSpecification\",\"valueRequired\":true,\"valueName\":\"search_term_string\"}}],\"inLanguage\":\"pt-BR\"},{\"@type\":\"Organization\",\"@id\":\"https:\/\/luxon.com\/pt-br\/#organization\",\"name\":\"Luxon Pay\",\"url\":\"https:\/\/luxon.com\/pt-br\/\",\"logo\":{\"@type\":\"ImageObject\",\"inLanguage\":\"pt-BR\",\"@id\":\"https:\/\/luxon.com\/pt-br\/#\/schema\/logo\/image\/\",\"url\":\"https:\/\/luxon.com\/wp-content\/uploads\/WebsiteImage04.png\",\"contentUrl\":\"https:\/\/luxon.com\/wp-content\/uploads\/WebsiteImage04.png\",\"width\":1200,\"height\":630,\"caption\":\"Luxon Pay\"},\"image\":{\"@id\":\"https:\/\/luxon.com\/pt-br\/#\/schema\/logo\/image\/\"}}]}<\/script>\n<!-- \/ Yoast SEO plugin. -->","yoast_head_json":{"title":"Ganhe 1% de Cashback em Dep\u00f3sitos no Pokerplanets - Luxon Pay","robots":{"index":"index","follow":"follow","max-snippet":"max-snippet:-1","max-image-preview":"max-image-preview:large","max-video-preview":"max-video-preview:-1"},"canonical":"https:\/\/luxon.com\/pt-br\/ganhe-1-de-cashback-em-depositos-no-pokerplanets\/","og_locale":"pt_BR","og_type":"article","og_title":"Ganhe 1% de Cashback em Dep\u00f3sitos no Pokerplanets - Luxon Pay","og_description":"Promotion valid until 15 September 2025 Fechamos uma parceria com o Pokerplanets, a nova plataforma de poker lan\u00e7ada em abril de 2025, para oferecer exclusivamente aos usu\u00e1rios da Luxon 1% de cashback em todos os dep\u00f3sitos. \ud83d\udcb8Como Funciona Deposite no Pokerplanets usando a Luxon Pay Ganhe 1% de cashback em cada dep\u00f3sito Valor m\u00ednimo de... Read more &raquo;","og_url":"https:\/\/luxon.com\/pt-br\/ganhe-1-de-cashback-em-depositos-no-pokerplanets\/","og_site_name":"Luxon Pay","article_modified_time":"2025-08-22T16:13:09+00:00","og_image":[{"width":1920,"height":1920,"url":"https:\/\/luxon.com\/wp-content\/uploads\/PP-Luxon-banner.jpg","type":"image\/jpeg"}],"twitter_card":"summary_large_image","twitter_misc":{"Est. tempo de leitura":"1 minuto"},"schema":{"@context":"https:\/\/schema.org","@graph":[{"@type":"WebPage","@id":"https:\/\/luxon.com\/pt-br\/ganhe-1-de-cashback-em-depositos-no-pokerplanets\/","url":"https:\/\/luxon.com\/pt-br\/ganhe-1-de-cashback-em-depositos-no-pokerplanets\/","name":"Ganhe 1% de Cashback em Dep\u00f3sitos no Pokerplanets - Luxon Pay","isPartOf":{"@id":"https:\/\/luxon.com\/pt-br\/#website"},"primaryImageOfPage":{"@id":"https:\/\/luxon.com\/pt-br\/ganhe-1-de-cashback-em-depositos-no-pokerplanets\/#primaryimage"},"image":{"@id":"https:\/\/luxon.com\/pt-br\/ganhe-1-de-cashback-em-depositos-no-pokerplanets\/#primaryimage"},"thumbnailUrl":"https:\/\/luxon.com\/wp-content\/uploads\/PP-Luxon-banner.jpg","datePublished":"2025-06-19T09:23:21+00:00","dateModified":"2025-08-22T16:13:09+00:00","inLanguage":"pt-BR","potentialAction":[{"@type":"ReadAction","target":["https:\/\/luxon.com\/pt-br\/ganhe-1-de-cashback-em-depositos-no-pokerplanets\/"]}]},{"@type":"ImageObject","inLanguage":"pt-BR","@id":"https:\/\/luxon.com\/pt-br\/ganhe-1-de-cashback-em-depositos-no-pokerplanets\/#primaryimage","url":"https:\/\/luxon.com\/wp-content\/uploads\/PP-Luxon-banner.jpg","contentUrl":"https:\/\/luxon.com\/wp-content\/uploads\/PP-Luxon-banner.jpg","width":1920,"height":1920},{"@type":"WebSite","@id":"https:\/\/luxon.com\/pt-br\/#website","url":"https:\/\/luxon.com\/pt-br\/","name":"Luxon Pay","description":"Instant secure global payments","publisher":{"@id":"https:\/\/luxon.com\/pt-br\/#organization"},"potentialAction":[{"@type":"SearchAction","target":{"@type":"EntryPoint","urlTemplate":"https:\/\/luxon.com\/pt-br\/?s={search_term_string}"},"query-input":{"@type":"PropertyValueSpecification","valueRequired":true,"valueName":"search_term_string"}}],"inLanguage":"pt-BR"},{"@type":"Organization","@id":"https:\/\/luxon.com\/pt-br\/#organization","name":"Luxon Pay","url":"https:\/\/luxon.com\/pt-br\/","logo":{"@type":"ImageObject","inLanguage":"pt-BR","@id":"https:\/\/luxon.com\/pt-br\/#\/schema\/logo\/image\/","url":"https:\/\/luxon.com\/wp-content\/uploads\/WebsiteImage04.png","contentUrl":"https:\/\/luxon.com\/wp-content\/uploads\/WebsiteImage04.png","width":1200,"height":630,"caption":"Luxon Pay"},"image":{"@id":"https:\/\/luxon.com\/pt-br\/#\/schema\/logo\/image\/"}}]}},"_links":{"self":[{"href":"https:\/\/luxon.com\/pt-br\/wp-json\/wp\/v2\/pages\/31467","targetHints":{"allow":["GET"]}}],"collection":[{"href":"https:\/\/luxon.com\/pt-br\/wp-json\/wp\/v2\/pages"}],"about":[{"href":"https:\/\/luxon.com\/pt-br\/wp-json\/wp\/v2\/types\/page"}],"author":[{"embeddable":true,"href":"https:\/\/luxon.com\/pt-br\/wp-json\/wp\/v2\/users\/9"}],"replies":[{"embeddable":true,"href":"https:\/\/luxon.com\/pt-br\/wp-json\/wp\/v2\/comments?post=31467"}],"version-history":[{"count":1,"href":"https:\/\/luxon.com\/pt-br\/wp-json\/wp\/v2\/pages\/31467\/revisions"}],"predecessor-version":[{"id":31468,"href":"https:\/\/luxon.com\/pt-br\/wp-json\/wp\/v2\/pages\/31467\/revisions\/31468"}],"wp:featuredmedia":[{"embeddable":true,"href":"https:\/\/luxon.com\/pt-br\/wp-json\/wp\/v2\/media\/30255"}],"wp:attachment":[{"href":"https:\/\/luxon.com\/pt-br\/wp-json\/wp\/v2\/media?parent=31467"}],"curies":[{"name":"wp","href":"https:\/\/api.w.org\/{rel}","templated":true}]}}