{"id":33447,"date":"2026-02-17T20:00:32","date_gmt":"2026-02-17T20:00:32","guid":{"rendered":"https:\/\/luxon.com\/?page_id=33447"},"modified":"2026-02-17T16:43:37","modified_gmt":"2026-02-17T16:43:37","slug":"luxon-pay-introduz-zero-taxas-de-saque-para-clientes","status":"publish","type":"page","link":"https:\/\/luxon.com\/pt-br\/luxon-pay-introduz-zero-taxas-de-saque-para-clientes\/","title":{"rendered":"Luxon Pay introduz zero taxas de saque para clientes"},"content":{"rendered":"<h3 style=\"text-align: center;\"><strong>Uma forma mais clara e transparente de acessar seu dinheiro.<\/strong><\/h3>\n<p>&nbsp;<\/p>\n<p>Voc\u00ea nos disse que as taxas de saque eram frustrantes. N\u00f3s ouvimos.<\/p>\n<p>Clientes da Luxon Pay agora podem sacar fundos sem taxas de saque da Luxon Pay, com acesso mais claro e previs\u00edvel ao seu dinheiro.<\/p>\n<p>Porque o dinheiro \u00e9 seu \u2014 n\u00e3o nosso. Esta atualiza\u00e7\u00e3o refor\u00e7a o compromisso da Luxon Pay com transpar\u00eancia e confian\u00e7a no dia a dia, oferecendo expectativas mais claras ao sacar seus fundos.<\/p>\n<p>Muitas vezes, acessar o pr\u00f3prio dinheiro vem com incerteza desnecess\u00e1ria \u2014 cobran\u00e7as pouco claras ou descontos inesperados. Esta mudan\u00e7a elimina as taxas de saque da Luxon Pay e traz mais clareza ao sacar fundos.<\/p>\n<p>Mova seu dinheiro com confian\u00e7a.<\/p>\n<p><img loading=\"lazy\" decoding=\"async\" class=\"alignnone size-full wp-image-33428\" src=\"https:\/\/luxon.com\/wp-content\/uploads\/Blog-Image_1600x900.png\" alt=\"\" width=\"1600\" height=\"900\" srcset=\"https:\/\/luxon.com\/wp-content\/uploads\/Blog-Image_1600x900.png 1600w, https:\/\/luxon.com\/wp-content\/uploads\/Blog-Image_1600x900-300x169.png 300w, https:\/\/luxon.com\/wp-content\/uploads\/Blog-Image_1600x900-1024x576.png 1024w, https:\/\/luxon.com\/wp-content\/uploads\/Blog-Image_1600x900-768x432.png 768w, https:\/\/luxon.com\/wp-content\/uploads\/Blog-Image_1600x900-1536x864.png 1536w\" sizes=\"auto, (max-width: 1600px) 100vw, 1600px\" \/><\/p>\n","protected":false},"excerpt":{"rendered":"<p>Uma forma mais clara e transparente de acessar seu dinheiro. &nbsp; Voc\u00ea nos disse que as taxas de saque eram frustrantes. N\u00f3s ouvimos. Clientes da Luxon Pay agora podem sacar fundos sem taxas de saque da Luxon Pay, com acesso mais claro e previs\u00edvel ao seu dinheiro. Porque o dinheiro \u00e9 seu \u2014 n\u00e3o nosso.<a class=\"excerpt-read-more\" href=\"https:\/\/luxon.com\/pt-br\/luxon-pay-introduz-zero-taxas-de-saque-para-clientes\/\" title=\"ReadLuxon Pay introduz zero taxas de saque para clientes\">&#8230; Read more &raquo;<\/a><\/p>\n","protected":false},"author":3,"featured_media":33428,"parent":0,"menu_order":0,"comment_status":"closed","ping_status":"closed","template":"templates\/terms-and-conditions.php","meta":{"_acf_changed":false,"footnotes":""},"class_list":["post-33447","page","type-page","status-publish","has-post-thumbnail","hentry"],"acf":[],"yoast_head":"<!-- This site is optimized with the Yoast SEO plugin v27.4 - https:\/\/yoast.com\/product\/yoast-seo-wordpress\/ -->\n<title>Luxon Pay introduz zero taxas de saque para clientes - Luxon Pay<\/title>\n<meta name=\"robots\" content=\"index, follow, max-snippet:-1, max-image-preview:large, max-video-preview:-1\" \/>\n<link rel=\"canonical\" href=\"https:\/\/luxon.com\/pt-br\/luxon-pay-introduz-zero-taxas-de-saque-para-clientes\/\" \/>\n<meta property=\"og:locale\" content=\"pt_BR\" \/>\n<meta property=\"og:type\" content=\"article\" \/>\n<meta property=\"og:title\" content=\"Luxon Pay introduz zero taxas de saque para clientes - Luxon Pay\" \/>\n<meta property=\"og:description\" content=\"Uma forma mais clara e transparente de acessar seu dinheiro. &nbsp; Voc\u00ea nos disse que as taxas de saque eram frustrantes. N\u00f3s ouvimos. Clientes da Luxon Pay agora podem sacar fundos sem taxas de saque da Luxon Pay, com acesso mais claro e previs\u00edvel ao seu dinheiro. Porque o dinheiro \u00e9 seu \u2014 n\u00e3o nosso.... Read more &raquo;\" \/>\n<meta property=\"og:url\" content=\"https:\/\/luxon.com\/pt-br\/luxon-pay-introduz-zero-taxas-de-saque-para-clientes\/\" \/>\n<meta property=\"og:site_name\" content=\"Luxon Pay\" \/>\n<meta property=\"og:image\" content=\"https:\/\/luxon.com\/wp-content\/uploads\/Blog-Image_1600x900.png\" \/>\n\t<meta property=\"og:image:width\" content=\"1600\" \/>\n\t<meta property=\"og:image:height\" content=\"900\" \/>\n\t<meta property=\"og:image:type\" content=\"image\/png\" \/>\n<meta name=\"twitter:card\" content=\"summary_large_image\" \/>\n<meta name=\"twitter:label1\" content=\"Est. tempo de leitura\" \/>\n\t<meta name=\"twitter:data1\" content=\"1 minuto\" \/>\n<script type=\"application\/ld+json\" class=\"yoast-schema-graph\">{\"@context\":\"https:\\\/\\\/schema.org\",\"@graph\":[{\"@type\":\"WebPage\",\"@id\":\"https:\\\/\\\/luxon.com\\\/pt-br\\\/luxon-pay-introduz-zero-taxas-de-saque-para-clientes\\\/\",\"url\":\"https:\\\/\\\/luxon.com\\\/pt-br\\\/luxon-pay-introduz-zero-taxas-de-saque-para-clientes\\\/\",\"name\":\"Luxon Pay introduz zero taxas de saque para clientes - Luxon Pay\",\"isPartOf\":{\"@id\":\"https:\\\/\\\/luxon.com\\\/pt-br\\\/#website\"},\"primaryImageOfPage\":{\"@id\":\"https:\\\/\\\/luxon.com\\\/pt-br\\\/luxon-pay-introduz-zero-taxas-de-saque-para-clientes\\\/#primaryimage\"},\"image\":{\"@id\":\"https:\\\/\\\/luxon.com\\\/pt-br\\\/luxon-pay-introduz-zero-taxas-de-saque-para-clientes\\\/#primaryimage\"},\"thumbnailUrl\":\"https:\\\/\\\/luxon.com\\\/wp-content\\\/uploads\\\/Blog-Image_1600x900.png\",\"datePublished\":\"2026-02-17T20:00:32+00:00\",\"inLanguage\":\"pt-BR\",\"potentialAction\":[{\"@type\":\"ReadAction\",\"target\":[\"https:\\\/\\\/luxon.com\\\/pt-br\\\/luxon-pay-introduz-zero-taxas-de-saque-para-clientes\\\/\"]}]},{\"@type\":\"ImageObject\",\"inLanguage\":\"pt-BR\",\"@id\":\"https:\\\/\\\/luxon.com\\\/pt-br\\\/luxon-pay-introduz-zero-taxas-de-saque-para-clientes\\\/#primaryimage\",\"url\":\"https:\\\/\\\/luxon.com\\\/wp-content\\\/uploads\\\/Blog-Image_1600x900.png\",\"contentUrl\":\"https:\\\/\\\/luxon.com\\\/wp-content\\\/uploads\\\/Blog-Image_1600x900.png\",\"width\":1600,\"height\":900},{\"@type\":\"WebSite\",\"@id\":\"https:\\\/\\\/luxon.com\\\/pt-br\\\/#website\",\"url\":\"https:\\\/\\\/luxon.com\\\/pt-br\\\/\",\"name\":\"Luxon Pay\",\"description\":\"Instant secure global payments\",\"publisher\":{\"@id\":\"https:\\\/\\\/luxon.com\\\/pt-br\\\/#organization\"},\"potentialAction\":[{\"@type\":\"SearchAction\",\"target\":{\"@type\":\"EntryPoint\",\"urlTemplate\":\"https:\\\/\\\/luxon.com\\\/pt-br\\\/?s={search_term_string}\"},\"query-input\":{\"@type\":\"PropertyValueSpecification\",\"valueRequired\":true,\"valueName\":\"search_term_string\"}}],\"inLanguage\":\"pt-BR\"},{\"@type\":\"Organization\",\"@id\":\"https:\\\/\\\/luxon.com\\\/pt-br\\\/#organization\",\"name\":\"Luxon Pay\",\"url\":\"https:\\\/\\\/luxon.com\\\/pt-br\\\/\",\"logo\":{\"@type\":\"ImageObject\",\"inLanguage\":\"pt-BR\",\"@id\":\"https:\\\/\\\/luxon.com\\\/pt-br\\\/#\\\/schema\\\/logo\\\/image\\\/\",\"url\":\"https:\\\/\\\/luxon.com\\\/wp-content\\\/uploads\\\/WebsiteImage04.png\",\"contentUrl\":\"https:\\\/\\\/luxon.com\\\/wp-content\\\/uploads\\\/WebsiteImage04.png\",\"width\":1200,\"height\":630,\"caption\":\"Luxon Pay\"},\"image\":{\"@id\":\"https:\\\/\\\/luxon.com\\\/pt-br\\\/#\\\/schema\\\/logo\\\/image\\\/\"}}]}<\/script>\n<!-- \/ Yoast SEO plugin. -->","yoast_head_json":{"title":"Luxon Pay introduz zero taxas de saque para clientes - Luxon Pay","robots":{"index":"index","follow":"follow","max-snippet":"max-snippet:-1","max-image-preview":"max-image-preview:large","max-video-preview":"max-video-preview:-1"},"canonical":"https:\/\/luxon.com\/pt-br\/luxon-pay-introduz-zero-taxas-de-saque-para-clientes\/","og_locale":"pt_BR","og_type":"article","og_title":"Luxon Pay introduz zero taxas de saque para clientes - Luxon Pay","og_description":"Uma forma mais clara e transparente de acessar seu dinheiro. &nbsp; Voc\u00ea nos disse que as taxas de saque eram frustrantes. N\u00f3s ouvimos. Clientes da Luxon Pay agora podem sacar fundos sem taxas de saque da Luxon Pay, com acesso mais claro e previs\u00edvel ao seu dinheiro. Porque o dinheiro \u00e9 seu \u2014 n\u00e3o nosso.... Read more &raquo;","og_url":"https:\/\/luxon.com\/pt-br\/luxon-pay-introduz-zero-taxas-de-saque-para-clientes\/","og_site_name":"Luxon Pay","og_image":[{"width":1600,"height":900,"url":"https:\/\/luxon.com\/wp-content\/uploads\/Blog-Image_1600x900.png","type":"image\/png"}],"twitter_card":"summary_large_image","twitter_misc":{"Est. tempo de leitura":"1 minuto"},"schema":{"@context":"https:\/\/schema.org","@graph":[{"@type":"WebPage","@id":"https:\/\/luxon.com\/pt-br\/luxon-pay-introduz-zero-taxas-de-saque-para-clientes\/","url":"https:\/\/luxon.com\/pt-br\/luxon-pay-introduz-zero-taxas-de-saque-para-clientes\/","name":"Luxon Pay introduz zero taxas de saque para clientes - Luxon Pay","isPartOf":{"@id":"https:\/\/luxon.com\/pt-br\/#website"},"primaryImageOfPage":{"@id":"https:\/\/luxon.com\/pt-br\/luxon-pay-introduz-zero-taxas-de-saque-para-clientes\/#primaryimage"},"image":{"@id":"https:\/\/luxon.com\/pt-br\/luxon-pay-introduz-zero-taxas-de-saque-para-clientes\/#primaryimage"},"thumbnailUrl":"https:\/\/luxon.com\/wp-content\/uploads\/Blog-Image_1600x900.png","datePublished":"2026-02-17T20:00:32+00:00","inLanguage":"pt-BR","potentialAction":[{"@type":"ReadAction","target":["https:\/\/luxon.com\/pt-br\/luxon-pay-introduz-zero-taxas-de-saque-para-clientes\/"]}]},{"@type":"ImageObject","inLanguage":"pt-BR","@id":"https:\/\/luxon.com\/pt-br\/luxon-pay-introduz-zero-taxas-de-saque-para-clientes\/#primaryimage","url":"https:\/\/luxon.com\/wp-content\/uploads\/Blog-Image_1600x900.png","contentUrl":"https:\/\/luxon.com\/wp-content\/uploads\/Blog-Image_1600x900.png","width":1600,"height":900},{"@type":"WebSite","@id":"https:\/\/luxon.com\/pt-br\/#website","url":"https:\/\/luxon.com\/pt-br\/","name":"Luxon Pay","description":"Instant secure global payments","publisher":{"@id":"https:\/\/luxon.com\/pt-br\/#organization"},"potentialAction":[{"@type":"SearchAction","target":{"@type":"EntryPoint","urlTemplate":"https:\/\/luxon.com\/pt-br\/?s={search_term_string}"},"query-input":{"@type":"PropertyValueSpecification","valueRequired":true,"valueName":"search_term_string"}}],"inLanguage":"pt-BR"},{"@type":"Organization","@id":"https:\/\/luxon.com\/pt-br\/#organization","name":"Luxon Pay","url":"https:\/\/luxon.com\/pt-br\/","logo":{"@type":"ImageObject","inLanguage":"pt-BR","@id":"https:\/\/luxon.com\/pt-br\/#\/schema\/logo\/image\/","url":"https:\/\/luxon.com\/wp-content\/uploads\/WebsiteImage04.png","contentUrl":"https:\/\/luxon.com\/wp-content\/uploads\/WebsiteImage04.png","width":1200,"height":630,"caption":"Luxon Pay"},"image":{"@id":"https:\/\/luxon.com\/pt-br\/#\/schema\/logo\/image\/"}}]}},"_links":{"self":[{"href":"https:\/\/luxon.com\/pt-br\/wp-json\/wp\/v2\/pages\/33447","targetHints":{"allow":["GET"]}}],"collection":[{"href":"https:\/\/luxon.com\/pt-br\/wp-json\/wp\/v2\/pages"}],"about":[{"href":"https:\/\/luxon.com\/pt-br\/wp-json\/wp\/v2\/types\/page"}],"author":[{"embeddable":true,"href":"https:\/\/luxon.com\/pt-br\/wp-json\/wp\/v2\/users\/3"}],"replies":[{"embeddable":true,"href":"https:\/\/luxon.com\/pt-br\/wp-json\/wp\/v2\/comments?post=33447"}],"version-history":[{"count":4,"href":"https:\/\/luxon.com\/pt-br\/wp-json\/wp\/v2\/pages\/33447\/revisions"}],"predecessor-version":[{"id":33489,"href":"https:\/\/luxon.com\/pt-br\/wp-json\/wp\/v2\/pages\/33447\/revisions\/33489"}],"wp:featuredmedia":[{"embeddable":true,"href":"https:\/\/luxon.com\/pt-br\/wp-json\/wp\/v2\/media\/33428"}],"wp:attachment":[{"href":"https:\/\/luxon.com\/pt-br\/wp-json\/wp\/v2\/media?parent=33447"}],"curies":[{"name":"wp","href":"https:\/\/api.w.org\/{rel}","templated":true}]}}