{"id":33722,"date":"2026-02-26T21:24:01","date_gmt":"2026-02-26T21:24:01","guid":{"rendered":"https:\/\/luxon.com\/receive-1-cashback-on-all-gg-poker-deposits\/"},"modified":"2026-03-09T08:18:28","modified_gmt":"2026-03-09T08:18:28","slug":"receive-1-cashback-on-all-gg-poker-deposits","status":"publish","type":"page","link":"https:\/\/luxon.com\/pt-br\/receive-1-cashback-on-all-gg-poker-deposits\/","title":{"rendered":"Receba 1% de cashback em todos os dep\u00f3sitos na GG Poker"},"content":{"rendered":"<p><strong>1% de cashback em todos os dep\u00f3sitos online para a GG Poker ao utilizar sua conta Luxon Pay.<\/strong><\/p>\n<p><strong>Como funciona:<\/strong><br \/>\n\u2022 Deposite na GG Poker online usando sua conta Luxon Pay<br \/>\n\u2022 Receba 1% de cashback em todos os dep\u00f3sitos na GG Poker<\/p>\n<p>Se voc\u00ea j\u00e1 est\u00e1 jogando o WSOP Super Circuit, esta \u00e9 uma maneira simples de obter um retorno extra do seu jogo.<\/p>\n<p>Boa sorte nas mesas!<\/p>\n<p><strong>Termos e Condi\u00e7\u00f5es<\/strong><\/p>\n<ul>\n<li>Esta oferta se aplica a dep\u00f3sitos na GG Poker realizados entre 1 de mar\u00e7o e 31 de mar\u00e7o de 2026.<\/li>\n<li>O cashback ser\u00e1 creditado automaticamente em at\u00e9 7 dias \u00fateis ap\u00f3s o t\u00e9rmino da promo\u00e7\u00e3o.<\/li>\n<li>N\u00e3o h\u00e1 limite m\u00e1ximo ou teto de cashback.<\/li>\n<li>Esta promo\u00e7\u00e3o \u00e9 nominal e intransfer\u00edvel.<\/li>\n<li>V\u00e1lida apenas para plataformas online, excluindo plataformas ou dep\u00f3sitos relacionados a eventos ao vivo.<\/li>\n<li>Aplicam-se as condi\u00e7\u00f5es gerais da Luxon Pay.<\/li>\n<\/ul>\n","protected":false},"excerpt":{"rendered":"<p>1% de cashback em todos os dep\u00f3sitos online para a GG Poker ao utilizar sua conta Luxon Pay. Como funciona: \u2022 Deposite na GG Poker online usando sua conta Luxon Pay \u2022 Receba 1% de cashback em todos os dep\u00f3sitos na GG Poker Se voc\u00ea j\u00e1 est\u00e1 jogando o WSOP Super Circuit, esta \u00e9 uma<a class=\"excerpt-read-more\" href=\"https:\/\/luxon.com\/pt-br\/receive-1-cashback-on-all-gg-poker-deposits\/\" title=\"ReadReceba 1% de cashback em todos os dep\u00f3sitos na GG Poker\">&#8230; Read more &raquo;<\/a><\/p>\n","protected":false},"author":5,"featured_media":33681,"parent":0,"menu_order":0,"comment_status":"closed","ping_status":"closed","template":"templates\/block-template.php","meta":{"_acf_changed":false,"footnotes":""},"class_list":["post-33722","page","type-page","status-publish","has-post-thumbnail","hentry"],"acf":[],"yoast_head":"<!-- This site is optimized with the Yoast SEO plugin v27.1.1 - https:\/\/yoast.com\/product\/yoast-seo-wordpress\/ -->\n<title>Receba 1% de cashback em todos os dep\u00f3sitos na GG Poker - Luxon Pay<\/title>\n<meta name=\"robots\" content=\"index, follow, max-snippet:-1, max-image-preview:large, max-video-preview:-1\" \/>\n<link rel=\"canonical\" href=\"https:\/\/luxon.com\/pt-br\/receive-1-cashback-on-all-gg-poker-deposits\/\" \/>\n<meta property=\"og:locale\" content=\"pt_BR\" \/>\n<meta property=\"og:type\" content=\"article\" \/>\n<meta property=\"og:title\" content=\"Receba 1% de cashback em todos os dep\u00f3sitos na GG Poker - Luxon Pay\" \/>\n<meta property=\"og:description\" content=\"1% de cashback em todos os dep\u00f3sitos online para a GG Poker ao utilizar sua conta Luxon Pay. Como funciona: \u2022 Deposite na GG Poker online usando sua conta Luxon Pay \u2022 Receba 1% de cashback em todos os dep\u00f3sitos na GG Poker Se voc\u00ea j\u00e1 est\u00e1 jogando o WSOP Super Circuit, esta \u00e9 uma... Read more &raquo;\" \/>\n<meta property=\"og:url\" content=\"https:\/\/luxon.com\/pt-br\/receive-1-cashback-on-all-gg-poker-deposits\/\" \/>\n<meta property=\"og:site_name\" content=\"Luxon Pay\" \/>\n<meta property=\"article:modified_time\" content=\"2026-03-09T08:18:28+00:00\" \/>\n<meta property=\"og:image\" content=\"https:\/\/luxon.com\/wp-content\/uploads\/wsop-super-circuit-2026-featured-image-web-enhanced.webp\" \/>\n\t<meta property=\"og:image:width\" content=\"2048\" \/>\n\t<meta property=\"og:image:height\" content=\"1076\" \/>\n\t<meta property=\"og:image:type\" content=\"image\/webp\" \/>\n<meta name=\"twitter:card\" content=\"summary_large_image\" \/>\n<meta name=\"twitter:label1\" content=\"Est. tempo de leitura\" \/>\n\t<meta name=\"twitter:data1\" content=\"1 minuto\" \/>\n<script type=\"application\/ld+json\" class=\"yoast-schema-graph\">{\"@context\":\"https:\/\/schema.org\",\"@graph\":[{\"@type\":\"WebPage\",\"@id\":\"https:\/\/luxon.com\/pt-br\/receive-1-cashback-on-all-gg-poker-deposits\/\",\"url\":\"https:\/\/luxon.com\/pt-br\/receive-1-cashback-on-all-gg-poker-deposits\/\",\"name\":\"Receba 1% de cashback em todos os dep\u00f3sitos na GG Poker - Luxon Pay\",\"isPartOf\":{\"@id\":\"https:\/\/luxon.com\/pt-br\/#website\"},\"primaryImageOfPage\":{\"@id\":\"https:\/\/luxon.com\/pt-br\/receive-1-cashback-on-all-gg-poker-deposits\/#primaryimage\"},\"image\":{\"@id\":\"https:\/\/luxon.com\/pt-br\/receive-1-cashback-on-all-gg-poker-deposits\/#primaryimage\"},\"thumbnailUrl\":\"https:\/\/luxon.com\/wp-content\/uploads\/wsop-super-circuit-2026-featured-image-web-enhanced.webp\",\"datePublished\":\"2026-02-26T21:24:01+00:00\",\"dateModified\":\"2026-03-09T08:18:28+00:00\",\"inLanguage\":\"pt-BR\",\"potentialAction\":[{\"@type\":\"ReadAction\",\"target\":[\"https:\/\/luxon.com\/pt-br\/receive-1-cashback-on-all-gg-poker-deposits\/\"]}]},{\"@type\":\"ImageObject\",\"inLanguage\":\"pt-BR\",\"@id\":\"https:\/\/luxon.com\/pt-br\/receive-1-cashback-on-all-gg-poker-deposits\/#primaryimage\",\"url\":\"https:\/\/luxon.com\/wp-content\/uploads\/wsop-super-circuit-2026-featured-image-web-enhanced.webp\",\"contentUrl\":\"https:\/\/luxon.com\/wp-content\/uploads\/wsop-super-circuit-2026-featured-image-web-enhanced.webp\",\"width\":2048,\"height\":1076},{\"@type\":\"WebSite\",\"@id\":\"https:\/\/luxon.com\/pt-br\/#website\",\"url\":\"https:\/\/luxon.com\/pt-br\/\",\"name\":\"Luxon Pay\",\"description\":\"Instant secure global payments\",\"publisher\":{\"@id\":\"https:\/\/luxon.com\/pt-br\/#organization\"},\"potentialAction\":[{\"@type\":\"SearchAction\",\"target\":{\"@type\":\"EntryPoint\",\"urlTemplate\":\"https:\/\/luxon.com\/pt-br\/?s={search_term_string}\"},\"query-input\":{\"@type\":\"PropertyValueSpecification\",\"valueRequired\":true,\"valueName\":\"search_term_string\"}}],\"inLanguage\":\"pt-BR\"},{\"@type\":\"Organization\",\"@id\":\"https:\/\/luxon.com\/pt-br\/#organization\",\"name\":\"Luxon Pay\",\"url\":\"https:\/\/luxon.com\/pt-br\/\",\"logo\":{\"@type\":\"ImageObject\",\"inLanguage\":\"pt-BR\",\"@id\":\"https:\/\/luxon.com\/pt-br\/#\/schema\/logo\/image\/\",\"url\":\"https:\/\/luxon.com\/wp-content\/uploads\/WebsiteImage04.png\",\"contentUrl\":\"https:\/\/luxon.com\/wp-content\/uploads\/WebsiteImage04.png\",\"width\":1200,\"height\":630,\"caption\":\"Luxon Pay\"},\"image\":{\"@id\":\"https:\/\/luxon.com\/pt-br\/#\/schema\/logo\/image\/\"}}]}<\/script>\n<!-- \/ Yoast SEO plugin. -->","yoast_head_json":{"title":"Receba 1% de cashback em todos os dep\u00f3sitos na GG Poker - Luxon Pay","robots":{"index":"index","follow":"follow","max-snippet":"max-snippet:-1","max-image-preview":"max-image-preview:large","max-video-preview":"max-video-preview:-1"},"canonical":"https:\/\/luxon.com\/pt-br\/receive-1-cashback-on-all-gg-poker-deposits\/","og_locale":"pt_BR","og_type":"article","og_title":"Receba 1% de cashback em todos os dep\u00f3sitos na GG Poker - Luxon Pay","og_description":"1% de cashback em todos os dep\u00f3sitos online para a GG Poker ao utilizar sua conta Luxon Pay. Como funciona: \u2022 Deposite na GG Poker online usando sua conta Luxon Pay \u2022 Receba 1% de cashback em todos os dep\u00f3sitos na GG Poker Se voc\u00ea j\u00e1 est\u00e1 jogando o WSOP Super Circuit, esta \u00e9 uma... Read more &raquo;","og_url":"https:\/\/luxon.com\/pt-br\/receive-1-cashback-on-all-gg-poker-deposits\/","og_site_name":"Luxon Pay","article_modified_time":"2026-03-09T08:18:28+00:00","og_image":[{"width":2048,"height":1076,"url":"https:\/\/luxon.com\/wp-content\/uploads\/wsop-super-circuit-2026-featured-image-web-enhanced.webp","type":"image\/webp"}],"twitter_card":"summary_large_image","twitter_misc":{"Est. tempo de leitura":"1 minuto"},"schema":{"@context":"https:\/\/schema.org","@graph":[{"@type":"WebPage","@id":"https:\/\/luxon.com\/pt-br\/receive-1-cashback-on-all-gg-poker-deposits\/","url":"https:\/\/luxon.com\/pt-br\/receive-1-cashback-on-all-gg-poker-deposits\/","name":"Receba 1% de cashback em todos os dep\u00f3sitos na GG Poker - Luxon Pay","isPartOf":{"@id":"https:\/\/luxon.com\/pt-br\/#website"},"primaryImageOfPage":{"@id":"https:\/\/luxon.com\/pt-br\/receive-1-cashback-on-all-gg-poker-deposits\/#primaryimage"},"image":{"@id":"https:\/\/luxon.com\/pt-br\/receive-1-cashback-on-all-gg-poker-deposits\/#primaryimage"},"thumbnailUrl":"https:\/\/luxon.com\/wp-content\/uploads\/wsop-super-circuit-2026-featured-image-web-enhanced.webp","datePublished":"2026-02-26T21:24:01+00:00","dateModified":"2026-03-09T08:18:28+00:00","inLanguage":"pt-BR","potentialAction":[{"@type":"ReadAction","target":["https:\/\/luxon.com\/pt-br\/receive-1-cashback-on-all-gg-poker-deposits\/"]}]},{"@type":"ImageObject","inLanguage":"pt-BR","@id":"https:\/\/luxon.com\/pt-br\/receive-1-cashback-on-all-gg-poker-deposits\/#primaryimage","url":"https:\/\/luxon.com\/wp-content\/uploads\/wsop-super-circuit-2026-featured-image-web-enhanced.webp","contentUrl":"https:\/\/luxon.com\/wp-content\/uploads\/wsop-super-circuit-2026-featured-image-web-enhanced.webp","width":2048,"height":1076},{"@type":"WebSite","@id":"https:\/\/luxon.com\/pt-br\/#website","url":"https:\/\/luxon.com\/pt-br\/","name":"Luxon Pay","description":"Instant secure global payments","publisher":{"@id":"https:\/\/luxon.com\/pt-br\/#organization"},"potentialAction":[{"@type":"SearchAction","target":{"@type":"EntryPoint","urlTemplate":"https:\/\/luxon.com\/pt-br\/?s={search_term_string}"},"query-input":{"@type":"PropertyValueSpecification","valueRequired":true,"valueName":"search_term_string"}}],"inLanguage":"pt-BR"},{"@type":"Organization","@id":"https:\/\/luxon.com\/pt-br\/#organization","name":"Luxon Pay","url":"https:\/\/luxon.com\/pt-br\/","logo":{"@type":"ImageObject","inLanguage":"pt-BR","@id":"https:\/\/luxon.com\/pt-br\/#\/schema\/logo\/image\/","url":"https:\/\/luxon.com\/wp-content\/uploads\/WebsiteImage04.png","contentUrl":"https:\/\/luxon.com\/wp-content\/uploads\/WebsiteImage04.png","width":1200,"height":630,"caption":"Luxon Pay"},"image":{"@id":"https:\/\/luxon.com\/pt-br\/#\/schema\/logo\/image\/"}}]}},"_links":{"self":[{"href":"https:\/\/luxon.com\/pt-br\/wp-json\/wp\/v2\/pages\/33722","targetHints":{"allow":["GET"]}}],"collection":[{"href":"https:\/\/luxon.com\/pt-br\/wp-json\/wp\/v2\/pages"}],"about":[{"href":"https:\/\/luxon.com\/pt-br\/wp-json\/wp\/v2\/types\/page"}],"author":[{"embeddable":true,"href":"https:\/\/luxon.com\/pt-br\/wp-json\/wp\/v2\/users\/5"}],"replies":[{"embeddable":true,"href":"https:\/\/luxon.com\/pt-br\/wp-json\/wp\/v2\/comments?post=33722"}],"version-history":[{"count":3,"href":"https:\/\/luxon.com\/pt-br\/wp-json\/wp\/v2\/pages\/33722\/revisions"}],"predecessor-version":[{"id":33964,"href":"https:\/\/luxon.com\/pt-br\/wp-json\/wp\/v2\/pages\/33722\/revisions\/33964"}],"wp:featuredmedia":[{"embeddable":true,"href":"https:\/\/luxon.com\/pt-br\/wp-json\/wp\/v2\/media\/33681"}],"wp:attachment":[{"href":"https:\/\/luxon.com\/pt-br\/wp-json\/wp\/v2\/media?parent=33722"}],"curies":[{"name":"wp","href":"https:\/\/api.w.org\/{rel}","templated":true}]}}