{"id":33756,"date":"2026-02-26T21:33:28","date_gmt":"2026-02-26T21:33:28","guid":{"rendered":"https:\/\/luxon.com\/get-10-cashback-when-you-deposit-for-scoop\/"},"modified":"2026-02-27T16:32:02","modified_gmt":"2026-02-27T16:32:02","slug":"get-10-cashback-when-you-deposit-for-scoop","status":"publish","type":"page","link":"https:\/\/luxon.com\/pt-br\/get-10-cashback-when-you-deposit-for-scoop\/","title":{"rendered":"Ganhe $10 de Cashback ao depositar para o SCOOP"},"content":{"rendered":"<p><strong><span style=\"font-size: 16px;\">Deposite $1.000 ou mais na PokerStars via Luxon Pay e receba $10 de cashback!<\/span><\/strong><\/p>\n<p><strong>Como funciona:<\/strong><br \/>\n\u2022 Deposite pelo menos $1.000 na PokerStars online usando Luxon Pay<br \/>\n\u2022 Receba $10 de cashback em sua conta Luxon Pay<\/p>\n<p>Se voc\u00ea j\u00e1 est\u00e1 jogando o SCOOP, essa \u00e9 uma maneira simples de obter um retorno extra do seu jogo.<\/p>\n<p>Boa sorte nas mesas!<\/p>\n<p><strong>Termos e Condi\u00e7\u00f5es<\/strong><br \/>\n\u2022 Esta oferta se aplica a dep\u00f3sitos na PokerStars realizados entre 27 de fevereiro e 1\u00ba de mar\u00e7o de 2026.<br \/>\n\u2022 O cashback de $10 ser\u00e1 creditado automaticamente em at\u00e9 7 dias \u00fateis ap\u00f3s o t\u00e9rmino da promo\u00e7\u00e3o.<br \/>\n\u2022 Esta promo\u00e7\u00e3o \u00e9 nominal e intransfer\u00edvel.<br \/>\n\u2022 V\u00e1lida apenas para plataformas online, excluindo eventos ao vivo.<br \/>\n\u2022 Aplicam-se as condi\u00e7\u00f5es gerais da Luxon Pay.<\/p>\n","protected":false},"excerpt":{"rendered":"<p>Deposite $1.000 ou mais na PokerStars via Luxon Pay e receba $10 de cashback! Como funciona: \u2022 Deposite pelo menos $1.000 na PokerStars online usando Luxon Pay \u2022 Receba $10 de cashback em sua conta Luxon Pay Se voc\u00ea j\u00e1 est\u00e1 jogando o SCOOP, essa \u00e9 uma maneira simples de obter um retorno extra do<a class=\"excerpt-read-more\" href=\"https:\/\/luxon.com\/pt-br\/get-10-cashback-when-you-deposit-for-scoop\/\" title=\"ReadGanhe $10 de Cashback ao depositar para o SCOOP\">&#8230; Read more &raquo;<\/a><\/p>\n","protected":false},"author":5,"featured_media":33700,"parent":0,"menu_order":0,"comment_status":"closed","ping_status":"closed","template":"templates\/block-template.php","meta":{"_acf_changed":false,"footnotes":""},"class_list":["post-33756","page","type-page","status-publish","has-post-thumbnail","hentry"],"acf":[],"yoast_head":"<!-- This site is optimized with the Yoast SEO plugin v27.1.1 - https:\/\/yoast.com\/product\/yoast-seo-wordpress\/ -->\n<title>Ganhe $10 de Cashback ao depositar para o SCOOP - Luxon Pay<\/title>\n<meta name=\"robots\" content=\"index, follow, max-snippet:-1, max-image-preview:large, max-video-preview:-1\" \/>\n<link rel=\"canonical\" href=\"https:\/\/luxon.com\/pt-br\/get-10-cashback-when-you-deposit-for-scoop\/\" \/>\n<meta property=\"og:locale\" content=\"pt_BR\" \/>\n<meta property=\"og:type\" content=\"article\" \/>\n<meta property=\"og:title\" content=\"Ganhe $10 de Cashback ao depositar para o SCOOP - Luxon Pay\" \/>\n<meta property=\"og:description\" content=\"Deposite $1.000 ou mais na PokerStars via Luxon Pay e receba $10 de cashback! Como funciona: \u2022 Deposite pelo menos $1.000 na PokerStars online usando Luxon Pay \u2022 Receba $10 de cashback em sua conta Luxon Pay Se voc\u00ea j\u00e1 est\u00e1 jogando o SCOOP, essa \u00e9 uma maneira simples de obter um retorno extra do... Read more &raquo;\" \/>\n<meta property=\"og:url\" content=\"https:\/\/luxon.com\/pt-br\/get-10-cashback-when-you-deposit-for-scoop\/\" \/>\n<meta property=\"og:site_name\" content=\"Luxon Pay\" \/>\n<meta property=\"article:modified_time\" content=\"2026-02-27T16:32:02+00:00\" \/>\n<meta property=\"og:image\" content=\"https:\/\/luxon.com\/wp-content\/uploads\/JjyyZqQ.png\" \/>\n\t<meta property=\"og:image:width\" content=\"600\" \/>\n\t<meta property=\"og:image:height\" content=\"400\" \/>\n\t<meta property=\"og:image:type\" content=\"image\/png\" \/>\n<meta name=\"twitter:card\" content=\"summary_large_image\" \/>\n<meta name=\"twitter:label1\" content=\"Est. tempo de leitura\" \/>\n\t<meta name=\"twitter:data1\" content=\"1 minuto\" \/>\n<script type=\"application\/ld+json\" class=\"yoast-schema-graph\">{\"@context\":\"https:\/\/schema.org\",\"@graph\":[{\"@type\":\"WebPage\",\"@id\":\"https:\/\/luxon.com\/pt-br\/get-10-cashback-when-you-deposit-for-scoop\/\",\"url\":\"https:\/\/luxon.com\/pt-br\/get-10-cashback-when-you-deposit-for-scoop\/\",\"name\":\"Ganhe $10 de Cashback ao depositar para o SCOOP - Luxon Pay\",\"isPartOf\":{\"@id\":\"https:\/\/luxon.com\/pt-br\/#website\"},\"primaryImageOfPage\":{\"@id\":\"https:\/\/luxon.com\/pt-br\/get-10-cashback-when-you-deposit-for-scoop\/#primaryimage\"},\"image\":{\"@id\":\"https:\/\/luxon.com\/pt-br\/get-10-cashback-when-you-deposit-for-scoop\/#primaryimage\"},\"thumbnailUrl\":\"https:\/\/luxon.com\/wp-content\/uploads\/JjyyZqQ.png\",\"datePublished\":\"2026-02-26T21:33:28+00:00\",\"dateModified\":\"2026-02-27T16:32:02+00:00\",\"inLanguage\":\"pt-BR\",\"potentialAction\":[{\"@type\":\"ReadAction\",\"target\":[\"https:\/\/luxon.com\/pt-br\/get-10-cashback-when-you-deposit-for-scoop\/\"]}]},{\"@type\":\"ImageObject\",\"inLanguage\":\"pt-BR\",\"@id\":\"https:\/\/luxon.com\/pt-br\/get-10-cashback-when-you-deposit-for-scoop\/#primaryimage\",\"url\":\"https:\/\/luxon.com\/wp-content\/uploads\/JjyyZqQ.png\",\"contentUrl\":\"https:\/\/luxon.com\/wp-content\/uploads\/JjyyZqQ.png\",\"width\":600,\"height\":400},{\"@type\":\"WebSite\",\"@id\":\"https:\/\/luxon.com\/pt-br\/#website\",\"url\":\"https:\/\/luxon.com\/pt-br\/\",\"name\":\"Luxon Pay\",\"description\":\"Instant secure global payments\",\"publisher\":{\"@id\":\"https:\/\/luxon.com\/pt-br\/#organization\"},\"potentialAction\":[{\"@type\":\"SearchAction\",\"target\":{\"@type\":\"EntryPoint\",\"urlTemplate\":\"https:\/\/luxon.com\/pt-br\/?s={search_term_string}\"},\"query-input\":{\"@type\":\"PropertyValueSpecification\",\"valueRequired\":true,\"valueName\":\"search_term_string\"}}],\"inLanguage\":\"pt-BR\"},{\"@type\":\"Organization\",\"@id\":\"https:\/\/luxon.com\/pt-br\/#organization\",\"name\":\"Luxon Pay\",\"url\":\"https:\/\/luxon.com\/pt-br\/\",\"logo\":{\"@type\":\"ImageObject\",\"inLanguage\":\"pt-BR\",\"@id\":\"https:\/\/luxon.com\/pt-br\/#\/schema\/logo\/image\/\",\"url\":\"https:\/\/luxon.com\/wp-content\/uploads\/WebsiteImage04.png\",\"contentUrl\":\"https:\/\/luxon.com\/wp-content\/uploads\/WebsiteImage04.png\",\"width\":1200,\"height\":630,\"caption\":\"Luxon Pay\"},\"image\":{\"@id\":\"https:\/\/luxon.com\/pt-br\/#\/schema\/logo\/image\/\"}}]}<\/script>\n<!-- \/ Yoast SEO plugin. -->","yoast_head_json":{"title":"Ganhe $10 de Cashback ao depositar para o SCOOP - Luxon Pay","robots":{"index":"index","follow":"follow","max-snippet":"max-snippet:-1","max-image-preview":"max-image-preview:large","max-video-preview":"max-video-preview:-1"},"canonical":"https:\/\/luxon.com\/pt-br\/get-10-cashback-when-you-deposit-for-scoop\/","og_locale":"pt_BR","og_type":"article","og_title":"Ganhe $10 de Cashback ao depositar para o SCOOP - Luxon Pay","og_description":"Deposite $1.000 ou mais na PokerStars via Luxon Pay e receba $10 de cashback! Como funciona: \u2022 Deposite pelo menos $1.000 na PokerStars online usando Luxon Pay \u2022 Receba $10 de cashback em sua conta Luxon Pay Se voc\u00ea j\u00e1 est\u00e1 jogando o SCOOP, essa \u00e9 uma maneira simples de obter um retorno extra do... Read more &raquo;","og_url":"https:\/\/luxon.com\/pt-br\/get-10-cashback-when-you-deposit-for-scoop\/","og_site_name":"Luxon Pay","article_modified_time":"2026-02-27T16:32:02+00:00","og_image":[{"width":600,"height":400,"url":"https:\/\/luxon.com\/wp-content\/uploads\/JjyyZqQ.png","type":"image\/png"}],"twitter_card":"summary_large_image","twitter_misc":{"Est. tempo de leitura":"1 minuto"},"schema":{"@context":"https:\/\/schema.org","@graph":[{"@type":"WebPage","@id":"https:\/\/luxon.com\/pt-br\/get-10-cashback-when-you-deposit-for-scoop\/","url":"https:\/\/luxon.com\/pt-br\/get-10-cashback-when-you-deposit-for-scoop\/","name":"Ganhe $10 de Cashback ao depositar para o SCOOP - Luxon Pay","isPartOf":{"@id":"https:\/\/luxon.com\/pt-br\/#website"},"primaryImageOfPage":{"@id":"https:\/\/luxon.com\/pt-br\/get-10-cashback-when-you-deposit-for-scoop\/#primaryimage"},"image":{"@id":"https:\/\/luxon.com\/pt-br\/get-10-cashback-when-you-deposit-for-scoop\/#primaryimage"},"thumbnailUrl":"https:\/\/luxon.com\/wp-content\/uploads\/JjyyZqQ.png","datePublished":"2026-02-26T21:33:28+00:00","dateModified":"2026-02-27T16:32:02+00:00","inLanguage":"pt-BR","potentialAction":[{"@type":"ReadAction","target":["https:\/\/luxon.com\/pt-br\/get-10-cashback-when-you-deposit-for-scoop\/"]}]},{"@type":"ImageObject","inLanguage":"pt-BR","@id":"https:\/\/luxon.com\/pt-br\/get-10-cashback-when-you-deposit-for-scoop\/#primaryimage","url":"https:\/\/luxon.com\/wp-content\/uploads\/JjyyZqQ.png","contentUrl":"https:\/\/luxon.com\/wp-content\/uploads\/JjyyZqQ.png","width":600,"height":400},{"@type":"WebSite","@id":"https:\/\/luxon.com\/pt-br\/#website","url":"https:\/\/luxon.com\/pt-br\/","name":"Luxon Pay","description":"Instant secure global payments","publisher":{"@id":"https:\/\/luxon.com\/pt-br\/#organization"},"potentialAction":[{"@type":"SearchAction","target":{"@type":"EntryPoint","urlTemplate":"https:\/\/luxon.com\/pt-br\/?s={search_term_string}"},"query-input":{"@type":"PropertyValueSpecification","valueRequired":true,"valueName":"search_term_string"}}],"inLanguage":"pt-BR"},{"@type":"Organization","@id":"https:\/\/luxon.com\/pt-br\/#organization","name":"Luxon Pay","url":"https:\/\/luxon.com\/pt-br\/","logo":{"@type":"ImageObject","inLanguage":"pt-BR","@id":"https:\/\/luxon.com\/pt-br\/#\/schema\/logo\/image\/","url":"https:\/\/luxon.com\/wp-content\/uploads\/WebsiteImage04.png","contentUrl":"https:\/\/luxon.com\/wp-content\/uploads\/WebsiteImage04.png","width":1200,"height":630,"caption":"Luxon Pay"},"image":{"@id":"https:\/\/luxon.com\/pt-br\/#\/schema\/logo\/image\/"}}]}},"_links":{"self":[{"href":"https:\/\/luxon.com\/pt-br\/wp-json\/wp\/v2\/pages\/33756","targetHints":{"allow":["GET"]}}],"collection":[{"href":"https:\/\/luxon.com\/pt-br\/wp-json\/wp\/v2\/pages"}],"about":[{"href":"https:\/\/luxon.com\/pt-br\/wp-json\/wp\/v2\/types\/page"}],"author":[{"embeddable":true,"href":"https:\/\/luxon.com\/pt-br\/wp-json\/wp\/v2\/users\/5"}],"replies":[{"embeddable":true,"href":"https:\/\/luxon.com\/pt-br\/wp-json\/wp\/v2\/comments?post=33756"}],"version-history":[{"count":1,"href":"https:\/\/luxon.com\/pt-br\/wp-json\/wp\/v2\/pages\/33756\/revisions"}],"predecessor-version":[{"id":33757,"href":"https:\/\/luxon.com\/pt-br\/wp-json\/wp\/v2\/pages\/33756\/revisions\/33757"}],"wp:featuredmedia":[{"embeddable":true,"href":"https:\/\/luxon.com\/pt-br\/wp-json\/wp\/v2\/media\/33700"}],"wp:attachment":[{"href":"https:\/\/luxon.com\/pt-br\/wp-json\/wp\/v2\/media?parent=33756"}],"curies":[{"name":"wp","href":"https:\/\/api.w.org\/{rel}","templated":true}]}}