{"id":33969,"date":"2026-03-03T21:47:10","date_gmt":"2026-03-03T21:47:10","guid":{"rendered":"https:\/\/luxon.com\/win-a-main-event-seat-at-irish-open\/"},"modified":"2026-03-12T11:28:52","modified_gmt":"2026-03-12T11:28:52","slug":"win-a-main-event-seat-at-irish-open","status":"publish","type":"page","link":"https:\/\/luxon.com\/pt-br\/win-a-main-event-seat-at-irish-open\/","title":{"rendered":"Ganhe uma vaga no evento principal do Irish Open! \ud83c\udf9f\ufe0f"},"content":{"rendered":"<p>Fa\u00e7a valer a pena o seu buy-in no Irish Open!<\/p>\n<p>Cada buy-in feito via Luxon Pay = 1 cupom para concorrer a um dos 4 lugares de \u20ac1.150 no Evento Principal do Irish Open. Sua chance de jogar o Evento Principal de gra\u00e7a!<\/p>\n<p><strong>Veja como funciona:<\/strong><br \/>\n\u2022 Fa\u00e7a o buy-in em qualquer evento do Irish Open usando o Luxon Pay<br \/>\n\u2022 Ganhe 1 cupom por buy-in<br \/>\n\u2022 At\u00e9 4 lugares no evento principal est\u00e3o \u00e0 espera de serem conquistados<\/p>\n<p><strong>Termos e Condi\u00e7\u00f5es<\/strong><\/p>\n<ul>\n<li>Promo\u00e7\u00e3o v\u00e1lida para jogadores que comprarem entradas para qualquer torneio do Irish Open atrav\u00e9s do Luxon Pay at\u00e9 3 de abril.<\/li>\n<li>Haver\u00e3o 4 sorteios nos dias 29 de mar\u00e7o, 1 de abril, 2 de abril e 3 de abril. Todas as entradas compradas antes dessas datas ser\u00e3o inclu\u00eddas no sorteio correspondente.<\/li>\n<li>Cada entrada qualificada conta como uma participa\u00e7\u00e3o no sorteio.<\/li>\n<li>Cada sorteio concede uma vaga no Evento Principal do Irish Open no valor de \u20ac 1.150 para o Dia 1 especificado.<\/li>\n<li>Se um vencedor se classificar para o Dia 2 do Evento Principal sem utilizar o pr\u00eamio, o valor equivalente ser\u00e1 creditado em sua conta Luxon Pay.<\/li>\n<\/ul>\n","protected":false},"excerpt":{"rendered":"<p>Fa\u00e7a valer a pena o seu buy-in no Irish Open! Cada buy-in feito via Luxon Pay = 1 cupom para concorrer a um dos 4 lugares de \u20ac1.150 no Evento Principal do Irish Open. Sua chance de jogar o Evento Principal de gra\u00e7a! Veja como funciona: \u2022 Fa\u00e7a o buy-in em qualquer evento do Irish<a class=\"excerpt-read-more\" href=\"https:\/\/luxon.com\/pt-br\/win-a-main-event-seat-at-irish-open\/\" title=\"ReadGanhe uma vaga no evento principal do Irish Open! \ud83c\udf9f\ufe0f\">&#8230; Read more &raquo;<\/a><\/p>\n","protected":false},"author":5,"featured_media":34095,"parent":0,"menu_order":0,"comment_status":"closed","ping_status":"closed","template":"templates\/block-template.php","meta":{"_acf_changed":false,"footnotes":""},"class_list":["post-33969","page","type-page","status-publish","has-post-thumbnail","hentry"],"acf":[],"yoast_head":"<!-- This site is optimized with the Yoast SEO plugin v27.1.1 - https:\/\/yoast.com\/product\/yoast-seo-wordpress\/ -->\n<title>Ganhe uma vaga no evento principal do Irish Open! \ud83c\udf9f\ufe0f - Luxon Pay<\/title>\n<meta name=\"robots\" content=\"index, follow, max-snippet:-1, max-image-preview:large, max-video-preview:-1\" \/>\n<link rel=\"canonical\" href=\"https:\/\/luxon.com\/pt-br\/win-a-main-event-seat-at-irish-open\/\" \/>\n<meta property=\"og:locale\" content=\"pt_BR\" \/>\n<meta property=\"og:type\" content=\"article\" \/>\n<meta property=\"og:title\" content=\"Ganhe uma vaga no evento principal do Irish Open! \ud83c\udf9f\ufe0f - Luxon Pay\" \/>\n<meta property=\"og:description\" content=\"Fa\u00e7a valer a pena o seu buy-in no Irish Open! Cada buy-in feito via Luxon Pay = 1 cupom para concorrer a um dos 4 lugares de \u20ac1.150 no Evento Principal do Irish Open. Sua chance de jogar o Evento Principal de gra\u00e7a! Veja como funciona: \u2022 Fa\u00e7a o buy-in em qualquer evento do Irish... Read more &raquo;\" \/>\n<meta property=\"og:url\" content=\"https:\/\/luxon.com\/pt-br\/win-a-main-event-seat-at-irish-open\/\" \/>\n<meta property=\"og:site_name\" content=\"Luxon Pay\" \/>\n<meta property=\"article:modified_time\" content=\"2026-03-12T11:28:52+00:00\" \/>\n<meta property=\"og:image\" content=\"https:\/\/luxon.com\/wp-content\/uploads\/Live-Event-Announcement-Promo_header.png\" \/>\n\t<meta property=\"og:image:width\" content=\"600\" \/>\n\t<meta property=\"og:image:height\" content=\"400\" \/>\n\t<meta property=\"og:image:type\" content=\"image\/png\" \/>\n<meta name=\"twitter:card\" content=\"summary_large_image\" \/>\n<meta name=\"twitter:label1\" content=\"Est. tempo de leitura\" \/>\n\t<meta name=\"twitter:data1\" content=\"2 minutos\" \/>\n<script type=\"application\/ld+json\" class=\"yoast-schema-graph\">{\"@context\":\"https:\/\/schema.org\",\"@graph\":[{\"@type\":\"WebPage\",\"@id\":\"https:\/\/luxon.com\/pt-br\/win-a-main-event-seat-at-irish-open\/\",\"url\":\"https:\/\/luxon.com\/pt-br\/win-a-main-event-seat-at-irish-open\/\",\"name\":\"Ganhe uma vaga no evento principal do Irish Open! \ud83c\udf9f\ufe0f - Luxon Pay\",\"isPartOf\":{\"@id\":\"https:\/\/luxon.com\/pt-br\/#website\"},\"primaryImageOfPage\":{\"@id\":\"https:\/\/luxon.com\/pt-br\/win-a-main-event-seat-at-irish-open\/#primaryimage\"},\"image\":{\"@id\":\"https:\/\/luxon.com\/pt-br\/win-a-main-event-seat-at-irish-open\/#primaryimage\"},\"thumbnailUrl\":\"https:\/\/luxon.com\/wp-content\/uploads\/Irish-Open_Banner_2-1.png\",\"datePublished\":\"2026-03-03T21:47:10+00:00\",\"dateModified\":\"2026-03-12T11:28:52+00:00\",\"inLanguage\":\"pt-BR\",\"potentialAction\":[{\"@type\":\"ReadAction\",\"target\":[\"https:\/\/luxon.com\/pt-br\/win-a-main-event-seat-at-irish-open\/\"]}]},{\"@type\":\"ImageObject\",\"inLanguage\":\"pt-BR\",\"@id\":\"https:\/\/luxon.com\/pt-br\/win-a-main-event-seat-at-irish-open\/#primaryimage\",\"url\":\"https:\/\/luxon.com\/wp-content\/uploads\/Irish-Open_Banner_2-1.png\",\"contentUrl\":\"https:\/\/luxon.com\/wp-content\/uploads\/Irish-Open_Banner_2-1.png\",\"width\":700,\"height\":527},{\"@type\":\"WebSite\",\"@id\":\"https:\/\/luxon.com\/pt-br\/#website\",\"url\":\"https:\/\/luxon.com\/pt-br\/\",\"name\":\"Luxon Pay\",\"description\":\"Instant secure global payments\",\"publisher\":{\"@id\":\"https:\/\/luxon.com\/pt-br\/#organization\"},\"potentialAction\":[{\"@type\":\"SearchAction\",\"target\":{\"@type\":\"EntryPoint\",\"urlTemplate\":\"https:\/\/luxon.com\/pt-br\/?s={search_term_string}\"},\"query-input\":{\"@type\":\"PropertyValueSpecification\",\"valueRequired\":true,\"valueName\":\"search_term_string\"}}],\"inLanguage\":\"pt-BR\"},{\"@type\":\"Organization\",\"@id\":\"https:\/\/luxon.com\/pt-br\/#organization\",\"name\":\"Luxon Pay\",\"url\":\"https:\/\/luxon.com\/pt-br\/\",\"logo\":{\"@type\":\"ImageObject\",\"inLanguage\":\"pt-BR\",\"@id\":\"https:\/\/luxon.com\/pt-br\/#\/schema\/logo\/image\/\",\"url\":\"https:\/\/luxon.com\/wp-content\/uploads\/WebsiteImage04.png\",\"contentUrl\":\"https:\/\/luxon.com\/wp-content\/uploads\/WebsiteImage04.png\",\"width\":1200,\"height\":630,\"caption\":\"Luxon Pay\"},\"image\":{\"@id\":\"https:\/\/luxon.com\/pt-br\/#\/schema\/logo\/image\/\"}}]}<\/script>\n<!-- \/ Yoast SEO plugin. -->","yoast_head_json":{"title":"Ganhe uma vaga no evento principal do Irish Open! \ud83c\udf9f\ufe0f - Luxon Pay","robots":{"index":"index","follow":"follow","max-snippet":"max-snippet:-1","max-image-preview":"max-image-preview:large","max-video-preview":"max-video-preview:-1"},"canonical":"https:\/\/luxon.com\/pt-br\/win-a-main-event-seat-at-irish-open\/","og_locale":"pt_BR","og_type":"article","og_title":"Ganhe uma vaga no evento principal do Irish Open! \ud83c\udf9f\ufe0f - Luxon Pay","og_description":"Fa\u00e7a valer a pena o seu buy-in no Irish Open! Cada buy-in feito via Luxon Pay = 1 cupom para concorrer a um dos 4 lugares de \u20ac1.150 no Evento Principal do Irish Open. Sua chance de jogar o Evento Principal de gra\u00e7a! Veja como funciona: \u2022 Fa\u00e7a o buy-in em qualquer evento do Irish... Read more &raquo;","og_url":"https:\/\/luxon.com\/pt-br\/win-a-main-event-seat-at-irish-open\/","og_site_name":"Luxon Pay","article_modified_time":"2026-03-12T11:28:52+00:00","og_image":[{"width":600,"height":400,"url":"https:\/\/luxon.com\/wp-content\/uploads\/Live-Event-Announcement-Promo_header.png","type":"image\/png"}],"twitter_card":"summary_large_image","twitter_misc":{"Est. tempo de leitura":"2 minutos"},"schema":{"@context":"https:\/\/schema.org","@graph":[{"@type":"WebPage","@id":"https:\/\/luxon.com\/pt-br\/win-a-main-event-seat-at-irish-open\/","url":"https:\/\/luxon.com\/pt-br\/win-a-main-event-seat-at-irish-open\/","name":"Ganhe uma vaga no evento principal do Irish Open! \ud83c\udf9f\ufe0f - Luxon Pay","isPartOf":{"@id":"https:\/\/luxon.com\/pt-br\/#website"},"primaryImageOfPage":{"@id":"https:\/\/luxon.com\/pt-br\/win-a-main-event-seat-at-irish-open\/#primaryimage"},"image":{"@id":"https:\/\/luxon.com\/pt-br\/win-a-main-event-seat-at-irish-open\/#primaryimage"},"thumbnailUrl":"https:\/\/luxon.com\/wp-content\/uploads\/Irish-Open_Banner_2-1.png","datePublished":"2026-03-03T21:47:10+00:00","dateModified":"2026-03-12T11:28:52+00:00","inLanguage":"pt-BR","potentialAction":[{"@type":"ReadAction","target":["https:\/\/luxon.com\/pt-br\/win-a-main-event-seat-at-irish-open\/"]}]},{"@type":"ImageObject","inLanguage":"pt-BR","@id":"https:\/\/luxon.com\/pt-br\/win-a-main-event-seat-at-irish-open\/#primaryimage","url":"https:\/\/luxon.com\/wp-content\/uploads\/Irish-Open_Banner_2-1.png","contentUrl":"https:\/\/luxon.com\/wp-content\/uploads\/Irish-Open_Banner_2-1.png","width":700,"height":527},{"@type":"WebSite","@id":"https:\/\/luxon.com\/pt-br\/#website","url":"https:\/\/luxon.com\/pt-br\/","name":"Luxon Pay","description":"Instant secure global payments","publisher":{"@id":"https:\/\/luxon.com\/pt-br\/#organization"},"potentialAction":[{"@type":"SearchAction","target":{"@type":"EntryPoint","urlTemplate":"https:\/\/luxon.com\/pt-br\/?s={search_term_string}"},"query-input":{"@type":"PropertyValueSpecification","valueRequired":true,"valueName":"search_term_string"}}],"inLanguage":"pt-BR"},{"@type":"Organization","@id":"https:\/\/luxon.com\/pt-br\/#organization","name":"Luxon Pay","url":"https:\/\/luxon.com\/pt-br\/","logo":{"@type":"ImageObject","inLanguage":"pt-BR","@id":"https:\/\/luxon.com\/pt-br\/#\/schema\/logo\/image\/","url":"https:\/\/luxon.com\/wp-content\/uploads\/WebsiteImage04.png","contentUrl":"https:\/\/luxon.com\/wp-content\/uploads\/WebsiteImage04.png","width":1200,"height":630,"caption":"Luxon Pay"},"image":{"@id":"https:\/\/luxon.com\/pt-br\/#\/schema\/logo\/image\/"}}]}},"_links":{"self":[{"href":"https:\/\/luxon.com\/pt-br\/wp-json\/wp\/v2\/pages\/33969","targetHints":{"allow":["GET"]}}],"collection":[{"href":"https:\/\/luxon.com\/pt-br\/wp-json\/wp\/v2\/pages"}],"about":[{"href":"https:\/\/luxon.com\/pt-br\/wp-json\/wp\/v2\/types\/page"}],"author":[{"embeddable":true,"href":"https:\/\/luxon.com\/pt-br\/wp-json\/wp\/v2\/users\/5"}],"replies":[{"embeddable":true,"href":"https:\/\/luxon.com\/pt-br\/wp-json\/wp\/v2\/comments?post=33969"}],"version-history":[{"count":2,"href":"https:\/\/luxon.com\/pt-br\/wp-json\/wp\/v2\/pages\/33969\/revisions"}],"predecessor-version":[{"id":33971,"href":"https:\/\/luxon.com\/pt-br\/wp-json\/wp\/v2\/pages\/33969\/revisions\/33971"}],"wp:featuredmedia":[{"embeddable":true,"href":"https:\/\/luxon.com\/pt-br\/wp-json\/wp\/v2\/media\/34095"}],"wp:attachment":[{"href":"https:\/\/luxon.com\/pt-br\/wp-json\/wp\/v2\/media?parent=33969"}],"curies":[{"name":"wp","href":"https:\/\/api.w.org\/{rel}","templated":true}]}}