{"id":35589,"date":"2026-05-08T13:18:09","date_gmt":"2026-05-08T13:18:09","guid":{"rendered":"https:\/\/luxon.com\/an-exclusive-promo-for-using-luxon-pay-at-ept-monte-carlo\/"},"modified":"2026-05-11T15:50:22","modified_gmt":"2026-05-11T15:50:22","slug":"an-exclusive-promo-for-using-luxon-pay-at-ept-monte-carlo","status":"publish","type":"page","link":"https:\/\/luxon.com\/pt-br\/an-exclusive-promo-for-using-luxon-pay-at-ept-monte-carlo\/","title":{"rendered":"Uma promo\u00e7\u00e3o exclusiva para quem utiliza Luxon Pay no EPT Monte Carlo"},"content":{"rendered":"<p><strong>Agradecemos por utilizar a Luxon Pay no EPT Monte Carlo.<\/strong><\/p>\n<p><strong>Promo\u00e7\u00e3o exclusiva<\/strong><br \/>\nTemos uma oferta especial para voc\u00ea \u2014 1% de cashback em todos os dep\u00f3sitos online via Luxon Pay at\u00e9 at\u00e9 21 de maio! Basta depositar para come\u00e7ar a acumular.<\/p>\n<p><span data-sheets-root=\"1\"><strong>Termos e Condi\u00e7\u00f5es<\/strong><\/span><\/p>\n<ul>\n<li><span data-sheets-root=\"1\">Esta oferta se aplica a todos os dep\u00f3sitos em com\u00e9rcios online realizados entre 11 e 21 de maio de 2026.<br \/>\n<\/span><\/li>\n<li><span data-sheets-root=\"1\">O cashback ser\u00e1 creditado automaticamente em at\u00e9 7 dias \u00fateis ap\u00f3s o t\u00e9rmino da promo\u00e7\u00e3o.<br \/>\n<\/span><\/li>\n<li><span data-sheets-root=\"1\">N\u00e3o h\u00e1 limite m\u00e1ximo de cashback.<br \/>\n<\/span><\/li>\n<li><span data-sheets-root=\"1\">Esta promo\u00e7\u00e3o \u00e9 nominal e intransfer\u00edvel.<br \/>\n<\/span><\/li>\n<li><span data-sheets-root=\"1\">V\u00e1lida apenas para plataformas online, excluindo eventos ao vivo.<br \/>\n<\/span><\/li>\n<li><span data-sheets-root=\"1\">Aplicam-se as condi\u00e7\u00f5es gerais da Luxon Pay.<\/span><\/li>\n<\/ul>\n","protected":false},"excerpt":{"rendered":"<p>Agradecemos por utilizar a Luxon Pay no EPT Monte Carlo. Promo\u00e7\u00e3o exclusiva Temos uma oferta especial para voc\u00ea \u2014 1% de cashback em todos os dep\u00f3sitos online via Luxon Pay at\u00e9 at\u00e9 21 de maio! Basta depositar para come\u00e7ar a acumular. Termos e Condi\u00e7\u00f5es Esta oferta se aplica a todos os dep\u00f3sitos em com\u00e9rcios online<a class=\"excerpt-read-more\" href=\"https:\/\/luxon.com\/pt-br\/an-exclusive-promo-for-using-luxon-pay-at-ept-monte-carlo\/\" title=\"ReadUma promo\u00e7\u00e3o exclusiva para quem utiliza Luxon Pay no EPT Monte Carlo\">&#8230; Read more &raquo;<\/a><\/p>\n","protected":false},"author":7,"featured_media":33996,"parent":0,"menu_order":0,"comment_status":"closed","ping_status":"closed","template":"templates\/block-template.php","meta":{"_acf_changed":false,"footnotes":""},"class_list":["post-35589","page","type-page","status-publish","has-post-thumbnail","hentry"],"acf":[],"yoast_head":"<!-- This site is optimized with the Yoast SEO plugin v27.6 - https:\/\/yoast.com\/product\/yoast-seo-wordpress\/ -->\n<title>Uma promo\u00e7\u00e3o exclusiva para quem utiliza Luxon Pay no EPT Monte Carlo - Luxon Pay<\/title>\n<meta name=\"robots\" content=\"index, follow, max-snippet:-1, max-image-preview:large, max-video-preview:-1\" \/>\n<link rel=\"canonical\" href=\"https:\/\/luxon.com\/pt-br\/an-exclusive-promo-for-using-luxon-pay-at-ept-monte-carlo\/\" \/>\n<meta property=\"og:locale\" content=\"pt_BR\" \/>\n<meta property=\"og:type\" content=\"article\" \/>\n<meta property=\"og:title\" content=\"Uma promo\u00e7\u00e3o exclusiva para quem utiliza Luxon Pay no EPT Monte Carlo - Luxon Pay\" \/>\n<meta property=\"og:description\" content=\"Agradecemos por utilizar a Luxon Pay no EPT Monte Carlo. Promo\u00e7\u00e3o exclusiva Temos uma oferta especial para voc\u00ea \u2014 1% de cashback em todos os dep\u00f3sitos online via Luxon Pay at\u00e9 at\u00e9 21 de maio! Basta depositar para come\u00e7ar a acumular. Termos e Condi\u00e7\u00f5es Esta oferta se aplica a todos os dep\u00f3sitos em com\u00e9rcios online... Read more &raquo;\" \/>\n<meta property=\"og:url\" content=\"https:\/\/luxon.com\/pt-br\/an-exclusive-promo-for-using-luxon-pay-at-ept-monte-carlo\/\" \/>\n<meta property=\"og:site_name\" content=\"Luxon Pay\" \/>\n<meta property=\"article:modified_time\" content=\"2026-05-11T15:50:22+00:00\" \/>\n<meta property=\"og:image\" content=\"https:\/\/luxon.com\/wp-content\/uploads\/Live-to-Online-Conversion_header.png\" \/>\n\t<meta property=\"og:image:width\" content=\"600\" \/>\n\t<meta property=\"og:image:height\" content=\"400\" \/>\n\t<meta property=\"og:image:type\" content=\"image\/png\" \/>\n<meta name=\"twitter:card\" content=\"summary_large_image\" \/>\n<meta name=\"twitter:label1\" content=\"Est. tempo de leitura\" \/>\n\t<meta name=\"twitter:data1\" content=\"1 minuto\" \/>\n<script type=\"application\/ld+json\" class=\"yoast-schema-graph\">{\"@context\":\"https:\\\/\\\/schema.org\",\"@graph\":[{\"@type\":\"WebPage\",\"@id\":\"https:\\\/\\\/luxon.com\\\/pt-br\\\/an-exclusive-promo-for-using-luxon-pay-at-ept-monte-carlo\\\/\",\"url\":\"https:\\\/\\\/luxon.com\\\/pt-br\\\/an-exclusive-promo-for-using-luxon-pay-at-ept-monte-carlo\\\/\",\"name\":\"Uma promo\u00e7\u00e3o exclusiva para quem utiliza Luxon Pay no EPT Monte Carlo - Luxon Pay\",\"isPartOf\":{\"@id\":\"https:\\\/\\\/luxon.com\\\/pt-br\\\/#website\"},\"primaryImageOfPage\":{\"@id\":\"https:\\\/\\\/luxon.com\\\/pt-br\\\/an-exclusive-promo-for-using-luxon-pay-at-ept-monte-carlo\\\/#primaryimage\"},\"image\":{\"@id\":\"https:\\\/\\\/luxon.com\\\/pt-br\\\/an-exclusive-promo-for-using-luxon-pay-at-ept-monte-carlo\\\/#primaryimage\"},\"thumbnailUrl\":\"https:\\\/\\\/luxon.com\\\/wp-content\\\/uploads\\\/Live-to-Online-Conversion_header.png\",\"datePublished\":\"2026-05-08T13:18:09+00:00\",\"dateModified\":\"2026-05-11T15:50:22+00:00\",\"inLanguage\":\"pt-BR\",\"potentialAction\":[{\"@type\":\"ReadAction\",\"target\":[\"https:\\\/\\\/luxon.com\\\/pt-br\\\/an-exclusive-promo-for-using-luxon-pay-at-ept-monte-carlo\\\/\"]}]},{\"@type\":\"ImageObject\",\"inLanguage\":\"pt-BR\",\"@id\":\"https:\\\/\\\/luxon.com\\\/pt-br\\\/an-exclusive-promo-for-using-luxon-pay-at-ept-monte-carlo\\\/#primaryimage\",\"url\":\"https:\\\/\\\/luxon.com\\\/wp-content\\\/uploads\\\/Live-to-Online-Conversion_header.png\",\"contentUrl\":\"https:\\\/\\\/luxon.com\\\/wp-content\\\/uploads\\\/Live-to-Online-Conversion_header.png\",\"width\":600,\"height\":400},{\"@type\":\"WebSite\",\"@id\":\"https:\\\/\\\/luxon.com\\\/pt-br\\\/#website\",\"url\":\"https:\\\/\\\/luxon.com\\\/pt-br\\\/\",\"name\":\"Luxon Pay\",\"description\":\"Instant secure global payments\",\"publisher\":{\"@id\":\"https:\\\/\\\/luxon.com\\\/pt-br\\\/#organization\"},\"potentialAction\":[{\"@type\":\"SearchAction\",\"target\":{\"@type\":\"EntryPoint\",\"urlTemplate\":\"https:\\\/\\\/luxon.com\\\/pt-br\\\/?s={search_term_string}\"},\"query-input\":{\"@type\":\"PropertyValueSpecification\",\"valueRequired\":true,\"valueName\":\"search_term_string\"}}],\"inLanguage\":\"pt-BR\"},{\"@type\":\"Organization\",\"@id\":\"https:\\\/\\\/luxon.com\\\/pt-br\\\/#organization\",\"name\":\"Luxon Pay\",\"url\":\"https:\\\/\\\/luxon.com\\\/pt-br\\\/\",\"logo\":{\"@type\":\"ImageObject\",\"inLanguage\":\"pt-BR\",\"@id\":\"https:\\\/\\\/luxon.com\\\/pt-br\\\/#\\\/schema\\\/logo\\\/image\\\/\",\"url\":\"https:\\\/\\\/luxon.com\\\/wp-content\\\/uploads\\\/WebsiteImage04.png\",\"contentUrl\":\"https:\\\/\\\/luxon.com\\\/wp-content\\\/uploads\\\/WebsiteImage04.png\",\"width\":1200,\"height\":630,\"caption\":\"Luxon Pay\"},\"image\":{\"@id\":\"https:\\\/\\\/luxon.com\\\/pt-br\\\/#\\\/schema\\\/logo\\\/image\\\/\"}}]}<\/script>\n<!-- \/ Yoast SEO plugin. -->","yoast_head_json":{"title":"Uma promo\u00e7\u00e3o exclusiva para quem utiliza Luxon Pay no EPT Monte Carlo - Luxon Pay","robots":{"index":"index","follow":"follow","max-snippet":"max-snippet:-1","max-image-preview":"max-image-preview:large","max-video-preview":"max-video-preview:-1"},"canonical":"https:\/\/luxon.com\/pt-br\/an-exclusive-promo-for-using-luxon-pay-at-ept-monte-carlo\/","og_locale":"pt_BR","og_type":"article","og_title":"Uma promo\u00e7\u00e3o exclusiva para quem utiliza Luxon Pay no EPT Monte Carlo - Luxon Pay","og_description":"Agradecemos por utilizar a Luxon Pay no EPT Monte Carlo. Promo\u00e7\u00e3o exclusiva Temos uma oferta especial para voc\u00ea \u2014 1% de cashback em todos os dep\u00f3sitos online via Luxon Pay at\u00e9 at\u00e9 21 de maio! Basta depositar para come\u00e7ar a acumular. Termos e Condi\u00e7\u00f5es Esta oferta se aplica a todos os dep\u00f3sitos em com\u00e9rcios online... Read more &raquo;","og_url":"https:\/\/luxon.com\/pt-br\/an-exclusive-promo-for-using-luxon-pay-at-ept-monte-carlo\/","og_site_name":"Luxon Pay","article_modified_time":"2026-05-11T15:50:22+00:00","og_image":[{"width":600,"height":400,"url":"https:\/\/luxon.com\/wp-content\/uploads\/Live-to-Online-Conversion_header.png","type":"image\/png"}],"twitter_card":"summary_large_image","twitter_misc":{"Est. tempo de leitura":"1 minuto"},"schema":{"@context":"https:\/\/schema.org","@graph":[{"@type":"WebPage","@id":"https:\/\/luxon.com\/pt-br\/an-exclusive-promo-for-using-luxon-pay-at-ept-monte-carlo\/","url":"https:\/\/luxon.com\/pt-br\/an-exclusive-promo-for-using-luxon-pay-at-ept-monte-carlo\/","name":"Uma promo\u00e7\u00e3o exclusiva para quem utiliza Luxon Pay no EPT Monte Carlo - Luxon Pay","isPartOf":{"@id":"https:\/\/luxon.com\/pt-br\/#website"},"primaryImageOfPage":{"@id":"https:\/\/luxon.com\/pt-br\/an-exclusive-promo-for-using-luxon-pay-at-ept-monte-carlo\/#primaryimage"},"image":{"@id":"https:\/\/luxon.com\/pt-br\/an-exclusive-promo-for-using-luxon-pay-at-ept-monte-carlo\/#primaryimage"},"thumbnailUrl":"https:\/\/luxon.com\/wp-content\/uploads\/Live-to-Online-Conversion_header.png","datePublished":"2026-05-08T13:18:09+00:00","dateModified":"2026-05-11T15:50:22+00:00","inLanguage":"pt-BR","potentialAction":[{"@type":"ReadAction","target":["https:\/\/luxon.com\/pt-br\/an-exclusive-promo-for-using-luxon-pay-at-ept-monte-carlo\/"]}]},{"@type":"ImageObject","inLanguage":"pt-BR","@id":"https:\/\/luxon.com\/pt-br\/an-exclusive-promo-for-using-luxon-pay-at-ept-monte-carlo\/#primaryimage","url":"https:\/\/luxon.com\/wp-content\/uploads\/Live-to-Online-Conversion_header.png","contentUrl":"https:\/\/luxon.com\/wp-content\/uploads\/Live-to-Online-Conversion_header.png","width":600,"height":400},{"@type":"WebSite","@id":"https:\/\/luxon.com\/pt-br\/#website","url":"https:\/\/luxon.com\/pt-br\/","name":"Luxon Pay","description":"Instant secure global payments","publisher":{"@id":"https:\/\/luxon.com\/pt-br\/#organization"},"potentialAction":[{"@type":"SearchAction","target":{"@type":"EntryPoint","urlTemplate":"https:\/\/luxon.com\/pt-br\/?s={search_term_string}"},"query-input":{"@type":"PropertyValueSpecification","valueRequired":true,"valueName":"search_term_string"}}],"inLanguage":"pt-BR"},{"@type":"Organization","@id":"https:\/\/luxon.com\/pt-br\/#organization","name":"Luxon Pay","url":"https:\/\/luxon.com\/pt-br\/","logo":{"@type":"ImageObject","inLanguage":"pt-BR","@id":"https:\/\/luxon.com\/pt-br\/#\/schema\/logo\/image\/","url":"https:\/\/luxon.com\/wp-content\/uploads\/WebsiteImage04.png","contentUrl":"https:\/\/luxon.com\/wp-content\/uploads\/WebsiteImage04.png","width":1200,"height":630,"caption":"Luxon Pay"},"image":{"@id":"https:\/\/luxon.com\/pt-br\/#\/schema\/logo\/image\/"}}]}},"_links":{"self":[{"href":"https:\/\/luxon.com\/pt-br\/wp-json\/wp\/v2\/pages\/35589","targetHints":{"allow":["GET"]}}],"collection":[{"href":"https:\/\/luxon.com\/pt-br\/wp-json\/wp\/v2\/pages"}],"about":[{"href":"https:\/\/luxon.com\/pt-br\/wp-json\/wp\/v2\/types\/page"}],"author":[{"embeddable":true,"href":"https:\/\/luxon.com\/pt-br\/wp-json\/wp\/v2\/users\/7"}],"replies":[{"embeddable":true,"href":"https:\/\/luxon.com\/pt-br\/wp-json\/wp\/v2\/comments?post=35589"}],"version-history":[{"count":2,"href":"https:\/\/luxon.com\/pt-br\/wp-json\/wp\/v2\/pages\/35589\/revisions"}],"predecessor-version":[{"id":35591,"href":"https:\/\/luxon.com\/pt-br\/wp-json\/wp\/v2\/pages\/35589\/revisions\/35591"}],"wp:featuredmedia":[{"embeddable":true,"href":"https:\/\/luxon.com\/pt-br\/wp-json\/wp\/v2\/media\/33996"}],"wp:attachment":[{"href":"https:\/\/luxon.com\/pt-br\/wp-json\/wp\/v2\/media?parent=35589"}],"curies":[{"name":"wp","href":"https:\/\/api.w.org\/{rel}","templated":true}]}}