{"id":35769,"date":"2026-05-12T20:55:03","date_gmt":"2026-05-12T20:55:03","guid":{"rendered":"https:\/\/luxon.com\/win-a-10k-wsop-seat\/"},"modified":"2026-05-13T17:58:35","modified_gmt":"2026-05-13T17:58:35","slug":"win-a-10k-wsop-seat","status":"publish","type":"page","link":"https:\/\/luxon.com\/pt-br\/win-a-10k-wsop-seat\/","title":{"rendered":"Ganhe um assento de $10.000 no Main Event do WSOP"},"content":{"rendered":"<p><span data-sheets-root=\"1\">Fa\u00e7a valer o seu buy-in no WSOP Vegas!<\/span><\/p>\n<p>Cada buy-in feito pela Luxon Pay = 1 entrada no sorteio para ganhar um assento de $10.000 no Main Event do WSOP. Sua chance de jogar o Main Event de gra\u00e7a!<\/p>\n<p><strong>Veja como funciona:<\/strong><br \/>\n\u2022 Fa\u00e7a o buy-in em qualquer torneio do WSOP Vegas e finalize o pagamento usando a Luxon Pay no app WSOP Live<br \/>\n\u2022 Ganhe 1 entrada no sorteio por buy-in<br \/>\n\u2022 1 assento de $10.000 no Main Event do WSOP a ser sorteado<\/p>\n<p><strong>Termos e Condi\u00e7\u00f5es<\/strong><\/p>\n<ul>\n<li>Promo\u00e7\u00e3o v\u00e1lida para jogadores que finalizarem o pagamento usando a Luxon Pay em qualquer torneio do WSOP Vegas pelo app WSOP Live at\u00e9 29 de junho<\/li>\n<li>Um sorteio ser\u00e1 realizado em 30 de junho \u2014 todos os buy-ins feitos antes dessa data ser\u00e3o inclu\u00eddos no sorteio<\/li>\n<li>Cada buy-in qualificado conta como uma entrada no sorteio, independentemente do valor do buy-in<\/li>\n<li>Se o vencedor n\u00e3o puder jogar o Main Event do WSOP 2026, um pr\u00eamio de valor equivalente ser\u00e1 discutido.<\/li>\n<\/ul>\n","protected":false},"excerpt":{"rendered":"<p>Fa\u00e7a valer o seu buy-in no WSOP Vegas! Cada buy-in feito pela Luxon Pay = 1 entrada no sorteio para ganhar um assento de $10.000 no Main Event do WSOP. Sua chance de jogar o Main Event de gra\u00e7a! Veja como funciona: \u2022 Fa\u00e7a o buy-in em qualquer torneio do WSOP Vegas e finalize o<a class=\"excerpt-read-more\" href=\"https:\/\/luxon.com\/pt-br\/win-a-10k-wsop-seat\/\" title=\"ReadGanhe um assento de $10.000 no Main Event do WSOP\">&#8230; Read more &raquo;<\/a><\/p>\n","protected":false},"author":5,"featured_media":35733,"parent":0,"menu_order":0,"comment_status":"closed","ping_status":"closed","template":"templates\/block-template.php","meta":{"_acf_changed":false,"footnotes":""},"class_list":["post-35769","page","type-page","status-publish","has-post-thumbnail","hentry"],"acf":[],"yoast_head":"<!-- This site is optimized with the Yoast SEO plugin v27.6 - https:\/\/yoast.com\/product\/yoast-seo-wordpress\/ -->\n<title>Ganhe um assento de $10.000 no Main Event do WSOP - Luxon Pay<\/title>\n<meta name=\"robots\" content=\"index, follow, max-snippet:-1, max-image-preview:large, max-video-preview:-1\" \/>\n<link rel=\"canonical\" href=\"https:\/\/luxon.com\/pt-br\/win-a-10k-wsop-seat\/\" \/>\n<meta property=\"og:locale\" content=\"pt_BR\" \/>\n<meta property=\"og:type\" content=\"article\" \/>\n<meta property=\"og:title\" content=\"Ganhe um assento de $10.000 no Main Event do WSOP - Luxon Pay\" \/>\n<meta property=\"og:description\" content=\"Fa\u00e7a valer o seu buy-in no WSOP Vegas! Cada buy-in feito pela Luxon Pay = 1 entrada no sorteio para ganhar um assento de $10.000 no Main Event do WSOP. Sua chance de jogar o Main Event de gra\u00e7a! Veja como funciona: \u2022 Fa\u00e7a o buy-in em qualquer torneio do WSOP Vegas e finalize o... Read more &raquo;\" \/>\n<meta property=\"og:url\" content=\"https:\/\/luxon.com\/pt-br\/win-a-10k-wsop-seat\/\" \/>\n<meta property=\"og:site_name\" content=\"Luxon Pay\" \/>\n<meta property=\"article:modified_time\" content=\"2026-05-13T17:58:35+00:00\" \/>\n<meta property=\"og:image\" content=\"https:\/\/luxon.com\/wp-content\/uploads\/EmailBanner_1200x800_1.png\" \/>\n\t<meta property=\"og:image:width\" content=\"600\" \/>\n\t<meta property=\"og:image:height\" content=\"400\" \/>\n\t<meta property=\"og:image:type\" content=\"image\/png\" \/>\n<meta name=\"twitter:card\" content=\"summary_large_image\" \/>\n<meta name=\"twitter:label1\" content=\"Est. tempo de leitura\" \/>\n\t<meta name=\"twitter:data1\" content=\"1 minuto\" \/>\n<script type=\"application\/ld+json\" class=\"yoast-schema-graph\">{\"@context\":\"https:\\\/\\\/schema.org\",\"@graph\":[{\"@type\":\"WebPage\",\"@id\":\"https:\\\/\\\/luxon.com\\\/pt-br\\\/win-a-10k-wsop-seat\\\/\",\"url\":\"https:\\\/\\\/luxon.com\\\/pt-br\\\/win-a-10k-wsop-seat\\\/\",\"name\":\"Ganhe um assento de $10.000 no Main Event do WSOP - Luxon Pay\",\"isPartOf\":{\"@id\":\"https:\\\/\\\/luxon.com\\\/pt-br\\\/#website\"},\"primaryImageOfPage\":{\"@id\":\"https:\\\/\\\/luxon.com\\\/pt-br\\\/win-a-10k-wsop-seat\\\/#primaryimage\"},\"image\":{\"@id\":\"https:\\\/\\\/luxon.com\\\/pt-br\\\/win-a-10k-wsop-seat\\\/#primaryimage\"},\"thumbnailUrl\":\"https:\\\/\\\/luxon.com\\\/wp-content\\\/uploads\\\/EmailBanner_1200x800_1.png\",\"datePublished\":\"2026-05-12T20:55:03+00:00\",\"dateModified\":\"2026-05-13T17:58:35+00:00\",\"inLanguage\":\"pt-BR\",\"potentialAction\":[{\"@type\":\"ReadAction\",\"target\":[\"https:\\\/\\\/luxon.com\\\/pt-br\\\/win-a-10k-wsop-seat\\\/\"]}]},{\"@type\":\"ImageObject\",\"inLanguage\":\"pt-BR\",\"@id\":\"https:\\\/\\\/luxon.com\\\/pt-br\\\/win-a-10k-wsop-seat\\\/#primaryimage\",\"url\":\"https:\\\/\\\/luxon.com\\\/wp-content\\\/uploads\\\/EmailBanner_1200x800_1.png\",\"contentUrl\":\"https:\\\/\\\/luxon.com\\\/wp-content\\\/uploads\\\/EmailBanner_1200x800_1.png\",\"width\":600,\"height\":400},{\"@type\":\"WebSite\",\"@id\":\"https:\\\/\\\/luxon.com\\\/pt-br\\\/#website\",\"url\":\"https:\\\/\\\/luxon.com\\\/pt-br\\\/\",\"name\":\"Luxon Pay\",\"description\":\"Instant secure global payments\",\"publisher\":{\"@id\":\"https:\\\/\\\/luxon.com\\\/pt-br\\\/#organization\"},\"potentialAction\":[{\"@type\":\"SearchAction\",\"target\":{\"@type\":\"EntryPoint\",\"urlTemplate\":\"https:\\\/\\\/luxon.com\\\/pt-br\\\/?s={search_term_string}\"},\"query-input\":{\"@type\":\"PropertyValueSpecification\",\"valueRequired\":true,\"valueName\":\"search_term_string\"}}],\"inLanguage\":\"pt-BR\"},{\"@type\":\"Organization\",\"@id\":\"https:\\\/\\\/luxon.com\\\/pt-br\\\/#organization\",\"name\":\"Luxon Pay\",\"url\":\"https:\\\/\\\/luxon.com\\\/pt-br\\\/\",\"logo\":{\"@type\":\"ImageObject\",\"inLanguage\":\"pt-BR\",\"@id\":\"https:\\\/\\\/luxon.com\\\/pt-br\\\/#\\\/schema\\\/logo\\\/image\\\/\",\"url\":\"https:\\\/\\\/luxon.com\\\/wp-content\\\/uploads\\\/WebsiteImage04.png\",\"contentUrl\":\"https:\\\/\\\/luxon.com\\\/wp-content\\\/uploads\\\/WebsiteImage04.png\",\"width\":1200,\"height\":630,\"caption\":\"Luxon Pay\"},\"image\":{\"@id\":\"https:\\\/\\\/luxon.com\\\/pt-br\\\/#\\\/schema\\\/logo\\\/image\\\/\"}}]}<\/script>\n<!-- \/ Yoast SEO plugin. -->","yoast_head_json":{"title":"Ganhe um assento de $10.000 no Main Event do WSOP - Luxon Pay","robots":{"index":"index","follow":"follow","max-snippet":"max-snippet:-1","max-image-preview":"max-image-preview:large","max-video-preview":"max-video-preview:-1"},"canonical":"https:\/\/luxon.com\/pt-br\/win-a-10k-wsop-seat\/","og_locale":"pt_BR","og_type":"article","og_title":"Ganhe um assento de $10.000 no Main Event do WSOP - Luxon Pay","og_description":"Fa\u00e7a valer o seu buy-in no WSOP Vegas! Cada buy-in feito pela Luxon Pay = 1 entrada no sorteio para ganhar um assento de $10.000 no Main Event do WSOP. Sua chance de jogar o Main Event de gra\u00e7a! Veja como funciona: \u2022 Fa\u00e7a o buy-in em qualquer torneio do WSOP Vegas e finalize o... Read more &raquo;","og_url":"https:\/\/luxon.com\/pt-br\/win-a-10k-wsop-seat\/","og_site_name":"Luxon Pay","article_modified_time":"2026-05-13T17:58:35+00:00","og_image":[{"width":600,"height":400,"url":"https:\/\/luxon.com\/wp-content\/uploads\/EmailBanner_1200x800_1.png","type":"image\/png"}],"twitter_card":"summary_large_image","twitter_misc":{"Est. tempo de leitura":"1 minuto"},"schema":{"@context":"https:\/\/schema.org","@graph":[{"@type":"WebPage","@id":"https:\/\/luxon.com\/pt-br\/win-a-10k-wsop-seat\/","url":"https:\/\/luxon.com\/pt-br\/win-a-10k-wsop-seat\/","name":"Ganhe um assento de $10.000 no Main Event do WSOP - Luxon Pay","isPartOf":{"@id":"https:\/\/luxon.com\/pt-br\/#website"},"primaryImageOfPage":{"@id":"https:\/\/luxon.com\/pt-br\/win-a-10k-wsop-seat\/#primaryimage"},"image":{"@id":"https:\/\/luxon.com\/pt-br\/win-a-10k-wsop-seat\/#primaryimage"},"thumbnailUrl":"https:\/\/luxon.com\/wp-content\/uploads\/EmailBanner_1200x800_1.png","datePublished":"2026-05-12T20:55:03+00:00","dateModified":"2026-05-13T17:58:35+00:00","inLanguage":"pt-BR","potentialAction":[{"@type":"ReadAction","target":["https:\/\/luxon.com\/pt-br\/win-a-10k-wsop-seat\/"]}]},{"@type":"ImageObject","inLanguage":"pt-BR","@id":"https:\/\/luxon.com\/pt-br\/win-a-10k-wsop-seat\/#primaryimage","url":"https:\/\/luxon.com\/wp-content\/uploads\/EmailBanner_1200x800_1.png","contentUrl":"https:\/\/luxon.com\/wp-content\/uploads\/EmailBanner_1200x800_1.png","width":600,"height":400},{"@type":"WebSite","@id":"https:\/\/luxon.com\/pt-br\/#website","url":"https:\/\/luxon.com\/pt-br\/","name":"Luxon Pay","description":"Instant secure global payments","publisher":{"@id":"https:\/\/luxon.com\/pt-br\/#organization"},"potentialAction":[{"@type":"SearchAction","target":{"@type":"EntryPoint","urlTemplate":"https:\/\/luxon.com\/pt-br\/?s={search_term_string}"},"query-input":{"@type":"PropertyValueSpecification","valueRequired":true,"valueName":"search_term_string"}}],"inLanguage":"pt-BR"},{"@type":"Organization","@id":"https:\/\/luxon.com\/pt-br\/#organization","name":"Luxon Pay","url":"https:\/\/luxon.com\/pt-br\/","logo":{"@type":"ImageObject","inLanguage":"pt-BR","@id":"https:\/\/luxon.com\/pt-br\/#\/schema\/logo\/image\/","url":"https:\/\/luxon.com\/wp-content\/uploads\/WebsiteImage04.png","contentUrl":"https:\/\/luxon.com\/wp-content\/uploads\/WebsiteImage04.png","width":1200,"height":630,"caption":"Luxon Pay"},"image":{"@id":"https:\/\/luxon.com\/pt-br\/#\/schema\/logo\/image\/"}}]}},"_links":{"self":[{"href":"https:\/\/luxon.com\/pt-br\/wp-json\/wp\/v2\/pages\/35769","targetHints":{"allow":["GET"]}}],"collection":[{"href":"https:\/\/luxon.com\/pt-br\/wp-json\/wp\/v2\/pages"}],"about":[{"href":"https:\/\/luxon.com\/pt-br\/wp-json\/wp\/v2\/types\/page"}],"author":[{"embeddable":true,"href":"https:\/\/luxon.com\/pt-br\/wp-json\/wp\/v2\/users\/5"}],"replies":[{"embeddable":true,"href":"https:\/\/luxon.com\/pt-br\/wp-json\/wp\/v2\/comments?post=35769"}],"version-history":[{"count":3,"href":"https:\/\/luxon.com\/pt-br\/wp-json\/wp\/v2\/pages\/35769\/revisions"}],"predecessor-version":[{"id":35791,"href":"https:\/\/luxon.com\/pt-br\/wp-json\/wp\/v2\/pages\/35769\/revisions\/35791"}],"wp:featuredmedia":[{"embeddable":true,"href":"https:\/\/luxon.com\/pt-br\/wp-json\/wp\/v2\/media\/35733"}],"wp:attachment":[{"href":"https:\/\/luxon.com\/pt-br\/wp-json\/wp\/v2\/media?parent=35769"}],"curies":[{"name":"wp","href":"https:\/\/api.w.org\/{rel}","templated":true}]}}