{"id":25353,"date":"2023-09-18T11:33:46","date_gmt":"2023-09-18T11:33:46","guid":{"rendered":"https:\/\/luxon.com\/business-2\/"},"modified":"2023-12-10T09:48:22","modified_gmt":"2023-12-10T09:48:22","slug":"business-2","status":"publish","type":"page","link":"https:\/\/luxon.com\/pt-pt\/business-2\/","title":{"rendered":"Pagamentos online seguros para o seu neg\u00f3cio"},"content":{"rendered":"<p class=\"p1\">Luxon Pay oferece solu\u00e7\u00f5es avan\u00e7adas de pagamento para atender a todas as necessidades do seu neg\u00f3cio. Cres\u00e7a em mais mercados, conquiste novos clientes e ofere\u00e7a m\u00e9todos de pagamento adicionais com nossa plataforma ponta a ponta.<\/p>\n","protected":false},"excerpt":{"rendered":"<p>Luxon Pay oferece solu\u00e7\u00f5es avan\u00e7adas de pagamento para atender a todas as necessidades do seu neg\u00f3cio. Cres\u00e7a em mais mercados, conquiste novos clientes e ofere\u00e7a m\u00e9todos de pagamento adicionais com nossa plataforma ponta a ponta.<\/p>\n","protected":false},"author":2,"featured_media":24523,"parent":0,"menu_order":0,"comment_status":"closed","ping_status":"closed","template":"templates\/block-template.php","meta":{"_acf_changed":false,"footnotes":""},"class_list":["post-25353","page","type-page","status-publish","has-post-thumbnail","hentry"],"acf":[],"yoast_head":"<!-- This site is optimized with the Yoast SEO plugin v27.4 - https:\/\/yoast.com\/product\/yoast-seo-wordpress\/ -->\n<title>Pagamentos online seguros para o seu neg\u00f3cio - Luxon Pay<\/title>\n<meta name=\"robots\" content=\"index, follow, max-snippet:-1, max-image-preview:large, max-video-preview:-1\" \/>\n<link rel=\"canonical\" href=\"https:\/\/luxon.com\/pt-pt\/business-2\/\" \/>\n<meta property=\"og:locale\" content=\"pt_PT\" \/>\n<meta property=\"og:type\" content=\"article\" \/>\n<meta property=\"og:title\" content=\"Pagamentos online seguros para o seu neg\u00f3cio - Luxon Pay\" \/>\n<meta property=\"og:description\" content=\"Luxon Pay oferece solu\u00e7\u00f5es avan\u00e7adas de pagamento para atender a todas as necessidades do seu neg\u00f3cio. Cres\u00e7a em mais mercados, conquiste novos clientes e ofere\u00e7a m\u00e9todos de pagamento adicionais com nossa plataforma ponta a ponta.\" \/>\n<meta property=\"og:url\" content=\"https:\/\/luxon.com\/pt-pt\/business-2\/\" \/>\n<meta property=\"og:site_name\" content=\"Luxon Pay\" \/>\n<meta property=\"article:modified_time\" content=\"2023-12-10T09:48:22+00:00\" \/>\n<meta property=\"og:image\" content=\"https:\/\/luxon.com\/wp-content\/uploads\/Frame-7055-3.png\" \/>\n\t<meta property=\"og:image:width\" content=\"425\" \/>\n\t<meta property=\"og:image:height\" content=\"860\" \/>\n\t<meta property=\"og:image:type\" content=\"image\/png\" \/>\n<meta name=\"twitter:card\" content=\"summary_large_image\" \/>\n<meta name=\"twitter:label1\" content=\"Tempo estimado de leitura\" \/>\n\t<meta name=\"twitter:data1\" content=\"1 minuto\" \/>\n<script type=\"application\/ld+json\" class=\"yoast-schema-graph\">{\"@context\":\"https:\\\/\\\/schema.org\",\"@graph\":[{\"@type\":\"WebPage\",\"@id\":\"https:\\\/\\\/luxon.com\\\/pt-pt\\\/business-2\\\/\",\"url\":\"https:\\\/\\\/luxon.com\\\/pt-pt\\\/business-2\\\/\",\"name\":\"Pagamentos online seguros para o seu neg\u00f3cio - Luxon Pay\",\"isPartOf\":{\"@id\":\"https:\\\/\\\/luxon.com\\\/pt-pt\\\/#website\"},\"primaryImageOfPage\":{\"@id\":\"https:\\\/\\\/luxon.com\\\/pt-pt\\\/business-2\\\/#primaryimage\"},\"image\":{\"@id\":\"https:\\\/\\\/luxon.com\\\/pt-pt\\\/business-2\\\/#primaryimage\"},\"thumbnailUrl\":\"https:\\\/\\\/luxon.com\\\/wp-content\\\/uploads\\\/Frame-7055-3.png\",\"datePublished\":\"2023-09-18T11:33:46+00:00\",\"dateModified\":\"2023-12-10T09:48:22+00:00\",\"inLanguage\":\"pt-PT\",\"potentialAction\":[{\"@type\":\"ReadAction\",\"target\":[\"https:\\\/\\\/luxon.com\\\/pt-pt\\\/business-2\\\/\"]}]},{\"@type\":\"ImageObject\",\"inLanguage\":\"pt-PT\",\"@id\":\"https:\\\/\\\/luxon.com\\\/pt-pt\\\/business-2\\\/#primaryimage\",\"url\":\"https:\\\/\\\/luxon.com\\\/wp-content\\\/uploads\\\/Frame-7055-3.png\",\"contentUrl\":\"https:\\\/\\\/luxon.com\\\/wp-content\\\/uploads\\\/Frame-7055-3.png\",\"width\":425,\"height\":860},{\"@type\":\"WebSite\",\"@id\":\"https:\\\/\\\/luxon.com\\\/pt-pt\\\/#website\",\"url\":\"https:\\\/\\\/luxon.com\\\/pt-pt\\\/\",\"name\":\"Luxon Pay\",\"description\":\"Instant secure global payments\",\"publisher\":{\"@id\":\"https:\\\/\\\/luxon.com\\\/pt-pt\\\/#organization\"},\"potentialAction\":[{\"@type\":\"SearchAction\",\"target\":{\"@type\":\"EntryPoint\",\"urlTemplate\":\"https:\\\/\\\/luxon.com\\\/pt-pt\\\/?s={search_term_string}\"},\"query-input\":{\"@type\":\"PropertyValueSpecification\",\"valueRequired\":true,\"valueName\":\"search_term_string\"}}],\"inLanguage\":\"pt-PT\"},{\"@type\":\"Organization\",\"@id\":\"https:\\\/\\\/luxon.com\\\/pt-pt\\\/#organization\",\"name\":\"Luxon Pay\",\"url\":\"https:\\\/\\\/luxon.com\\\/pt-pt\\\/\",\"logo\":{\"@type\":\"ImageObject\",\"inLanguage\":\"pt-PT\",\"@id\":\"https:\\\/\\\/luxon.com\\\/pt-pt\\\/#\\\/schema\\\/logo\\\/image\\\/\",\"url\":\"https:\\\/\\\/luxon.com\\\/wp-content\\\/uploads\\\/WebsiteImage04.png\",\"contentUrl\":\"https:\\\/\\\/luxon.com\\\/wp-content\\\/uploads\\\/WebsiteImage04.png\",\"width\":1200,\"height\":630,\"caption\":\"Luxon Pay\"},\"image\":{\"@id\":\"https:\\\/\\\/luxon.com\\\/pt-pt\\\/#\\\/schema\\\/logo\\\/image\\\/\"}}]}<\/script>\n<!-- \/ Yoast SEO plugin. -->","yoast_head_json":{"title":"Pagamentos online seguros para o seu neg\u00f3cio - Luxon Pay","robots":{"index":"index","follow":"follow","max-snippet":"max-snippet:-1","max-image-preview":"max-image-preview:large","max-video-preview":"max-video-preview:-1"},"canonical":"https:\/\/luxon.com\/pt-pt\/business-2\/","og_locale":"pt_PT","og_type":"article","og_title":"Pagamentos online seguros para o seu neg\u00f3cio - Luxon Pay","og_description":"Luxon Pay oferece solu\u00e7\u00f5es avan\u00e7adas de pagamento para atender a todas as necessidades do seu neg\u00f3cio. Cres\u00e7a em mais mercados, conquiste novos clientes e ofere\u00e7a m\u00e9todos de pagamento adicionais com nossa plataforma ponta a ponta.","og_url":"https:\/\/luxon.com\/pt-pt\/business-2\/","og_site_name":"Luxon Pay","article_modified_time":"2023-12-10T09:48:22+00:00","og_image":[{"width":425,"height":860,"url":"https:\/\/luxon.com\/wp-content\/uploads\/Frame-7055-3.png","type":"image\/png"}],"twitter_card":"summary_large_image","twitter_misc":{"Tempo estimado de leitura":"1 minuto"},"schema":{"@context":"https:\/\/schema.org","@graph":[{"@type":"WebPage","@id":"https:\/\/luxon.com\/pt-pt\/business-2\/","url":"https:\/\/luxon.com\/pt-pt\/business-2\/","name":"Pagamentos online seguros para o seu neg\u00f3cio - Luxon Pay","isPartOf":{"@id":"https:\/\/luxon.com\/pt-pt\/#website"},"primaryImageOfPage":{"@id":"https:\/\/luxon.com\/pt-pt\/business-2\/#primaryimage"},"image":{"@id":"https:\/\/luxon.com\/pt-pt\/business-2\/#primaryimage"},"thumbnailUrl":"https:\/\/luxon.com\/wp-content\/uploads\/Frame-7055-3.png","datePublished":"2023-09-18T11:33:46+00:00","dateModified":"2023-12-10T09:48:22+00:00","inLanguage":"pt-PT","potentialAction":[{"@type":"ReadAction","target":["https:\/\/luxon.com\/pt-pt\/business-2\/"]}]},{"@type":"ImageObject","inLanguage":"pt-PT","@id":"https:\/\/luxon.com\/pt-pt\/business-2\/#primaryimage","url":"https:\/\/luxon.com\/wp-content\/uploads\/Frame-7055-3.png","contentUrl":"https:\/\/luxon.com\/wp-content\/uploads\/Frame-7055-3.png","width":425,"height":860},{"@type":"WebSite","@id":"https:\/\/luxon.com\/pt-pt\/#website","url":"https:\/\/luxon.com\/pt-pt\/","name":"Luxon Pay","description":"Instant secure global payments","publisher":{"@id":"https:\/\/luxon.com\/pt-pt\/#organization"},"potentialAction":[{"@type":"SearchAction","target":{"@type":"EntryPoint","urlTemplate":"https:\/\/luxon.com\/pt-pt\/?s={search_term_string}"},"query-input":{"@type":"PropertyValueSpecification","valueRequired":true,"valueName":"search_term_string"}}],"inLanguage":"pt-PT"},{"@type":"Organization","@id":"https:\/\/luxon.com\/pt-pt\/#organization","name":"Luxon Pay","url":"https:\/\/luxon.com\/pt-pt\/","logo":{"@type":"ImageObject","inLanguage":"pt-PT","@id":"https:\/\/luxon.com\/pt-pt\/#\/schema\/logo\/image\/","url":"https:\/\/luxon.com\/wp-content\/uploads\/WebsiteImage04.png","contentUrl":"https:\/\/luxon.com\/wp-content\/uploads\/WebsiteImage04.png","width":1200,"height":630,"caption":"Luxon Pay"},"image":{"@id":"https:\/\/luxon.com\/pt-pt\/#\/schema\/logo\/image\/"}}]}},"_links":{"self":[{"href":"https:\/\/luxon.com\/pt-pt\/wp-json\/wp\/v2\/pages\/25353","targetHints":{"allow":["GET"]}}],"collection":[{"href":"https:\/\/luxon.com\/pt-pt\/wp-json\/wp\/v2\/pages"}],"about":[{"href":"https:\/\/luxon.com\/pt-pt\/wp-json\/wp\/v2\/types\/page"}],"author":[{"embeddable":true,"href":"https:\/\/luxon.com\/pt-pt\/wp-json\/wp\/v2\/users\/2"}],"replies":[{"embeddable":true,"href":"https:\/\/luxon.com\/pt-pt\/wp-json\/wp\/v2\/comments?post=25353"}],"version-history":[{"count":5,"href":"https:\/\/luxon.com\/pt-pt\/wp-json\/wp\/v2\/pages\/25353\/revisions"}],"predecessor-version":[{"id":25914,"href":"https:\/\/luxon.com\/pt-pt\/wp-json\/wp\/v2\/pages\/25353\/revisions\/25914"}],"wp:featuredmedia":[{"embeddable":true,"href":"https:\/\/luxon.com\/pt-pt\/wp-json\/wp\/v2\/media\/24523"}],"wp:attachment":[{"href":"https:\/\/luxon.com\/pt-pt\/wp-json\/wp\/v2\/media?parent=25353"}],"curies":[{"name":"wp","href":"https:\/\/api.w.org\/{rel}","templated":true}]}}