{"id":25804,"date":"2022-08-30T07:59:42","date_gmt":"2022-08-30T07:59:42","guid":{"rendered":"https:\/\/luxon.com\/cards\/"},"modified":"2025-12-17T07:18:16","modified_gmt":"2025-12-17T07:18:16","slug":"cards","status":"publish","type":"page","link":"https:\/\/luxon.com\/pt-pt\/cards\/","title":{"rendered":"Gaste com o seu cart\u00e3o Mastercard Luxon Pay"},"content":{"rendered":"<p>Fa\u00e7a seu dinheiro chegar mais longe com o novo Luxon Pay Mastercard. Fa\u00e7a pagamentos online, pagamentos sem contato, e levante dinheiro em ATM sem comiss\u00e3o, no seu pa\u00eds ou no estrangeiro.<\/p>\n","protected":false},"excerpt":{"rendered":"<p>Fa\u00e7a seu dinheiro chegar mais longe com o novo Luxon Pay Mastercard. Fa\u00e7a pagamentos online, pagamentos sem contato, e levante dinheiro em ATM sem comiss\u00e3o, no seu pa\u00eds ou no estrangeiro.<\/p>\n","protected":false},"author":2,"featured_media":18687,"parent":0,"menu_order":0,"comment_status":"closed","ping_status":"closed","template":"templates\/block-template.php","meta":{"_acf_changed":false,"footnotes":""},"class_list":["post-25804","page","type-page","status-publish","has-post-thumbnail","hentry"],"acf":[],"yoast_head":"<!-- This site is optimized with the Yoast SEO plugin v27.4 - https:\/\/yoast.com\/product\/yoast-seo-wordpress\/ -->\n<title>Gaste com o seu cart\u00e3o Mastercard Luxon Pay - Luxon Pay<\/title>\n<meta name=\"robots\" content=\"index, follow, max-snippet:-1, max-image-preview:large, max-video-preview:-1\" \/>\n<link rel=\"canonical\" href=\"https:\/\/luxon.com\/pt-pt\/cards\/\" \/>\n<meta property=\"og:locale\" content=\"pt_PT\" \/>\n<meta property=\"og:type\" content=\"article\" \/>\n<meta property=\"og:title\" content=\"Gaste com o seu cart\u00e3o Mastercard Luxon Pay - Luxon Pay\" \/>\n<meta property=\"og:description\" content=\"Fa\u00e7a seu dinheiro chegar mais longe com o novo Luxon Pay Mastercard. Fa\u00e7a pagamentos online, pagamentos sem contato, e levante dinheiro em ATM sem comiss\u00e3o, no seu pa\u00eds ou no estrangeiro.\" \/>\n<meta property=\"og:url\" content=\"https:\/\/luxon.com\/pt-pt\/cards\/\" \/>\n<meta property=\"og:site_name\" content=\"Luxon Pay\" \/>\n<meta property=\"article:modified_time\" content=\"2025-12-17T07:18:16+00:00\" \/>\n<meta property=\"og:image\" content=\"https:\/\/luxon.com\/wp-content\/uploads\/Hero-Image@3x.png\" \/>\n\t<meta property=\"og:image:width\" content=\"1652\" \/>\n\t<meta property=\"og:image:height\" content=\"1727\" \/>\n\t<meta property=\"og:image:type\" content=\"image\/png\" \/>\n<meta name=\"twitter:card\" content=\"summary_large_image\" \/>\n<meta name=\"twitter:label1\" content=\"Tempo estimado de leitura\" \/>\n\t<meta name=\"twitter:data1\" content=\"1 minuto\" \/>\n<script type=\"application\/ld+json\" class=\"yoast-schema-graph\">{\"@context\":\"https:\\\/\\\/schema.org\",\"@graph\":[{\"@type\":\"WebPage\",\"@id\":\"https:\\\/\\\/luxon.com\\\/pt-pt\\\/cards\\\/\",\"url\":\"https:\\\/\\\/luxon.com\\\/pt-pt\\\/cards\\\/\",\"name\":\"Gaste com o seu cart\u00e3o Mastercard Luxon Pay - Luxon Pay\",\"isPartOf\":{\"@id\":\"https:\\\/\\\/luxon.com\\\/pt-pt\\\/#website\"},\"primaryImageOfPage\":{\"@id\":\"https:\\\/\\\/luxon.com\\\/pt-pt\\\/cards\\\/#primaryimage\"},\"image\":{\"@id\":\"https:\\\/\\\/luxon.com\\\/pt-pt\\\/cards\\\/#primaryimage\"},\"thumbnailUrl\":\"https:\\\/\\\/luxon.com\\\/wp-content\\\/uploads\\\/Hero-Image@3x.png\",\"datePublished\":\"2022-08-30T07:59:42+00:00\",\"dateModified\":\"2025-12-17T07:18:16+00:00\",\"inLanguage\":\"pt-PT\",\"potentialAction\":[{\"@type\":\"ReadAction\",\"target\":[\"https:\\\/\\\/luxon.com\\\/pt-pt\\\/cards\\\/\"]}]},{\"@type\":\"ImageObject\",\"inLanguage\":\"pt-PT\",\"@id\":\"https:\\\/\\\/luxon.com\\\/pt-pt\\\/cards\\\/#primaryimage\",\"url\":\"https:\\\/\\\/luxon.com\\\/wp-content\\\/uploads\\\/Hero-Image@3x.png\",\"contentUrl\":\"https:\\\/\\\/luxon.com\\\/wp-content\\\/uploads\\\/Hero-Image@3x.png\",\"width\":1652,\"height\":1727},{\"@type\":\"WebSite\",\"@id\":\"https:\\\/\\\/luxon.com\\\/pt-pt\\\/#website\",\"url\":\"https:\\\/\\\/luxon.com\\\/pt-pt\\\/\",\"name\":\"Luxon Pay\",\"description\":\"Instant secure global payments\",\"publisher\":{\"@id\":\"https:\\\/\\\/luxon.com\\\/pt-pt\\\/#organization\"},\"potentialAction\":[{\"@type\":\"SearchAction\",\"target\":{\"@type\":\"EntryPoint\",\"urlTemplate\":\"https:\\\/\\\/luxon.com\\\/pt-pt\\\/?s={search_term_string}\"},\"query-input\":{\"@type\":\"PropertyValueSpecification\",\"valueRequired\":true,\"valueName\":\"search_term_string\"}}],\"inLanguage\":\"pt-PT\"},{\"@type\":\"Organization\",\"@id\":\"https:\\\/\\\/luxon.com\\\/pt-pt\\\/#organization\",\"name\":\"Luxon Pay\",\"url\":\"https:\\\/\\\/luxon.com\\\/pt-pt\\\/\",\"logo\":{\"@type\":\"ImageObject\",\"inLanguage\":\"pt-PT\",\"@id\":\"https:\\\/\\\/luxon.com\\\/pt-pt\\\/#\\\/schema\\\/logo\\\/image\\\/\",\"url\":\"https:\\\/\\\/luxon.com\\\/wp-content\\\/uploads\\\/WebsiteImage04.png\",\"contentUrl\":\"https:\\\/\\\/luxon.com\\\/wp-content\\\/uploads\\\/WebsiteImage04.png\",\"width\":1200,\"height\":630,\"caption\":\"Luxon Pay\"},\"image\":{\"@id\":\"https:\\\/\\\/luxon.com\\\/pt-pt\\\/#\\\/schema\\\/logo\\\/image\\\/\"}}]}<\/script>\n<!-- \/ Yoast SEO plugin. -->","yoast_head_json":{"title":"Gaste com o seu cart\u00e3o Mastercard Luxon Pay - Luxon Pay","robots":{"index":"index","follow":"follow","max-snippet":"max-snippet:-1","max-image-preview":"max-image-preview:large","max-video-preview":"max-video-preview:-1"},"canonical":"https:\/\/luxon.com\/pt-pt\/cards\/","og_locale":"pt_PT","og_type":"article","og_title":"Gaste com o seu cart\u00e3o Mastercard Luxon Pay - Luxon Pay","og_description":"Fa\u00e7a seu dinheiro chegar mais longe com o novo Luxon Pay Mastercard. Fa\u00e7a pagamentos online, pagamentos sem contato, e levante dinheiro em ATM sem comiss\u00e3o, no seu pa\u00eds ou no estrangeiro.","og_url":"https:\/\/luxon.com\/pt-pt\/cards\/","og_site_name":"Luxon Pay","article_modified_time":"2025-12-17T07:18:16+00:00","og_image":[{"width":1652,"height":1727,"url":"https:\/\/luxon.com\/wp-content\/uploads\/Hero-Image@3x.png","type":"image\/png"}],"twitter_card":"summary_large_image","twitter_misc":{"Tempo estimado de leitura":"1 minuto"},"schema":{"@context":"https:\/\/schema.org","@graph":[{"@type":"WebPage","@id":"https:\/\/luxon.com\/pt-pt\/cards\/","url":"https:\/\/luxon.com\/pt-pt\/cards\/","name":"Gaste com o seu cart\u00e3o Mastercard Luxon Pay - Luxon Pay","isPartOf":{"@id":"https:\/\/luxon.com\/pt-pt\/#website"},"primaryImageOfPage":{"@id":"https:\/\/luxon.com\/pt-pt\/cards\/#primaryimage"},"image":{"@id":"https:\/\/luxon.com\/pt-pt\/cards\/#primaryimage"},"thumbnailUrl":"https:\/\/luxon.com\/wp-content\/uploads\/Hero-Image@3x.png","datePublished":"2022-08-30T07:59:42+00:00","dateModified":"2025-12-17T07:18:16+00:00","inLanguage":"pt-PT","potentialAction":[{"@type":"ReadAction","target":["https:\/\/luxon.com\/pt-pt\/cards\/"]}]},{"@type":"ImageObject","inLanguage":"pt-PT","@id":"https:\/\/luxon.com\/pt-pt\/cards\/#primaryimage","url":"https:\/\/luxon.com\/wp-content\/uploads\/Hero-Image@3x.png","contentUrl":"https:\/\/luxon.com\/wp-content\/uploads\/Hero-Image@3x.png","width":1652,"height":1727},{"@type":"WebSite","@id":"https:\/\/luxon.com\/pt-pt\/#website","url":"https:\/\/luxon.com\/pt-pt\/","name":"Luxon Pay","description":"Instant secure global payments","publisher":{"@id":"https:\/\/luxon.com\/pt-pt\/#organization"},"potentialAction":[{"@type":"SearchAction","target":{"@type":"EntryPoint","urlTemplate":"https:\/\/luxon.com\/pt-pt\/?s={search_term_string}"},"query-input":{"@type":"PropertyValueSpecification","valueRequired":true,"valueName":"search_term_string"}}],"inLanguage":"pt-PT"},{"@type":"Organization","@id":"https:\/\/luxon.com\/pt-pt\/#organization","name":"Luxon Pay","url":"https:\/\/luxon.com\/pt-pt\/","logo":{"@type":"ImageObject","inLanguage":"pt-PT","@id":"https:\/\/luxon.com\/pt-pt\/#\/schema\/logo\/image\/","url":"https:\/\/luxon.com\/wp-content\/uploads\/WebsiteImage04.png","contentUrl":"https:\/\/luxon.com\/wp-content\/uploads\/WebsiteImage04.png","width":1200,"height":630,"caption":"Luxon Pay"},"image":{"@id":"https:\/\/luxon.com\/pt-pt\/#\/schema\/logo\/image\/"}}]}},"_links":{"self":[{"href":"https:\/\/luxon.com\/pt-pt\/wp-json\/wp\/v2\/pages\/25804","targetHints":{"allow":["GET"]}}],"collection":[{"href":"https:\/\/luxon.com\/pt-pt\/wp-json\/wp\/v2\/pages"}],"about":[{"href":"https:\/\/luxon.com\/pt-pt\/wp-json\/wp\/v2\/types\/page"}],"author":[{"embeddable":true,"href":"https:\/\/luxon.com\/pt-pt\/wp-json\/wp\/v2\/users\/2"}],"replies":[{"embeddable":true,"href":"https:\/\/luxon.com\/pt-pt\/wp-json\/wp\/v2\/comments?post=25804"}],"version-history":[{"count":10,"href":"https:\/\/luxon.com\/pt-pt\/wp-json\/wp\/v2\/pages\/25804\/revisions"}],"predecessor-version":[{"id":33187,"href":"https:\/\/luxon.com\/pt-pt\/wp-json\/wp\/v2\/pages\/25804\/revisions\/33187"}],"wp:featuredmedia":[{"embeddable":true,"href":"https:\/\/luxon.com\/pt-pt\/wp-json\/wp\/v2\/media\/18687"}],"wp:attachment":[{"href":"https:\/\/luxon.com\/pt-pt\/wp-json\/wp\/v2\/media?parent=25804"}],"curies":[{"name":"wp","href":"https:\/\/api.w.org\/{rel}","templated":true}]}}