{"id":27569,"date":"2024-11-29T09:43:57","date_gmt":"2024-11-29T09:43:57","guid":{"rendered":"https:\/\/luxon.com\/free-luxon-pay-mastercard-in-december\/"},"modified":"2025-06-02T09:37:46","modified_gmt":"2025-06-02T09:37:46","slug":"free-luxon-pay-mastercard-in-december","status":"publish","type":"page","link":"https:\/\/luxon.com\/pt-pt\/free-luxon-pay-mastercard-in-december\/","title":{"rendered":"Cart\u00e3o Luxon Pay Mastercard Gr\u00e1tis"},"content":{"rendered":"<p>Este m\u00eas de mar\u00e7o, estamos a tornar ainda mais f\u00e1cil gastar os seus fundos com um cart\u00e3o Luxon Pay Mastercard GR\u00c1TIS!<\/p>\n<p>Por tempo limitado, solicite o seu cart\u00e3o f\u00edsico sem qualquer custo \u2013 permitindo-lhe fazer pagamentos em todo o mundo de forma simples e conveniente.<\/p>\n<p>N\u00e3o perca esta oportunidade \u2013 a oferta est\u00e1 dispon\u00edvel por tempo limitado. Obtenha j\u00e1 o seu!<\/p>\n<p>Aceda \u00e0 sec\u00e7\u00e3o de cart\u00f5es na aplica\u00e7\u00e3o para encomendar o seu cart\u00e3o.<\/p>\n<p>Termos e Condi\u00e7\u00f5es<\/p>\n<p>Os utilizadores devem ter a conta totalmente verificada para solicitar um cart\u00e3o.<\/p>\n<p>Apenas utilizadores no Reino Unido e na UE s\u00e3o eleg\u00edveis para solicitar um cart\u00e3o.<\/p>\n<p>Os cart\u00f5es ser\u00e3o normalmente entregues na morada registada na conta num prazo de 5 a 10 dias \u00fateis.<\/p>\n<p>A promo\u00e7\u00e3o est\u00e1 dispon\u00edvel de 1 de mar\u00e7o a 31 de mar\u00e7o de 2025.<\/p>\n<p>Apenas um cart\u00e3o por utilizador est\u00e1 dispon\u00edvel. Se j\u00e1 tiver um cart\u00e3o, n\u00e3o poder\u00e1 encomendar outro.<\/p>\n","protected":false},"excerpt":{"rendered":"<p>Este m\u00eas de mar\u00e7o, estamos a tornar ainda mais f\u00e1cil gastar os seus fundos com um cart\u00e3o Luxon Pay Mastercard GR\u00c1TIS! Por tempo limitado, solicite o seu cart\u00e3o f\u00edsico sem qualquer custo \u2013 permitindo-lhe fazer pagamentos em todo o mundo de forma simples e conveniente. N\u00e3o perca esta oportunidade \u2013 a oferta est\u00e1 dispon\u00edvel por<a class=\"excerpt-read-more\" href=\"https:\/\/luxon.com\/pt-pt\/free-luxon-pay-mastercard-in-december\/\" title=\"LerCart\u00e3o Luxon Pay Mastercard Gr\u00e1tis\">&#8230; Ler mais &raquo;<\/a><\/p>\n","protected":false},"author":5,"featured_media":26427,"parent":0,"menu_order":0,"comment_status":"closed","ping_status":"closed","template":"templates\/block-template.php","meta":{"_acf_changed":false,"footnotes":""},"class_list":["post-27569","page","type-page","status-publish","has-post-thumbnail","hentry"],"acf":[],"yoast_head":"<!-- This site is optimized with the Yoast SEO plugin v27.1.1 - https:\/\/yoast.com\/product\/yoast-seo-wordpress\/ -->\n<title>Cart\u00e3o Luxon Pay Mastercard Gr\u00e1tis - Luxon Pay<\/title>\n<meta name=\"robots\" content=\"index, follow, max-snippet:-1, max-image-preview:large, max-video-preview:-1\" \/>\n<link rel=\"canonical\" href=\"https:\/\/luxon.com\/pt-pt\/free-luxon-pay-mastercard-in-december\/\" \/>\n<meta property=\"og:locale\" content=\"pt_PT\" \/>\n<meta property=\"og:type\" content=\"article\" \/>\n<meta property=\"og:title\" content=\"Cart\u00e3o Luxon Pay Mastercard Gr\u00e1tis - Luxon Pay\" \/>\n<meta property=\"og:description\" content=\"Este m\u00eas de mar\u00e7o, estamos a tornar ainda mais f\u00e1cil gastar os seus fundos com um cart\u00e3o Luxon Pay Mastercard GR\u00c1TIS! Por tempo limitado, solicite o seu cart\u00e3o f\u00edsico sem qualquer custo \u2013 permitindo-lhe fazer pagamentos em todo o mundo de forma simples e conveniente. N\u00e3o perca esta oportunidade \u2013 a oferta est\u00e1 dispon\u00edvel por... Ler mais &raquo;\" \/>\n<meta property=\"og:url\" content=\"https:\/\/luxon.com\/pt-pt\/free-luxon-pay-mastercard-in-december\/\" \/>\n<meta property=\"og:site_name\" content=\"Luxon Pay\" \/>\n<meta property=\"article:modified_time\" content=\"2025-06-02T09:37:46+00:00\" \/>\n<meta property=\"og:image\" content=\"https:\/\/luxon.com\/wp-content\/uploads\/Hero-Image@3x-3.png\" \/>\n\t<meta property=\"og:image:width\" content=\"1652\" \/>\n\t<meta property=\"og:image:height\" content=\"1727\" \/>\n\t<meta property=\"og:image:type\" content=\"image\/png\" \/>\n<meta name=\"twitter:card\" content=\"summary_large_image\" \/>\n<meta name=\"twitter:label1\" content=\"Tempo estimado de leitura\" \/>\n\t<meta name=\"twitter:data1\" content=\"1 minuto\" \/>\n<script type=\"application\/ld+json\" class=\"yoast-schema-graph\">{\"@context\":\"https:\/\/schema.org\",\"@graph\":[{\"@type\":\"WebPage\",\"@id\":\"https:\/\/luxon.com\/pt-pt\/free-luxon-pay-mastercard-in-december\/\",\"url\":\"https:\/\/luxon.com\/pt-pt\/free-luxon-pay-mastercard-in-december\/\",\"name\":\"Cart\u00e3o Luxon Pay Mastercard Gr\u00e1tis - Luxon Pay\",\"isPartOf\":{\"@id\":\"https:\/\/luxon.com\/pt-pt\/#website\"},\"primaryImageOfPage\":{\"@id\":\"https:\/\/luxon.com\/pt-pt\/free-luxon-pay-mastercard-in-december\/#primaryimage\"},\"image\":{\"@id\":\"https:\/\/luxon.com\/pt-pt\/free-luxon-pay-mastercard-in-december\/#primaryimage\"},\"thumbnailUrl\":\"https:\/\/luxon.com\/wp-content\/uploads\/Hero-Image@3x-3.png\",\"datePublished\":\"2024-11-29T09:43:57+00:00\",\"dateModified\":\"2025-06-02T09:37:46+00:00\",\"inLanguage\":\"pt-PT\",\"potentialAction\":[{\"@type\":\"ReadAction\",\"target\":[\"https:\/\/luxon.com\/pt-pt\/free-luxon-pay-mastercard-in-december\/\"]}]},{\"@type\":\"ImageObject\",\"inLanguage\":\"pt-PT\",\"@id\":\"https:\/\/luxon.com\/pt-pt\/free-luxon-pay-mastercard-in-december\/#primaryimage\",\"url\":\"https:\/\/luxon.com\/wp-content\/uploads\/Hero-Image@3x-3.png\",\"contentUrl\":\"https:\/\/luxon.com\/wp-content\/uploads\/Hero-Image@3x-3.png\",\"width\":1652,\"height\":1727},{\"@type\":\"WebSite\",\"@id\":\"https:\/\/luxon.com\/pt-pt\/#website\",\"url\":\"https:\/\/luxon.com\/pt-pt\/\",\"name\":\"Luxon Pay\",\"description\":\"Instant secure global payments\",\"publisher\":{\"@id\":\"https:\/\/luxon.com\/pt-pt\/#organization\"},\"potentialAction\":[{\"@type\":\"SearchAction\",\"target\":{\"@type\":\"EntryPoint\",\"urlTemplate\":\"https:\/\/luxon.com\/pt-pt\/?s={search_term_string}\"},\"query-input\":{\"@type\":\"PropertyValueSpecification\",\"valueRequired\":true,\"valueName\":\"search_term_string\"}}],\"inLanguage\":\"pt-PT\"},{\"@type\":\"Organization\",\"@id\":\"https:\/\/luxon.com\/pt-pt\/#organization\",\"name\":\"Luxon Pay\",\"url\":\"https:\/\/luxon.com\/pt-pt\/\",\"logo\":{\"@type\":\"ImageObject\",\"inLanguage\":\"pt-PT\",\"@id\":\"https:\/\/luxon.com\/pt-pt\/#\/schema\/logo\/image\/\",\"url\":\"https:\/\/luxon.com\/wp-content\/uploads\/WebsiteImage04.png\",\"contentUrl\":\"https:\/\/luxon.com\/wp-content\/uploads\/WebsiteImage04.png\",\"width\":1200,\"height\":630,\"caption\":\"Luxon Pay\"},\"image\":{\"@id\":\"https:\/\/luxon.com\/pt-pt\/#\/schema\/logo\/image\/\"}}]}<\/script>\n<!-- \/ Yoast SEO plugin. -->","yoast_head_json":{"title":"Cart\u00e3o Luxon Pay Mastercard Gr\u00e1tis - Luxon Pay","robots":{"index":"index","follow":"follow","max-snippet":"max-snippet:-1","max-image-preview":"max-image-preview:large","max-video-preview":"max-video-preview:-1"},"canonical":"https:\/\/luxon.com\/pt-pt\/free-luxon-pay-mastercard-in-december\/","og_locale":"pt_PT","og_type":"article","og_title":"Cart\u00e3o Luxon Pay Mastercard Gr\u00e1tis - Luxon Pay","og_description":"Este m\u00eas de mar\u00e7o, estamos a tornar ainda mais f\u00e1cil gastar os seus fundos com um cart\u00e3o Luxon Pay Mastercard GR\u00c1TIS! Por tempo limitado, solicite o seu cart\u00e3o f\u00edsico sem qualquer custo \u2013 permitindo-lhe fazer pagamentos em todo o mundo de forma simples e conveniente. N\u00e3o perca esta oportunidade \u2013 a oferta est\u00e1 dispon\u00edvel por... Ler mais &raquo;","og_url":"https:\/\/luxon.com\/pt-pt\/free-luxon-pay-mastercard-in-december\/","og_site_name":"Luxon Pay","article_modified_time":"2025-06-02T09:37:46+00:00","og_image":[{"width":1652,"height":1727,"url":"https:\/\/luxon.com\/wp-content\/uploads\/Hero-Image@3x-3.png","type":"image\/png"}],"twitter_card":"summary_large_image","twitter_misc":{"Tempo estimado de leitura":"1 minuto"},"schema":{"@context":"https:\/\/schema.org","@graph":[{"@type":"WebPage","@id":"https:\/\/luxon.com\/pt-pt\/free-luxon-pay-mastercard-in-december\/","url":"https:\/\/luxon.com\/pt-pt\/free-luxon-pay-mastercard-in-december\/","name":"Cart\u00e3o Luxon Pay Mastercard Gr\u00e1tis - Luxon Pay","isPartOf":{"@id":"https:\/\/luxon.com\/pt-pt\/#website"},"primaryImageOfPage":{"@id":"https:\/\/luxon.com\/pt-pt\/free-luxon-pay-mastercard-in-december\/#primaryimage"},"image":{"@id":"https:\/\/luxon.com\/pt-pt\/free-luxon-pay-mastercard-in-december\/#primaryimage"},"thumbnailUrl":"https:\/\/luxon.com\/wp-content\/uploads\/Hero-Image@3x-3.png","datePublished":"2024-11-29T09:43:57+00:00","dateModified":"2025-06-02T09:37:46+00:00","inLanguage":"pt-PT","potentialAction":[{"@type":"ReadAction","target":["https:\/\/luxon.com\/pt-pt\/free-luxon-pay-mastercard-in-december\/"]}]},{"@type":"ImageObject","inLanguage":"pt-PT","@id":"https:\/\/luxon.com\/pt-pt\/free-luxon-pay-mastercard-in-december\/#primaryimage","url":"https:\/\/luxon.com\/wp-content\/uploads\/Hero-Image@3x-3.png","contentUrl":"https:\/\/luxon.com\/wp-content\/uploads\/Hero-Image@3x-3.png","width":1652,"height":1727},{"@type":"WebSite","@id":"https:\/\/luxon.com\/pt-pt\/#website","url":"https:\/\/luxon.com\/pt-pt\/","name":"Luxon Pay","description":"Instant secure global payments","publisher":{"@id":"https:\/\/luxon.com\/pt-pt\/#organization"},"potentialAction":[{"@type":"SearchAction","target":{"@type":"EntryPoint","urlTemplate":"https:\/\/luxon.com\/pt-pt\/?s={search_term_string}"},"query-input":{"@type":"PropertyValueSpecification","valueRequired":true,"valueName":"search_term_string"}}],"inLanguage":"pt-PT"},{"@type":"Organization","@id":"https:\/\/luxon.com\/pt-pt\/#organization","name":"Luxon Pay","url":"https:\/\/luxon.com\/pt-pt\/","logo":{"@type":"ImageObject","inLanguage":"pt-PT","@id":"https:\/\/luxon.com\/pt-pt\/#\/schema\/logo\/image\/","url":"https:\/\/luxon.com\/wp-content\/uploads\/WebsiteImage04.png","contentUrl":"https:\/\/luxon.com\/wp-content\/uploads\/WebsiteImage04.png","width":1200,"height":630,"caption":"Luxon Pay"},"image":{"@id":"https:\/\/luxon.com\/pt-pt\/#\/schema\/logo\/image\/"}}]}},"_links":{"self":[{"href":"https:\/\/luxon.com\/pt-pt\/wp-json\/wp\/v2\/pages\/27569","targetHints":{"allow":["GET"]}}],"collection":[{"href":"https:\/\/luxon.com\/pt-pt\/wp-json\/wp\/v2\/pages"}],"about":[{"href":"https:\/\/luxon.com\/pt-pt\/wp-json\/wp\/v2\/types\/page"}],"author":[{"embeddable":true,"href":"https:\/\/luxon.com\/pt-pt\/wp-json\/wp\/v2\/users\/5"}],"replies":[{"embeddable":true,"href":"https:\/\/luxon.com\/pt-pt\/wp-json\/wp\/v2\/comments?post=27569"}],"version-history":[{"count":5,"href":"https:\/\/luxon.com\/pt-pt\/wp-json\/wp\/v2\/pages\/27569\/revisions"}],"predecessor-version":[{"id":29924,"href":"https:\/\/luxon.com\/pt-pt\/wp-json\/wp\/v2\/pages\/27569\/revisions\/29924"}],"wp:featuredmedia":[{"embeddable":true,"href":"https:\/\/luxon.com\/pt-pt\/wp-json\/wp\/v2\/media\/26427"}],"wp:attachment":[{"href":"https:\/\/luxon.com\/pt-pt\/wp-json\/wp\/v2\/media?parent=27569"}],"curies":[{"name":"wp","href":"https:\/\/api.w.org\/{rel}","templated":true}]}}