{"id":28356,"date":"2025-01-16T11:21:42","date_gmt":"2025-01-16T11:21:42","guid":{"rendered":"https:\/\/luxon.com\/merchants\/"},"modified":"2026-01-16T23:16:23","modified_gmt":"2026-01-16T23:16:23","slug":"merchants","status":"publish","type":"page","link":"https:\/\/luxon.com\/pt-pt\/merchants\/","title":{"rendered":"Servi\u00e7os de pagamento personalizados para comerciantes"},"content":{"rendered":"<p>Luxon Pay oferece solu\u00e7\u00f5es avan\u00e7adas de pagamento para atender a todas as necessidades do seu neg\u00f3cio. Cres\u00e7a em mais mercados, conquiste novos clientes e ofere\u00e7a m\u00e9todos de pagamento adicionais com nossa plataforma ponta a ponta.<\/p>\n","protected":false},"excerpt":{"rendered":"<p>Luxon Pay oferece solu\u00e7\u00f5es avan\u00e7adas de pagamento para atender a todas as necessidades do seu neg\u00f3cio. Cres\u00e7a em mais mercados, conquiste novos clientes e ofere\u00e7a m\u00e9todos de pagamento adicionais com nossa plataforma ponta a ponta.<\/p>\n","protected":false},"author":2,"featured_media":28217,"parent":0,"menu_order":0,"comment_status":"closed","ping_status":"closed","template":"templates\/block-template.php","meta":{"_acf_changed":false,"footnotes":""},"class_list":["post-28356","page","type-page","status-publish","has-post-thumbnail","hentry"],"acf":[],"yoast_head":"<!-- This site is optimized with the Yoast SEO plugin v27.4 - https:\/\/yoast.com\/product\/yoast-seo-wordpress\/ -->\n<title>Servi\u00e7os de pagamento personalizados para comerciantes - Luxon Pay<\/title>\n<meta name=\"robots\" content=\"index, follow, max-snippet:-1, max-image-preview:large, max-video-preview:-1\" \/>\n<link rel=\"canonical\" href=\"https:\/\/luxon.com\/pt-pt\/merchants\/\" \/>\n<meta property=\"og:locale\" content=\"pt_PT\" \/>\n<meta property=\"og:type\" content=\"article\" \/>\n<meta property=\"og:title\" content=\"Servi\u00e7os de pagamento personalizados para comerciantes - Luxon Pay\" \/>\n<meta property=\"og:description\" content=\"Luxon Pay oferece solu\u00e7\u00f5es avan\u00e7adas de pagamento para atender a todas as necessidades do seu neg\u00f3cio. Cres\u00e7a em mais mercados, conquiste novos clientes e ofere\u00e7a m\u00e9todos de pagamento adicionais com nossa plataforma ponta a ponta.\" \/>\n<meta property=\"og:url\" content=\"https:\/\/luxon.com\/pt-pt\/merchants\/\" \/>\n<meta property=\"og:site_name\" content=\"Luxon Pay\" \/>\n<meta property=\"article:modified_time\" content=\"2026-01-16T23:16:23+00:00\" \/>\n<meta property=\"og:image\" content=\"https:\/\/luxon.com\/wp-content\/uploads\/Group-48095828.png\" \/>\n\t<meta property=\"og:image:width\" content=\"672\" \/>\n\t<meta property=\"og:image:height\" content=\"887\" \/>\n\t<meta property=\"og:image:type\" content=\"image\/png\" \/>\n<meta name=\"twitter:card\" content=\"summary_large_image\" \/>\n<meta name=\"twitter:label1\" content=\"Tempo estimado de leitura\" \/>\n\t<meta name=\"twitter:data1\" content=\"1 minuto\" \/>\n<script type=\"application\/ld+json\" class=\"yoast-schema-graph\">{\"@context\":\"https:\\\/\\\/schema.org\",\"@graph\":[{\"@type\":\"WebPage\",\"@id\":\"https:\\\/\\\/luxon.com\\\/pt-pt\\\/merchants\\\/\",\"url\":\"https:\\\/\\\/luxon.com\\\/pt-pt\\\/merchants\\\/\",\"name\":\"Servi\u00e7os de pagamento personalizados para comerciantes - Luxon Pay\",\"isPartOf\":{\"@id\":\"https:\\\/\\\/luxon.com\\\/pt-pt\\\/#website\"},\"primaryImageOfPage\":{\"@id\":\"https:\\\/\\\/luxon.com\\\/pt-pt\\\/merchants\\\/#primaryimage\"},\"image\":{\"@id\":\"https:\\\/\\\/luxon.com\\\/pt-pt\\\/merchants\\\/#primaryimage\"},\"thumbnailUrl\":\"https:\\\/\\\/luxon.com\\\/wp-content\\\/uploads\\\/Group-48095828.png\",\"datePublished\":\"2025-01-16T11:21:42+00:00\",\"dateModified\":\"2026-01-16T23:16:23+00:00\",\"inLanguage\":\"pt-PT\",\"potentialAction\":[{\"@type\":\"ReadAction\",\"target\":[\"https:\\\/\\\/luxon.com\\\/pt-pt\\\/merchants\\\/\"]}]},{\"@type\":\"ImageObject\",\"inLanguage\":\"pt-PT\",\"@id\":\"https:\\\/\\\/luxon.com\\\/pt-pt\\\/merchants\\\/#primaryimage\",\"url\":\"https:\\\/\\\/luxon.com\\\/wp-content\\\/uploads\\\/Group-48095828.png\",\"contentUrl\":\"https:\\\/\\\/luxon.com\\\/wp-content\\\/uploads\\\/Group-48095828.png\",\"width\":672,\"height\":887},{\"@type\":\"WebSite\",\"@id\":\"https:\\\/\\\/luxon.com\\\/pt-pt\\\/#website\",\"url\":\"https:\\\/\\\/luxon.com\\\/pt-pt\\\/\",\"name\":\"Luxon Pay\",\"description\":\"Instant secure global payments\",\"publisher\":{\"@id\":\"https:\\\/\\\/luxon.com\\\/pt-pt\\\/#organization\"},\"potentialAction\":[{\"@type\":\"SearchAction\",\"target\":{\"@type\":\"EntryPoint\",\"urlTemplate\":\"https:\\\/\\\/luxon.com\\\/pt-pt\\\/?s={search_term_string}\"},\"query-input\":{\"@type\":\"PropertyValueSpecification\",\"valueRequired\":true,\"valueName\":\"search_term_string\"}}],\"inLanguage\":\"pt-PT\"},{\"@type\":\"Organization\",\"@id\":\"https:\\\/\\\/luxon.com\\\/pt-pt\\\/#organization\",\"name\":\"Luxon Pay\",\"url\":\"https:\\\/\\\/luxon.com\\\/pt-pt\\\/\",\"logo\":{\"@type\":\"ImageObject\",\"inLanguage\":\"pt-PT\",\"@id\":\"https:\\\/\\\/luxon.com\\\/pt-pt\\\/#\\\/schema\\\/logo\\\/image\\\/\",\"url\":\"https:\\\/\\\/luxon.com\\\/wp-content\\\/uploads\\\/WebsiteImage04.png\",\"contentUrl\":\"https:\\\/\\\/luxon.com\\\/wp-content\\\/uploads\\\/WebsiteImage04.png\",\"width\":1200,\"height\":630,\"caption\":\"Luxon Pay\"},\"image\":{\"@id\":\"https:\\\/\\\/luxon.com\\\/pt-pt\\\/#\\\/schema\\\/logo\\\/image\\\/\"}}]}<\/script>\n<!-- \/ Yoast SEO plugin. -->","yoast_head_json":{"title":"Servi\u00e7os de pagamento personalizados para comerciantes - Luxon Pay","robots":{"index":"index","follow":"follow","max-snippet":"max-snippet:-1","max-image-preview":"max-image-preview:large","max-video-preview":"max-video-preview:-1"},"canonical":"https:\/\/luxon.com\/pt-pt\/merchants\/","og_locale":"pt_PT","og_type":"article","og_title":"Servi\u00e7os de pagamento personalizados para comerciantes - Luxon Pay","og_description":"Luxon Pay oferece solu\u00e7\u00f5es avan\u00e7adas de pagamento para atender a todas as necessidades do seu neg\u00f3cio. Cres\u00e7a em mais mercados, conquiste novos clientes e ofere\u00e7a m\u00e9todos de pagamento adicionais com nossa plataforma ponta a ponta.","og_url":"https:\/\/luxon.com\/pt-pt\/merchants\/","og_site_name":"Luxon Pay","article_modified_time":"2026-01-16T23:16:23+00:00","og_image":[{"width":672,"height":887,"url":"https:\/\/luxon.com\/wp-content\/uploads\/Group-48095828.png","type":"image\/png"}],"twitter_card":"summary_large_image","twitter_misc":{"Tempo estimado de leitura":"1 minuto"},"schema":{"@context":"https:\/\/schema.org","@graph":[{"@type":"WebPage","@id":"https:\/\/luxon.com\/pt-pt\/merchants\/","url":"https:\/\/luxon.com\/pt-pt\/merchants\/","name":"Servi\u00e7os de pagamento personalizados para comerciantes - Luxon Pay","isPartOf":{"@id":"https:\/\/luxon.com\/pt-pt\/#website"},"primaryImageOfPage":{"@id":"https:\/\/luxon.com\/pt-pt\/merchants\/#primaryimage"},"image":{"@id":"https:\/\/luxon.com\/pt-pt\/merchants\/#primaryimage"},"thumbnailUrl":"https:\/\/luxon.com\/wp-content\/uploads\/Group-48095828.png","datePublished":"2025-01-16T11:21:42+00:00","dateModified":"2026-01-16T23:16:23+00:00","inLanguage":"pt-PT","potentialAction":[{"@type":"ReadAction","target":["https:\/\/luxon.com\/pt-pt\/merchants\/"]}]},{"@type":"ImageObject","inLanguage":"pt-PT","@id":"https:\/\/luxon.com\/pt-pt\/merchants\/#primaryimage","url":"https:\/\/luxon.com\/wp-content\/uploads\/Group-48095828.png","contentUrl":"https:\/\/luxon.com\/wp-content\/uploads\/Group-48095828.png","width":672,"height":887},{"@type":"WebSite","@id":"https:\/\/luxon.com\/pt-pt\/#website","url":"https:\/\/luxon.com\/pt-pt\/","name":"Luxon Pay","description":"Instant secure global payments","publisher":{"@id":"https:\/\/luxon.com\/pt-pt\/#organization"},"potentialAction":[{"@type":"SearchAction","target":{"@type":"EntryPoint","urlTemplate":"https:\/\/luxon.com\/pt-pt\/?s={search_term_string}"},"query-input":{"@type":"PropertyValueSpecification","valueRequired":true,"valueName":"search_term_string"}}],"inLanguage":"pt-PT"},{"@type":"Organization","@id":"https:\/\/luxon.com\/pt-pt\/#organization","name":"Luxon Pay","url":"https:\/\/luxon.com\/pt-pt\/","logo":{"@type":"ImageObject","inLanguage":"pt-PT","@id":"https:\/\/luxon.com\/pt-pt\/#\/schema\/logo\/image\/","url":"https:\/\/luxon.com\/wp-content\/uploads\/WebsiteImage04.png","contentUrl":"https:\/\/luxon.com\/wp-content\/uploads\/WebsiteImage04.png","width":1200,"height":630,"caption":"Luxon Pay"},"image":{"@id":"https:\/\/luxon.com\/pt-pt\/#\/schema\/logo\/image\/"}}]}},"_links":{"self":[{"href":"https:\/\/luxon.com\/pt-pt\/wp-json\/wp\/v2\/pages\/28356","targetHints":{"allow":["GET"]}}],"collection":[{"href":"https:\/\/luxon.com\/pt-pt\/wp-json\/wp\/v2\/pages"}],"about":[{"href":"https:\/\/luxon.com\/pt-pt\/wp-json\/wp\/v2\/types\/page"}],"author":[{"embeddable":true,"href":"https:\/\/luxon.com\/pt-pt\/wp-json\/wp\/v2\/users\/2"}],"replies":[{"embeddable":true,"href":"https:\/\/luxon.com\/pt-pt\/wp-json\/wp\/v2\/comments?post=28356"}],"version-history":[{"count":13,"href":"https:\/\/luxon.com\/pt-pt\/wp-json\/wp\/v2\/pages\/28356\/revisions"}],"predecessor-version":[{"id":33259,"href":"https:\/\/luxon.com\/pt-pt\/wp-json\/wp\/v2\/pages\/28356\/revisions\/33259"}],"wp:featuredmedia":[{"embeddable":true,"href":"https:\/\/luxon.com\/pt-pt\/wp-json\/wp\/v2\/media\/28217"}],"wp:attachment":[{"href":"https:\/\/luxon.com\/pt-pt\/wp-json\/wp\/v2\/media?parent=28356"}],"curies":[{"name":"wp","href":"https:\/\/api.w.org\/{rel}","templated":true}]}}