{"id":30012,"date":"2025-05-22T14:37:46","date_gmt":"2025-05-22T14:37:46","guid":{"rendered":"https:\/\/luxon.com\/win-a-free-10000-wsop-main-event-seat-in-our-exclusive-giveaway\/"},"modified":"2025-06-03T18:23:41","modified_gmt":"2025-06-03T18:23:41","slug":"win-a-free-10000-wsop-main-event-seat-in-our-exclusive-giveaway","status":"publish","type":"page","link":"https:\/\/luxon.com\/pt-pt\/win-a-free-10000-wsop-main-event-seat-in-our-exclusive-giveaway\/","title":{"rendered":"Ganhe uma entrada gratuita de $10.000 para o Main Event do WSOP no nosso giveaway exclusivo"},"content":{"rendered":"<ul>\n<li style=\"font-weight: 400;\">Siga o Luxon Pay no X<\/li>\n<li style=\"font-weight: 400;\"><span style=\"font-size: 16px;\">Partilhe a publica\u00e7\u00e3o no X<\/span><\/li>\n<li style=\"font-weight: 400;\"><span style=\"font-size: 16px;\">Inscreva-se em qualquer evento WSOP atrav\u00e9s do Luxon Pay at\u00e9 30 de Junho<\/span><\/li>\n<\/ul>\n<p style=\"font-weight: 400;\">Termos e Condi\u00e7\u00f5es<\/p>\n<p style=\"font-weight: 400;\">1.\u2060 \u2060Os utilizadores devem comprar o bilhete atrav\u00e9s da aplica\u00e7\u00e3o WSOP+ e concluir a compra com a Luxon Pay para serem eleg\u00edveis para a promo\u00e7\u00e3o<\/p>\n<p style=\"font-weight: 400;\">2.\u2060 \u2060Os utilizadores devem seguir a Luxon Pay no X e partilhar a publica\u00e7\u00e3o relevante para serem eleg\u00edveis<\/p>\n<p style=\"font-weight: 400;\">3.\u2060 \u2060As participa\u00e7\u00f5es encerram \u00e0s 23:59 CET do dia 30 de Junho de 2025<\/p>\n<p style=\"font-weight: 400;\">4.\u2060 \u2060O vencedor ser\u00e1 anunciado no dia 1 de Julho de 2025<\/p>\n<p style=\"font-weight: 400;\">5.\u2060 \u2060A entrada de $10.000 para o Main Event do WSOP pode ser utilizada no Main Event de 2025 ou 2026<\/p>\n","protected":false},"excerpt":{"rendered":"<p>Siga o Luxon Pay no X Partilhe a publica\u00e7\u00e3o no X Inscreva-se em qualquer evento WSOP atrav\u00e9s do Luxon Pay at\u00e9 30 de Junho Termos e Condi\u00e7\u00f5es 1.\u2060 \u2060Os utilizadores devem comprar o bilhete atrav\u00e9s da aplica\u00e7\u00e3o WSOP+ e concluir a compra com a Luxon Pay para serem eleg\u00edveis para a promo\u00e7\u00e3o 2.\u2060 \u2060Os utilizadores<a class=\"excerpt-read-more\" href=\"https:\/\/luxon.com\/pt-pt\/win-a-free-10000-wsop-main-event-seat-in-our-exclusive-giveaway\/\" title=\"LerGanhe uma entrada gratuita de $10.000 para o Main Event do WSOP no nosso giveaway exclusivo\">&#8230; Ler mais &raquo;<\/a><\/p>\n","protected":false},"author":5,"featured_media":29583,"parent":0,"menu_order":0,"comment_status":"closed","ping_status":"closed","template":"templates\/block-template.php","meta":{"_acf_changed":false,"footnotes":""},"class_list":["post-30012","page","type-page","status-publish","has-post-thumbnail","hentry"],"acf":[],"yoast_head":"<!-- This site is optimized with the Yoast SEO plugin v27.1.1 - https:\/\/yoast.com\/product\/yoast-seo-wordpress\/ -->\n<title>Ganhe uma entrada gratuita de $10.000 para o Main Event do WSOP no nosso giveaway exclusivo - Luxon Pay<\/title>\n<meta name=\"robots\" content=\"index, follow, max-snippet:-1, max-image-preview:large, max-video-preview:-1\" \/>\n<link rel=\"canonical\" href=\"https:\/\/luxon.com\/pt-pt\/win-a-free-10000-wsop-main-event-seat-in-our-exclusive-giveaway\/\" \/>\n<meta property=\"og:locale\" content=\"pt_PT\" \/>\n<meta property=\"og:type\" content=\"article\" \/>\n<meta property=\"og:title\" content=\"Ganhe uma entrada gratuita de $10.000 para o Main Event do WSOP no nosso giveaway exclusivo - Luxon Pay\" \/>\n<meta property=\"og:description\" content=\"Siga o Luxon Pay no X Partilhe a publica\u00e7\u00e3o no X Inscreva-se em qualquer evento WSOP atrav\u00e9s do Luxon Pay at\u00e9 30 de Junho Termos e Condi\u00e7\u00f5es 1.\u2060 \u2060Os utilizadores devem comprar o bilhete atrav\u00e9s da aplica\u00e7\u00e3o WSOP+ e concluir a compra com a Luxon Pay para serem eleg\u00edveis para a promo\u00e7\u00e3o 2.\u2060 \u2060Os utilizadores... Ler mais &raquo;\" \/>\n<meta property=\"og:url\" content=\"https:\/\/luxon.com\/pt-pt\/win-a-free-10000-wsop-main-event-seat-in-our-exclusive-giveaway\/\" \/>\n<meta property=\"og:site_name\" content=\"Luxon Pay\" \/>\n<meta property=\"article:modified_time\" content=\"2025-06-03T18:23:41+00:00\" \/>\n<meta property=\"og:image\" content=\"https:\/\/luxon.com\/wp-content\/uploads\/Luxon-website-banner-image.png\" \/>\n\t<meta property=\"og:image:width\" content=\"404\" \/>\n\t<meta property=\"og:image:height\" content=\"640\" \/>\n\t<meta property=\"og:image:type\" content=\"image\/png\" \/>\n<meta name=\"twitter:card\" content=\"summary_large_image\" \/>\n<meta name=\"twitter:label1\" content=\"Tempo estimado de leitura\" \/>\n\t<meta name=\"twitter:data1\" content=\"1 minuto\" \/>\n<script type=\"application\/ld+json\" class=\"yoast-schema-graph\">{\"@context\":\"https:\/\/schema.org\",\"@graph\":[{\"@type\":\"WebPage\",\"@id\":\"https:\/\/luxon.com\/pt-pt\/win-a-free-10000-wsop-main-event-seat-in-our-exclusive-giveaway\/\",\"url\":\"https:\/\/luxon.com\/pt-pt\/win-a-free-10000-wsop-main-event-seat-in-our-exclusive-giveaway\/\",\"name\":\"Ganhe uma entrada gratuita de $10.000 para o Main Event do WSOP no nosso giveaway exclusivo - Luxon Pay\",\"isPartOf\":{\"@id\":\"https:\/\/luxon.com\/pt-pt\/#website\"},\"primaryImageOfPage\":{\"@id\":\"https:\/\/luxon.com\/pt-pt\/win-a-free-10000-wsop-main-event-seat-in-our-exclusive-giveaway\/#primaryimage\"},\"image\":{\"@id\":\"https:\/\/luxon.com\/pt-pt\/win-a-free-10000-wsop-main-event-seat-in-our-exclusive-giveaway\/#primaryimage\"},\"thumbnailUrl\":\"https:\/\/luxon.com\/wp-content\/uploads\/Luxon-website-banner-image.png\",\"datePublished\":\"2025-05-22T14:37:46+00:00\",\"dateModified\":\"2025-06-03T18:23:41+00:00\",\"inLanguage\":\"pt-PT\",\"potentialAction\":[{\"@type\":\"ReadAction\",\"target\":[\"https:\/\/luxon.com\/pt-pt\/win-a-free-10000-wsop-main-event-seat-in-our-exclusive-giveaway\/\"]}]},{\"@type\":\"ImageObject\",\"inLanguage\":\"pt-PT\",\"@id\":\"https:\/\/luxon.com\/pt-pt\/win-a-free-10000-wsop-main-event-seat-in-our-exclusive-giveaway\/#primaryimage\",\"url\":\"https:\/\/luxon.com\/wp-content\/uploads\/Luxon-website-banner-image.png\",\"contentUrl\":\"https:\/\/luxon.com\/wp-content\/uploads\/Luxon-website-banner-image.png\",\"width\":404,\"height\":640},{\"@type\":\"WebSite\",\"@id\":\"https:\/\/luxon.com\/pt-pt\/#website\",\"url\":\"https:\/\/luxon.com\/pt-pt\/\",\"name\":\"Luxon Pay\",\"description\":\"Instant secure global payments\",\"publisher\":{\"@id\":\"https:\/\/luxon.com\/pt-pt\/#organization\"},\"potentialAction\":[{\"@type\":\"SearchAction\",\"target\":{\"@type\":\"EntryPoint\",\"urlTemplate\":\"https:\/\/luxon.com\/pt-pt\/?s={search_term_string}\"},\"query-input\":{\"@type\":\"PropertyValueSpecification\",\"valueRequired\":true,\"valueName\":\"search_term_string\"}}],\"inLanguage\":\"pt-PT\"},{\"@type\":\"Organization\",\"@id\":\"https:\/\/luxon.com\/pt-pt\/#organization\",\"name\":\"Luxon Pay\",\"url\":\"https:\/\/luxon.com\/pt-pt\/\",\"logo\":{\"@type\":\"ImageObject\",\"inLanguage\":\"pt-PT\",\"@id\":\"https:\/\/luxon.com\/pt-pt\/#\/schema\/logo\/image\/\",\"url\":\"https:\/\/luxon.com\/wp-content\/uploads\/WebsiteImage04.png\",\"contentUrl\":\"https:\/\/luxon.com\/wp-content\/uploads\/WebsiteImage04.png\",\"width\":1200,\"height\":630,\"caption\":\"Luxon Pay\"},\"image\":{\"@id\":\"https:\/\/luxon.com\/pt-pt\/#\/schema\/logo\/image\/\"}}]}<\/script>\n<!-- \/ Yoast SEO plugin. -->","yoast_head_json":{"title":"Ganhe uma entrada gratuita de $10.000 para o Main Event do WSOP no nosso giveaway exclusivo - Luxon Pay","robots":{"index":"index","follow":"follow","max-snippet":"max-snippet:-1","max-image-preview":"max-image-preview:large","max-video-preview":"max-video-preview:-1"},"canonical":"https:\/\/luxon.com\/pt-pt\/win-a-free-10000-wsop-main-event-seat-in-our-exclusive-giveaway\/","og_locale":"pt_PT","og_type":"article","og_title":"Ganhe uma entrada gratuita de $10.000 para o Main Event do WSOP no nosso giveaway exclusivo - Luxon Pay","og_description":"Siga o Luxon Pay no X Partilhe a publica\u00e7\u00e3o no X Inscreva-se em qualquer evento WSOP atrav\u00e9s do Luxon Pay at\u00e9 30 de Junho Termos e Condi\u00e7\u00f5es 1.\u2060 \u2060Os utilizadores devem comprar o bilhete atrav\u00e9s da aplica\u00e7\u00e3o WSOP+ e concluir a compra com a Luxon Pay para serem eleg\u00edveis para a promo\u00e7\u00e3o 2.\u2060 \u2060Os utilizadores... Ler mais &raquo;","og_url":"https:\/\/luxon.com\/pt-pt\/win-a-free-10000-wsop-main-event-seat-in-our-exclusive-giveaway\/","og_site_name":"Luxon Pay","article_modified_time":"2025-06-03T18:23:41+00:00","og_image":[{"width":404,"height":640,"url":"https:\/\/luxon.com\/wp-content\/uploads\/Luxon-website-banner-image.png","type":"image\/png"}],"twitter_card":"summary_large_image","twitter_misc":{"Tempo estimado de leitura":"1 minuto"},"schema":{"@context":"https:\/\/schema.org","@graph":[{"@type":"WebPage","@id":"https:\/\/luxon.com\/pt-pt\/win-a-free-10000-wsop-main-event-seat-in-our-exclusive-giveaway\/","url":"https:\/\/luxon.com\/pt-pt\/win-a-free-10000-wsop-main-event-seat-in-our-exclusive-giveaway\/","name":"Ganhe uma entrada gratuita de $10.000 para o Main Event do WSOP no nosso giveaway exclusivo - Luxon Pay","isPartOf":{"@id":"https:\/\/luxon.com\/pt-pt\/#website"},"primaryImageOfPage":{"@id":"https:\/\/luxon.com\/pt-pt\/win-a-free-10000-wsop-main-event-seat-in-our-exclusive-giveaway\/#primaryimage"},"image":{"@id":"https:\/\/luxon.com\/pt-pt\/win-a-free-10000-wsop-main-event-seat-in-our-exclusive-giveaway\/#primaryimage"},"thumbnailUrl":"https:\/\/luxon.com\/wp-content\/uploads\/Luxon-website-banner-image.png","datePublished":"2025-05-22T14:37:46+00:00","dateModified":"2025-06-03T18:23:41+00:00","inLanguage":"pt-PT","potentialAction":[{"@type":"ReadAction","target":["https:\/\/luxon.com\/pt-pt\/win-a-free-10000-wsop-main-event-seat-in-our-exclusive-giveaway\/"]}]},{"@type":"ImageObject","inLanguage":"pt-PT","@id":"https:\/\/luxon.com\/pt-pt\/win-a-free-10000-wsop-main-event-seat-in-our-exclusive-giveaway\/#primaryimage","url":"https:\/\/luxon.com\/wp-content\/uploads\/Luxon-website-banner-image.png","contentUrl":"https:\/\/luxon.com\/wp-content\/uploads\/Luxon-website-banner-image.png","width":404,"height":640},{"@type":"WebSite","@id":"https:\/\/luxon.com\/pt-pt\/#website","url":"https:\/\/luxon.com\/pt-pt\/","name":"Luxon Pay","description":"Instant secure global payments","publisher":{"@id":"https:\/\/luxon.com\/pt-pt\/#organization"},"potentialAction":[{"@type":"SearchAction","target":{"@type":"EntryPoint","urlTemplate":"https:\/\/luxon.com\/pt-pt\/?s={search_term_string}"},"query-input":{"@type":"PropertyValueSpecification","valueRequired":true,"valueName":"search_term_string"}}],"inLanguage":"pt-PT"},{"@type":"Organization","@id":"https:\/\/luxon.com\/pt-pt\/#organization","name":"Luxon Pay","url":"https:\/\/luxon.com\/pt-pt\/","logo":{"@type":"ImageObject","inLanguage":"pt-PT","@id":"https:\/\/luxon.com\/pt-pt\/#\/schema\/logo\/image\/","url":"https:\/\/luxon.com\/wp-content\/uploads\/WebsiteImage04.png","contentUrl":"https:\/\/luxon.com\/wp-content\/uploads\/WebsiteImage04.png","width":1200,"height":630,"caption":"Luxon Pay"},"image":{"@id":"https:\/\/luxon.com\/pt-pt\/#\/schema\/logo\/image\/"}}]}},"_links":{"self":[{"href":"https:\/\/luxon.com\/pt-pt\/wp-json\/wp\/v2\/pages\/30012","targetHints":{"allow":["GET"]}}],"collection":[{"href":"https:\/\/luxon.com\/pt-pt\/wp-json\/wp\/v2\/pages"}],"about":[{"href":"https:\/\/luxon.com\/pt-pt\/wp-json\/wp\/v2\/types\/page"}],"author":[{"embeddable":true,"href":"https:\/\/luxon.com\/pt-pt\/wp-json\/wp\/v2\/users\/5"}],"replies":[{"embeddable":true,"href":"https:\/\/luxon.com\/pt-pt\/wp-json\/wp\/v2\/comments?post=30012"}],"version-history":[{"count":2,"href":"https:\/\/luxon.com\/pt-pt\/wp-json\/wp\/v2\/pages\/30012\/revisions"}],"predecessor-version":[{"id":30014,"href":"https:\/\/luxon.com\/pt-pt\/wp-json\/wp\/v2\/pages\/30012\/revisions\/30014"}],"wp:featuredmedia":[{"embeddable":true,"href":"https:\/\/luxon.com\/pt-pt\/wp-json\/wp\/v2\/media\/29583"}],"wp:attachment":[{"href":"https:\/\/luxon.com\/pt-pt\/wp-json\/wp\/v2\/media?parent=30012"}],"curies":[{"name":"wp","href":"https:\/\/api.w.org\/{rel}","templated":true}]}}