{"id":30670,"date":"2025-01-16T10:31:45","date_gmt":"2025-01-16T10:31:45","guid":{"rendered":"https:\/\/luxon.com\/business-3\/"},"modified":"2026-03-26T10:48:38","modified_gmt":"2026-03-26T10:48:38","slug":"business-3","status":"publish","type":"page","link":"https:\/\/luxon.com\/pt-pt\/business-3\/","title":{"rendered":"Solu\u00e7\u00f5es banc\u00e1rias globais e integradas para empresas"},"content":{"rendered":"<div><span lang=\"EN-US\">Com as nossas Contas Empresariais, pode simplificar os pagamentos, expandir o seu alcance com uma conta multi-moeda \u2014 tudo a partir de uma plataforma simples e integrada.<\/span><\/div>\n","protected":false},"excerpt":{"rendered":"<p>Com as nossas Contas Empresariais, pode simplificar os pagamentos, expandir o seu alcance com uma conta multi-moeda \u2014 tudo a partir de uma plataforma simples e integrada.<\/p>\n","protected":false},"author":2,"featured_media":27890,"parent":0,"menu_order":0,"comment_status":"closed","ping_status":"closed","template":"templates\/block-template.php","meta":{"_acf_changed":false,"footnotes":""},"class_list":["post-30670","page","type-page","status-publish","has-post-thumbnail","hentry"],"acf":[],"yoast_head":"<!-- This site is optimized with the Yoast SEO plugin v27.1.1 - https:\/\/yoast.com\/product\/yoast-seo-wordpress\/ -->\n<title>Solu\u00e7\u00f5es banc\u00e1rias globais e integradas para empresas - Luxon Pay<\/title>\n<meta name=\"robots\" content=\"index, follow, max-snippet:-1, max-image-preview:large, max-video-preview:-1\" \/>\n<link rel=\"canonical\" href=\"https:\/\/luxon.com\/pt-pt\/business-3\/\" \/>\n<meta property=\"og:locale\" content=\"pt_PT\" \/>\n<meta property=\"og:type\" content=\"article\" \/>\n<meta property=\"og:title\" content=\"Solu\u00e7\u00f5es banc\u00e1rias globais e integradas para empresas - Luxon Pay\" \/>\n<meta property=\"og:description\" content=\"Com as nossas Contas Empresariais, pode simplificar os pagamentos, expandir o seu alcance com uma conta multi-moeda \u2014 tudo a partir de uma plataforma simples e integrada.\" \/>\n<meta property=\"og:url\" content=\"https:\/\/luxon.com\/pt-pt\/business-3\/\" \/>\n<meta property=\"og:site_name\" content=\"Luxon Pay\" \/>\n<meta property=\"article:modified_time\" content=\"2026-03-26T10:48:38+00:00\" \/>\n<meta property=\"og:image\" content=\"https:\/\/luxon.com\/wp-content\/uploads\/remove-shadow.png\" \/>\n\t<meta property=\"og:image:width\" content=\"734\" \/>\n\t<meta property=\"og:image:height\" content=\"666\" \/>\n\t<meta property=\"og:image:type\" content=\"image\/png\" \/>\n<meta name=\"twitter:card\" content=\"summary_large_image\" \/>\n<meta name=\"twitter:label1\" content=\"Tempo estimado de leitura\" \/>\n\t<meta name=\"twitter:data1\" content=\"1 minuto\" \/>\n<script type=\"application\/ld+json\" class=\"yoast-schema-graph\">{\"@context\":\"https:\/\/schema.org\",\"@graph\":[{\"@type\":\"WebPage\",\"@id\":\"https:\/\/luxon.com\/pt-pt\/business-3\/\",\"url\":\"https:\/\/luxon.com\/pt-pt\/business-3\/\",\"name\":\"Solu\u00e7\u00f5es banc\u00e1rias globais e integradas para empresas - Luxon Pay\",\"isPartOf\":{\"@id\":\"https:\/\/luxon.com\/pt-pt\/#website\"},\"primaryImageOfPage\":{\"@id\":\"https:\/\/luxon.com\/pt-pt\/business-3\/#primaryimage\"},\"image\":{\"@id\":\"https:\/\/luxon.com\/pt-pt\/business-3\/#primaryimage\"},\"thumbnailUrl\":\"https:\/\/luxon.com\/wp-content\/uploads\/remove-shadow.png\",\"datePublished\":\"2025-01-16T10:31:45+00:00\",\"dateModified\":\"2026-03-26T10:48:38+00:00\",\"inLanguage\":\"pt-PT\",\"potentialAction\":[{\"@type\":\"ReadAction\",\"target\":[\"https:\/\/luxon.com\/pt-pt\/business-3\/\"]}]},{\"@type\":\"ImageObject\",\"inLanguage\":\"pt-PT\",\"@id\":\"https:\/\/luxon.com\/pt-pt\/business-3\/#primaryimage\",\"url\":\"https:\/\/luxon.com\/wp-content\/uploads\/remove-shadow.png\",\"contentUrl\":\"https:\/\/luxon.com\/wp-content\/uploads\/remove-shadow.png\",\"width\":734,\"height\":666},{\"@type\":\"WebSite\",\"@id\":\"https:\/\/luxon.com\/pt-pt\/#website\",\"url\":\"https:\/\/luxon.com\/pt-pt\/\",\"name\":\"Luxon Pay\",\"description\":\"Instant secure global payments\",\"publisher\":{\"@id\":\"https:\/\/luxon.com\/pt-pt\/#organization\"},\"potentialAction\":[{\"@type\":\"SearchAction\",\"target\":{\"@type\":\"EntryPoint\",\"urlTemplate\":\"https:\/\/luxon.com\/pt-pt\/?s={search_term_string}\"},\"query-input\":{\"@type\":\"PropertyValueSpecification\",\"valueRequired\":true,\"valueName\":\"search_term_string\"}}],\"inLanguage\":\"pt-PT\"},{\"@type\":\"Organization\",\"@id\":\"https:\/\/luxon.com\/pt-pt\/#organization\",\"name\":\"Luxon Pay\",\"url\":\"https:\/\/luxon.com\/pt-pt\/\",\"logo\":{\"@type\":\"ImageObject\",\"inLanguage\":\"pt-PT\",\"@id\":\"https:\/\/luxon.com\/pt-pt\/#\/schema\/logo\/image\/\",\"url\":\"https:\/\/luxon.com\/wp-content\/uploads\/WebsiteImage04.png\",\"contentUrl\":\"https:\/\/luxon.com\/wp-content\/uploads\/WebsiteImage04.png\",\"width\":1200,\"height\":630,\"caption\":\"Luxon Pay\"},\"image\":{\"@id\":\"https:\/\/luxon.com\/pt-pt\/#\/schema\/logo\/image\/\"}}]}<\/script>\n<!-- \/ Yoast SEO plugin. -->","yoast_head_json":{"title":"Solu\u00e7\u00f5es banc\u00e1rias globais e integradas para empresas - Luxon Pay","robots":{"index":"index","follow":"follow","max-snippet":"max-snippet:-1","max-image-preview":"max-image-preview:large","max-video-preview":"max-video-preview:-1"},"canonical":"https:\/\/luxon.com\/pt-pt\/business-3\/","og_locale":"pt_PT","og_type":"article","og_title":"Solu\u00e7\u00f5es banc\u00e1rias globais e integradas para empresas - Luxon Pay","og_description":"Com as nossas Contas Empresariais, pode simplificar os pagamentos, expandir o seu alcance com uma conta multi-moeda \u2014 tudo a partir de uma plataforma simples e integrada.","og_url":"https:\/\/luxon.com\/pt-pt\/business-3\/","og_site_name":"Luxon Pay","article_modified_time":"2026-03-26T10:48:38+00:00","og_image":[{"width":734,"height":666,"url":"https:\/\/luxon.com\/wp-content\/uploads\/remove-shadow.png","type":"image\/png"}],"twitter_card":"summary_large_image","twitter_misc":{"Tempo estimado de leitura":"1 minuto"},"schema":{"@context":"https:\/\/schema.org","@graph":[{"@type":"WebPage","@id":"https:\/\/luxon.com\/pt-pt\/business-3\/","url":"https:\/\/luxon.com\/pt-pt\/business-3\/","name":"Solu\u00e7\u00f5es banc\u00e1rias globais e integradas para empresas - Luxon Pay","isPartOf":{"@id":"https:\/\/luxon.com\/pt-pt\/#website"},"primaryImageOfPage":{"@id":"https:\/\/luxon.com\/pt-pt\/business-3\/#primaryimage"},"image":{"@id":"https:\/\/luxon.com\/pt-pt\/business-3\/#primaryimage"},"thumbnailUrl":"https:\/\/luxon.com\/wp-content\/uploads\/remove-shadow.png","datePublished":"2025-01-16T10:31:45+00:00","dateModified":"2026-03-26T10:48:38+00:00","inLanguage":"pt-PT","potentialAction":[{"@type":"ReadAction","target":["https:\/\/luxon.com\/pt-pt\/business-3\/"]}]},{"@type":"ImageObject","inLanguage":"pt-PT","@id":"https:\/\/luxon.com\/pt-pt\/business-3\/#primaryimage","url":"https:\/\/luxon.com\/wp-content\/uploads\/remove-shadow.png","contentUrl":"https:\/\/luxon.com\/wp-content\/uploads\/remove-shadow.png","width":734,"height":666},{"@type":"WebSite","@id":"https:\/\/luxon.com\/pt-pt\/#website","url":"https:\/\/luxon.com\/pt-pt\/","name":"Luxon Pay","description":"Instant secure global payments","publisher":{"@id":"https:\/\/luxon.com\/pt-pt\/#organization"},"potentialAction":[{"@type":"SearchAction","target":{"@type":"EntryPoint","urlTemplate":"https:\/\/luxon.com\/pt-pt\/?s={search_term_string}"},"query-input":{"@type":"PropertyValueSpecification","valueRequired":true,"valueName":"search_term_string"}}],"inLanguage":"pt-PT"},{"@type":"Organization","@id":"https:\/\/luxon.com\/pt-pt\/#organization","name":"Luxon Pay","url":"https:\/\/luxon.com\/pt-pt\/","logo":{"@type":"ImageObject","inLanguage":"pt-PT","@id":"https:\/\/luxon.com\/pt-pt\/#\/schema\/logo\/image\/","url":"https:\/\/luxon.com\/wp-content\/uploads\/WebsiteImage04.png","contentUrl":"https:\/\/luxon.com\/wp-content\/uploads\/WebsiteImage04.png","width":1200,"height":630,"caption":"Luxon Pay"},"image":{"@id":"https:\/\/luxon.com\/pt-pt\/#\/schema\/logo\/image\/"}}]}},"_links":{"self":[{"href":"https:\/\/luxon.com\/pt-pt\/wp-json\/wp\/v2\/pages\/30670","targetHints":{"allow":["GET"]}}],"collection":[{"href":"https:\/\/luxon.com\/pt-pt\/wp-json\/wp\/v2\/pages"}],"about":[{"href":"https:\/\/luxon.com\/pt-pt\/wp-json\/wp\/v2\/types\/page"}],"author":[{"embeddable":true,"href":"https:\/\/luxon.com\/pt-pt\/wp-json\/wp\/v2\/users\/2"}],"replies":[{"embeddable":true,"href":"https:\/\/luxon.com\/pt-pt\/wp-json\/wp\/v2\/comments?post=30670"}],"version-history":[{"count":5,"href":"https:\/\/luxon.com\/pt-pt\/wp-json\/wp\/v2\/pages\/30670\/revisions"}],"predecessor-version":[{"id":34533,"href":"https:\/\/luxon.com\/pt-pt\/wp-json\/wp\/v2\/pages\/30670\/revisions\/34533"}],"wp:featuredmedia":[{"embeddable":true,"href":"https:\/\/luxon.com\/pt-pt\/wp-json\/wp\/v2\/media\/27890"}],"wp:attachment":[{"href":"https:\/\/luxon.com\/pt-pt\/wp-json\/wp\/v2\/media?parent=30670"}],"curies":[{"name":"wp","href":"https:\/\/api.w.org\/{rel}","templated":true}]}}