{"id":33331,"date":"2025-08-20T08:36:39","date_gmt":"2025-08-20T08:36:39","guid":{"rendered":"https:\/\/luxon.com\/luxon-pay-stone-cold-bubble-protection\/"},"modified":"2026-02-09T05:44:35","modified_gmt":"2026-02-09T05:44:35","slug":"luxon-pay-stone-cold-bubble-protection","status":"publish","type":"page","link":"https:\/\/luxon.com\/pt-pt\/luxon-pay-stone-cold-bubble-protection\/","title":{"rendered":"Luxon Pay \u2013 Prote\u00e7\u00e3o Stone Cold Bubble"},"content":{"rendered":"<p data-start=\"180\" data-end=\"509\"><img loading=\"lazy\" decoding=\"async\" class=\"alignnone wp-image-31328\" src=\"https:\/\/luxon.com\/wp-content\/uploads\/LuxonBubbleProtectionBanner2-300x169.png\" alt=\"\" width=\"719\" height=\"405\" srcset=\"https:\/\/luxon.com\/wp-content\/uploads\/LuxonBubbleProtectionBanner2-300x169.png 300w, https:\/\/luxon.com\/wp-content\/uploads\/LuxonBubbleProtectionBanner2-1024x576.png 1024w, https:\/\/luxon.com\/wp-content\/uploads\/LuxonBubbleProtectionBanner2-768x432.png 768w, https:\/\/luxon.com\/wp-content\/uploads\/LuxonBubbleProtectionBanner2-1536x864.png 1536w, https:\/\/luxon.com\/wp-content\/uploads\/LuxonBubbleProtectionBanner2.png 1920w\" sizes=\"auto, (max-width: 719px) 100vw, 719px\" \/><\/p>\n<p>Ningu\u00e9m gosta de rebentar na bolha de um torneio \u2014 estar t\u00e3o perto dos pr\u00e9mios e acabar por sair de m\u00e3os a abanar. \u00c9 por isso que a Luxon Pay est\u00e1 do teu lado. Com a nossa Prote\u00e7\u00e3o Stone Cold Bubble, se fores o jogador azarado a ser eliminado na bolha depois de fazeres a inscri\u00e7\u00e3o com a Luxon Pay, reembolsamos o valor total do buy-in diretamente na tua conta Luxon.<\/p>\n<p>Joga com confian\u00e7a, sabendo que nem a bolha te vai quebrar.<\/p>\n<p>Termos e Condi\u00e7\u00f5es<br \/>\n1.\u2060 \u2060Elegibilidade<br \/>\n\u2022\u2060 \u2060Os jogadores devem processar a inscri\u00e7\u00e3o no torneio atrav\u00e9s da aplica\u00e7\u00e3o Luxon Pay para serem eleg\u00edveis para a prote\u00e7\u00e3o da bolha.<br \/>\n\u2022\u2060 \u2060Para reclamar a prote\u00e7\u00e3o da bolha, o jogador deve ter entrado no torneio pelo menos uma vez utilizando a Luxon Pay.<br \/>\n\u2022\u2060 \u2060A prote\u00e7\u00e3o da bolha aplica-se apenas a torneios espec\u00edficos, conforme anunciado.<\/p>\n<p>2.\u2060 \u2060Defini\u00e7\u00e3o de Prote\u00e7\u00e3o da Bolha<br \/>\n\u2022\u2060 \u2060A prote\u00e7\u00e3o da bolha garante o reembolso do valor do buy-in caso o jogador termine na posi\u00e7\u00e3o de \u201cbolha\u201d (primeira posi\u00e7\u00e3o fora dos lugares pagos), desde que n\u00e3o tenha sido feito qualquer acordo ou divis\u00e3o do \u00faltimo lugar premiado.<br \/>\n\u2022\u2060 \u2060O valor do reembolso ser\u00e1 igual ao valor do buy-in do torneio, excluindo quaisquer taxas ou encargos adicionais.<\/p>\n<p>3.\u2060 \u2060Pedido e Processamento da Prote\u00e7\u00e3o da Bolha<br \/>\n\u2022\u2060 \u2060A prote\u00e7\u00e3o da bolha \u00e9 aplicada automaticamente quando os jogadores processam a inscri\u00e7\u00e3o no torneio atrav\u00e9s da aplica\u00e7\u00e3o Luxon Pay.<br \/>\n\u2022\u2060 \u2060A identifica\u00e7\u00e3o do jogador eliminado na bolha ser\u00e1 confirmada pela Luxon Pay em conjunto com o Casino ou o Diretor do Torneio, com base exclusivamente no sistema oficial do torneio do casino e no nome do jogador eliminado nessa posi\u00e7\u00e3o.<br \/>\n\u2022\u2060 \u2060Os reembolsos ser\u00e3o processados no prazo m\u00e1ximo de 72 horas \u00fateis ap\u00f3s a verifica\u00e7\u00e3o dos resultados do torneio.<\/p>\n<p>4.\u2060 \u2060Limita\u00e7\u00f5es e Exclus\u00f5es<br \/>\n\u2022\u2060 \u2060A prote\u00e7\u00e3o da bolha n\u00e3o \u00e9 transfer\u00edvel nem pode ser convertida em dinheiro.<br \/>\n\u2022\u2060 \u2060Em caso de disputa relativamente \u00e0 posi\u00e7\u00e3o de bolha, a decis\u00e3o da Luxon Pay ser\u00e1 final. *<br \/>\n\u2022\u2060 \u2060A prote\u00e7\u00e3o da bolha n\u00e3o cobre reentradas nem add-ons.<\/p>\n<p>5.\u2060 \u2060Condi\u00e7\u00f5es Gerais<br \/>\n\u2022\u2060 \u2060A Luxon Pay reserva-se o direito de modificar ou descontinuar esta oferta a qualquer momento.<br \/>\n\u2022\u2060 \u2060Qualquer atividade fraudulenta ou utiliza\u00e7\u00e3o indevida resultar\u00e1 na exclus\u00e3o da oferta.<br \/>\n\u2022\u2060 \u2060Ao participar nesta oferta, os jogadores concordam em cumprir estes termos e condi\u00e7\u00f5es.<\/p>\n<p>Nota (*)<br \/>\nIsto significa que, em caso de qualquer desacordo ou disputa sobre se um jogador \u00e9 realmente a \u201cbolha\u201d (por exemplo, devido a classifica\u00e7\u00f5es pouco claras ou desacordos sobre acordos\/divis\u00f5es), a Luxon Pay ter\u00e1 a palavra final.<\/p>\n<p>Esta cl\u00e1usula protege a Luxon Pay contra reclama\u00e7\u00f5es prolongadas ou recursos por parte de jogadores que tentem contestar a decis\u00e3o, tornando o processo mais simples e eficiente.<\/p>\n","protected":false},"excerpt":{"rendered":"<p>Ningu\u00e9m gosta de rebentar na bolha de um torneio \u2014 estar t\u00e3o perto dos pr\u00e9mios e acabar por sair de m\u00e3os a abanar. \u00c9 por isso que a Luxon Pay est\u00e1 do teu lado. Com a nossa Prote\u00e7\u00e3o Stone Cold Bubble, se fores o jogador azarado a ser eliminado na bolha depois de fazeres a<a class=\"excerpt-read-more\" href=\"https:\/\/luxon.com\/pt-pt\/luxon-pay-stone-cold-bubble-protection\/\" title=\"LerLuxon Pay \u2013 Prote\u00e7\u00e3o Stone Cold Bubble\">&#8230; Ler mais &raquo;<\/a><\/p>\n","protected":false},"author":9,"featured_media":31320,"parent":0,"menu_order":0,"comment_status":"closed","ping_status":"closed","template":"template-full-width.php","meta":{"_acf_changed":false,"footnotes":""},"class_list":["post-33331","page","type-page","status-publish","has-post-thumbnail","hentry"],"acf":[],"yoast_head":"<!-- This site is optimized with the Yoast SEO plugin v27.1.1 - https:\/\/yoast.com\/product\/yoast-seo-wordpress\/ -->\n<title>Luxon Pay \u2013 Prote\u00e7\u00e3o Stone Cold Bubble - Luxon Pay<\/title>\n<meta name=\"robots\" content=\"index, follow, max-snippet:-1, max-image-preview:large, max-video-preview:-1\" \/>\n<link rel=\"canonical\" href=\"https:\/\/luxon.com\/pt-pt\/luxon-pay-stone-cold-bubble-protection\/\" \/>\n<meta property=\"og:locale\" content=\"pt_PT\" \/>\n<meta property=\"og:type\" content=\"article\" \/>\n<meta property=\"og:title\" content=\"Luxon Pay \u2013 Prote\u00e7\u00e3o Stone Cold Bubble - Luxon Pay\" \/>\n<meta property=\"og:description\" content=\"Ningu\u00e9m gosta de rebentar na bolha de um torneio \u2014 estar t\u00e3o perto dos pr\u00e9mios e acabar por sair de m\u00e3os a abanar. \u00c9 por isso que a Luxon Pay est\u00e1 do teu lado. Com a nossa Prote\u00e7\u00e3o Stone Cold Bubble, se fores o jogador azarado a ser eliminado na bolha depois de fazeres a... Ler mais &raquo;\" \/>\n<meta property=\"og:url\" content=\"https:\/\/luxon.com\/pt-pt\/luxon-pay-stone-cold-bubble-protection\/\" \/>\n<meta property=\"og:site_name\" content=\"Luxon Pay\" \/>\n<meta property=\"article:modified_time\" content=\"2026-02-09T05:44:35+00:00\" \/>\n<meta property=\"og:image\" content=\"https:\/\/luxon.com\/wp-content\/uploads\/LuxonBubbleProtectionBanner.jpeg\" \/>\n\t<meta property=\"og:image:width\" content=\"1920\" \/>\n\t<meta property=\"og:image:height\" content=\"1080\" \/>\n\t<meta property=\"og:image:type\" content=\"image\/jpeg\" \/>\n<meta name=\"twitter:card\" content=\"summary_large_image\" \/>\n<meta name=\"twitter:label1\" content=\"Tempo estimado de leitura\" \/>\n\t<meta name=\"twitter:data1\" content=\"3 minutos\" \/>\n<script type=\"application\/ld+json\" class=\"yoast-schema-graph\">{\"@context\":\"https:\/\/schema.org\",\"@graph\":[{\"@type\":\"WebPage\",\"@id\":\"https:\/\/luxon.com\/pt-pt\/luxon-pay-stone-cold-bubble-protection\/\",\"url\":\"https:\/\/luxon.com\/pt-pt\/luxon-pay-stone-cold-bubble-protection\/\",\"name\":\"Luxon Pay \u2013 Prote\u00e7\u00e3o Stone Cold Bubble - Luxon Pay\",\"isPartOf\":{\"@id\":\"https:\/\/luxon.com\/pt-pt\/#website\"},\"primaryImageOfPage\":{\"@id\":\"https:\/\/luxon.com\/pt-pt\/luxon-pay-stone-cold-bubble-protection\/#primaryimage\"},\"image\":{\"@id\":\"https:\/\/luxon.com\/pt-pt\/luxon-pay-stone-cold-bubble-protection\/#primaryimage\"},\"thumbnailUrl\":\"https:\/\/luxon.com\/wp-content\/uploads\/LuxonBubbleProtectionBanner.jpeg\",\"datePublished\":\"2025-08-20T08:36:39+00:00\",\"dateModified\":\"2026-02-09T05:44:35+00:00\",\"inLanguage\":\"pt-PT\",\"potentialAction\":[{\"@type\":\"ReadAction\",\"target\":[\"https:\/\/luxon.com\/pt-pt\/luxon-pay-stone-cold-bubble-protection\/\"]}]},{\"@type\":\"ImageObject\",\"inLanguage\":\"pt-PT\",\"@id\":\"https:\/\/luxon.com\/pt-pt\/luxon-pay-stone-cold-bubble-protection\/#primaryimage\",\"url\":\"https:\/\/luxon.com\/wp-content\/uploads\/LuxonBubbleProtectionBanner.jpeg\",\"contentUrl\":\"https:\/\/luxon.com\/wp-content\/uploads\/LuxonBubbleProtectionBanner.jpeg\",\"width\":1920,\"height\":1080},{\"@type\":\"WebSite\",\"@id\":\"https:\/\/luxon.com\/pt-pt\/#website\",\"url\":\"https:\/\/luxon.com\/pt-pt\/\",\"name\":\"Luxon Pay\",\"description\":\"Instant secure global payments\",\"publisher\":{\"@id\":\"https:\/\/luxon.com\/pt-pt\/#organization\"},\"potentialAction\":[{\"@type\":\"SearchAction\",\"target\":{\"@type\":\"EntryPoint\",\"urlTemplate\":\"https:\/\/luxon.com\/pt-pt\/?s={search_term_string}\"},\"query-input\":{\"@type\":\"PropertyValueSpecification\",\"valueRequired\":true,\"valueName\":\"search_term_string\"}}],\"inLanguage\":\"pt-PT\"},{\"@type\":\"Organization\",\"@id\":\"https:\/\/luxon.com\/pt-pt\/#organization\",\"name\":\"Luxon Pay\",\"url\":\"https:\/\/luxon.com\/pt-pt\/\",\"logo\":{\"@type\":\"ImageObject\",\"inLanguage\":\"pt-PT\",\"@id\":\"https:\/\/luxon.com\/pt-pt\/#\/schema\/logo\/image\/\",\"url\":\"https:\/\/luxon.com\/wp-content\/uploads\/WebsiteImage04.png\",\"contentUrl\":\"https:\/\/luxon.com\/wp-content\/uploads\/WebsiteImage04.png\",\"width\":1200,\"height\":630,\"caption\":\"Luxon Pay\"},\"image\":{\"@id\":\"https:\/\/luxon.com\/pt-pt\/#\/schema\/logo\/image\/\"}}]}<\/script>\n<!-- \/ Yoast SEO plugin. -->","yoast_head_json":{"title":"Luxon Pay \u2013 Prote\u00e7\u00e3o Stone Cold Bubble - Luxon Pay","robots":{"index":"index","follow":"follow","max-snippet":"max-snippet:-1","max-image-preview":"max-image-preview:large","max-video-preview":"max-video-preview:-1"},"canonical":"https:\/\/luxon.com\/pt-pt\/luxon-pay-stone-cold-bubble-protection\/","og_locale":"pt_PT","og_type":"article","og_title":"Luxon Pay \u2013 Prote\u00e7\u00e3o Stone Cold Bubble - Luxon Pay","og_description":"Ningu\u00e9m gosta de rebentar na bolha de um torneio \u2014 estar t\u00e3o perto dos pr\u00e9mios e acabar por sair de m\u00e3os a abanar. \u00c9 por isso que a Luxon Pay est\u00e1 do teu lado. Com a nossa Prote\u00e7\u00e3o Stone Cold Bubble, se fores o jogador azarado a ser eliminado na bolha depois de fazeres a... Ler mais &raquo;","og_url":"https:\/\/luxon.com\/pt-pt\/luxon-pay-stone-cold-bubble-protection\/","og_site_name":"Luxon Pay","article_modified_time":"2026-02-09T05:44:35+00:00","og_image":[{"width":1920,"height":1080,"url":"https:\/\/luxon.com\/wp-content\/uploads\/LuxonBubbleProtectionBanner.jpeg","type":"image\/jpeg"}],"twitter_card":"summary_large_image","twitter_misc":{"Tempo estimado de leitura":"3 minutos"},"schema":{"@context":"https:\/\/schema.org","@graph":[{"@type":"WebPage","@id":"https:\/\/luxon.com\/pt-pt\/luxon-pay-stone-cold-bubble-protection\/","url":"https:\/\/luxon.com\/pt-pt\/luxon-pay-stone-cold-bubble-protection\/","name":"Luxon Pay \u2013 Prote\u00e7\u00e3o Stone Cold Bubble - Luxon Pay","isPartOf":{"@id":"https:\/\/luxon.com\/pt-pt\/#website"},"primaryImageOfPage":{"@id":"https:\/\/luxon.com\/pt-pt\/luxon-pay-stone-cold-bubble-protection\/#primaryimage"},"image":{"@id":"https:\/\/luxon.com\/pt-pt\/luxon-pay-stone-cold-bubble-protection\/#primaryimage"},"thumbnailUrl":"https:\/\/luxon.com\/wp-content\/uploads\/LuxonBubbleProtectionBanner.jpeg","datePublished":"2025-08-20T08:36:39+00:00","dateModified":"2026-02-09T05:44:35+00:00","inLanguage":"pt-PT","potentialAction":[{"@type":"ReadAction","target":["https:\/\/luxon.com\/pt-pt\/luxon-pay-stone-cold-bubble-protection\/"]}]},{"@type":"ImageObject","inLanguage":"pt-PT","@id":"https:\/\/luxon.com\/pt-pt\/luxon-pay-stone-cold-bubble-protection\/#primaryimage","url":"https:\/\/luxon.com\/wp-content\/uploads\/LuxonBubbleProtectionBanner.jpeg","contentUrl":"https:\/\/luxon.com\/wp-content\/uploads\/LuxonBubbleProtectionBanner.jpeg","width":1920,"height":1080},{"@type":"WebSite","@id":"https:\/\/luxon.com\/pt-pt\/#website","url":"https:\/\/luxon.com\/pt-pt\/","name":"Luxon Pay","description":"Instant secure global payments","publisher":{"@id":"https:\/\/luxon.com\/pt-pt\/#organization"},"potentialAction":[{"@type":"SearchAction","target":{"@type":"EntryPoint","urlTemplate":"https:\/\/luxon.com\/pt-pt\/?s={search_term_string}"},"query-input":{"@type":"PropertyValueSpecification","valueRequired":true,"valueName":"search_term_string"}}],"inLanguage":"pt-PT"},{"@type":"Organization","@id":"https:\/\/luxon.com\/pt-pt\/#organization","name":"Luxon Pay","url":"https:\/\/luxon.com\/pt-pt\/","logo":{"@type":"ImageObject","inLanguage":"pt-PT","@id":"https:\/\/luxon.com\/pt-pt\/#\/schema\/logo\/image\/","url":"https:\/\/luxon.com\/wp-content\/uploads\/WebsiteImage04.png","contentUrl":"https:\/\/luxon.com\/wp-content\/uploads\/WebsiteImage04.png","width":1200,"height":630,"caption":"Luxon Pay"},"image":{"@id":"https:\/\/luxon.com\/pt-pt\/#\/schema\/logo\/image\/"}}]}},"_links":{"self":[{"href":"https:\/\/luxon.com\/pt-pt\/wp-json\/wp\/v2\/pages\/33331","targetHints":{"allow":["GET"]}}],"collection":[{"href":"https:\/\/luxon.com\/pt-pt\/wp-json\/wp\/v2\/pages"}],"about":[{"href":"https:\/\/luxon.com\/pt-pt\/wp-json\/wp\/v2\/types\/page"}],"author":[{"embeddable":true,"href":"https:\/\/luxon.com\/pt-pt\/wp-json\/wp\/v2\/users\/9"}],"replies":[{"embeddable":true,"href":"https:\/\/luxon.com\/pt-pt\/wp-json\/wp\/v2\/comments?post=33331"}],"version-history":[{"count":1,"href":"https:\/\/luxon.com\/pt-pt\/wp-json\/wp\/v2\/pages\/33331\/revisions"}],"predecessor-version":[{"id":33332,"href":"https:\/\/luxon.com\/pt-pt\/wp-json\/wp\/v2\/pages\/33331\/revisions\/33332"}],"wp:featuredmedia":[{"embeddable":true,"href":"https:\/\/luxon.com\/pt-pt\/wp-json\/wp\/v2\/media\/31320"}],"wp:attachment":[{"href":"https:\/\/luxon.com\/pt-pt\/wp-json\/wp\/v2\/media?parent=33331"}],"curies":[{"name":"wp","href":"https:\/\/api.w.org\/{rel}","templated":true}]}}