{"id":33409,"date":"2024-08-30T14:04:06","date_gmt":"2024-08-30T14:04:06","guid":{"rendered":"https:\/\/luxon.com\/earn-1-cashback-on-merchant-deposits\/"},"modified":"2026-02-13T18:07:23","modified_gmt":"2026-02-13T18:07:23","slug":"earn-1-cashback-on-merchant-deposits","status":"publish","type":"page","link":"https:\/\/luxon.com\/pt-pt\/earn-1-cashback-on-merchant-deposits\/","title":{"rendered":"Ganhe 1% de cashback em dep\u00f3sitos para sites parceiros"},"content":{"rendered":"<div>\n<p>Por tempo limitado, ganhe <strong>1% de cashback em dep\u00f3sitos para nossos parceiros online <\/strong>\u00a0ao utilizar a Luxon Pay at\u00e9 o final do m\u00eas.<\/p>\n<p><strong>Por que entrar agora?<\/strong><\/p>\n<\/div>\n<ul data-list-tree=\"true\" data-indent=\"0\" data-border=\"0\">\n<li>Ganhe 1% de cashback em dep\u00f3sitos para sites parceiros<\/li>\n<li>Pagamento r\u00e1pido, seguro e sem complica\u00e7\u00f5es<\/li>\n<li>Sem etapas extras \u2014 \u00e9 s\u00f3 fazer login, depositar e aproveitar o cashback<\/li>\n<\/ul>\n<div><strong>Termos e Condi\u00e7\u00f5es<\/strong><\/div>\n<ul data-list-tree=\"true\" data-indent=\"0\" data-border=\"0\">\n<li>Esta oferta \u00e9 v\u00e1lida para dep\u00f3sitos em sites parceiros realizados entre 13 e 28 de fevereiro de 2026<\/li>\n<li>O cashback ser\u00e1 creditado automaticamente em at\u00e9 7 dias \u00fateis ap\u00f3s o t\u00e9rmino da promo\u00e7\u00e3o<\/li>\n<li>N\u00e3o h\u00e1 limite m\u00e1ximo para o valor de cashback recebido<\/li>\n<li>Esta promo\u00e7\u00e3o \u00e9 nominal e intransfer\u00edvel<\/li>\n<li>V\u00e1lida apenas para sites parceiros, excluindo plataformas ou dep\u00f3sitos relacionados a eventos ao vivo<\/li>\n<li>Aplicam-se as condi\u00e7\u00f5es gerais da Luxon Pay<\/li>\n<\/ul>\n","protected":false},"excerpt":{"rendered":"<p>Por tempo limitado, ganhe 1% de cashback em dep\u00f3sitos para nossos parceiros online \u00a0ao utilizar a Luxon Pay at\u00e9 o final do m\u00eas. Por que entrar agora? Ganhe 1% de cashback em dep\u00f3sitos para sites parceiros Pagamento r\u00e1pido, seguro e sem complica\u00e7\u00f5es Sem etapas extras \u2014 \u00e9 s\u00f3 fazer login, depositar e aproveitar o cashback<a class=\"excerpt-read-more\" href=\"https:\/\/luxon.com\/pt-pt\/earn-1-cashback-on-merchant-deposits\/\" title=\"LerGanhe 1% de cashback em dep\u00f3sitos para sites parceiros\">&#8230; Ler mais &raquo;<\/a><\/p>\n","protected":false},"author":5,"featured_media":27947,"parent":0,"menu_order":0,"comment_status":"closed","ping_status":"closed","template":"templates\/block-template.php","meta":{"_acf_changed":false,"footnotes":""},"class_list":["post-33409","page","type-page","status-publish","has-post-thumbnail","hentry"],"acf":[],"yoast_head":"<!-- This site is optimized with the Yoast SEO plugin v27.1.1 - https:\/\/yoast.com\/product\/yoast-seo-wordpress\/ -->\n<title>Ganhe 1% de cashback em dep\u00f3sitos para sites parceiros - Luxon Pay<\/title>\n<meta name=\"robots\" content=\"index, follow, max-snippet:-1, max-image-preview:large, max-video-preview:-1\" \/>\n<link rel=\"canonical\" href=\"https:\/\/luxon.com\/pt-pt\/earn-1-cashback-on-merchant-deposits\/\" \/>\n<meta property=\"og:locale\" content=\"pt_PT\" \/>\n<meta property=\"og:type\" content=\"article\" \/>\n<meta property=\"og:title\" content=\"Ganhe 1% de cashback em dep\u00f3sitos para sites parceiros - Luxon Pay\" \/>\n<meta property=\"og:description\" content=\"Por tempo limitado, ganhe 1% de cashback em dep\u00f3sitos para nossos parceiros online \u00a0ao utilizar a Luxon Pay at\u00e9 o final do m\u00eas. Por que entrar agora? Ganhe 1% de cashback em dep\u00f3sitos para sites parceiros Pagamento r\u00e1pido, seguro e sem complica\u00e7\u00f5es Sem etapas extras \u2014 \u00e9 s\u00f3 fazer login, depositar e aproveitar o cashback... Ler mais &raquo;\" \/>\n<meta property=\"og:url\" content=\"https:\/\/luxon.com\/pt-pt\/earn-1-cashback-on-merchant-deposits\/\" \/>\n<meta property=\"og:site_name\" content=\"Luxon Pay\" \/>\n<meta property=\"article:modified_time\" content=\"2026-02-13T18:07:23+00:00\" \/>\n<meta property=\"og:image\" content=\"https:\/\/luxon.com\/wp-content\/uploads\/Group-48095818-1.png\" \/>\n\t<meta property=\"og:image:width\" content=\"636\" \/>\n\t<meta property=\"og:image:height\" content=\"521\" \/>\n\t<meta property=\"og:image:type\" content=\"image\/png\" \/>\n<meta name=\"twitter:card\" content=\"summary_large_image\" \/>\n<meta name=\"twitter:label1\" content=\"Tempo estimado de leitura\" \/>\n\t<meta name=\"twitter:data1\" content=\"1 minuto\" \/>\n<script type=\"application\/ld+json\" class=\"yoast-schema-graph\">{\"@context\":\"https:\/\/schema.org\",\"@graph\":[{\"@type\":\"WebPage\",\"@id\":\"https:\/\/luxon.com\/pt-pt\/earn-1-cashback-on-merchant-deposits\/\",\"url\":\"https:\/\/luxon.com\/pt-pt\/earn-1-cashback-on-merchant-deposits\/\",\"name\":\"Ganhe 1% de cashback em dep\u00f3sitos para sites parceiros - Luxon Pay\",\"isPartOf\":{\"@id\":\"https:\/\/luxon.com\/pt-pt\/#website\"},\"primaryImageOfPage\":{\"@id\":\"https:\/\/luxon.com\/pt-pt\/earn-1-cashback-on-merchant-deposits\/#primaryimage\"},\"image\":{\"@id\":\"https:\/\/luxon.com\/pt-pt\/earn-1-cashback-on-merchant-deposits\/#primaryimage\"},\"thumbnailUrl\":\"https:\/\/luxon.com\/wp-content\/uploads\/Group-48095818-1.png\",\"datePublished\":\"2024-08-30T14:04:06+00:00\",\"dateModified\":\"2026-02-13T18:07:23+00:00\",\"inLanguage\":\"pt-PT\",\"potentialAction\":[{\"@type\":\"ReadAction\",\"target\":[\"https:\/\/luxon.com\/pt-pt\/earn-1-cashback-on-merchant-deposits\/\"]}]},{\"@type\":\"ImageObject\",\"inLanguage\":\"pt-PT\",\"@id\":\"https:\/\/luxon.com\/pt-pt\/earn-1-cashback-on-merchant-deposits\/#primaryimage\",\"url\":\"https:\/\/luxon.com\/wp-content\/uploads\/Group-48095818-1.png\",\"contentUrl\":\"https:\/\/luxon.com\/wp-content\/uploads\/Group-48095818-1.png\",\"width\":636,\"height\":521},{\"@type\":\"WebSite\",\"@id\":\"https:\/\/luxon.com\/pt-pt\/#website\",\"url\":\"https:\/\/luxon.com\/pt-pt\/\",\"name\":\"Luxon Pay\",\"description\":\"Instant secure global payments\",\"publisher\":{\"@id\":\"https:\/\/luxon.com\/pt-pt\/#organization\"},\"potentialAction\":[{\"@type\":\"SearchAction\",\"target\":{\"@type\":\"EntryPoint\",\"urlTemplate\":\"https:\/\/luxon.com\/pt-pt\/?s={search_term_string}\"},\"query-input\":{\"@type\":\"PropertyValueSpecification\",\"valueRequired\":true,\"valueName\":\"search_term_string\"}}],\"inLanguage\":\"pt-PT\"},{\"@type\":\"Organization\",\"@id\":\"https:\/\/luxon.com\/pt-pt\/#organization\",\"name\":\"Luxon Pay\",\"url\":\"https:\/\/luxon.com\/pt-pt\/\",\"logo\":{\"@type\":\"ImageObject\",\"inLanguage\":\"pt-PT\",\"@id\":\"https:\/\/luxon.com\/pt-pt\/#\/schema\/logo\/image\/\",\"url\":\"https:\/\/luxon.com\/wp-content\/uploads\/WebsiteImage04.png\",\"contentUrl\":\"https:\/\/luxon.com\/wp-content\/uploads\/WebsiteImage04.png\",\"width\":1200,\"height\":630,\"caption\":\"Luxon Pay\"},\"image\":{\"@id\":\"https:\/\/luxon.com\/pt-pt\/#\/schema\/logo\/image\/\"}}]}<\/script>\n<!-- \/ Yoast SEO plugin. -->","yoast_head_json":{"title":"Ganhe 1% de cashback em dep\u00f3sitos para sites parceiros - Luxon Pay","robots":{"index":"index","follow":"follow","max-snippet":"max-snippet:-1","max-image-preview":"max-image-preview:large","max-video-preview":"max-video-preview:-1"},"canonical":"https:\/\/luxon.com\/pt-pt\/earn-1-cashback-on-merchant-deposits\/","og_locale":"pt_PT","og_type":"article","og_title":"Ganhe 1% de cashback em dep\u00f3sitos para sites parceiros - Luxon Pay","og_description":"Por tempo limitado, ganhe 1% de cashback em dep\u00f3sitos para nossos parceiros online \u00a0ao utilizar a Luxon Pay at\u00e9 o final do m\u00eas. Por que entrar agora? Ganhe 1% de cashback em dep\u00f3sitos para sites parceiros Pagamento r\u00e1pido, seguro e sem complica\u00e7\u00f5es Sem etapas extras \u2014 \u00e9 s\u00f3 fazer login, depositar e aproveitar o cashback... Ler mais &raquo;","og_url":"https:\/\/luxon.com\/pt-pt\/earn-1-cashback-on-merchant-deposits\/","og_site_name":"Luxon Pay","article_modified_time":"2026-02-13T18:07:23+00:00","og_image":[{"width":636,"height":521,"url":"https:\/\/luxon.com\/wp-content\/uploads\/Group-48095818-1.png","type":"image\/png"}],"twitter_card":"summary_large_image","twitter_misc":{"Tempo estimado de leitura":"1 minuto"},"schema":{"@context":"https:\/\/schema.org","@graph":[{"@type":"WebPage","@id":"https:\/\/luxon.com\/pt-pt\/earn-1-cashback-on-merchant-deposits\/","url":"https:\/\/luxon.com\/pt-pt\/earn-1-cashback-on-merchant-deposits\/","name":"Ganhe 1% de cashback em dep\u00f3sitos para sites parceiros - Luxon Pay","isPartOf":{"@id":"https:\/\/luxon.com\/pt-pt\/#website"},"primaryImageOfPage":{"@id":"https:\/\/luxon.com\/pt-pt\/earn-1-cashback-on-merchant-deposits\/#primaryimage"},"image":{"@id":"https:\/\/luxon.com\/pt-pt\/earn-1-cashback-on-merchant-deposits\/#primaryimage"},"thumbnailUrl":"https:\/\/luxon.com\/wp-content\/uploads\/Group-48095818-1.png","datePublished":"2024-08-30T14:04:06+00:00","dateModified":"2026-02-13T18:07:23+00:00","inLanguage":"pt-PT","potentialAction":[{"@type":"ReadAction","target":["https:\/\/luxon.com\/pt-pt\/earn-1-cashback-on-merchant-deposits\/"]}]},{"@type":"ImageObject","inLanguage":"pt-PT","@id":"https:\/\/luxon.com\/pt-pt\/earn-1-cashback-on-merchant-deposits\/#primaryimage","url":"https:\/\/luxon.com\/wp-content\/uploads\/Group-48095818-1.png","contentUrl":"https:\/\/luxon.com\/wp-content\/uploads\/Group-48095818-1.png","width":636,"height":521},{"@type":"WebSite","@id":"https:\/\/luxon.com\/pt-pt\/#website","url":"https:\/\/luxon.com\/pt-pt\/","name":"Luxon Pay","description":"Instant secure global payments","publisher":{"@id":"https:\/\/luxon.com\/pt-pt\/#organization"},"potentialAction":[{"@type":"SearchAction","target":{"@type":"EntryPoint","urlTemplate":"https:\/\/luxon.com\/pt-pt\/?s={search_term_string}"},"query-input":{"@type":"PropertyValueSpecification","valueRequired":true,"valueName":"search_term_string"}}],"inLanguage":"pt-PT"},{"@type":"Organization","@id":"https:\/\/luxon.com\/pt-pt\/#organization","name":"Luxon Pay","url":"https:\/\/luxon.com\/pt-pt\/","logo":{"@type":"ImageObject","inLanguage":"pt-PT","@id":"https:\/\/luxon.com\/pt-pt\/#\/schema\/logo\/image\/","url":"https:\/\/luxon.com\/wp-content\/uploads\/WebsiteImage04.png","contentUrl":"https:\/\/luxon.com\/wp-content\/uploads\/WebsiteImage04.png","width":1200,"height":630,"caption":"Luxon Pay"},"image":{"@id":"https:\/\/luxon.com\/pt-pt\/#\/schema\/logo\/image\/"}}]}},"_links":{"self":[{"href":"https:\/\/luxon.com\/pt-pt\/wp-json\/wp\/v2\/pages\/33409","targetHints":{"allow":["GET"]}}],"collection":[{"href":"https:\/\/luxon.com\/pt-pt\/wp-json\/wp\/v2\/pages"}],"about":[{"href":"https:\/\/luxon.com\/pt-pt\/wp-json\/wp\/v2\/types\/page"}],"author":[{"embeddable":true,"href":"https:\/\/luxon.com\/pt-pt\/wp-json\/wp\/v2\/users\/5"}],"replies":[{"embeddable":true,"href":"https:\/\/luxon.com\/pt-pt\/wp-json\/wp\/v2\/comments?post=33409"}],"version-history":[{"count":3,"href":"https:\/\/luxon.com\/pt-pt\/wp-json\/wp\/v2\/pages\/33409\/revisions"}],"predecessor-version":[{"id":33412,"href":"https:\/\/luxon.com\/pt-pt\/wp-json\/wp\/v2\/pages\/33409\/revisions\/33412"}],"wp:featuredmedia":[{"embeddable":true,"href":"https:\/\/luxon.com\/pt-pt\/wp-json\/wp\/v2\/media\/27947"}],"wp:attachment":[{"href":"https:\/\/luxon.com\/pt-pt\/wp-json\/wp\/v2\/media?parent=33409"}],"curies":[{"name":"wp","href":"https:\/\/api.w.org\/{rel}","templated":true}]}}