{"id":33449,"date":"2026-02-17T20:00:32","date_gmt":"2026-02-17T20:00:32","guid":{"rendered":"https:\/\/luxon.com\/?page_id=33449"},"modified":"2026-02-17T16:43:45","modified_gmt":"2026-02-17T16:43:45","slug":"a-luxon-pay-introduz-taxas-de-levantamento-zero-para-os-clientes","status":"publish","type":"page","link":"https:\/\/luxon.com\/pt-pt\/a-luxon-pay-introduz-taxas-de-levantamento-zero-para-os-clientes\/","title":{"rendered":"A Luxon Pay introduz taxas de levantamento zero para os clientes"},"content":{"rendered":"<h3 style=\"text-align: center;\"><strong>Uma forma mais clara e transparente de aceder ao teu dinheiro.<\/strong><\/h3>\n<p>&nbsp;<\/p>\n<p>Disseste-nos que as taxas de levantamento eram frustrantes. Ouvimos-te.<\/p>\n<p>Os clientes da Luxon Pay podem agora levantar fundos sem taxas da Luxon Pay, garantindo um acesso mais claro e previs\u00edvel ao seu dinheiro.<\/p>\n<p>Porque o dinheiro \u00e9 teu \u2014 n\u00e3o nosso. Esta atualiza\u00e7\u00e3o reflete o compromisso da Luxon Pay com a transpar\u00eancia e a confian\u00e7a na movimenta\u00e7\u00e3o di\u00e1ria de dinheiro, oferecendo expectativas mais claras ao levantar fundos.<\/p>\n<p>Demasiadas vezes, aceder ao pr\u00f3prio dinheiro vem com incerteza desnecess\u00e1ria \u2014 taxas pouco claras ou dedu\u00e7\u00f5es inesperadas. Esta altera\u00e7\u00e3o elimina as taxas da Luxon Pay e oferece maior clareza nos levantamentos.<\/p>\n<p>Mova o seu dinheiro com confian\u00e7a.<\/p>\n<p><img loading=\"lazy\" decoding=\"async\" class=\"alignnone size-full wp-image-33429\" src=\"https:\/\/luxon.com\/wp-content\/uploads\/Blog-Image_1600x900.png\" alt=\"\" width=\"1600\" height=\"900\" srcset=\"https:\/\/luxon.com\/wp-content\/uploads\/Blog-Image_1600x900.png 1600w, https:\/\/luxon.com\/wp-content\/uploads\/Blog-Image_1600x900-300x169.png 300w, https:\/\/luxon.com\/wp-content\/uploads\/Blog-Image_1600x900-1024x576.png 1024w, https:\/\/luxon.com\/wp-content\/uploads\/Blog-Image_1600x900-768x432.png 768w, https:\/\/luxon.com\/wp-content\/uploads\/Blog-Image_1600x900-1536x864.png 1536w\" sizes=\"auto, (max-width: 1600px) 100vw, 1600px\" \/><\/p>\n","protected":false},"excerpt":{"rendered":"<p>Uma forma mais clara e transparente de aceder ao teu dinheiro. &nbsp; Disseste-nos que as taxas de levantamento eram frustrantes. Ouvimos-te. Os clientes da Luxon Pay podem agora levantar fundos sem taxas da Luxon Pay, garantindo um acesso mais claro e previs\u00edvel ao seu dinheiro. Porque o dinheiro \u00e9 teu \u2014 n\u00e3o nosso. Esta atualiza\u00e7\u00e3o<a class=\"excerpt-read-more\" href=\"https:\/\/luxon.com\/pt-pt\/a-luxon-pay-introduz-taxas-de-levantamento-zero-para-os-clientes\/\" title=\"LerA Luxon Pay introduz taxas de levantamento zero para os clientes\">&#8230; Ler mais &raquo;<\/a><\/p>\n","protected":false},"author":3,"featured_media":33429,"parent":0,"menu_order":0,"comment_status":"closed","ping_status":"closed","template":"templates\/terms-and-conditions.php","meta":{"_acf_changed":false,"footnotes":""},"class_list":["post-33449","page","type-page","status-publish","has-post-thumbnail","hentry"],"acf":[],"yoast_head":"<!-- This site is optimized with the Yoast SEO plugin v27.4 - https:\/\/yoast.com\/product\/yoast-seo-wordpress\/ -->\n<title>A Luxon Pay introduz taxas de levantamento zero para os clientes - Luxon Pay<\/title>\n<meta name=\"robots\" content=\"index, follow, max-snippet:-1, max-image-preview:large, max-video-preview:-1\" \/>\n<link rel=\"canonical\" href=\"https:\/\/luxon.com\/pt-pt\/a-luxon-pay-introduz-taxas-de-levantamento-zero-para-os-clientes\/\" \/>\n<meta property=\"og:locale\" content=\"pt_PT\" \/>\n<meta property=\"og:type\" content=\"article\" \/>\n<meta property=\"og:title\" content=\"A Luxon Pay introduz taxas de levantamento zero para os clientes - Luxon Pay\" \/>\n<meta property=\"og:description\" content=\"Uma forma mais clara e transparente de aceder ao teu dinheiro. &nbsp; Disseste-nos que as taxas de levantamento eram frustrantes. Ouvimos-te. Os clientes da Luxon Pay podem agora levantar fundos sem taxas da Luxon Pay, garantindo um acesso mais claro e previs\u00edvel ao seu dinheiro. Porque o dinheiro \u00e9 teu \u2014 n\u00e3o nosso. Esta atualiza\u00e7\u00e3o... Ler mais &raquo;\" \/>\n<meta property=\"og:url\" content=\"https:\/\/luxon.com\/pt-pt\/a-luxon-pay-introduz-taxas-de-levantamento-zero-para-os-clientes\/\" \/>\n<meta property=\"og:site_name\" content=\"Luxon Pay\" \/>\n<meta property=\"og:image\" content=\"https:\/\/luxon.com\/wp-content\/uploads\/Blog-Image_1600x900.png\" \/>\n\t<meta property=\"og:image:width\" content=\"1600\" \/>\n\t<meta property=\"og:image:height\" content=\"900\" \/>\n\t<meta property=\"og:image:type\" content=\"image\/png\" \/>\n<meta name=\"twitter:card\" content=\"summary_large_image\" \/>\n<meta name=\"twitter:label1\" content=\"Tempo estimado de leitura\" \/>\n\t<meta name=\"twitter:data1\" content=\"1 minuto\" \/>\n<script type=\"application\/ld+json\" class=\"yoast-schema-graph\">{\"@context\":\"https:\\\/\\\/schema.org\",\"@graph\":[{\"@type\":\"WebPage\",\"@id\":\"https:\\\/\\\/luxon.com\\\/pt-pt\\\/a-luxon-pay-introduz-taxas-de-levantamento-zero-para-os-clientes\\\/\",\"url\":\"https:\\\/\\\/luxon.com\\\/pt-pt\\\/a-luxon-pay-introduz-taxas-de-levantamento-zero-para-os-clientes\\\/\",\"name\":\"A Luxon Pay introduz taxas de levantamento zero para os clientes - Luxon Pay\",\"isPartOf\":{\"@id\":\"https:\\\/\\\/luxon.com\\\/pt-pt\\\/#website\"},\"primaryImageOfPage\":{\"@id\":\"https:\\\/\\\/luxon.com\\\/pt-pt\\\/a-luxon-pay-introduz-taxas-de-levantamento-zero-para-os-clientes\\\/#primaryimage\"},\"image\":{\"@id\":\"https:\\\/\\\/luxon.com\\\/pt-pt\\\/a-luxon-pay-introduz-taxas-de-levantamento-zero-para-os-clientes\\\/#primaryimage\"},\"thumbnailUrl\":\"https:\\\/\\\/luxon.com\\\/wp-content\\\/uploads\\\/Blog-Image_1600x900.png\",\"datePublished\":\"2026-02-17T20:00:32+00:00\",\"inLanguage\":\"pt-PT\",\"potentialAction\":[{\"@type\":\"ReadAction\",\"target\":[\"https:\\\/\\\/luxon.com\\\/pt-pt\\\/a-luxon-pay-introduz-taxas-de-levantamento-zero-para-os-clientes\\\/\"]}]},{\"@type\":\"ImageObject\",\"inLanguage\":\"pt-PT\",\"@id\":\"https:\\\/\\\/luxon.com\\\/pt-pt\\\/a-luxon-pay-introduz-taxas-de-levantamento-zero-para-os-clientes\\\/#primaryimage\",\"url\":\"https:\\\/\\\/luxon.com\\\/wp-content\\\/uploads\\\/Blog-Image_1600x900.png\",\"contentUrl\":\"https:\\\/\\\/luxon.com\\\/wp-content\\\/uploads\\\/Blog-Image_1600x900.png\",\"width\":1600,\"height\":900},{\"@type\":\"WebSite\",\"@id\":\"https:\\\/\\\/luxon.com\\\/pt-pt\\\/#website\",\"url\":\"https:\\\/\\\/luxon.com\\\/pt-pt\\\/\",\"name\":\"Luxon Pay\",\"description\":\"Instant secure global payments\",\"publisher\":{\"@id\":\"https:\\\/\\\/luxon.com\\\/pt-pt\\\/#organization\"},\"potentialAction\":[{\"@type\":\"SearchAction\",\"target\":{\"@type\":\"EntryPoint\",\"urlTemplate\":\"https:\\\/\\\/luxon.com\\\/pt-pt\\\/?s={search_term_string}\"},\"query-input\":{\"@type\":\"PropertyValueSpecification\",\"valueRequired\":true,\"valueName\":\"search_term_string\"}}],\"inLanguage\":\"pt-PT\"},{\"@type\":\"Organization\",\"@id\":\"https:\\\/\\\/luxon.com\\\/pt-pt\\\/#organization\",\"name\":\"Luxon Pay\",\"url\":\"https:\\\/\\\/luxon.com\\\/pt-pt\\\/\",\"logo\":{\"@type\":\"ImageObject\",\"inLanguage\":\"pt-PT\",\"@id\":\"https:\\\/\\\/luxon.com\\\/pt-pt\\\/#\\\/schema\\\/logo\\\/image\\\/\",\"url\":\"https:\\\/\\\/luxon.com\\\/wp-content\\\/uploads\\\/WebsiteImage04.png\",\"contentUrl\":\"https:\\\/\\\/luxon.com\\\/wp-content\\\/uploads\\\/WebsiteImage04.png\",\"width\":1200,\"height\":630,\"caption\":\"Luxon Pay\"},\"image\":{\"@id\":\"https:\\\/\\\/luxon.com\\\/pt-pt\\\/#\\\/schema\\\/logo\\\/image\\\/\"}}]}<\/script>\n<!-- \/ Yoast SEO plugin. -->","yoast_head_json":{"title":"A Luxon Pay introduz taxas de levantamento zero para os clientes - Luxon Pay","robots":{"index":"index","follow":"follow","max-snippet":"max-snippet:-1","max-image-preview":"max-image-preview:large","max-video-preview":"max-video-preview:-1"},"canonical":"https:\/\/luxon.com\/pt-pt\/a-luxon-pay-introduz-taxas-de-levantamento-zero-para-os-clientes\/","og_locale":"pt_PT","og_type":"article","og_title":"A Luxon Pay introduz taxas de levantamento zero para os clientes - Luxon Pay","og_description":"Uma forma mais clara e transparente de aceder ao teu dinheiro. &nbsp; Disseste-nos que as taxas de levantamento eram frustrantes. Ouvimos-te. Os clientes da Luxon Pay podem agora levantar fundos sem taxas da Luxon Pay, garantindo um acesso mais claro e previs\u00edvel ao seu dinheiro. Porque o dinheiro \u00e9 teu \u2014 n\u00e3o nosso. Esta atualiza\u00e7\u00e3o... Ler mais &raquo;","og_url":"https:\/\/luxon.com\/pt-pt\/a-luxon-pay-introduz-taxas-de-levantamento-zero-para-os-clientes\/","og_site_name":"Luxon Pay","og_image":[{"width":1600,"height":900,"url":"https:\/\/luxon.com\/wp-content\/uploads\/Blog-Image_1600x900.png","type":"image\/png"}],"twitter_card":"summary_large_image","twitter_misc":{"Tempo estimado de leitura":"1 minuto"},"schema":{"@context":"https:\/\/schema.org","@graph":[{"@type":"WebPage","@id":"https:\/\/luxon.com\/pt-pt\/a-luxon-pay-introduz-taxas-de-levantamento-zero-para-os-clientes\/","url":"https:\/\/luxon.com\/pt-pt\/a-luxon-pay-introduz-taxas-de-levantamento-zero-para-os-clientes\/","name":"A Luxon Pay introduz taxas de levantamento zero para os clientes - Luxon Pay","isPartOf":{"@id":"https:\/\/luxon.com\/pt-pt\/#website"},"primaryImageOfPage":{"@id":"https:\/\/luxon.com\/pt-pt\/a-luxon-pay-introduz-taxas-de-levantamento-zero-para-os-clientes\/#primaryimage"},"image":{"@id":"https:\/\/luxon.com\/pt-pt\/a-luxon-pay-introduz-taxas-de-levantamento-zero-para-os-clientes\/#primaryimage"},"thumbnailUrl":"https:\/\/luxon.com\/wp-content\/uploads\/Blog-Image_1600x900.png","datePublished":"2026-02-17T20:00:32+00:00","inLanguage":"pt-PT","potentialAction":[{"@type":"ReadAction","target":["https:\/\/luxon.com\/pt-pt\/a-luxon-pay-introduz-taxas-de-levantamento-zero-para-os-clientes\/"]}]},{"@type":"ImageObject","inLanguage":"pt-PT","@id":"https:\/\/luxon.com\/pt-pt\/a-luxon-pay-introduz-taxas-de-levantamento-zero-para-os-clientes\/#primaryimage","url":"https:\/\/luxon.com\/wp-content\/uploads\/Blog-Image_1600x900.png","contentUrl":"https:\/\/luxon.com\/wp-content\/uploads\/Blog-Image_1600x900.png","width":1600,"height":900},{"@type":"WebSite","@id":"https:\/\/luxon.com\/pt-pt\/#website","url":"https:\/\/luxon.com\/pt-pt\/","name":"Luxon Pay","description":"Instant secure global payments","publisher":{"@id":"https:\/\/luxon.com\/pt-pt\/#organization"},"potentialAction":[{"@type":"SearchAction","target":{"@type":"EntryPoint","urlTemplate":"https:\/\/luxon.com\/pt-pt\/?s={search_term_string}"},"query-input":{"@type":"PropertyValueSpecification","valueRequired":true,"valueName":"search_term_string"}}],"inLanguage":"pt-PT"},{"@type":"Organization","@id":"https:\/\/luxon.com\/pt-pt\/#organization","name":"Luxon Pay","url":"https:\/\/luxon.com\/pt-pt\/","logo":{"@type":"ImageObject","inLanguage":"pt-PT","@id":"https:\/\/luxon.com\/pt-pt\/#\/schema\/logo\/image\/","url":"https:\/\/luxon.com\/wp-content\/uploads\/WebsiteImage04.png","contentUrl":"https:\/\/luxon.com\/wp-content\/uploads\/WebsiteImage04.png","width":1200,"height":630,"caption":"Luxon Pay"},"image":{"@id":"https:\/\/luxon.com\/pt-pt\/#\/schema\/logo\/image\/"}}]}},"_links":{"self":[{"href":"https:\/\/luxon.com\/pt-pt\/wp-json\/wp\/v2\/pages\/33449","targetHints":{"allow":["GET"]}}],"collection":[{"href":"https:\/\/luxon.com\/pt-pt\/wp-json\/wp\/v2\/pages"}],"about":[{"href":"https:\/\/luxon.com\/pt-pt\/wp-json\/wp\/v2\/types\/page"}],"author":[{"embeddable":true,"href":"https:\/\/luxon.com\/pt-pt\/wp-json\/wp\/v2\/users\/3"}],"replies":[{"embeddable":true,"href":"https:\/\/luxon.com\/pt-pt\/wp-json\/wp\/v2\/comments?post=33449"}],"version-history":[{"count":2,"href":"https:\/\/luxon.com\/pt-pt\/wp-json\/wp\/v2\/pages\/33449\/revisions"}],"predecessor-version":[{"id":33490,"href":"https:\/\/luxon.com\/pt-pt\/wp-json\/wp\/v2\/pages\/33449\/revisions\/33490"}],"wp:featuredmedia":[{"embeddable":true,"href":"https:\/\/luxon.com\/pt-pt\/wp-json\/wp\/v2\/media\/33429"}],"wp:attachment":[{"href":"https:\/\/luxon.com\/pt-pt\/wp-json\/wp\/v2\/media?parent=33449"}],"curies":[{"name":"wp","href":"https:\/\/api.w.org\/{rel}","templated":true}]}}