{"id":35772,"date":"2026-05-12T20:55:03","date_gmt":"2026-05-12T20:55:03","guid":{"rendered":"https:\/\/luxon.com\/win-a-10k-wsop-seat\/"},"modified":"2026-05-13T18:07:54","modified_gmt":"2026-05-13T18:07:54","slug":"win-a-10k-wsop-seat","status":"publish","type":"page","link":"https:\/\/luxon.com\/pt-pt\/win-a-10k-wsop-seat\/","title":{"rendered":"Ganha uma entrada de $10.000 para o WSOP Main Event"},"content":{"rendered":"<p>Faz valer o teu buy-in para o WSOP Vegas!<\/p>\n<p>Cada buy-in atrav\u00e9s da Luxon Pay = 1 participa\u00e7\u00e3o no sorteio para ganhar uma entrada de $10.000 para o WSOP Main Event. A tua oportunidade de jogar o Main Event de forma gratuita!<\/p>\n<p><strong>Como funciona:<\/strong><br \/>\n\u2022\u2060 \u2060Faz buy-in em qualquer torneio WSOP Vegas e faz o checkout com a Luxon Pay na app WSOP Live<br \/>\n\u2022\u2060 \u2060Recebe 1 participa\u00e7\u00e3o no sorteio por cada buy-in<br \/>\n\u2022\u2060 \u20601 entrada de $10.000 para o WSOP Main Event a pr\u00e9mio<\/p>\n<p><strong>Termos e Condi\u00e7\u00f5es<\/strong><\/p>\n<ul>\n<li>\u2060Promo\u00e7\u00e3o aberta a jogadores que fa\u00e7am checkout com a Luxon Pay em qualquer torneio WSOP Vegas atrav\u00e9s da app WSOP Live at\u00e9 29 de Junho<\/li>\n<li>O sorteio ser\u00e1 realizado a 30 de Junho. Todos os buy-ins feitos antes dessa data ser\u00e3o inclu\u00eddos nesse sorteio<\/li>\n<li>Cada buy-in eleg\u00edvel conta como uma participa\u00e7\u00e3o no sorteio, independentemente do valor do buy-in<\/li>\n<li>\u00a0\u2060Se o vencedor n\u00e3o puder jogar o WSOP Main Event 2026, ser\u00e1 discutido um pr\u00e9mio de valor equivalente<\/li>\n<\/ul>\n","protected":false},"excerpt":{"rendered":"<p>Faz valer o teu buy-in para o WSOP Vegas! Cada buy-in atrav\u00e9s da Luxon Pay = 1 participa\u00e7\u00e3o no sorteio para ganhar uma entrada de $10.000 para o WSOP Main Event. A tua oportunidade de jogar o Main Event de forma gratuita! Como funciona: \u2022\u2060 \u2060Faz buy-in em qualquer torneio WSOP Vegas e faz o<a class=\"excerpt-read-more\" href=\"https:\/\/luxon.com\/pt-pt\/win-a-10k-wsop-seat\/\" title=\"LerGanha uma entrada de $10.000 para o WSOP Main Event\">&#8230; Ler mais &raquo;<\/a><\/p>\n","protected":false},"author":5,"featured_media":35734,"parent":0,"menu_order":0,"comment_status":"closed","ping_status":"closed","template":"templates\/block-template.php","meta":{"_acf_changed":false,"footnotes":""},"class_list":["post-35772","page","type-page","status-publish","has-post-thumbnail","hentry"],"acf":[],"yoast_head":"<!-- This site is optimized with the Yoast SEO plugin v27.6 - https:\/\/yoast.com\/product\/yoast-seo-wordpress\/ -->\n<title>Ganha uma entrada de $10.000 para o WSOP Main Event - Luxon Pay<\/title>\n<meta name=\"robots\" content=\"index, follow, max-snippet:-1, max-image-preview:large, max-video-preview:-1\" \/>\n<link rel=\"canonical\" href=\"https:\/\/luxon.com\/pt-pt\/win-a-10k-wsop-seat\/\" \/>\n<meta property=\"og:locale\" content=\"pt_PT\" \/>\n<meta property=\"og:type\" content=\"article\" \/>\n<meta property=\"og:title\" content=\"Ganha uma entrada de $10.000 para o WSOP Main Event - Luxon Pay\" \/>\n<meta property=\"og:description\" content=\"Faz valer o teu buy-in para o WSOP Vegas! Cada buy-in atrav\u00e9s da Luxon Pay = 1 participa\u00e7\u00e3o no sorteio para ganhar uma entrada de $10.000 para o WSOP Main Event. A tua oportunidade de jogar o Main Event de forma gratuita! Como funciona: \u2022\u2060 \u2060Faz buy-in em qualquer torneio WSOP Vegas e faz o... Ler mais &raquo;\" \/>\n<meta property=\"og:url\" content=\"https:\/\/luxon.com\/pt-pt\/win-a-10k-wsop-seat\/\" \/>\n<meta property=\"og:site_name\" content=\"Luxon Pay\" \/>\n<meta property=\"article:modified_time\" content=\"2026-05-13T18:07:54+00:00\" \/>\n<meta property=\"og:image\" content=\"https:\/\/luxon.com\/wp-content\/uploads\/EmailBanner_1200x800_1.png\" \/>\n\t<meta property=\"og:image:width\" content=\"600\" \/>\n\t<meta property=\"og:image:height\" content=\"400\" \/>\n\t<meta property=\"og:image:type\" content=\"image\/png\" \/>\n<meta name=\"twitter:card\" content=\"summary_large_image\" \/>\n<meta name=\"twitter:label1\" content=\"Tempo estimado de leitura\" \/>\n\t<meta name=\"twitter:data1\" content=\"1 minuto\" \/>\n<script type=\"application\/ld+json\" class=\"yoast-schema-graph\">{\"@context\":\"https:\\\/\\\/schema.org\",\"@graph\":[{\"@type\":\"WebPage\",\"@id\":\"https:\\\/\\\/luxon.com\\\/pt-pt\\\/win-a-10k-wsop-seat\\\/\",\"url\":\"https:\\\/\\\/luxon.com\\\/pt-pt\\\/win-a-10k-wsop-seat\\\/\",\"name\":\"Ganha uma entrada de $10.000 para o WSOP Main Event - Luxon Pay\",\"isPartOf\":{\"@id\":\"https:\\\/\\\/luxon.com\\\/pt-pt\\\/#website\"},\"primaryImageOfPage\":{\"@id\":\"https:\\\/\\\/luxon.com\\\/pt-pt\\\/win-a-10k-wsop-seat\\\/#primaryimage\"},\"image\":{\"@id\":\"https:\\\/\\\/luxon.com\\\/pt-pt\\\/win-a-10k-wsop-seat\\\/#primaryimage\"},\"thumbnailUrl\":\"https:\\\/\\\/luxon.com\\\/wp-content\\\/uploads\\\/EmailBanner_1200x800_1.png\",\"datePublished\":\"2026-05-12T20:55:03+00:00\",\"dateModified\":\"2026-05-13T18:07:54+00:00\",\"inLanguage\":\"pt-PT\",\"potentialAction\":[{\"@type\":\"ReadAction\",\"target\":[\"https:\\\/\\\/luxon.com\\\/pt-pt\\\/win-a-10k-wsop-seat\\\/\"]}]},{\"@type\":\"ImageObject\",\"inLanguage\":\"pt-PT\",\"@id\":\"https:\\\/\\\/luxon.com\\\/pt-pt\\\/win-a-10k-wsop-seat\\\/#primaryimage\",\"url\":\"https:\\\/\\\/luxon.com\\\/wp-content\\\/uploads\\\/EmailBanner_1200x800_1.png\",\"contentUrl\":\"https:\\\/\\\/luxon.com\\\/wp-content\\\/uploads\\\/EmailBanner_1200x800_1.png\",\"width\":600,\"height\":400},{\"@type\":\"WebSite\",\"@id\":\"https:\\\/\\\/luxon.com\\\/pt-pt\\\/#website\",\"url\":\"https:\\\/\\\/luxon.com\\\/pt-pt\\\/\",\"name\":\"Luxon Pay\",\"description\":\"Instant secure global payments\",\"publisher\":{\"@id\":\"https:\\\/\\\/luxon.com\\\/pt-pt\\\/#organization\"},\"potentialAction\":[{\"@type\":\"SearchAction\",\"target\":{\"@type\":\"EntryPoint\",\"urlTemplate\":\"https:\\\/\\\/luxon.com\\\/pt-pt\\\/?s={search_term_string}\"},\"query-input\":{\"@type\":\"PropertyValueSpecification\",\"valueRequired\":true,\"valueName\":\"search_term_string\"}}],\"inLanguage\":\"pt-PT\"},{\"@type\":\"Organization\",\"@id\":\"https:\\\/\\\/luxon.com\\\/pt-pt\\\/#organization\",\"name\":\"Luxon Pay\",\"url\":\"https:\\\/\\\/luxon.com\\\/pt-pt\\\/\",\"logo\":{\"@type\":\"ImageObject\",\"inLanguage\":\"pt-PT\",\"@id\":\"https:\\\/\\\/luxon.com\\\/pt-pt\\\/#\\\/schema\\\/logo\\\/image\\\/\",\"url\":\"https:\\\/\\\/luxon.com\\\/wp-content\\\/uploads\\\/WebsiteImage04.png\",\"contentUrl\":\"https:\\\/\\\/luxon.com\\\/wp-content\\\/uploads\\\/WebsiteImage04.png\",\"width\":1200,\"height\":630,\"caption\":\"Luxon Pay\"},\"image\":{\"@id\":\"https:\\\/\\\/luxon.com\\\/pt-pt\\\/#\\\/schema\\\/logo\\\/image\\\/\"}}]}<\/script>\n<!-- \/ Yoast SEO plugin. -->","yoast_head_json":{"title":"Ganha uma entrada de $10.000 para o WSOP Main Event - Luxon Pay","robots":{"index":"index","follow":"follow","max-snippet":"max-snippet:-1","max-image-preview":"max-image-preview:large","max-video-preview":"max-video-preview:-1"},"canonical":"https:\/\/luxon.com\/pt-pt\/win-a-10k-wsop-seat\/","og_locale":"pt_PT","og_type":"article","og_title":"Ganha uma entrada de $10.000 para o WSOP Main Event - Luxon Pay","og_description":"Faz valer o teu buy-in para o WSOP Vegas! Cada buy-in atrav\u00e9s da Luxon Pay = 1 participa\u00e7\u00e3o no sorteio para ganhar uma entrada de $10.000 para o WSOP Main Event. A tua oportunidade de jogar o Main Event de forma gratuita! Como funciona: \u2022\u2060 \u2060Faz buy-in em qualquer torneio WSOP Vegas e faz o... Ler mais &raquo;","og_url":"https:\/\/luxon.com\/pt-pt\/win-a-10k-wsop-seat\/","og_site_name":"Luxon Pay","article_modified_time":"2026-05-13T18:07:54+00:00","og_image":[{"width":600,"height":400,"url":"https:\/\/luxon.com\/wp-content\/uploads\/EmailBanner_1200x800_1.png","type":"image\/png"}],"twitter_card":"summary_large_image","twitter_misc":{"Tempo estimado de leitura":"1 minuto"},"schema":{"@context":"https:\/\/schema.org","@graph":[{"@type":"WebPage","@id":"https:\/\/luxon.com\/pt-pt\/win-a-10k-wsop-seat\/","url":"https:\/\/luxon.com\/pt-pt\/win-a-10k-wsop-seat\/","name":"Ganha uma entrada de $10.000 para o WSOP Main Event - Luxon Pay","isPartOf":{"@id":"https:\/\/luxon.com\/pt-pt\/#website"},"primaryImageOfPage":{"@id":"https:\/\/luxon.com\/pt-pt\/win-a-10k-wsop-seat\/#primaryimage"},"image":{"@id":"https:\/\/luxon.com\/pt-pt\/win-a-10k-wsop-seat\/#primaryimage"},"thumbnailUrl":"https:\/\/luxon.com\/wp-content\/uploads\/EmailBanner_1200x800_1.png","datePublished":"2026-05-12T20:55:03+00:00","dateModified":"2026-05-13T18:07:54+00:00","inLanguage":"pt-PT","potentialAction":[{"@type":"ReadAction","target":["https:\/\/luxon.com\/pt-pt\/win-a-10k-wsop-seat\/"]}]},{"@type":"ImageObject","inLanguage":"pt-PT","@id":"https:\/\/luxon.com\/pt-pt\/win-a-10k-wsop-seat\/#primaryimage","url":"https:\/\/luxon.com\/wp-content\/uploads\/EmailBanner_1200x800_1.png","contentUrl":"https:\/\/luxon.com\/wp-content\/uploads\/EmailBanner_1200x800_1.png","width":600,"height":400},{"@type":"WebSite","@id":"https:\/\/luxon.com\/pt-pt\/#website","url":"https:\/\/luxon.com\/pt-pt\/","name":"Luxon Pay","description":"Instant secure global payments","publisher":{"@id":"https:\/\/luxon.com\/pt-pt\/#organization"},"potentialAction":[{"@type":"SearchAction","target":{"@type":"EntryPoint","urlTemplate":"https:\/\/luxon.com\/pt-pt\/?s={search_term_string}"},"query-input":{"@type":"PropertyValueSpecification","valueRequired":true,"valueName":"search_term_string"}}],"inLanguage":"pt-PT"},{"@type":"Organization","@id":"https:\/\/luxon.com\/pt-pt\/#organization","name":"Luxon Pay","url":"https:\/\/luxon.com\/pt-pt\/","logo":{"@type":"ImageObject","inLanguage":"pt-PT","@id":"https:\/\/luxon.com\/pt-pt\/#\/schema\/logo\/image\/","url":"https:\/\/luxon.com\/wp-content\/uploads\/WebsiteImage04.png","contentUrl":"https:\/\/luxon.com\/wp-content\/uploads\/WebsiteImage04.png","width":1200,"height":630,"caption":"Luxon Pay"},"image":{"@id":"https:\/\/luxon.com\/pt-pt\/#\/schema\/logo\/image\/"}}]}},"_links":{"self":[{"href":"https:\/\/luxon.com\/pt-pt\/wp-json\/wp\/v2\/pages\/35772","targetHints":{"allow":["GET"]}}],"collection":[{"href":"https:\/\/luxon.com\/pt-pt\/wp-json\/wp\/v2\/pages"}],"about":[{"href":"https:\/\/luxon.com\/pt-pt\/wp-json\/wp\/v2\/types\/page"}],"author":[{"embeddable":true,"href":"https:\/\/luxon.com\/pt-pt\/wp-json\/wp\/v2\/users\/5"}],"replies":[{"embeddable":true,"href":"https:\/\/luxon.com\/pt-pt\/wp-json\/wp\/v2\/comments?post=35772"}],"version-history":[{"count":4,"href":"https:\/\/luxon.com\/pt-pt\/wp-json\/wp\/v2\/pages\/35772\/revisions"}],"predecessor-version":[{"id":35802,"href":"https:\/\/luxon.com\/pt-pt\/wp-json\/wp\/v2\/pages\/35772\/revisions\/35802"}],"wp:featuredmedia":[{"embeddable":true,"href":"https:\/\/luxon.com\/pt-pt\/wp-json\/wp\/v2\/media\/35734"}],"wp:attachment":[{"href":"https:\/\/luxon.com\/pt-pt\/wp-json\/wp\/v2\/media?parent=35772"}],"curies":[{"name":"wp","href":"https:\/\/api.w.org\/{rel}","templated":true}]}}