{"id":21412,"date":"2022-11-29T11:18:36","date_gmt":"2022-11-29T11:18:36","guid":{"rendered":"https:\/\/luxon.com\/foreign-exchange\/"},"modified":"2023-05-11T19:55:45","modified_gmt":"2023-05-11T19:55:45","slug":"foreign-exchange","status":"publish","type":"page","link":"https:\/\/luxon.com\/sv\/foreign-exchange\/","title":{"rendered":"Valutav\u00e4xling"},"content":{"rendered":"<p>Hantera och skicka en m\u00e4ngd olika valutor genom att anv\u00e4nda din Luxon-pl\u00e5nbok, inklusive GBP, EUR och USD. V\u00e4xla omedelbart, n\u00e4r som helst, och \u00f6verf\u00f6r enkelt pengar till v\u00e4nner och familj, vilket ger dig fullst\u00e4ndig kontroll \u00f6ver dina pengar.<\/p>\n","protected":false},"excerpt":{"rendered":"<p>Hantera och skicka en m\u00e4ngd olika valutor genom att anv\u00e4nda din Luxon-pl\u00e5nbok, inklusive GBP, EUR och USD. V\u00e4xla omedelbart, n\u00e4r som helst, och \u00f6verf\u00f6r enkelt pengar till v\u00e4nner och familj, vilket ger dig fullst\u00e4ndig kontroll \u00f6ver dina pengar.<\/p>\n","protected":false},"author":5,"featured_media":19097,"parent":0,"menu_order":0,"comment_status":"closed","ping_status":"closed","template":"templates\/block-template.php","meta":{"_acf_changed":false,"footnotes":""},"class_list":["post-21412","page","type-page","status-publish","has-post-thumbnail","hentry"],"acf":[],"yoast_head":"<!-- This site is optimized with the Yoast SEO plugin v27.1.1 - https:\/\/yoast.com\/product\/yoast-seo-wordpress\/ -->\n<title>Valutav\u00e4xling - Luxon Pay<\/title>\n<meta name=\"robots\" content=\"index, follow, max-snippet:-1, max-image-preview:large, max-video-preview:-1\" \/>\n<link rel=\"canonical\" href=\"https:\/\/luxon.com\/sv\/foreign-exchange\/\" \/>\n<meta property=\"og:locale\" content=\"sv_SE\" \/>\n<meta property=\"og:type\" content=\"article\" \/>\n<meta property=\"og:title\" content=\"Valutav\u00e4xling - Luxon Pay\" \/>\n<meta property=\"og:description\" content=\"Hantera och skicka en m\u00e4ngd olika valutor genom att anv\u00e4nda din Luxon-pl\u00e5nbok, inklusive GBP, EUR och USD. V\u00e4xla omedelbart, n\u00e4r som helst, och \u00f6verf\u00f6r enkelt pengar till v\u00e4nner och familj, vilket ger dig fullst\u00e4ndig kontroll \u00f6ver dina pengar.\" \/>\n<meta property=\"og:url\" content=\"https:\/\/luxon.com\/sv\/foreign-exchange\/\" \/>\n<meta property=\"og:site_name\" content=\"Luxon Pay\" \/>\n<meta property=\"article:modified_time\" content=\"2023-05-11T19:55:45+00:00\" \/>\n<meta property=\"og:image\" content=\"https:\/\/luxon.com\/wp-content\/uploads\/FX-1-1.png\" \/>\n\t<meta property=\"og:image:width\" content=\"886\" \/>\n\t<meta property=\"og:image:height\" content=\"1288\" \/>\n\t<meta property=\"og:image:type\" content=\"image\/png\" \/>\n<meta name=\"twitter:card\" content=\"summary_large_image\" \/>\n<meta name=\"twitter:label1\" content=\"Ber\u00e4knad l\u00e4stid\" \/>\n\t<meta name=\"twitter:data1\" content=\"1 minut\" \/>\n<script type=\"application\/ld+json\" class=\"yoast-schema-graph\">{\"@context\":\"https:\/\/schema.org\",\"@graph\":[{\"@type\":\"WebPage\",\"@id\":\"https:\/\/luxon.com\/sv\/foreign-exchange\/\",\"url\":\"https:\/\/luxon.com\/sv\/foreign-exchange\/\",\"name\":\"Valutav\u00e4xling - Luxon Pay\",\"isPartOf\":{\"@id\":\"https:\/\/luxon.com\/sv\/#website\"},\"primaryImageOfPage\":{\"@id\":\"https:\/\/luxon.com\/sv\/foreign-exchange\/#primaryimage\"},\"image\":{\"@id\":\"https:\/\/luxon.com\/sv\/foreign-exchange\/#primaryimage\"},\"thumbnailUrl\":\"https:\/\/luxon.com\/wp-content\/uploads\/FX-1-1.png\",\"datePublished\":\"2022-11-29T11:18:36+00:00\",\"dateModified\":\"2023-05-11T19:55:45+00:00\",\"inLanguage\":\"sv-SE\",\"potentialAction\":[{\"@type\":\"ReadAction\",\"target\":[\"https:\/\/luxon.com\/sv\/foreign-exchange\/\"]}]},{\"@type\":\"ImageObject\",\"inLanguage\":\"sv-SE\",\"@id\":\"https:\/\/luxon.com\/sv\/foreign-exchange\/#primaryimage\",\"url\":\"https:\/\/luxon.com\/wp-content\/uploads\/FX-1-1.png\",\"contentUrl\":\"https:\/\/luxon.com\/wp-content\/uploads\/FX-1-1.png\",\"width\":886,\"height\":1288},{\"@type\":\"WebSite\",\"@id\":\"https:\/\/luxon.com\/sv\/#website\",\"url\":\"https:\/\/luxon.com\/sv\/\",\"name\":\"Luxon Pay\",\"description\":\"Instant secure global payments\",\"publisher\":{\"@id\":\"https:\/\/luxon.com\/sv\/#organization\"},\"potentialAction\":[{\"@type\":\"SearchAction\",\"target\":{\"@type\":\"EntryPoint\",\"urlTemplate\":\"https:\/\/luxon.com\/sv\/?s={search_term_string}\"},\"query-input\":{\"@type\":\"PropertyValueSpecification\",\"valueRequired\":true,\"valueName\":\"search_term_string\"}}],\"inLanguage\":\"sv-SE\"},{\"@type\":\"Organization\",\"@id\":\"https:\/\/luxon.com\/sv\/#organization\",\"name\":\"Luxon Pay\",\"url\":\"https:\/\/luxon.com\/sv\/\",\"logo\":{\"@type\":\"ImageObject\",\"inLanguage\":\"sv-SE\",\"@id\":\"https:\/\/luxon.com\/sv\/#\/schema\/logo\/image\/\",\"url\":\"https:\/\/luxon.com\/wp-content\/uploads\/WebsiteImage04.png\",\"contentUrl\":\"https:\/\/luxon.com\/wp-content\/uploads\/WebsiteImage04.png\",\"width\":1200,\"height\":630,\"caption\":\"Luxon Pay\"},\"image\":{\"@id\":\"https:\/\/luxon.com\/sv\/#\/schema\/logo\/image\/\"}}]}<\/script>\n<!-- \/ Yoast SEO plugin. -->","yoast_head_json":{"title":"Valutav\u00e4xling - Luxon Pay","robots":{"index":"index","follow":"follow","max-snippet":"max-snippet:-1","max-image-preview":"max-image-preview:large","max-video-preview":"max-video-preview:-1"},"canonical":"https:\/\/luxon.com\/sv\/foreign-exchange\/","og_locale":"sv_SE","og_type":"article","og_title":"Valutav\u00e4xling - Luxon Pay","og_description":"Hantera och skicka en m\u00e4ngd olika valutor genom att anv\u00e4nda din Luxon-pl\u00e5nbok, inklusive GBP, EUR och USD. V\u00e4xla omedelbart, n\u00e4r som helst, och \u00f6verf\u00f6r enkelt pengar till v\u00e4nner och familj, vilket ger dig fullst\u00e4ndig kontroll \u00f6ver dina pengar.","og_url":"https:\/\/luxon.com\/sv\/foreign-exchange\/","og_site_name":"Luxon Pay","article_modified_time":"2023-05-11T19:55:45+00:00","og_image":[{"width":886,"height":1288,"url":"https:\/\/luxon.com\/wp-content\/uploads\/FX-1-1.png","type":"image\/png"}],"twitter_card":"summary_large_image","twitter_misc":{"Ber\u00e4knad l\u00e4stid":"1 minut"},"schema":{"@context":"https:\/\/schema.org","@graph":[{"@type":"WebPage","@id":"https:\/\/luxon.com\/sv\/foreign-exchange\/","url":"https:\/\/luxon.com\/sv\/foreign-exchange\/","name":"Valutav\u00e4xling - Luxon Pay","isPartOf":{"@id":"https:\/\/luxon.com\/sv\/#website"},"primaryImageOfPage":{"@id":"https:\/\/luxon.com\/sv\/foreign-exchange\/#primaryimage"},"image":{"@id":"https:\/\/luxon.com\/sv\/foreign-exchange\/#primaryimage"},"thumbnailUrl":"https:\/\/luxon.com\/wp-content\/uploads\/FX-1-1.png","datePublished":"2022-11-29T11:18:36+00:00","dateModified":"2023-05-11T19:55:45+00:00","inLanguage":"sv-SE","potentialAction":[{"@type":"ReadAction","target":["https:\/\/luxon.com\/sv\/foreign-exchange\/"]}]},{"@type":"ImageObject","inLanguage":"sv-SE","@id":"https:\/\/luxon.com\/sv\/foreign-exchange\/#primaryimage","url":"https:\/\/luxon.com\/wp-content\/uploads\/FX-1-1.png","contentUrl":"https:\/\/luxon.com\/wp-content\/uploads\/FX-1-1.png","width":886,"height":1288},{"@type":"WebSite","@id":"https:\/\/luxon.com\/sv\/#website","url":"https:\/\/luxon.com\/sv\/","name":"Luxon Pay","description":"Instant secure global payments","publisher":{"@id":"https:\/\/luxon.com\/sv\/#organization"},"potentialAction":[{"@type":"SearchAction","target":{"@type":"EntryPoint","urlTemplate":"https:\/\/luxon.com\/sv\/?s={search_term_string}"},"query-input":{"@type":"PropertyValueSpecification","valueRequired":true,"valueName":"search_term_string"}}],"inLanguage":"sv-SE"},{"@type":"Organization","@id":"https:\/\/luxon.com\/sv\/#organization","name":"Luxon Pay","url":"https:\/\/luxon.com\/sv\/","logo":{"@type":"ImageObject","inLanguage":"sv-SE","@id":"https:\/\/luxon.com\/sv\/#\/schema\/logo\/image\/","url":"https:\/\/luxon.com\/wp-content\/uploads\/WebsiteImage04.png","contentUrl":"https:\/\/luxon.com\/wp-content\/uploads\/WebsiteImage04.png","width":1200,"height":630,"caption":"Luxon Pay"},"image":{"@id":"https:\/\/luxon.com\/sv\/#\/schema\/logo\/image\/"}}]}},"_links":{"self":[{"href":"https:\/\/luxon.com\/sv\/wp-json\/wp\/v2\/pages\/21412","targetHints":{"allow":["GET"]}}],"collection":[{"href":"https:\/\/luxon.com\/sv\/wp-json\/wp\/v2\/pages"}],"about":[{"href":"https:\/\/luxon.com\/sv\/wp-json\/wp\/v2\/types\/page"}],"author":[{"embeddable":true,"href":"https:\/\/luxon.com\/sv\/wp-json\/wp\/v2\/users\/5"}],"replies":[{"embeddable":true,"href":"https:\/\/luxon.com\/sv\/wp-json\/wp\/v2\/comments?post=21412"}],"version-history":[{"count":4,"href":"https:\/\/luxon.com\/sv\/wp-json\/wp\/v2\/pages\/21412\/revisions"}],"predecessor-version":[{"id":22253,"href":"https:\/\/luxon.com\/sv\/wp-json\/wp\/v2\/pages\/21412\/revisions\/22253"}],"wp:featuredmedia":[{"embeddable":true,"href":"https:\/\/luxon.com\/sv\/wp-json\/wp\/v2\/media\/19097"}],"wp:attachment":[{"href":"https:\/\/luxon.com\/sv\/wp-json\/wp\/v2\/media?parent=21412"}],"curies":[{"name":"wp","href":"https:\/\/api.w.org\/{rel}","templated":true}]}}