{"id":21480,"date":"2022-10-04T14:12:28","date_gmt":"2022-10-04T14:12:28","guid":{"rendered":"https:\/\/luxon.com\/security\/"},"modified":"2024-10-22T07:44:35","modified_gmt":"2024-10-22T07:44:35","slug":"security","status":"publish","type":"page","link":"https:\/\/luxon.com\/sv\/security\/","title":{"rendered":"Vi tar skyddet av dina pengar p\u00e5 allvar"},"content":{"rendered":"<p>Dina pengar \u00e4r i s\u00e4kra h\u00e4nder. Du kan anpassa dina s\u00e4kerhetsinst\u00e4llningar med inbyggd tv\u00e5faktorsautentisering. All data \u00e4r krypterad och v\u00e5rt kundsupportteam \u00e4r tillg\u00e4ngligt dygnet runt och kan hj\u00e4lpa dig omedelbart.<\/p>\n","protected":false},"excerpt":{"rendered":"<p>Dina pengar \u00e4r i s\u00e4kra h\u00e4nder. Du kan anpassa dina s\u00e4kerhetsinst\u00e4llningar med inbyggd tv\u00e5faktorsautentisering. All data \u00e4r krypterad och v\u00e5rt kundsupportteam \u00e4r tillg\u00e4ngligt dygnet runt och kan hj\u00e4lpa dig omedelbart.<\/p>\n","protected":false},"author":3,"featured_media":19040,"parent":0,"menu_order":0,"comment_status":"closed","ping_status":"closed","template":"templates\/block-template.php","meta":{"_acf_changed":false,"footnotes":""},"class_list":["post-21480","page","type-page","status-publish","has-post-thumbnail","hentry"],"acf":[],"yoast_head":"<!-- This site is optimized with the Yoast SEO plugin v27.4 - https:\/\/yoast.com\/product\/yoast-seo-wordpress\/ -->\n<title>Vi tar skyddet av dina pengar p\u00e5 allvar - Luxon Pay<\/title>\n<meta name=\"robots\" content=\"index, follow, max-snippet:-1, max-image-preview:large, max-video-preview:-1\" \/>\n<link rel=\"canonical\" href=\"https:\/\/luxon.com\/sv\/security\/\" \/>\n<meta property=\"og:locale\" content=\"sv_SE\" \/>\n<meta property=\"og:type\" content=\"article\" \/>\n<meta property=\"og:title\" content=\"Vi tar skyddet av dina pengar p\u00e5 allvar - Luxon Pay\" \/>\n<meta property=\"og:description\" content=\"Dina pengar \u00e4r i s\u00e4kra h\u00e4nder. Du kan anpassa dina s\u00e4kerhetsinst\u00e4llningar med inbyggd tv\u00e5faktorsautentisering. All data \u00e4r krypterad och v\u00e5rt kundsupportteam \u00e4r tillg\u00e4ngligt dygnet runt och kan hj\u00e4lpa dig omedelbart.\" \/>\n<meta property=\"og:url\" content=\"https:\/\/luxon.com\/sv\/security\/\" \/>\n<meta property=\"og:site_name\" content=\"Luxon Pay\" \/>\n<meta property=\"article:modified_time\" content=\"2024-10-22T07:44:35+00:00\" \/>\n<meta property=\"og:image\" content=\"https:\/\/luxon.com\/wp-content\/uploads\/Security-1.png\" \/>\n\t<meta property=\"og:image:width\" content=\"370\" \/>\n\t<meta property=\"og:image:height\" content=\"466\" \/>\n\t<meta property=\"og:image:type\" content=\"image\/png\" \/>\n<meta name=\"twitter:card\" content=\"summary_large_image\" \/>\n<meta name=\"twitter:label1\" content=\"Ber\u00e4knad l\u00e4stid\" \/>\n\t<meta name=\"twitter:data1\" content=\"1 minut\" \/>\n<script type=\"application\/ld+json\" class=\"yoast-schema-graph\">{\"@context\":\"https:\\\/\\\/schema.org\",\"@graph\":[{\"@type\":\"WebPage\",\"@id\":\"https:\\\/\\\/luxon.com\\\/sv\\\/security\\\/\",\"url\":\"https:\\\/\\\/luxon.com\\\/sv\\\/security\\\/\",\"name\":\"Vi tar skyddet av dina pengar p\u00e5 allvar - Luxon Pay\",\"isPartOf\":{\"@id\":\"https:\\\/\\\/luxon.com\\\/sv\\\/#website\"},\"primaryImageOfPage\":{\"@id\":\"https:\\\/\\\/luxon.com\\\/sv\\\/security\\\/#primaryimage\"},\"image\":{\"@id\":\"https:\\\/\\\/luxon.com\\\/sv\\\/security\\\/#primaryimage\"},\"thumbnailUrl\":\"https:\\\/\\\/luxon.com\\\/wp-content\\\/uploads\\\/Security-1.png\",\"datePublished\":\"2022-10-04T14:12:28+00:00\",\"dateModified\":\"2024-10-22T07:44:35+00:00\",\"inLanguage\":\"sv-SE\",\"potentialAction\":[{\"@type\":\"ReadAction\",\"target\":[\"https:\\\/\\\/luxon.com\\\/sv\\\/security\\\/\"]}]},{\"@type\":\"ImageObject\",\"inLanguage\":\"sv-SE\",\"@id\":\"https:\\\/\\\/luxon.com\\\/sv\\\/security\\\/#primaryimage\",\"url\":\"https:\\\/\\\/luxon.com\\\/wp-content\\\/uploads\\\/Security-1.png\",\"contentUrl\":\"https:\\\/\\\/luxon.com\\\/wp-content\\\/uploads\\\/Security-1.png\",\"width\":370,\"height\":466},{\"@type\":\"WebSite\",\"@id\":\"https:\\\/\\\/luxon.com\\\/sv\\\/#website\",\"url\":\"https:\\\/\\\/luxon.com\\\/sv\\\/\",\"name\":\"Luxon Pay\",\"description\":\"Instant secure global payments\",\"publisher\":{\"@id\":\"https:\\\/\\\/luxon.com\\\/sv\\\/#organization\"},\"potentialAction\":[{\"@type\":\"SearchAction\",\"target\":{\"@type\":\"EntryPoint\",\"urlTemplate\":\"https:\\\/\\\/luxon.com\\\/sv\\\/?s={search_term_string}\"},\"query-input\":{\"@type\":\"PropertyValueSpecification\",\"valueRequired\":true,\"valueName\":\"search_term_string\"}}],\"inLanguage\":\"sv-SE\"},{\"@type\":\"Organization\",\"@id\":\"https:\\\/\\\/luxon.com\\\/sv\\\/#organization\",\"name\":\"Luxon Pay\",\"url\":\"https:\\\/\\\/luxon.com\\\/sv\\\/\",\"logo\":{\"@type\":\"ImageObject\",\"inLanguage\":\"sv-SE\",\"@id\":\"https:\\\/\\\/luxon.com\\\/sv\\\/#\\\/schema\\\/logo\\\/image\\\/\",\"url\":\"https:\\\/\\\/luxon.com\\\/wp-content\\\/uploads\\\/WebsiteImage04.png\",\"contentUrl\":\"https:\\\/\\\/luxon.com\\\/wp-content\\\/uploads\\\/WebsiteImage04.png\",\"width\":1200,\"height\":630,\"caption\":\"Luxon Pay\"},\"image\":{\"@id\":\"https:\\\/\\\/luxon.com\\\/sv\\\/#\\\/schema\\\/logo\\\/image\\\/\"}}]}<\/script>\n<!-- \/ Yoast SEO plugin. -->","yoast_head_json":{"title":"Vi tar skyddet av dina pengar p\u00e5 allvar - Luxon Pay","robots":{"index":"index","follow":"follow","max-snippet":"max-snippet:-1","max-image-preview":"max-image-preview:large","max-video-preview":"max-video-preview:-1"},"canonical":"https:\/\/luxon.com\/sv\/security\/","og_locale":"sv_SE","og_type":"article","og_title":"Vi tar skyddet av dina pengar p\u00e5 allvar - Luxon Pay","og_description":"Dina pengar \u00e4r i s\u00e4kra h\u00e4nder. Du kan anpassa dina s\u00e4kerhetsinst\u00e4llningar med inbyggd tv\u00e5faktorsautentisering. All data \u00e4r krypterad och v\u00e5rt kundsupportteam \u00e4r tillg\u00e4ngligt dygnet runt och kan hj\u00e4lpa dig omedelbart.","og_url":"https:\/\/luxon.com\/sv\/security\/","og_site_name":"Luxon Pay","article_modified_time":"2024-10-22T07:44:35+00:00","og_image":[{"width":370,"height":466,"url":"https:\/\/luxon.com\/wp-content\/uploads\/Security-1.png","type":"image\/png"}],"twitter_card":"summary_large_image","twitter_misc":{"Ber\u00e4knad l\u00e4stid":"1 minut"},"schema":{"@context":"https:\/\/schema.org","@graph":[{"@type":"WebPage","@id":"https:\/\/luxon.com\/sv\/security\/","url":"https:\/\/luxon.com\/sv\/security\/","name":"Vi tar skyddet av dina pengar p\u00e5 allvar - Luxon Pay","isPartOf":{"@id":"https:\/\/luxon.com\/sv\/#website"},"primaryImageOfPage":{"@id":"https:\/\/luxon.com\/sv\/security\/#primaryimage"},"image":{"@id":"https:\/\/luxon.com\/sv\/security\/#primaryimage"},"thumbnailUrl":"https:\/\/luxon.com\/wp-content\/uploads\/Security-1.png","datePublished":"2022-10-04T14:12:28+00:00","dateModified":"2024-10-22T07:44:35+00:00","inLanguage":"sv-SE","potentialAction":[{"@type":"ReadAction","target":["https:\/\/luxon.com\/sv\/security\/"]}]},{"@type":"ImageObject","inLanguage":"sv-SE","@id":"https:\/\/luxon.com\/sv\/security\/#primaryimage","url":"https:\/\/luxon.com\/wp-content\/uploads\/Security-1.png","contentUrl":"https:\/\/luxon.com\/wp-content\/uploads\/Security-1.png","width":370,"height":466},{"@type":"WebSite","@id":"https:\/\/luxon.com\/sv\/#website","url":"https:\/\/luxon.com\/sv\/","name":"Luxon Pay","description":"Instant secure global payments","publisher":{"@id":"https:\/\/luxon.com\/sv\/#organization"},"potentialAction":[{"@type":"SearchAction","target":{"@type":"EntryPoint","urlTemplate":"https:\/\/luxon.com\/sv\/?s={search_term_string}"},"query-input":{"@type":"PropertyValueSpecification","valueRequired":true,"valueName":"search_term_string"}}],"inLanguage":"sv-SE"},{"@type":"Organization","@id":"https:\/\/luxon.com\/sv\/#organization","name":"Luxon Pay","url":"https:\/\/luxon.com\/sv\/","logo":{"@type":"ImageObject","inLanguage":"sv-SE","@id":"https:\/\/luxon.com\/sv\/#\/schema\/logo\/image\/","url":"https:\/\/luxon.com\/wp-content\/uploads\/WebsiteImage04.png","contentUrl":"https:\/\/luxon.com\/wp-content\/uploads\/WebsiteImage04.png","width":1200,"height":630,"caption":"Luxon Pay"},"image":{"@id":"https:\/\/luxon.com\/sv\/#\/schema\/logo\/image\/"}}]}},"_links":{"self":[{"href":"https:\/\/luxon.com\/sv\/wp-json\/wp\/v2\/pages\/21480","targetHints":{"allow":["GET"]}}],"collection":[{"href":"https:\/\/luxon.com\/sv\/wp-json\/wp\/v2\/pages"}],"about":[{"href":"https:\/\/luxon.com\/sv\/wp-json\/wp\/v2\/types\/page"}],"author":[{"embeddable":true,"href":"https:\/\/luxon.com\/sv\/wp-json\/wp\/v2\/users\/3"}],"replies":[{"embeddable":true,"href":"https:\/\/luxon.com\/sv\/wp-json\/wp\/v2\/comments?post=21480"}],"version-history":[{"count":3,"href":"https:\/\/luxon.com\/sv\/wp-json\/wp\/v2\/pages\/21480\/revisions"}],"predecessor-version":[{"id":27468,"href":"https:\/\/luxon.com\/sv\/wp-json\/wp\/v2\/pages\/21480\/revisions\/27468"}],"wp:featuredmedia":[{"embeddable":true,"href":"https:\/\/luxon.com\/sv\/wp-json\/wp\/v2\/media\/19040"}],"wp:attachment":[{"href":"https:\/\/luxon.com\/sv\/wp-json\/wp\/v2\/media?parent=21480"}],"curies":[{"name":"wp","href":"https:\/\/api.w.org\/{rel}","templated":true}]}}