{"id":27573,"date":"2024-11-29T09:43:57","date_gmt":"2024-11-29T09:43:57","guid":{"rendered":"https:\/\/luxon.com\/free-luxon-pay-mastercard-in-december\/"},"modified":"2025-06-02T09:39:28","modified_gmt":"2025-06-02T09:39:28","slug":"free-luxon-pay-mastercard-in-december","status":"publish","type":"page","link":"https:\/\/luxon.com\/sv\/free-luxon-pay-mastercard-in-december\/","title":{"rendered":"\u2060Gratis Luxon Pay Mastercard"},"content":{"rendered":"<p>Nu i Mars blir det enklare \u00e4n n\u00e5gonsin att spendera dina pengar med ett GRATIS Luxon Pay Mastercard!<\/p>\n<p>Under en begr\u00e4nsad tid kan du best\u00e4lla ditt fysiska kort helt gratis &#8211; vilket ger dig ett s\u00f6ml\u00f6st s\u00e4tt att spendera pengar v\u00e4rlden \u00f6ver.<\/p>\n<p>Missa inte! &#8211; Detta \u00e4r ett tidsbegr\u00e4nsat erbjudande. Skaffa ditt kort idag!<\/p>\n<p>Bes\u00f6k kort sektionen i appen f\u00f6r att best\u00e4lla ditt kort.<\/p>\n<p>Allm\u00e4nna villkor<\/p>\n<p>Anv\u00e4ndare m\u00e5ste ha ett fullt verifierat konto f\u00f6r att kunna best\u00e4lla ett kort. Endast UK och EU anv\u00e4ndare har m\u00f6jlighet att best\u00e4lla sina kort i nul\u00e4get. Ditt kort levereras mellan 5-10 arbetsdagar till den adress som du angivit i ditt konto.<br \/>\nDetta erbjudande \u00e4r endast tillg\u00e4ngligt 1 mars till 31 mars 2025.<br \/>\nEndast ett kort per anv\u00e4ndare \u00e4r till\u00e5tet s\u00e5 om du redan har ett kort kan du tyv\u00e4rr inte best\u00e4lla ytterligare ett.<\/p>\n","protected":false},"excerpt":{"rendered":"<p>Nu i Mars blir det enklare \u00e4n n\u00e5gonsin att spendera dina pengar med ett GRATIS Luxon Pay Mastercard! Under en begr\u00e4nsad tid kan du best\u00e4lla ditt fysiska kort helt gratis &#8211; vilket ger dig ett s\u00f6ml\u00f6st s\u00e4tt att spendera pengar v\u00e4rlden \u00f6ver. Missa inte! &#8211; Detta \u00e4r ett tidsbegr\u00e4nsat erbjudande. Skaffa ditt kort idag! Bes\u00f6k<a class=\"excerpt-read-more\" href=\"https:\/\/luxon.com\/sv\/free-luxon-pay-mastercard-in-december\/\" title=\"Read\u2060Gratis Luxon Pay Mastercard\">&#8230; Read more &raquo;<\/a><\/p>\n","protected":false},"author":5,"featured_media":26431,"parent":0,"menu_order":0,"comment_status":"closed","ping_status":"closed","template":"templates\/block-template.php","meta":{"_acf_changed":false,"footnotes":""},"class_list":["post-27573","page","type-page","status-publish","has-post-thumbnail","hentry"],"acf":[],"yoast_head":"<!-- This site is optimized with the Yoast SEO plugin v27.4 - https:\/\/yoast.com\/product\/yoast-seo-wordpress\/ -->\n<title>\u2060Gratis Luxon Pay Mastercard - Luxon Pay<\/title>\n<meta name=\"robots\" content=\"index, follow, max-snippet:-1, max-image-preview:large, max-video-preview:-1\" \/>\n<link rel=\"canonical\" href=\"https:\/\/luxon.com\/sv\/free-luxon-pay-mastercard-in-december\/\" \/>\n<meta property=\"og:locale\" content=\"sv_SE\" \/>\n<meta property=\"og:type\" content=\"article\" \/>\n<meta property=\"og:title\" content=\"\u2060Gratis Luxon Pay Mastercard - Luxon Pay\" \/>\n<meta property=\"og:description\" content=\"Nu i Mars blir det enklare \u00e4n n\u00e5gonsin att spendera dina pengar med ett GRATIS Luxon Pay Mastercard! Under en begr\u00e4nsad tid kan du best\u00e4lla ditt fysiska kort helt gratis &#8211; vilket ger dig ett s\u00f6ml\u00f6st s\u00e4tt att spendera pengar v\u00e4rlden \u00f6ver. Missa inte! &#8211; Detta \u00e4r ett tidsbegr\u00e4nsat erbjudande. Skaffa ditt kort idag! Bes\u00f6k... Read more &raquo;\" \/>\n<meta property=\"og:url\" content=\"https:\/\/luxon.com\/sv\/free-luxon-pay-mastercard-in-december\/\" \/>\n<meta property=\"og:site_name\" content=\"Luxon Pay\" \/>\n<meta property=\"article:modified_time\" content=\"2025-06-02T09:39:28+00:00\" \/>\n<meta property=\"og:image\" content=\"https:\/\/luxon.com\/wp-content\/uploads\/Hero-Image@3x-3.png\" \/>\n\t<meta property=\"og:image:width\" content=\"1652\" \/>\n\t<meta property=\"og:image:height\" content=\"1727\" \/>\n\t<meta property=\"og:image:type\" content=\"image\/png\" \/>\n<meta name=\"twitter:card\" content=\"summary_large_image\" \/>\n<meta name=\"twitter:label1\" content=\"Ber\u00e4knad l\u00e4stid\" \/>\n\t<meta name=\"twitter:data1\" content=\"1 minut\" \/>\n<script type=\"application\/ld+json\" class=\"yoast-schema-graph\">{\"@context\":\"https:\\\/\\\/schema.org\",\"@graph\":[{\"@type\":\"WebPage\",\"@id\":\"https:\\\/\\\/luxon.com\\\/sv\\\/free-luxon-pay-mastercard-in-december\\\/\",\"url\":\"https:\\\/\\\/luxon.com\\\/sv\\\/free-luxon-pay-mastercard-in-december\\\/\",\"name\":\"\u2060Gratis Luxon Pay Mastercard - Luxon Pay\",\"isPartOf\":{\"@id\":\"https:\\\/\\\/luxon.com\\\/sv\\\/#website\"},\"primaryImageOfPage\":{\"@id\":\"https:\\\/\\\/luxon.com\\\/sv\\\/free-luxon-pay-mastercard-in-december\\\/#primaryimage\"},\"image\":{\"@id\":\"https:\\\/\\\/luxon.com\\\/sv\\\/free-luxon-pay-mastercard-in-december\\\/#primaryimage\"},\"thumbnailUrl\":\"https:\\\/\\\/luxon.com\\\/wp-content\\\/uploads\\\/Hero-Image@3x-3.png\",\"datePublished\":\"2024-11-29T09:43:57+00:00\",\"dateModified\":\"2025-06-02T09:39:28+00:00\",\"inLanguage\":\"sv-SE\",\"potentialAction\":[{\"@type\":\"ReadAction\",\"target\":[\"https:\\\/\\\/luxon.com\\\/sv\\\/free-luxon-pay-mastercard-in-december\\\/\"]}]},{\"@type\":\"ImageObject\",\"inLanguage\":\"sv-SE\",\"@id\":\"https:\\\/\\\/luxon.com\\\/sv\\\/free-luxon-pay-mastercard-in-december\\\/#primaryimage\",\"url\":\"https:\\\/\\\/luxon.com\\\/wp-content\\\/uploads\\\/Hero-Image@3x-3.png\",\"contentUrl\":\"https:\\\/\\\/luxon.com\\\/wp-content\\\/uploads\\\/Hero-Image@3x-3.png\",\"width\":1652,\"height\":1727},{\"@type\":\"WebSite\",\"@id\":\"https:\\\/\\\/luxon.com\\\/sv\\\/#website\",\"url\":\"https:\\\/\\\/luxon.com\\\/sv\\\/\",\"name\":\"Luxon Pay\",\"description\":\"Instant secure global payments\",\"publisher\":{\"@id\":\"https:\\\/\\\/luxon.com\\\/sv\\\/#organization\"},\"potentialAction\":[{\"@type\":\"SearchAction\",\"target\":{\"@type\":\"EntryPoint\",\"urlTemplate\":\"https:\\\/\\\/luxon.com\\\/sv\\\/?s={search_term_string}\"},\"query-input\":{\"@type\":\"PropertyValueSpecification\",\"valueRequired\":true,\"valueName\":\"search_term_string\"}}],\"inLanguage\":\"sv-SE\"},{\"@type\":\"Organization\",\"@id\":\"https:\\\/\\\/luxon.com\\\/sv\\\/#organization\",\"name\":\"Luxon Pay\",\"url\":\"https:\\\/\\\/luxon.com\\\/sv\\\/\",\"logo\":{\"@type\":\"ImageObject\",\"inLanguage\":\"sv-SE\",\"@id\":\"https:\\\/\\\/luxon.com\\\/sv\\\/#\\\/schema\\\/logo\\\/image\\\/\",\"url\":\"https:\\\/\\\/luxon.com\\\/wp-content\\\/uploads\\\/WebsiteImage04.png\",\"contentUrl\":\"https:\\\/\\\/luxon.com\\\/wp-content\\\/uploads\\\/WebsiteImage04.png\",\"width\":1200,\"height\":630,\"caption\":\"Luxon Pay\"},\"image\":{\"@id\":\"https:\\\/\\\/luxon.com\\\/sv\\\/#\\\/schema\\\/logo\\\/image\\\/\"}}]}<\/script>\n<!-- \/ Yoast SEO plugin. -->","yoast_head_json":{"title":"\u2060Gratis Luxon Pay Mastercard - Luxon Pay","robots":{"index":"index","follow":"follow","max-snippet":"max-snippet:-1","max-image-preview":"max-image-preview:large","max-video-preview":"max-video-preview:-1"},"canonical":"https:\/\/luxon.com\/sv\/free-luxon-pay-mastercard-in-december\/","og_locale":"sv_SE","og_type":"article","og_title":"\u2060Gratis Luxon Pay Mastercard - Luxon Pay","og_description":"Nu i Mars blir det enklare \u00e4n n\u00e5gonsin att spendera dina pengar med ett GRATIS Luxon Pay Mastercard! Under en begr\u00e4nsad tid kan du best\u00e4lla ditt fysiska kort helt gratis &#8211; vilket ger dig ett s\u00f6ml\u00f6st s\u00e4tt att spendera pengar v\u00e4rlden \u00f6ver. Missa inte! &#8211; Detta \u00e4r ett tidsbegr\u00e4nsat erbjudande. Skaffa ditt kort idag! Bes\u00f6k... Read more &raquo;","og_url":"https:\/\/luxon.com\/sv\/free-luxon-pay-mastercard-in-december\/","og_site_name":"Luxon Pay","article_modified_time":"2025-06-02T09:39:28+00:00","og_image":[{"width":1652,"height":1727,"url":"https:\/\/luxon.com\/wp-content\/uploads\/Hero-Image@3x-3.png","type":"image\/png"}],"twitter_card":"summary_large_image","twitter_misc":{"Ber\u00e4knad l\u00e4stid":"1 minut"},"schema":{"@context":"https:\/\/schema.org","@graph":[{"@type":"WebPage","@id":"https:\/\/luxon.com\/sv\/free-luxon-pay-mastercard-in-december\/","url":"https:\/\/luxon.com\/sv\/free-luxon-pay-mastercard-in-december\/","name":"\u2060Gratis Luxon Pay Mastercard - Luxon Pay","isPartOf":{"@id":"https:\/\/luxon.com\/sv\/#website"},"primaryImageOfPage":{"@id":"https:\/\/luxon.com\/sv\/free-luxon-pay-mastercard-in-december\/#primaryimage"},"image":{"@id":"https:\/\/luxon.com\/sv\/free-luxon-pay-mastercard-in-december\/#primaryimage"},"thumbnailUrl":"https:\/\/luxon.com\/wp-content\/uploads\/Hero-Image@3x-3.png","datePublished":"2024-11-29T09:43:57+00:00","dateModified":"2025-06-02T09:39:28+00:00","inLanguage":"sv-SE","potentialAction":[{"@type":"ReadAction","target":["https:\/\/luxon.com\/sv\/free-luxon-pay-mastercard-in-december\/"]}]},{"@type":"ImageObject","inLanguage":"sv-SE","@id":"https:\/\/luxon.com\/sv\/free-luxon-pay-mastercard-in-december\/#primaryimage","url":"https:\/\/luxon.com\/wp-content\/uploads\/Hero-Image@3x-3.png","contentUrl":"https:\/\/luxon.com\/wp-content\/uploads\/Hero-Image@3x-3.png","width":1652,"height":1727},{"@type":"WebSite","@id":"https:\/\/luxon.com\/sv\/#website","url":"https:\/\/luxon.com\/sv\/","name":"Luxon Pay","description":"Instant secure global payments","publisher":{"@id":"https:\/\/luxon.com\/sv\/#organization"},"potentialAction":[{"@type":"SearchAction","target":{"@type":"EntryPoint","urlTemplate":"https:\/\/luxon.com\/sv\/?s={search_term_string}"},"query-input":{"@type":"PropertyValueSpecification","valueRequired":true,"valueName":"search_term_string"}}],"inLanguage":"sv-SE"},{"@type":"Organization","@id":"https:\/\/luxon.com\/sv\/#organization","name":"Luxon Pay","url":"https:\/\/luxon.com\/sv\/","logo":{"@type":"ImageObject","inLanguage":"sv-SE","@id":"https:\/\/luxon.com\/sv\/#\/schema\/logo\/image\/","url":"https:\/\/luxon.com\/wp-content\/uploads\/WebsiteImage04.png","contentUrl":"https:\/\/luxon.com\/wp-content\/uploads\/WebsiteImage04.png","width":1200,"height":630,"caption":"Luxon Pay"},"image":{"@id":"https:\/\/luxon.com\/sv\/#\/schema\/logo\/image\/"}}]}},"_links":{"self":[{"href":"https:\/\/luxon.com\/sv\/wp-json\/wp\/v2\/pages\/27573","targetHints":{"allow":["GET"]}}],"collection":[{"href":"https:\/\/luxon.com\/sv\/wp-json\/wp\/v2\/pages"}],"about":[{"href":"https:\/\/luxon.com\/sv\/wp-json\/wp\/v2\/types\/page"}],"author":[{"embeddable":true,"href":"https:\/\/luxon.com\/sv\/wp-json\/wp\/v2\/users\/5"}],"replies":[{"embeddable":true,"href":"https:\/\/luxon.com\/sv\/wp-json\/wp\/v2\/comments?post=27573"}],"version-history":[{"count":4,"href":"https:\/\/luxon.com\/sv\/wp-json\/wp\/v2\/pages\/27573\/revisions"}],"predecessor-version":[{"id":29928,"href":"https:\/\/luxon.com\/sv\/wp-json\/wp\/v2\/pages\/27573\/revisions\/29928"}],"wp:featuredmedia":[{"embeddable":true,"href":"https:\/\/luxon.com\/sv\/wp-json\/wp\/v2\/media\/26431"}],"wp:attachment":[{"href":"https:\/\/luxon.com\/sv\/wp-json\/wp\/v2\/media?parent=27573"}],"curies":[{"name":"wp","href":"https:\/\/api.w.org\/{rel}","templated":true}]}}