{"id":30035,"date":"2025-05-22T14:37:46","date_gmt":"2025-05-22T14:37:46","guid":{"rendered":"https:\/\/luxon.com\/win-a-free-10000-wsop-main-event-seat-in-our-exclusive-giveaway\/"},"modified":"2025-06-04T06:20:58","modified_gmt":"2025-06-04T06:20:58","slug":"win-a-free-10000-wsop-main-event-seat-in-our-exclusive-giveaway","status":"publish","type":"page","link":"https:\/\/luxon.com\/sv\/win-a-free-10000-wsop-main-event-seat-in-our-exclusive-giveaway\/","title":{"rendered":"Vinn en gratis WSOP Main Event-plats f\u00f6r 10 000 dollar i v\u00e5r exklusiva t\u00e4vling"},"content":{"rendered":"<ul>\n<li style=\"font-weight: 400;\">\u2060 \u2060F\u00f6lj Luxon Pay p\u00e5 X<\/li>\n<li style=\"font-weight: 400;\">\u2060 \u2060Dela inl\u00e4gget p\u00e5 X<\/li>\n<li style=\"font-weight: 400;\">\u2060 \u2060K\u00f6p till valfritt WSOP-event via Luxon Pay f\u00f6re den 30 juni<\/li>\n<\/ul>\n<p style=\"font-weight: 400;\">Villkor och regler<\/p>\n<p style=\"font-weight: 400;\">1.\u2060 \u2060Anv\u00e4ndare m\u00e5ste k\u00f6pa en biljett via WSOP+-appen och checka ut med Luxon Pay f\u00f6r att vara ber\u00e4ttigade till kampanjen<\/p>\n<p style=\"font-weight: 400;\">2.\u2060 \u2060Anv\u00e4ndare m\u00e5ste ha f\u00f6ljt Luxon Pay p\u00e5 X och delat det relevanta inl\u00e4gget f\u00f6r att vara ber\u00e4ttigade<\/p>\n<p style=\"font-weight: 400;\">3.\u2060 \u2060Anm\u00e4lan st\u00e4ngs kl. 23:59 CET den 30 juni 2025<\/p>\n<p style=\"font-weight: 400;\">4.\u2060 \u2060Vinnaren kommer att tillk\u00e4nnages den 1 juli 2025<\/p>\n<p style=\"font-weight: 400;\">5.\u2060 \u2060WSOP Main Event-platsen p\u00e5 10 000 USD kan anv\u00e4ndas f\u00f6r WSOP Main Event 2025 eller 2026<\/p>\n","protected":false},"excerpt":{"rendered":"<p>\u2060 \u2060F\u00f6lj Luxon Pay p\u00e5 X \u2060 \u2060Dela inl\u00e4gget p\u00e5 X \u2060 \u2060K\u00f6p till valfritt WSOP-event via Luxon Pay f\u00f6re den 30 juni Villkor och regler 1.\u2060 \u2060Anv\u00e4ndare m\u00e5ste k\u00f6pa en biljett via WSOP+-appen och checka ut med Luxon Pay f\u00f6r att vara ber\u00e4ttigade till kampanjen 2.\u2060 \u2060Anv\u00e4ndare m\u00e5ste ha f\u00f6ljt Luxon Pay p\u00e5 X<a class=\"excerpt-read-more\" href=\"https:\/\/luxon.com\/sv\/win-a-free-10000-wsop-main-event-seat-in-our-exclusive-giveaway\/\" title=\"ReadVinn en gratis WSOP Main Event-plats f\u00f6r 10 000 dollar i v\u00e5r exklusiva t\u00e4vling\">&#8230; Read more &raquo;<\/a><\/p>\n","protected":false},"author":5,"featured_media":29587,"parent":0,"menu_order":0,"comment_status":"closed","ping_status":"closed","template":"templates\/block-template.php","meta":{"_acf_changed":false,"footnotes":""},"class_list":["post-30035","page","type-page","status-publish","has-post-thumbnail","hentry"],"acf":[],"yoast_head":"<!-- This site is optimized with the Yoast SEO plugin v27.1.1 - https:\/\/yoast.com\/product\/yoast-seo-wordpress\/ -->\n<title>Vinn en gratis WSOP Main Event-plats f\u00f6r 10 000 dollar i v\u00e5r exklusiva t\u00e4vling - Luxon Pay<\/title>\n<meta name=\"robots\" content=\"index, follow, max-snippet:-1, max-image-preview:large, max-video-preview:-1\" \/>\n<link rel=\"canonical\" href=\"https:\/\/luxon.com\/sv\/win-a-free-10000-wsop-main-event-seat-in-our-exclusive-giveaway\/\" \/>\n<meta property=\"og:locale\" content=\"sv_SE\" \/>\n<meta property=\"og:type\" content=\"article\" \/>\n<meta property=\"og:title\" content=\"Vinn en gratis WSOP Main Event-plats f\u00f6r 10 000 dollar i v\u00e5r exklusiva t\u00e4vling - Luxon Pay\" \/>\n<meta property=\"og:description\" content=\"\u2060 \u2060F\u00f6lj Luxon Pay p\u00e5 X \u2060 \u2060Dela inl\u00e4gget p\u00e5 X \u2060 \u2060K\u00f6p till valfritt WSOP-event via Luxon Pay f\u00f6re den 30 juni Villkor och regler 1.\u2060 \u2060Anv\u00e4ndare m\u00e5ste k\u00f6pa en biljett via WSOP+-appen och checka ut med Luxon Pay f\u00f6r att vara ber\u00e4ttigade till kampanjen 2.\u2060 \u2060Anv\u00e4ndare m\u00e5ste ha f\u00f6ljt Luxon Pay p\u00e5 X... Read more &raquo;\" \/>\n<meta property=\"og:url\" content=\"https:\/\/luxon.com\/sv\/win-a-free-10000-wsop-main-event-seat-in-our-exclusive-giveaway\/\" \/>\n<meta property=\"og:site_name\" content=\"Luxon Pay\" \/>\n<meta property=\"article:modified_time\" content=\"2025-06-04T06:20:58+00:00\" \/>\n<meta property=\"og:image\" content=\"https:\/\/luxon.com\/wp-content\/uploads\/Luxon-website-banner-image.png\" \/>\n\t<meta property=\"og:image:width\" content=\"404\" \/>\n\t<meta property=\"og:image:height\" content=\"640\" \/>\n\t<meta property=\"og:image:type\" content=\"image\/png\" \/>\n<meta name=\"twitter:card\" content=\"summary_large_image\" \/>\n<meta name=\"twitter:label1\" content=\"Ber\u00e4knad l\u00e4stid\" \/>\n\t<meta name=\"twitter:data1\" content=\"1 minut\" \/>\n<script type=\"application\/ld+json\" class=\"yoast-schema-graph\">{\"@context\":\"https:\/\/schema.org\",\"@graph\":[{\"@type\":\"WebPage\",\"@id\":\"https:\/\/luxon.com\/sv\/win-a-free-10000-wsop-main-event-seat-in-our-exclusive-giveaway\/\",\"url\":\"https:\/\/luxon.com\/sv\/win-a-free-10000-wsop-main-event-seat-in-our-exclusive-giveaway\/\",\"name\":\"Vinn en gratis WSOP Main Event-plats f\u00f6r 10 000 dollar i v\u00e5r exklusiva t\u00e4vling - Luxon Pay\",\"isPartOf\":{\"@id\":\"https:\/\/luxon.com\/sv\/#website\"},\"primaryImageOfPage\":{\"@id\":\"https:\/\/luxon.com\/sv\/win-a-free-10000-wsop-main-event-seat-in-our-exclusive-giveaway\/#primaryimage\"},\"image\":{\"@id\":\"https:\/\/luxon.com\/sv\/win-a-free-10000-wsop-main-event-seat-in-our-exclusive-giveaway\/#primaryimage\"},\"thumbnailUrl\":\"https:\/\/luxon.com\/wp-content\/uploads\/Luxon-website-banner-image.png\",\"datePublished\":\"2025-05-22T14:37:46+00:00\",\"dateModified\":\"2025-06-04T06:20:58+00:00\",\"inLanguage\":\"sv-SE\",\"potentialAction\":[{\"@type\":\"ReadAction\",\"target\":[\"https:\/\/luxon.com\/sv\/win-a-free-10000-wsop-main-event-seat-in-our-exclusive-giveaway\/\"]}]},{\"@type\":\"ImageObject\",\"inLanguage\":\"sv-SE\",\"@id\":\"https:\/\/luxon.com\/sv\/win-a-free-10000-wsop-main-event-seat-in-our-exclusive-giveaway\/#primaryimage\",\"url\":\"https:\/\/luxon.com\/wp-content\/uploads\/Luxon-website-banner-image.png\",\"contentUrl\":\"https:\/\/luxon.com\/wp-content\/uploads\/Luxon-website-banner-image.png\",\"width\":404,\"height\":640},{\"@type\":\"WebSite\",\"@id\":\"https:\/\/luxon.com\/sv\/#website\",\"url\":\"https:\/\/luxon.com\/sv\/\",\"name\":\"Luxon Pay\",\"description\":\"Instant secure global payments\",\"publisher\":{\"@id\":\"https:\/\/luxon.com\/sv\/#organization\"},\"potentialAction\":[{\"@type\":\"SearchAction\",\"target\":{\"@type\":\"EntryPoint\",\"urlTemplate\":\"https:\/\/luxon.com\/sv\/?s={search_term_string}\"},\"query-input\":{\"@type\":\"PropertyValueSpecification\",\"valueRequired\":true,\"valueName\":\"search_term_string\"}}],\"inLanguage\":\"sv-SE\"},{\"@type\":\"Organization\",\"@id\":\"https:\/\/luxon.com\/sv\/#organization\",\"name\":\"Luxon Pay\",\"url\":\"https:\/\/luxon.com\/sv\/\",\"logo\":{\"@type\":\"ImageObject\",\"inLanguage\":\"sv-SE\",\"@id\":\"https:\/\/luxon.com\/sv\/#\/schema\/logo\/image\/\",\"url\":\"https:\/\/luxon.com\/wp-content\/uploads\/WebsiteImage04.png\",\"contentUrl\":\"https:\/\/luxon.com\/wp-content\/uploads\/WebsiteImage04.png\",\"width\":1200,\"height\":630,\"caption\":\"Luxon Pay\"},\"image\":{\"@id\":\"https:\/\/luxon.com\/sv\/#\/schema\/logo\/image\/\"}}]}<\/script>\n<!-- \/ Yoast SEO plugin. -->","yoast_head_json":{"title":"Vinn en gratis WSOP Main Event-plats f\u00f6r 10 000 dollar i v\u00e5r exklusiva t\u00e4vling - Luxon Pay","robots":{"index":"index","follow":"follow","max-snippet":"max-snippet:-1","max-image-preview":"max-image-preview:large","max-video-preview":"max-video-preview:-1"},"canonical":"https:\/\/luxon.com\/sv\/win-a-free-10000-wsop-main-event-seat-in-our-exclusive-giveaway\/","og_locale":"sv_SE","og_type":"article","og_title":"Vinn en gratis WSOP Main Event-plats f\u00f6r 10 000 dollar i v\u00e5r exklusiva t\u00e4vling - Luxon Pay","og_description":"\u2060 \u2060F\u00f6lj Luxon Pay p\u00e5 X \u2060 \u2060Dela inl\u00e4gget p\u00e5 X \u2060 \u2060K\u00f6p till valfritt WSOP-event via Luxon Pay f\u00f6re den 30 juni Villkor och regler 1.\u2060 \u2060Anv\u00e4ndare m\u00e5ste k\u00f6pa en biljett via WSOP+-appen och checka ut med Luxon Pay f\u00f6r att vara ber\u00e4ttigade till kampanjen 2.\u2060 \u2060Anv\u00e4ndare m\u00e5ste ha f\u00f6ljt Luxon Pay p\u00e5 X... Read more &raquo;","og_url":"https:\/\/luxon.com\/sv\/win-a-free-10000-wsop-main-event-seat-in-our-exclusive-giveaway\/","og_site_name":"Luxon Pay","article_modified_time":"2025-06-04T06:20:58+00:00","og_image":[{"width":404,"height":640,"url":"https:\/\/luxon.com\/wp-content\/uploads\/Luxon-website-banner-image.png","type":"image\/png"}],"twitter_card":"summary_large_image","twitter_misc":{"Ber\u00e4knad l\u00e4stid":"1 minut"},"schema":{"@context":"https:\/\/schema.org","@graph":[{"@type":"WebPage","@id":"https:\/\/luxon.com\/sv\/win-a-free-10000-wsop-main-event-seat-in-our-exclusive-giveaway\/","url":"https:\/\/luxon.com\/sv\/win-a-free-10000-wsop-main-event-seat-in-our-exclusive-giveaway\/","name":"Vinn en gratis WSOP Main Event-plats f\u00f6r 10 000 dollar i v\u00e5r exklusiva t\u00e4vling - Luxon Pay","isPartOf":{"@id":"https:\/\/luxon.com\/sv\/#website"},"primaryImageOfPage":{"@id":"https:\/\/luxon.com\/sv\/win-a-free-10000-wsop-main-event-seat-in-our-exclusive-giveaway\/#primaryimage"},"image":{"@id":"https:\/\/luxon.com\/sv\/win-a-free-10000-wsop-main-event-seat-in-our-exclusive-giveaway\/#primaryimage"},"thumbnailUrl":"https:\/\/luxon.com\/wp-content\/uploads\/Luxon-website-banner-image.png","datePublished":"2025-05-22T14:37:46+00:00","dateModified":"2025-06-04T06:20:58+00:00","inLanguage":"sv-SE","potentialAction":[{"@type":"ReadAction","target":["https:\/\/luxon.com\/sv\/win-a-free-10000-wsop-main-event-seat-in-our-exclusive-giveaway\/"]}]},{"@type":"ImageObject","inLanguage":"sv-SE","@id":"https:\/\/luxon.com\/sv\/win-a-free-10000-wsop-main-event-seat-in-our-exclusive-giveaway\/#primaryimage","url":"https:\/\/luxon.com\/wp-content\/uploads\/Luxon-website-banner-image.png","contentUrl":"https:\/\/luxon.com\/wp-content\/uploads\/Luxon-website-banner-image.png","width":404,"height":640},{"@type":"WebSite","@id":"https:\/\/luxon.com\/sv\/#website","url":"https:\/\/luxon.com\/sv\/","name":"Luxon Pay","description":"Instant secure global payments","publisher":{"@id":"https:\/\/luxon.com\/sv\/#organization"},"potentialAction":[{"@type":"SearchAction","target":{"@type":"EntryPoint","urlTemplate":"https:\/\/luxon.com\/sv\/?s={search_term_string}"},"query-input":{"@type":"PropertyValueSpecification","valueRequired":true,"valueName":"search_term_string"}}],"inLanguage":"sv-SE"},{"@type":"Organization","@id":"https:\/\/luxon.com\/sv\/#organization","name":"Luxon Pay","url":"https:\/\/luxon.com\/sv\/","logo":{"@type":"ImageObject","inLanguage":"sv-SE","@id":"https:\/\/luxon.com\/sv\/#\/schema\/logo\/image\/","url":"https:\/\/luxon.com\/wp-content\/uploads\/WebsiteImage04.png","contentUrl":"https:\/\/luxon.com\/wp-content\/uploads\/WebsiteImage04.png","width":1200,"height":630,"caption":"Luxon Pay"},"image":{"@id":"https:\/\/luxon.com\/sv\/#\/schema\/logo\/image\/"}}]}},"_links":{"self":[{"href":"https:\/\/luxon.com\/sv\/wp-json\/wp\/v2\/pages\/30035","targetHints":{"allow":["GET"]}}],"collection":[{"href":"https:\/\/luxon.com\/sv\/wp-json\/wp\/v2\/pages"}],"about":[{"href":"https:\/\/luxon.com\/sv\/wp-json\/wp\/v2\/types\/page"}],"author":[{"embeddable":true,"href":"https:\/\/luxon.com\/sv\/wp-json\/wp\/v2\/users\/5"}],"replies":[{"embeddable":true,"href":"https:\/\/luxon.com\/sv\/wp-json\/wp\/v2\/comments?post=30035"}],"version-history":[{"count":1,"href":"https:\/\/luxon.com\/sv\/wp-json\/wp\/v2\/pages\/30035\/revisions"}],"predecessor-version":[{"id":30036,"href":"https:\/\/luxon.com\/sv\/wp-json\/wp\/v2\/pages\/30035\/revisions\/30036"}],"wp:featuredmedia":[{"embeddable":true,"href":"https:\/\/luxon.com\/sv\/wp-json\/wp\/v2\/media\/29587"}],"wp:attachment":[{"href":"https:\/\/luxon.com\/sv\/wp-json\/wp\/v2\/media?parent=30035"}],"curies":[{"name":"wp","href":"https:\/\/api.w.org\/{rel}","templated":true}]}}