{"id":33309,"date":"2025-08-20T08:36:39","date_gmt":"2025-08-20T08:36:39","guid":{"rendered":"https:\/\/luxon.com\/luxon-pay-stone-cold-bubble-protection\/"},"modified":"2026-02-09T05:41:49","modified_gmt":"2026-02-09T05:41:49","slug":"luxon-pay-stone-cold-bubble-protection","status":"publish","type":"page","link":"https:\/\/luxon.com\/sv\/luxon-pay-stone-cold-bubble-protection\/","title":{"rendered":"Luxon Pay \u2013 Stenkallt bubbelskydd"},"content":{"rendered":"<p data-start=\"180\" data-end=\"509\"><img loading=\"lazy\" decoding=\"async\" class=\"alignnone wp-image-31328\" src=\"https:\/\/luxon.com\/wp-content\/uploads\/LuxonBubbleProtectionBanner2-300x169.png\" alt=\"\" width=\"719\" height=\"405\" srcset=\"https:\/\/luxon.com\/wp-content\/uploads\/LuxonBubbleProtectionBanner2-300x169.png 300w, https:\/\/luxon.com\/wp-content\/uploads\/LuxonBubbleProtectionBanner2-1024x576.png 1024w, https:\/\/luxon.com\/wp-content\/uploads\/LuxonBubbleProtectionBanner2-768x432.png 768w, https:\/\/luxon.com\/wp-content\/uploads\/LuxonBubbleProtectionBanner2-1536x864.png 1536w, https:\/\/luxon.com\/wp-content\/uploads\/LuxonBubbleProtectionBanner2.png 1920w\" sizes=\"auto, (max-width: 719px) 100vw, 719px\" \/><\/p>\n<p>Ingen gillar att hamna i bubblan i en turnering \u2013 att komma s\u00e5 n\u00e4ra pengarna, bara f\u00f6r att g\u00e5 d\u00e4rifr\u00e5n tomh\u00e4nt. Det \u00e4r d\u00e4rf\u00f6r Luxon Pay finns d\u00e4r f\u00f6r dig. Med v\u00e5r Stone Cold Bubble Protection \u00e5terbetalar vi hela din insats direkt till ditt Luxon-konto om du \u00e4r den olycklige spelaren som \u00e5ker ut i bubblan efter att ha k\u00f6pt in dig med Luxon Pay.<\/p>\n<p>Spela med sj\u00e4lvf\u00f6rtroende, med vetskapen om att inte ens bubblan kan kn\u00e4cka dig.<\/p>\n<p>Villkor:<br \/>\n1.\u2060 \u2060Beh\u00f6righet:<br \/>\n\u2022\u2060 \u2060Spelare m\u00e5ste genomf\u00f6ra sin turneringsinsats via Luxon Pay-applikationen f\u00f6r att kvalificera sig f\u00f6r bubbelskydd.<br \/>\n\u2022\u2060 \u2060F\u00f6r att kunna g\u00f6ra anspr\u00e5k p\u00e5 bubbelskydd m\u00e5ste spelaren ha deltagit i turneringen minst en g\u00e5ng med Luxon Pay.<br \/>\n\u2022\u2060 \u2060Bubbelskyddet g\u00e4ller endast f\u00f6r specifika turneringar som annonseras.<br \/>\n2.\u2060 \u2060Definition av bubbelskydd:<br \/>\n\u2022\u2060 \u2060Bubbelskyddet garanterar en \u00e5terbetalning av insatsbeloppet om spelaren slutar som &#8221;bubblan&#8221; (den f\u00f6rsta positionen utanf\u00f6r de betalda platserna), f\u00f6rutsatt att ingen \u00f6verenskommelse eller delning av den sista betalda positionen har gjorts.<br \/>\n\u2022\u2060 \u2060\u00c5terbetalningsbeloppet kommer att motsvara turneringens buy-in, exklusive eventuella ytterligare avgifter eller kostnader.<br \/>\n3.\u2060 \u2060Ans\u00f6kan om bubbelskydd:<br \/>\n\u2022\u2060 \u2060Bubbelskyddet till\u00e4mpas automatiskt n\u00e4r spelare genomf\u00f6r sin turneringsbuy-in via Luxon Pay-appen.<br \/>\n\u2022\u2060 \u2060Fastst\u00e4llandet av bubbelspelaren bekr\u00e4ftas av Luxon Pay i samr\u00e5d med kasinot eller turneringsdirekt\u00f6ren, enbart baserat p\u00e5 det officiella kasinoturneringssystemet och namnet p\u00e5 den spelare som eliminerats i bubbelpositionen.<br \/>\n\u2022\u2060 \u2060\u00c5terbetalningar behandlas inom 72 timmar efter att turneringsresultaten har verifierats.<br \/>\n4.\u2060 \u2060Begr\u00e4nsningar och undantag:<br \/>\n\u2022\u2060 \u2060Bubbelskyddet \u00e4r inte \u00f6verl\u00e5tbart eller inl\u00f6sbart mot kontanter.<br \/>\n\u2022\u2060 \u2060I h\u00e4ndelse av tvist om bubbelpositionen \u00e4r Luxon Pays beslut slutgiltigt. *<br \/>\n\u2022\u2060 \u2060Bubbelskyddet t\u00e4cker inte \u00e5terintr\u00e4den eller till\u00e4gg.<br \/>\n5.\u2060 \u2060Allm\u00e4nna villkor:<br \/>\n\u2022\u2060 \u2060Luxon Pay f\u00f6rbeh\u00e5ller sig r\u00e4tten att n\u00e4r som helst \u00e4ndra eller avbryta erbjudandet.<br \/>\n\u2022\u2060 \u2060All bedr\u00e4glig aktivitet eller missbruk kommer att resultera i diskvalificering fr\u00e5n erbjudandet.<br \/>\n\u2022\u2060 \u2060Genom att delta i detta erbjudande samtycker spelarna till att f\u00f6lja dessa villkor.<\/p>\n<p>*Det inneb\u00e4r att om det uppst\u00e5r oenighet eller diskussion om huruvida en spelare verkligen \u00e4r \u201dbubblan\u201d (till exempel p\u00e5 grund av oklara turneringsresultat eller tvister om avtal\/delningar), har Luxon Pay det sista ordet i fr\u00e5gan.<\/p>\n<p>Denna klausul hj\u00e4lper till att skydda Luxon Pay fr\u00e5n l\u00e5ngdragna diskussioner eller \u00f6verklaganden fr\u00e5n spelare som kan f\u00f6rs\u00f6ka bestrida beslutet, vilket g\u00f6r processen enklare och effektivare.<\/p>\n","protected":false},"excerpt":{"rendered":"<p>Ingen gillar att hamna i bubblan i en turnering \u2013 att komma s\u00e5 n\u00e4ra pengarna, bara f\u00f6r att g\u00e5 d\u00e4rifr\u00e5n tomh\u00e4nt. Det \u00e4r d\u00e4rf\u00f6r Luxon Pay finns d\u00e4r f\u00f6r dig. Med v\u00e5r Stone Cold Bubble Protection \u00e5terbetalar vi hela din insats direkt till ditt Luxon-konto om du \u00e4r den olycklige spelaren som \u00e5ker ut i<a class=\"excerpt-read-more\" href=\"https:\/\/luxon.com\/sv\/luxon-pay-stone-cold-bubble-protection\/\" title=\"ReadLuxon Pay \u2013 Stenkallt bubbelskydd\">&#8230; Read more &raquo;<\/a><\/p>\n","protected":false},"author":9,"featured_media":31324,"parent":0,"menu_order":0,"comment_status":"closed","ping_status":"closed","template":"template-full-width.php","meta":{"_acf_changed":false,"footnotes":""},"class_list":["post-33309","page","type-page","status-publish","has-post-thumbnail","hentry"],"acf":[],"yoast_head":"<!-- This site is optimized with the Yoast SEO plugin v27.1.1 - https:\/\/yoast.com\/product\/yoast-seo-wordpress\/ -->\n<title>Luxon Pay \u2013 Stenkallt bubbelskydd - Luxon Pay<\/title>\n<meta name=\"robots\" content=\"index, follow, max-snippet:-1, max-image-preview:large, max-video-preview:-1\" \/>\n<link rel=\"canonical\" href=\"https:\/\/luxon.com\/sv\/luxon-pay-stone-cold-bubble-protection\/\" \/>\n<meta property=\"og:locale\" content=\"sv_SE\" \/>\n<meta property=\"og:type\" content=\"article\" \/>\n<meta property=\"og:title\" content=\"Luxon Pay \u2013 Stenkallt bubbelskydd - Luxon Pay\" \/>\n<meta property=\"og:description\" content=\"Ingen gillar att hamna i bubblan i en turnering \u2013 att komma s\u00e5 n\u00e4ra pengarna, bara f\u00f6r att g\u00e5 d\u00e4rifr\u00e5n tomh\u00e4nt. Det \u00e4r d\u00e4rf\u00f6r Luxon Pay finns d\u00e4r f\u00f6r dig. Med v\u00e5r Stone Cold Bubble Protection \u00e5terbetalar vi hela din insats direkt till ditt Luxon-konto om du \u00e4r den olycklige spelaren som \u00e5ker ut i... Read more &raquo;\" \/>\n<meta property=\"og:url\" content=\"https:\/\/luxon.com\/sv\/luxon-pay-stone-cold-bubble-protection\/\" \/>\n<meta property=\"og:site_name\" content=\"Luxon Pay\" \/>\n<meta property=\"article:modified_time\" content=\"2026-02-09T05:41:49+00:00\" \/>\n<meta property=\"og:image\" content=\"https:\/\/luxon.com\/wp-content\/uploads\/LuxonBubbleProtectionBanner.jpeg\" \/>\n\t<meta property=\"og:image:width\" content=\"1920\" \/>\n\t<meta property=\"og:image:height\" content=\"1080\" \/>\n\t<meta property=\"og:image:type\" content=\"image\/jpeg\" \/>\n<meta name=\"twitter:card\" content=\"summary_large_image\" \/>\n<meta name=\"twitter:label1\" content=\"Ber\u00e4knad l\u00e4stid\" \/>\n\t<meta name=\"twitter:data1\" content=\"3 minuter\" \/>\n<script type=\"application\/ld+json\" class=\"yoast-schema-graph\">{\"@context\":\"https:\/\/schema.org\",\"@graph\":[{\"@type\":\"WebPage\",\"@id\":\"https:\/\/luxon.com\/sv\/luxon-pay-stone-cold-bubble-protection\/\",\"url\":\"https:\/\/luxon.com\/sv\/luxon-pay-stone-cold-bubble-protection\/\",\"name\":\"Luxon Pay \u2013 Stenkallt bubbelskydd - Luxon Pay\",\"isPartOf\":{\"@id\":\"https:\/\/luxon.com\/sv\/#website\"},\"primaryImageOfPage\":{\"@id\":\"https:\/\/luxon.com\/sv\/luxon-pay-stone-cold-bubble-protection\/#primaryimage\"},\"image\":{\"@id\":\"https:\/\/luxon.com\/sv\/luxon-pay-stone-cold-bubble-protection\/#primaryimage\"},\"thumbnailUrl\":\"https:\/\/luxon.com\/wp-content\/uploads\/LuxonBubbleProtectionBanner.jpeg\",\"datePublished\":\"2025-08-20T08:36:39+00:00\",\"dateModified\":\"2026-02-09T05:41:49+00:00\",\"inLanguage\":\"sv-SE\",\"potentialAction\":[{\"@type\":\"ReadAction\",\"target\":[\"https:\/\/luxon.com\/sv\/luxon-pay-stone-cold-bubble-protection\/\"]}]},{\"@type\":\"ImageObject\",\"inLanguage\":\"sv-SE\",\"@id\":\"https:\/\/luxon.com\/sv\/luxon-pay-stone-cold-bubble-protection\/#primaryimage\",\"url\":\"https:\/\/luxon.com\/wp-content\/uploads\/LuxonBubbleProtectionBanner.jpeg\",\"contentUrl\":\"https:\/\/luxon.com\/wp-content\/uploads\/LuxonBubbleProtectionBanner.jpeg\",\"width\":1920,\"height\":1080},{\"@type\":\"WebSite\",\"@id\":\"https:\/\/luxon.com\/sv\/#website\",\"url\":\"https:\/\/luxon.com\/sv\/\",\"name\":\"Luxon Pay\",\"description\":\"Instant secure global payments\",\"publisher\":{\"@id\":\"https:\/\/luxon.com\/sv\/#organization\"},\"potentialAction\":[{\"@type\":\"SearchAction\",\"target\":{\"@type\":\"EntryPoint\",\"urlTemplate\":\"https:\/\/luxon.com\/sv\/?s={search_term_string}\"},\"query-input\":{\"@type\":\"PropertyValueSpecification\",\"valueRequired\":true,\"valueName\":\"search_term_string\"}}],\"inLanguage\":\"sv-SE\"},{\"@type\":\"Organization\",\"@id\":\"https:\/\/luxon.com\/sv\/#organization\",\"name\":\"Luxon Pay\",\"url\":\"https:\/\/luxon.com\/sv\/\",\"logo\":{\"@type\":\"ImageObject\",\"inLanguage\":\"sv-SE\",\"@id\":\"https:\/\/luxon.com\/sv\/#\/schema\/logo\/image\/\",\"url\":\"https:\/\/luxon.com\/wp-content\/uploads\/WebsiteImage04.png\",\"contentUrl\":\"https:\/\/luxon.com\/wp-content\/uploads\/WebsiteImage04.png\",\"width\":1200,\"height\":630,\"caption\":\"Luxon Pay\"},\"image\":{\"@id\":\"https:\/\/luxon.com\/sv\/#\/schema\/logo\/image\/\"}}]}<\/script>\n<!-- \/ Yoast SEO plugin. -->","yoast_head_json":{"title":"Luxon Pay \u2013 Stenkallt bubbelskydd - Luxon Pay","robots":{"index":"index","follow":"follow","max-snippet":"max-snippet:-1","max-image-preview":"max-image-preview:large","max-video-preview":"max-video-preview:-1"},"canonical":"https:\/\/luxon.com\/sv\/luxon-pay-stone-cold-bubble-protection\/","og_locale":"sv_SE","og_type":"article","og_title":"Luxon Pay \u2013 Stenkallt bubbelskydd - Luxon Pay","og_description":"Ingen gillar att hamna i bubblan i en turnering \u2013 att komma s\u00e5 n\u00e4ra pengarna, bara f\u00f6r att g\u00e5 d\u00e4rifr\u00e5n tomh\u00e4nt. Det \u00e4r d\u00e4rf\u00f6r Luxon Pay finns d\u00e4r f\u00f6r dig. Med v\u00e5r Stone Cold Bubble Protection \u00e5terbetalar vi hela din insats direkt till ditt Luxon-konto om du \u00e4r den olycklige spelaren som \u00e5ker ut i... Read more &raquo;","og_url":"https:\/\/luxon.com\/sv\/luxon-pay-stone-cold-bubble-protection\/","og_site_name":"Luxon Pay","article_modified_time":"2026-02-09T05:41:49+00:00","og_image":[{"width":1920,"height":1080,"url":"https:\/\/luxon.com\/wp-content\/uploads\/LuxonBubbleProtectionBanner.jpeg","type":"image\/jpeg"}],"twitter_card":"summary_large_image","twitter_misc":{"Ber\u00e4knad l\u00e4stid":"3 minuter"},"schema":{"@context":"https:\/\/schema.org","@graph":[{"@type":"WebPage","@id":"https:\/\/luxon.com\/sv\/luxon-pay-stone-cold-bubble-protection\/","url":"https:\/\/luxon.com\/sv\/luxon-pay-stone-cold-bubble-protection\/","name":"Luxon Pay \u2013 Stenkallt bubbelskydd - Luxon Pay","isPartOf":{"@id":"https:\/\/luxon.com\/sv\/#website"},"primaryImageOfPage":{"@id":"https:\/\/luxon.com\/sv\/luxon-pay-stone-cold-bubble-protection\/#primaryimage"},"image":{"@id":"https:\/\/luxon.com\/sv\/luxon-pay-stone-cold-bubble-protection\/#primaryimage"},"thumbnailUrl":"https:\/\/luxon.com\/wp-content\/uploads\/LuxonBubbleProtectionBanner.jpeg","datePublished":"2025-08-20T08:36:39+00:00","dateModified":"2026-02-09T05:41:49+00:00","inLanguage":"sv-SE","potentialAction":[{"@type":"ReadAction","target":["https:\/\/luxon.com\/sv\/luxon-pay-stone-cold-bubble-protection\/"]}]},{"@type":"ImageObject","inLanguage":"sv-SE","@id":"https:\/\/luxon.com\/sv\/luxon-pay-stone-cold-bubble-protection\/#primaryimage","url":"https:\/\/luxon.com\/wp-content\/uploads\/LuxonBubbleProtectionBanner.jpeg","contentUrl":"https:\/\/luxon.com\/wp-content\/uploads\/LuxonBubbleProtectionBanner.jpeg","width":1920,"height":1080},{"@type":"WebSite","@id":"https:\/\/luxon.com\/sv\/#website","url":"https:\/\/luxon.com\/sv\/","name":"Luxon Pay","description":"Instant secure global payments","publisher":{"@id":"https:\/\/luxon.com\/sv\/#organization"},"potentialAction":[{"@type":"SearchAction","target":{"@type":"EntryPoint","urlTemplate":"https:\/\/luxon.com\/sv\/?s={search_term_string}"},"query-input":{"@type":"PropertyValueSpecification","valueRequired":true,"valueName":"search_term_string"}}],"inLanguage":"sv-SE"},{"@type":"Organization","@id":"https:\/\/luxon.com\/sv\/#organization","name":"Luxon Pay","url":"https:\/\/luxon.com\/sv\/","logo":{"@type":"ImageObject","inLanguage":"sv-SE","@id":"https:\/\/luxon.com\/sv\/#\/schema\/logo\/image\/","url":"https:\/\/luxon.com\/wp-content\/uploads\/WebsiteImage04.png","contentUrl":"https:\/\/luxon.com\/wp-content\/uploads\/WebsiteImage04.png","width":1200,"height":630,"caption":"Luxon Pay"},"image":{"@id":"https:\/\/luxon.com\/sv\/#\/schema\/logo\/image\/"}}]}},"_links":{"self":[{"href":"https:\/\/luxon.com\/sv\/wp-json\/wp\/v2\/pages\/33309","targetHints":{"allow":["GET"]}}],"collection":[{"href":"https:\/\/luxon.com\/sv\/wp-json\/wp\/v2\/pages"}],"about":[{"href":"https:\/\/luxon.com\/sv\/wp-json\/wp\/v2\/types\/page"}],"author":[{"embeddable":true,"href":"https:\/\/luxon.com\/sv\/wp-json\/wp\/v2\/users\/9"}],"replies":[{"embeddable":true,"href":"https:\/\/luxon.com\/sv\/wp-json\/wp\/v2\/comments?post=33309"}],"version-history":[{"count":1,"href":"https:\/\/luxon.com\/sv\/wp-json\/wp\/v2\/pages\/33309\/revisions"}],"predecessor-version":[{"id":33328,"href":"https:\/\/luxon.com\/sv\/wp-json\/wp\/v2\/pages\/33309\/revisions\/33328"}],"wp:featuredmedia":[{"embeddable":true,"href":"https:\/\/luxon.com\/sv\/wp-json\/wp\/v2\/media\/31324"}],"wp:attachment":[{"href":"https:\/\/luxon.com\/sv\/wp-json\/wp\/v2\/media?parent=33309"}],"curies":[{"name":"wp","href":"https:\/\/api.w.org\/{rel}","templated":true}]}}