{"id":33453,"date":"2026-02-17T20:00:32","date_gmt":"2026-02-17T20:00:32","guid":{"rendered":"https:\/\/luxon.com\/?page_id=33453"},"modified":"2026-02-17T16:44:24","modified_gmt":"2026-02-17T16:44:24","slug":"luxon-pay-infor-0-uttagsavgifter-for-kunder","status":"publish","type":"page","link":"https:\/\/luxon.com\/sv\/luxon-pay-infor-0-uttagsavgifter-for-kunder\/","title":{"rendered":"Luxon Pay inf\u00f6r 0 uttagsavgifter f\u00f6r kunder"},"content":{"rendered":"<h3 style=\"text-align: center;\"><strong>Ett tydligare och mer transparent s\u00e4tt att komma \u00e5t dina pengar.<\/strong><\/h3>\n<p>&nbsp;<\/p>\n<p>Du sa att uttagsavgifter var frustrerande. Vi lyssnade.<\/p>\n<p>Luxon Pay-kunder kan nu ta ut pengar utan Luxon Pay uttagsavgifter, vilket ger tydligare och mer f\u00f6ruts\u00e4gbar \u00e5tkomst till sina pengar.<\/p>\n<p>F\u00f6r att det \u00e4r dina pengar \u2013 inte v\u00e5ra. Den h\u00e4r uppdateringen visar Luxon Pays engagemang f\u00f6r transparens och trygghet i vardagliga penningr\u00f6relser och ger kunder tydligare f\u00f6rv\u00e4ntningar vid uttag.<\/p>\n<p>Alltf\u00f6r ofta inneb\u00e4r \u00e5tkomst till dina egna pengar on\u00f6dig os\u00e4kerhet \u2013 otydliga avgifter eller ov\u00e4ntade avdrag. Den h\u00e4r f\u00f6r\u00e4ndringen tar bort Luxon Pay uttagsavgifter och ger st\u00f6rre tydlighet vid uttag.<\/p>\n<p>Flytta pengar med trygghet.<\/p>\n<p><img loading=\"lazy\" decoding=\"async\" class=\"alignnone size-full wp-image-33433\" src=\"https:\/\/luxon.com\/wp-content\/uploads\/Blog-Image_1600x900.png\" alt=\"\" width=\"1600\" height=\"900\" srcset=\"https:\/\/luxon.com\/wp-content\/uploads\/Blog-Image_1600x900.png 1600w, https:\/\/luxon.com\/wp-content\/uploads\/Blog-Image_1600x900-300x169.png 300w, https:\/\/luxon.com\/wp-content\/uploads\/Blog-Image_1600x900-1024x576.png 1024w, https:\/\/luxon.com\/wp-content\/uploads\/Blog-Image_1600x900-768x432.png 768w, https:\/\/luxon.com\/wp-content\/uploads\/Blog-Image_1600x900-1536x864.png 1536w\" sizes=\"auto, (max-width: 1600px) 100vw, 1600px\" \/><\/p>\n","protected":false},"excerpt":{"rendered":"<p>Ett tydligare och mer transparent s\u00e4tt att komma \u00e5t dina pengar. &nbsp; Du sa att uttagsavgifter var frustrerande. Vi lyssnade. Luxon Pay-kunder kan nu ta ut pengar utan Luxon Pay uttagsavgifter, vilket ger tydligare och mer f\u00f6ruts\u00e4gbar \u00e5tkomst till sina pengar. F\u00f6r att det \u00e4r dina pengar \u2013 inte v\u00e5ra. Den h\u00e4r uppdateringen visar Luxon<a class=\"excerpt-read-more\" href=\"https:\/\/luxon.com\/sv\/luxon-pay-infor-0-uttagsavgifter-for-kunder\/\" title=\"ReadLuxon Pay inf\u00f6r 0 uttagsavgifter f\u00f6r kunder\">&#8230; Read more &raquo;<\/a><\/p>\n","protected":false},"author":3,"featured_media":33433,"parent":0,"menu_order":0,"comment_status":"closed","ping_status":"closed","template":"templates\/terms-and-conditions.php","meta":{"_acf_changed":false,"footnotes":""},"class_list":["post-33453","page","type-page","status-publish","has-post-thumbnail","hentry"],"acf":[],"yoast_head":"<!-- This site is optimized with the Yoast SEO plugin v27.4 - https:\/\/yoast.com\/product\/yoast-seo-wordpress\/ -->\n<title>Luxon Pay inf\u00f6r 0 uttagsavgifter f\u00f6r kunder - Luxon Pay<\/title>\n<meta name=\"robots\" content=\"index, follow, max-snippet:-1, max-image-preview:large, max-video-preview:-1\" \/>\n<link rel=\"canonical\" href=\"https:\/\/luxon.com\/sv\/luxon-pay-infor-0-uttagsavgifter-for-kunder\/\" \/>\n<meta property=\"og:locale\" content=\"sv_SE\" \/>\n<meta property=\"og:type\" content=\"article\" \/>\n<meta property=\"og:title\" content=\"Luxon Pay inf\u00f6r 0 uttagsavgifter f\u00f6r kunder - Luxon Pay\" \/>\n<meta property=\"og:description\" content=\"Ett tydligare och mer transparent s\u00e4tt att komma \u00e5t dina pengar. &nbsp; Du sa att uttagsavgifter var frustrerande. Vi lyssnade. Luxon Pay-kunder kan nu ta ut pengar utan Luxon Pay uttagsavgifter, vilket ger tydligare och mer f\u00f6ruts\u00e4gbar \u00e5tkomst till sina pengar. F\u00f6r att det \u00e4r dina pengar \u2013 inte v\u00e5ra. Den h\u00e4r uppdateringen visar Luxon... Read more &raquo;\" \/>\n<meta property=\"og:url\" content=\"https:\/\/luxon.com\/sv\/luxon-pay-infor-0-uttagsavgifter-for-kunder\/\" \/>\n<meta property=\"og:site_name\" content=\"Luxon Pay\" \/>\n<meta property=\"og:image\" content=\"https:\/\/luxon.com\/wp-content\/uploads\/Blog-Image_1600x900.png\" \/>\n\t<meta property=\"og:image:width\" content=\"1600\" \/>\n\t<meta property=\"og:image:height\" content=\"900\" \/>\n\t<meta property=\"og:image:type\" content=\"image\/png\" \/>\n<meta name=\"twitter:card\" content=\"summary_large_image\" \/>\n<meta name=\"twitter:label1\" content=\"Ber\u00e4knad l\u00e4stid\" \/>\n\t<meta name=\"twitter:data1\" content=\"1 minut\" \/>\n<script type=\"application\/ld+json\" class=\"yoast-schema-graph\">{\"@context\":\"https:\\\/\\\/schema.org\",\"@graph\":[{\"@type\":\"WebPage\",\"@id\":\"https:\\\/\\\/luxon.com\\\/sv\\\/luxon-pay-infor-0-uttagsavgifter-for-kunder\\\/\",\"url\":\"https:\\\/\\\/luxon.com\\\/sv\\\/luxon-pay-infor-0-uttagsavgifter-for-kunder\\\/\",\"name\":\"Luxon Pay inf\u00f6r 0 uttagsavgifter f\u00f6r kunder - Luxon Pay\",\"isPartOf\":{\"@id\":\"https:\\\/\\\/luxon.com\\\/sv\\\/#website\"},\"primaryImageOfPage\":{\"@id\":\"https:\\\/\\\/luxon.com\\\/sv\\\/luxon-pay-infor-0-uttagsavgifter-for-kunder\\\/#primaryimage\"},\"image\":{\"@id\":\"https:\\\/\\\/luxon.com\\\/sv\\\/luxon-pay-infor-0-uttagsavgifter-for-kunder\\\/#primaryimage\"},\"thumbnailUrl\":\"https:\\\/\\\/luxon.com\\\/wp-content\\\/uploads\\\/Blog-Image_1600x900.png\",\"datePublished\":\"2026-02-17T20:00:32+00:00\",\"inLanguage\":\"sv-SE\",\"potentialAction\":[{\"@type\":\"ReadAction\",\"target\":[\"https:\\\/\\\/luxon.com\\\/sv\\\/luxon-pay-infor-0-uttagsavgifter-for-kunder\\\/\"]}]},{\"@type\":\"ImageObject\",\"inLanguage\":\"sv-SE\",\"@id\":\"https:\\\/\\\/luxon.com\\\/sv\\\/luxon-pay-infor-0-uttagsavgifter-for-kunder\\\/#primaryimage\",\"url\":\"https:\\\/\\\/luxon.com\\\/wp-content\\\/uploads\\\/Blog-Image_1600x900.png\",\"contentUrl\":\"https:\\\/\\\/luxon.com\\\/wp-content\\\/uploads\\\/Blog-Image_1600x900.png\",\"width\":1600,\"height\":900},{\"@type\":\"WebSite\",\"@id\":\"https:\\\/\\\/luxon.com\\\/sv\\\/#website\",\"url\":\"https:\\\/\\\/luxon.com\\\/sv\\\/\",\"name\":\"Luxon Pay\",\"description\":\"Instant secure global payments\",\"publisher\":{\"@id\":\"https:\\\/\\\/luxon.com\\\/sv\\\/#organization\"},\"potentialAction\":[{\"@type\":\"SearchAction\",\"target\":{\"@type\":\"EntryPoint\",\"urlTemplate\":\"https:\\\/\\\/luxon.com\\\/sv\\\/?s={search_term_string}\"},\"query-input\":{\"@type\":\"PropertyValueSpecification\",\"valueRequired\":true,\"valueName\":\"search_term_string\"}}],\"inLanguage\":\"sv-SE\"},{\"@type\":\"Organization\",\"@id\":\"https:\\\/\\\/luxon.com\\\/sv\\\/#organization\",\"name\":\"Luxon Pay\",\"url\":\"https:\\\/\\\/luxon.com\\\/sv\\\/\",\"logo\":{\"@type\":\"ImageObject\",\"inLanguage\":\"sv-SE\",\"@id\":\"https:\\\/\\\/luxon.com\\\/sv\\\/#\\\/schema\\\/logo\\\/image\\\/\",\"url\":\"https:\\\/\\\/luxon.com\\\/wp-content\\\/uploads\\\/WebsiteImage04.png\",\"contentUrl\":\"https:\\\/\\\/luxon.com\\\/wp-content\\\/uploads\\\/WebsiteImage04.png\",\"width\":1200,\"height\":630,\"caption\":\"Luxon Pay\"},\"image\":{\"@id\":\"https:\\\/\\\/luxon.com\\\/sv\\\/#\\\/schema\\\/logo\\\/image\\\/\"}}]}<\/script>\n<!-- \/ Yoast SEO plugin. -->","yoast_head_json":{"title":"Luxon Pay inf\u00f6r 0 uttagsavgifter f\u00f6r kunder - Luxon Pay","robots":{"index":"index","follow":"follow","max-snippet":"max-snippet:-1","max-image-preview":"max-image-preview:large","max-video-preview":"max-video-preview:-1"},"canonical":"https:\/\/luxon.com\/sv\/luxon-pay-infor-0-uttagsavgifter-for-kunder\/","og_locale":"sv_SE","og_type":"article","og_title":"Luxon Pay inf\u00f6r 0 uttagsavgifter f\u00f6r kunder - Luxon Pay","og_description":"Ett tydligare och mer transparent s\u00e4tt att komma \u00e5t dina pengar. &nbsp; Du sa att uttagsavgifter var frustrerande. Vi lyssnade. Luxon Pay-kunder kan nu ta ut pengar utan Luxon Pay uttagsavgifter, vilket ger tydligare och mer f\u00f6ruts\u00e4gbar \u00e5tkomst till sina pengar. F\u00f6r att det \u00e4r dina pengar \u2013 inte v\u00e5ra. Den h\u00e4r uppdateringen visar Luxon... Read more &raquo;","og_url":"https:\/\/luxon.com\/sv\/luxon-pay-infor-0-uttagsavgifter-for-kunder\/","og_site_name":"Luxon Pay","og_image":[{"width":1600,"height":900,"url":"https:\/\/luxon.com\/wp-content\/uploads\/Blog-Image_1600x900.png","type":"image\/png"}],"twitter_card":"summary_large_image","twitter_misc":{"Ber\u00e4knad l\u00e4stid":"1 minut"},"schema":{"@context":"https:\/\/schema.org","@graph":[{"@type":"WebPage","@id":"https:\/\/luxon.com\/sv\/luxon-pay-infor-0-uttagsavgifter-for-kunder\/","url":"https:\/\/luxon.com\/sv\/luxon-pay-infor-0-uttagsavgifter-for-kunder\/","name":"Luxon Pay inf\u00f6r 0 uttagsavgifter f\u00f6r kunder - Luxon Pay","isPartOf":{"@id":"https:\/\/luxon.com\/sv\/#website"},"primaryImageOfPage":{"@id":"https:\/\/luxon.com\/sv\/luxon-pay-infor-0-uttagsavgifter-for-kunder\/#primaryimage"},"image":{"@id":"https:\/\/luxon.com\/sv\/luxon-pay-infor-0-uttagsavgifter-for-kunder\/#primaryimage"},"thumbnailUrl":"https:\/\/luxon.com\/wp-content\/uploads\/Blog-Image_1600x900.png","datePublished":"2026-02-17T20:00:32+00:00","inLanguage":"sv-SE","potentialAction":[{"@type":"ReadAction","target":["https:\/\/luxon.com\/sv\/luxon-pay-infor-0-uttagsavgifter-for-kunder\/"]}]},{"@type":"ImageObject","inLanguage":"sv-SE","@id":"https:\/\/luxon.com\/sv\/luxon-pay-infor-0-uttagsavgifter-for-kunder\/#primaryimage","url":"https:\/\/luxon.com\/wp-content\/uploads\/Blog-Image_1600x900.png","contentUrl":"https:\/\/luxon.com\/wp-content\/uploads\/Blog-Image_1600x900.png","width":1600,"height":900},{"@type":"WebSite","@id":"https:\/\/luxon.com\/sv\/#website","url":"https:\/\/luxon.com\/sv\/","name":"Luxon Pay","description":"Instant secure global payments","publisher":{"@id":"https:\/\/luxon.com\/sv\/#organization"},"potentialAction":[{"@type":"SearchAction","target":{"@type":"EntryPoint","urlTemplate":"https:\/\/luxon.com\/sv\/?s={search_term_string}"},"query-input":{"@type":"PropertyValueSpecification","valueRequired":true,"valueName":"search_term_string"}}],"inLanguage":"sv-SE"},{"@type":"Organization","@id":"https:\/\/luxon.com\/sv\/#organization","name":"Luxon Pay","url":"https:\/\/luxon.com\/sv\/","logo":{"@type":"ImageObject","inLanguage":"sv-SE","@id":"https:\/\/luxon.com\/sv\/#\/schema\/logo\/image\/","url":"https:\/\/luxon.com\/wp-content\/uploads\/WebsiteImage04.png","contentUrl":"https:\/\/luxon.com\/wp-content\/uploads\/WebsiteImage04.png","width":1200,"height":630,"caption":"Luxon Pay"},"image":{"@id":"https:\/\/luxon.com\/sv\/#\/schema\/logo\/image\/"}}]}},"_links":{"self":[{"href":"https:\/\/luxon.com\/sv\/wp-json\/wp\/v2\/pages\/33453","targetHints":{"allow":["GET"]}}],"collection":[{"href":"https:\/\/luxon.com\/sv\/wp-json\/wp\/v2\/pages"}],"about":[{"href":"https:\/\/luxon.com\/sv\/wp-json\/wp\/v2\/types\/page"}],"author":[{"embeddable":true,"href":"https:\/\/luxon.com\/sv\/wp-json\/wp\/v2\/users\/3"}],"replies":[{"embeddable":true,"href":"https:\/\/luxon.com\/sv\/wp-json\/wp\/v2\/comments?post=33453"}],"version-history":[{"count":3,"href":"https:\/\/luxon.com\/sv\/wp-json\/wp\/v2\/pages\/33453\/revisions"}],"predecessor-version":[{"id":33495,"href":"https:\/\/luxon.com\/sv\/wp-json\/wp\/v2\/pages\/33453\/revisions\/33495"}],"wp:featuredmedia":[{"embeddable":true,"href":"https:\/\/luxon.com\/sv\/wp-json\/wp\/v2\/media\/33433"}],"wp:attachment":[{"href":"https:\/\/luxon.com\/sv\/wp-json\/wp\/v2\/media?parent=33453"}],"curies":[{"name":"wp","href":"https:\/\/api.w.org\/{rel}","templated":true}]}}