{"id":33716,"date":"2026-02-26T21:24:01","date_gmt":"2026-02-26T21:24:01","guid":{"rendered":"https:\/\/luxon.com\/receive-1-cashback-on-all-gg-poker-deposits\/"},"modified":"2026-03-09T08:19:54","modified_gmt":"2026-03-09T08:19:54","slug":"receive-1-cashback-on-all-gg-poker-deposits","status":"publish","type":"page","link":"https:\/\/luxon.com\/sv\/receive-1-cashback-on-all-gg-poker-deposits\/","title":{"rendered":"F\u00e5 1 % cashback p\u00e5 alla ins\u00e4ttningar p\u00e5 GG Poker"},"content":{"rendered":"<p><strong>1 % cashback p\u00e5 alla onlineins\u00e4ttningar p\u00e5 GG Poker n\u00e4r du anv\u00e4nder Luxon Pay.<\/strong><\/p>\n<p><strong>S\u00e5 h\u00e4r fungerar det:<br \/>\n<\/strong>\u2022 G\u00f6r en ins\u00e4ttning till GG Poker online med Luxon Pay<br \/>\n\u2022 F\u00e5 1 % cashback p\u00e5 alla ins\u00e4ttningar till GG Poker<\/p>\n<p>Om du redan spelar WSOP Super Circuit \u00e4r detta ett enkelt s\u00e4tt att f\u00e5 mer tillbaka fr\u00e5n ditt spelande.<\/p>\n<p>Lycka till vid borden!<\/p>\n<p><strong>Villkor<\/strong><\/p>\n<ul>\n<li>Erbjudandet g\u00e4ller ins\u00e4ttningar p\u00e5 GG Poker gjorda mellan 10 och 31 mars 2026.<\/li>\n<li>Cashback krediteras automatiskt inom 7 arbetsdagar efter kampanjens slut.<\/li>\n<li>Ingen \u00f6vre gr\u00e4ns eller maximal cashback-gr\u00e4ns g\u00e4ller.<\/li>\n<li>Kampanjen \u00e4r nominativ och kan inte \u00f6verl\u00e5tas.<\/li>\n<li>G\u00e4ller endast onlinehandlare och exkluderar plattformar eller ins\u00e4ttningar relaterade till liveevenemang.<\/li>\n<li>Luxon Pays allm\u00e4nna villkor g\u00e4ller.<\/li>\n<\/ul>\n","protected":false},"excerpt":{"rendered":"<p>1 % cashback p\u00e5 alla onlineins\u00e4ttningar p\u00e5 GG Poker n\u00e4r du anv\u00e4nder Luxon Pay. S\u00e5 h\u00e4r fungerar det: \u2022 G\u00f6r en ins\u00e4ttning till GG Poker online med Luxon Pay \u2022 F\u00e5 1 % cashback p\u00e5 alla ins\u00e4ttningar till GG Poker Om du redan spelar WSOP Super Circuit \u00e4r detta ett enkelt s\u00e4tt att f\u00e5 mer<a class=\"excerpt-read-more\" href=\"https:\/\/luxon.com\/sv\/receive-1-cashback-on-all-gg-poker-deposits\/\" title=\"ReadF\u00e5 1 % cashback p\u00e5 alla ins\u00e4ttningar p\u00e5 GG Poker\">&#8230; Read more &raquo;<\/a><\/p>\n","protected":false},"author":5,"featured_media":33686,"parent":0,"menu_order":0,"comment_status":"closed","ping_status":"closed","template":"templates\/block-template.php","meta":{"_acf_changed":false,"footnotes":""},"class_list":["post-33716","page","type-page","status-publish","has-post-thumbnail","hentry"],"acf":[],"yoast_head":"<!-- This site is optimized with the Yoast SEO plugin v27.1.1 - https:\/\/yoast.com\/product\/yoast-seo-wordpress\/ -->\n<title>F\u00e5 1 % cashback p\u00e5 alla ins\u00e4ttningar p\u00e5 GG Poker - Luxon Pay<\/title>\n<meta name=\"robots\" content=\"index, follow, max-snippet:-1, max-image-preview:large, max-video-preview:-1\" \/>\n<link rel=\"canonical\" href=\"https:\/\/luxon.com\/sv\/receive-1-cashback-on-all-gg-poker-deposits\/\" \/>\n<meta property=\"og:locale\" content=\"sv_SE\" \/>\n<meta property=\"og:type\" content=\"article\" \/>\n<meta property=\"og:title\" content=\"F\u00e5 1 % cashback p\u00e5 alla ins\u00e4ttningar p\u00e5 GG Poker - Luxon Pay\" \/>\n<meta property=\"og:description\" content=\"1 % cashback p\u00e5 alla onlineins\u00e4ttningar p\u00e5 GG Poker n\u00e4r du anv\u00e4nder Luxon Pay. S\u00e5 h\u00e4r fungerar det: \u2022 G\u00f6r en ins\u00e4ttning till GG Poker online med Luxon Pay \u2022 F\u00e5 1 % cashback p\u00e5 alla ins\u00e4ttningar till GG Poker Om du redan spelar WSOP Super Circuit \u00e4r detta ett enkelt s\u00e4tt att f\u00e5 mer... Read more &raquo;\" \/>\n<meta property=\"og:url\" content=\"https:\/\/luxon.com\/sv\/receive-1-cashback-on-all-gg-poker-deposits\/\" \/>\n<meta property=\"og:site_name\" content=\"Luxon Pay\" \/>\n<meta property=\"article:modified_time\" content=\"2026-03-09T08:19:54+00:00\" \/>\n<meta property=\"og:image\" content=\"https:\/\/luxon.com\/wp-content\/uploads\/wsop-super-circuit-2026-featured-image-web-enhanced.webp\" \/>\n\t<meta property=\"og:image:width\" content=\"2048\" \/>\n\t<meta property=\"og:image:height\" content=\"1076\" \/>\n\t<meta property=\"og:image:type\" content=\"image\/webp\" \/>\n<meta name=\"twitter:card\" content=\"summary_large_image\" \/>\n<meta name=\"twitter:label1\" content=\"Ber\u00e4knad l\u00e4stid\" \/>\n\t<meta name=\"twitter:data1\" content=\"1 minut\" \/>\n<script type=\"application\/ld+json\" class=\"yoast-schema-graph\">{\"@context\":\"https:\/\/schema.org\",\"@graph\":[{\"@type\":\"WebPage\",\"@id\":\"https:\/\/luxon.com\/sv\/receive-1-cashback-on-all-gg-poker-deposits\/\",\"url\":\"https:\/\/luxon.com\/sv\/receive-1-cashback-on-all-gg-poker-deposits\/\",\"name\":\"F\u00e5 1 % cashback p\u00e5 alla ins\u00e4ttningar p\u00e5 GG Poker - Luxon Pay\",\"isPartOf\":{\"@id\":\"https:\/\/luxon.com\/sv\/#website\"},\"primaryImageOfPage\":{\"@id\":\"https:\/\/luxon.com\/sv\/receive-1-cashback-on-all-gg-poker-deposits\/#primaryimage\"},\"image\":{\"@id\":\"https:\/\/luxon.com\/sv\/receive-1-cashback-on-all-gg-poker-deposits\/#primaryimage\"},\"thumbnailUrl\":\"https:\/\/luxon.com\/wp-content\/uploads\/wsop-super-circuit-2026-featured-image-web-enhanced.webp\",\"datePublished\":\"2026-02-26T21:24:01+00:00\",\"dateModified\":\"2026-03-09T08:19:54+00:00\",\"inLanguage\":\"sv-SE\",\"potentialAction\":[{\"@type\":\"ReadAction\",\"target\":[\"https:\/\/luxon.com\/sv\/receive-1-cashback-on-all-gg-poker-deposits\/\"]}]},{\"@type\":\"ImageObject\",\"inLanguage\":\"sv-SE\",\"@id\":\"https:\/\/luxon.com\/sv\/receive-1-cashback-on-all-gg-poker-deposits\/#primaryimage\",\"url\":\"https:\/\/luxon.com\/wp-content\/uploads\/wsop-super-circuit-2026-featured-image-web-enhanced.webp\",\"contentUrl\":\"https:\/\/luxon.com\/wp-content\/uploads\/wsop-super-circuit-2026-featured-image-web-enhanced.webp\",\"width\":2048,\"height\":1076},{\"@type\":\"WebSite\",\"@id\":\"https:\/\/luxon.com\/sv\/#website\",\"url\":\"https:\/\/luxon.com\/sv\/\",\"name\":\"Luxon Pay\",\"description\":\"Instant secure global payments\",\"publisher\":{\"@id\":\"https:\/\/luxon.com\/sv\/#organization\"},\"potentialAction\":[{\"@type\":\"SearchAction\",\"target\":{\"@type\":\"EntryPoint\",\"urlTemplate\":\"https:\/\/luxon.com\/sv\/?s={search_term_string}\"},\"query-input\":{\"@type\":\"PropertyValueSpecification\",\"valueRequired\":true,\"valueName\":\"search_term_string\"}}],\"inLanguage\":\"sv-SE\"},{\"@type\":\"Organization\",\"@id\":\"https:\/\/luxon.com\/sv\/#organization\",\"name\":\"Luxon Pay\",\"url\":\"https:\/\/luxon.com\/sv\/\",\"logo\":{\"@type\":\"ImageObject\",\"inLanguage\":\"sv-SE\",\"@id\":\"https:\/\/luxon.com\/sv\/#\/schema\/logo\/image\/\",\"url\":\"https:\/\/luxon.com\/wp-content\/uploads\/WebsiteImage04.png\",\"contentUrl\":\"https:\/\/luxon.com\/wp-content\/uploads\/WebsiteImage04.png\",\"width\":1200,\"height\":630,\"caption\":\"Luxon Pay\"},\"image\":{\"@id\":\"https:\/\/luxon.com\/sv\/#\/schema\/logo\/image\/\"}}]}<\/script>\n<!-- \/ Yoast SEO plugin. -->","yoast_head_json":{"title":"F\u00e5 1 % cashback p\u00e5 alla ins\u00e4ttningar p\u00e5 GG Poker - Luxon Pay","robots":{"index":"index","follow":"follow","max-snippet":"max-snippet:-1","max-image-preview":"max-image-preview:large","max-video-preview":"max-video-preview:-1"},"canonical":"https:\/\/luxon.com\/sv\/receive-1-cashback-on-all-gg-poker-deposits\/","og_locale":"sv_SE","og_type":"article","og_title":"F\u00e5 1 % cashback p\u00e5 alla ins\u00e4ttningar p\u00e5 GG Poker - Luxon Pay","og_description":"1 % cashback p\u00e5 alla onlineins\u00e4ttningar p\u00e5 GG Poker n\u00e4r du anv\u00e4nder Luxon Pay. S\u00e5 h\u00e4r fungerar det: \u2022 G\u00f6r en ins\u00e4ttning till GG Poker online med Luxon Pay \u2022 F\u00e5 1 % cashback p\u00e5 alla ins\u00e4ttningar till GG Poker Om du redan spelar WSOP Super Circuit \u00e4r detta ett enkelt s\u00e4tt att f\u00e5 mer... Read more &raquo;","og_url":"https:\/\/luxon.com\/sv\/receive-1-cashback-on-all-gg-poker-deposits\/","og_site_name":"Luxon Pay","article_modified_time":"2026-03-09T08:19:54+00:00","og_image":[{"width":2048,"height":1076,"url":"https:\/\/luxon.com\/wp-content\/uploads\/wsop-super-circuit-2026-featured-image-web-enhanced.webp","type":"image\/webp"}],"twitter_card":"summary_large_image","twitter_misc":{"Ber\u00e4knad l\u00e4stid":"1 minut"},"schema":{"@context":"https:\/\/schema.org","@graph":[{"@type":"WebPage","@id":"https:\/\/luxon.com\/sv\/receive-1-cashback-on-all-gg-poker-deposits\/","url":"https:\/\/luxon.com\/sv\/receive-1-cashback-on-all-gg-poker-deposits\/","name":"F\u00e5 1 % cashback p\u00e5 alla ins\u00e4ttningar p\u00e5 GG Poker - Luxon Pay","isPartOf":{"@id":"https:\/\/luxon.com\/sv\/#website"},"primaryImageOfPage":{"@id":"https:\/\/luxon.com\/sv\/receive-1-cashback-on-all-gg-poker-deposits\/#primaryimage"},"image":{"@id":"https:\/\/luxon.com\/sv\/receive-1-cashback-on-all-gg-poker-deposits\/#primaryimage"},"thumbnailUrl":"https:\/\/luxon.com\/wp-content\/uploads\/wsop-super-circuit-2026-featured-image-web-enhanced.webp","datePublished":"2026-02-26T21:24:01+00:00","dateModified":"2026-03-09T08:19:54+00:00","inLanguage":"sv-SE","potentialAction":[{"@type":"ReadAction","target":["https:\/\/luxon.com\/sv\/receive-1-cashback-on-all-gg-poker-deposits\/"]}]},{"@type":"ImageObject","inLanguage":"sv-SE","@id":"https:\/\/luxon.com\/sv\/receive-1-cashback-on-all-gg-poker-deposits\/#primaryimage","url":"https:\/\/luxon.com\/wp-content\/uploads\/wsop-super-circuit-2026-featured-image-web-enhanced.webp","contentUrl":"https:\/\/luxon.com\/wp-content\/uploads\/wsop-super-circuit-2026-featured-image-web-enhanced.webp","width":2048,"height":1076},{"@type":"WebSite","@id":"https:\/\/luxon.com\/sv\/#website","url":"https:\/\/luxon.com\/sv\/","name":"Luxon Pay","description":"Instant secure global payments","publisher":{"@id":"https:\/\/luxon.com\/sv\/#organization"},"potentialAction":[{"@type":"SearchAction","target":{"@type":"EntryPoint","urlTemplate":"https:\/\/luxon.com\/sv\/?s={search_term_string}"},"query-input":{"@type":"PropertyValueSpecification","valueRequired":true,"valueName":"search_term_string"}}],"inLanguage":"sv-SE"},{"@type":"Organization","@id":"https:\/\/luxon.com\/sv\/#organization","name":"Luxon Pay","url":"https:\/\/luxon.com\/sv\/","logo":{"@type":"ImageObject","inLanguage":"sv-SE","@id":"https:\/\/luxon.com\/sv\/#\/schema\/logo\/image\/","url":"https:\/\/luxon.com\/wp-content\/uploads\/WebsiteImage04.png","contentUrl":"https:\/\/luxon.com\/wp-content\/uploads\/WebsiteImage04.png","width":1200,"height":630,"caption":"Luxon Pay"},"image":{"@id":"https:\/\/luxon.com\/sv\/#\/schema\/logo\/image\/"}}]}},"_links":{"self":[{"href":"https:\/\/luxon.com\/sv\/wp-json\/wp\/v2\/pages\/33716","targetHints":{"allow":["GET"]}}],"collection":[{"href":"https:\/\/luxon.com\/sv\/wp-json\/wp\/v2\/pages"}],"about":[{"href":"https:\/\/luxon.com\/sv\/wp-json\/wp\/v2\/types\/page"}],"author":[{"embeddable":true,"href":"https:\/\/luxon.com\/sv\/wp-json\/wp\/v2\/users\/5"}],"replies":[{"embeddable":true,"href":"https:\/\/luxon.com\/sv\/wp-json\/wp\/v2\/comments?post=33716"}],"version-history":[{"count":4,"href":"https:\/\/luxon.com\/sv\/wp-json\/wp\/v2\/pages\/33716\/revisions"}],"predecessor-version":[{"id":33967,"href":"https:\/\/luxon.com\/sv\/wp-json\/wp\/v2\/pages\/33716\/revisions\/33967"}],"wp:featuredmedia":[{"embeddable":true,"href":"https:\/\/luxon.com\/sv\/wp-json\/wp\/v2\/media\/33686"}],"wp:attachment":[{"href":"https:\/\/luxon.com\/sv\/wp-json\/wp\/v2\/media?parent=33716"}],"curies":[{"name":"wp","href":"https:\/\/api.w.org\/{rel}","templated":true}]}}