{"id":33833,"date":"2026-03-02T12:33:47","date_gmt":"2026-03-02T12:33:47","guid":{"rendered":"https:\/\/luxon.com\/an-exclusive-promo-for-using-luxon-pay-at-ept-paris\/"},"modified":"2026-03-02T16:08:11","modified_gmt":"2026-03-02T16:08:11","slug":"an-exclusive-promo-for-using-luxon-pay-at-ept-paris","status":"publish","type":"page","link":"https:\/\/luxon.com\/sv\/an-exclusive-promo-for-using-luxon-pay-at-ept-paris\/","title":{"rendered":"En exklusiv kampanj f\u00f6r att anv\u00e4nda Luxon Pay p\u00e5 EPT Paris"},"content":{"rendered":"<p>Tack f\u00f6r att du anv\u00e4nder Luxon Pay p\u00e5 EPT Paris.<\/p>\n<p><strong>Exklusiv kampanj<\/strong><br \/>\nVi har ett exklusivt erbjudande till dig \u2013 f\u00e5 1 % cashback p\u00e5 alla onlinebetalningar via Luxon Pay fram till den 9 mars!<\/p>\n<p>G\u00f6r en ins\u00e4ttning f\u00f6r att b\u00f6rja tj\u00e4na pengar.<\/p>\n<p>Vi ses vid n\u00e4sta evenemang!<\/p>\n<p>Luxon Pay-teamet<\/p>\n<p><strong>Villkor<\/strong><\/p>\n<ul>\n<li>Erbjudandet g\u00e4ller alla onlinebetalningar gjorda mellan 2 och 9 mars 2026<\/li>\n<li>Cashback krediteras automatiskt inom 7 arbetsdagar efter kampanjens slut<\/li>\n<li>Det finns ingen \u00f6vre gr\u00e4ns eller maximigr\u00e4ns f\u00f6r cashback<\/li>\n<li>Kampanjen \u00e4r nominativ och kan inte \u00f6verl\u00e5tas<\/li>\n<li>G\u00e4ller endast onlinebetalningar och exkluderar plattformar eller betalningar relaterade till liveevenemang<\/li>\n<li>Luxon Pays allm\u00e4nna villkor g\u00e4ller<\/li>\n<\/ul>\n","protected":false},"excerpt":{"rendered":"<p>Tack f\u00f6r att du anv\u00e4nder Luxon Pay p\u00e5 EPT Paris. Exklusiv kampanj Vi har ett exklusivt erbjudande till dig \u2013 f\u00e5 1 % cashback p\u00e5 alla onlinebetalningar via Luxon Pay fram till den 9 mars! G\u00f6r en ins\u00e4ttning f\u00f6r att b\u00f6rja tj\u00e4na pengar. Vi ses vid n\u00e4sta evenemang! Luxon Pay-teamet Villkor Erbjudandet g\u00e4ller alla onlinebetalningar<a class=\"excerpt-read-more\" href=\"https:\/\/luxon.com\/sv\/an-exclusive-promo-for-using-luxon-pay-at-ept-paris\/\" title=\"ReadEn exklusiv kampanj f\u00f6r att anv\u00e4nda Luxon Pay p\u00e5 EPT Paris\">&#8230; Read more &raquo;<\/a><\/p>\n","protected":false},"author":5,"featured_media":33798,"parent":0,"menu_order":0,"comment_status":"closed","ping_status":"closed","template":"templates\/block-template.php","meta":{"_acf_changed":false,"footnotes":""},"class_list":["post-33833","page","type-page","status-publish","has-post-thumbnail","hentry"],"acf":[],"yoast_head":"<!-- This site is optimized with the Yoast SEO plugin v27.1.1 - https:\/\/yoast.com\/product\/yoast-seo-wordpress\/ -->\n<title>En exklusiv kampanj f\u00f6r att anv\u00e4nda Luxon Pay p\u00e5 EPT Paris - Luxon Pay<\/title>\n<meta name=\"robots\" content=\"index, follow, max-snippet:-1, max-image-preview:large, max-video-preview:-1\" \/>\n<link rel=\"canonical\" href=\"https:\/\/luxon.com\/sv\/an-exclusive-promo-for-using-luxon-pay-at-ept-paris\/\" \/>\n<meta property=\"og:locale\" content=\"sv_SE\" \/>\n<meta property=\"og:type\" content=\"article\" \/>\n<meta property=\"og:title\" content=\"En exklusiv kampanj f\u00f6r att anv\u00e4nda Luxon Pay p\u00e5 EPT Paris - Luxon Pay\" \/>\n<meta property=\"og:description\" content=\"Tack f\u00f6r att du anv\u00e4nder Luxon Pay p\u00e5 EPT Paris. Exklusiv kampanj Vi har ett exklusivt erbjudande till dig \u2013 f\u00e5 1 % cashback p\u00e5 alla onlinebetalningar via Luxon Pay fram till den 9 mars! G\u00f6r en ins\u00e4ttning f\u00f6r att b\u00f6rja tj\u00e4na pengar. Vi ses vid n\u00e4sta evenemang! Luxon Pay-teamet Villkor Erbjudandet g\u00e4ller alla onlinebetalningar... Read more &raquo;\" \/>\n<meta property=\"og:url\" content=\"https:\/\/luxon.com\/sv\/an-exclusive-promo-for-using-luxon-pay-at-ept-paris\/\" \/>\n<meta property=\"og:site_name\" content=\"Luxon Pay\" \/>\n<meta property=\"article:modified_time\" content=\"2026-03-02T16:08:11+00:00\" \/>\n<meta property=\"og:image\" content=\"https:\/\/luxon.com\/wp-content\/uploads\/Post-Event-Email-Promo_header-1.png\" \/>\n\t<meta property=\"og:image:width\" content=\"600\" \/>\n\t<meta property=\"og:image:height\" content=\"400\" \/>\n\t<meta property=\"og:image:type\" content=\"image\/png\" \/>\n<meta name=\"twitter:card\" content=\"summary_large_image\" \/>\n<meta name=\"twitter:label1\" content=\"Ber\u00e4knad l\u00e4stid\" \/>\n\t<meta name=\"twitter:data1\" content=\"1 minut\" \/>\n<script type=\"application\/ld+json\" class=\"yoast-schema-graph\">{\"@context\":\"https:\/\/schema.org\",\"@graph\":[{\"@type\":\"WebPage\",\"@id\":\"https:\/\/luxon.com\/sv\/an-exclusive-promo-for-using-luxon-pay-at-ept-paris\/\",\"url\":\"https:\/\/luxon.com\/sv\/an-exclusive-promo-for-using-luxon-pay-at-ept-paris\/\",\"name\":\"En exklusiv kampanj f\u00f6r att anv\u00e4nda Luxon Pay p\u00e5 EPT Paris - Luxon Pay\",\"isPartOf\":{\"@id\":\"https:\/\/luxon.com\/sv\/#website\"},\"primaryImageOfPage\":{\"@id\":\"https:\/\/luxon.com\/sv\/an-exclusive-promo-for-using-luxon-pay-at-ept-paris\/#primaryimage\"},\"image\":{\"@id\":\"https:\/\/luxon.com\/sv\/an-exclusive-promo-for-using-luxon-pay-at-ept-paris\/#primaryimage\"},\"thumbnailUrl\":\"https:\/\/luxon.com\/wp-content\/uploads\/Post-Event-Email-Promo_header-1.png\",\"datePublished\":\"2026-03-02T12:33:47+00:00\",\"dateModified\":\"2026-03-02T16:08:11+00:00\",\"inLanguage\":\"sv-SE\",\"potentialAction\":[{\"@type\":\"ReadAction\",\"target\":[\"https:\/\/luxon.com\/sv\/an-exclusive-promo-for-using-luxon-pay-at-ept-paris\/\"]}]},{\"@type\":\"ImageObject\",\"inLanguage\":\"sv-SE\",\"@id\":\"https:\/\/luxon.com\/sv\/an-exclusive-promo-for-using-luxon-pay-at-ept-paris\/#primaryimage\",\"url\":\"https:\/\/luxon.com\/wp-content\/uploads\/Post-Event-Email-Promo_header-1.png\",\"contentUrl\":\"https:\/\/luxon.com\/wp-content\/uploads\/Post-Event-Email-Promo_header-1.png\",\"width\":600,\"height\":400},{\"@type\":\"WebSite\",\"@id\":\"https:\/\/luxon.com\/sv\/#website\",\"url\":\"https:\/\/luxon.com\/sv\/\",\"name\":\"Luxon Pay\",\"description\":\"Instant secure global payments\",\"publisher\":{\"@id\":\"https:\/\/luxon.com\/sv\/#organization\"},\"potentialAction\":[{\"@type\":\"SearchAction\",\"target\":{\"@type\":\"EntryPoint\",\"urlTemplate\":\"https:\/\/luxon.com\/sv\/?s={search_term_string}\"},\"query-input\":{\"@type\":\"PropertyValueSpecification\",\"valueRequired\":true,\"valueName\":\"search_term_string\"}}],\"inLanguage\":\"sv-SE\"},{\"@type\":\"Organization\",\"@id\":\"https:\/\/luxon.com\/sv\/#organization\",\"name\":\"Luxon Pay\",\"url\":\"https:\/\/luxon.com\/sv\/\",\"logo\":{\"@type\":\"ImageObject\",\"inLanguage\":\"sv-SE\",\"@id\":\"https:\/\/luxon.com\/sv\/#\/schema\/logo\/image\/\",\"url\":\"https:\/\/luxon.com\/wp-content\/uploads\/WebsiteImage04.png\",\"contentUrl\":\"https:\/\/luxon.com\/wp-content\/uploads\/WebsiteImage04.png\",\"width\":1200,\"height\":630,\"caption\":\"Luxon Pay\"},\"image\":{\"@id\":\"https:\/\/luxon.com\/sv\/#\/schema\/logo\/image\/\"}}]}<\/script>\n<!-- \/ Yoast SEO plugin. -->","yoast_head_json":{"title":"En exklusiv kampanj f\u00f6r att anv\u00e4nda Luxon Pay p\u00e5 EPT Paris - Luxon Pay","robots":{"index":"index","follow":"follow","max-snippet":"max-snippet:-1","max-image-preview":"max-image-preview:large","max-video-preview":"max-video-preview:-1"},"canonical":"https:\/\/luxon.com\/sv\/an-exclusive-promo-for-using-luxon-pay-at-ept-paris\/","og_locale":"sv_SE","og_type":"article","og_title":"En exklusiv kampanj f\u00f6r att anv\u00e4nda Luxon Pay p\u00e5 EPT Paris - Luxon Pay","og_description":"Tack f\u00f6r att du anv\u00e4nder Luxon Pay p\u00e5 EPT Paris. Exklusiv kampanj Vi har ett exklusivt erbjudande till dig \u2013 f\u00e5 1 % cashback p\u00e5 alla onlinebetalningar via Luxon Pay fram till den 9 mars! G\u00f6r en ins\u00e4ttning f\u00f6r att b\u00f6rja tj\u00e4na pengar. Vi ses vid n\u00e4sta evenemang! Luxon Pay-teamet Villkor Erbjudandet g\u00e4ller alla onlinebetalningar... Read more &raquo;","og_url":"https:\/\/luxon.com\/sv\/an-exclusive-promo-for-using-luxon-pay-at-ept-paris\/","og_site_name":"Luxon Pay","article_modified_time":"2026-03-02T16:08:11+00:00","og_image":[{"width":600,"height":400,"url":"https:\/\/luxon.com\/wp-content\/uploads\/Post-Event-Email-Promo_header-1.png","type":"image\/png"}],"twitter_card":"summary_large_image","twitter_misc":{"Ber\u00e4knad l\u00e4stid":"1 minut"},"schema":{"@context":"https:\/\/schema.org","@graph":[{"@type":"WebPage","@id":"https:\/\/luxon.com\/sv\/an-exclusive-promo-for-using-luxon-pay-at-ept-paris\/","url":"https:\/\/luxon.com\/sv\/an-exclusive-promo-for-using-luxon-pay-at-ept-paris\/","name":"En exklusiv kampanj f\u00f6r att anv\u00e4nda Luxon Pay p\u00e5 EPT Paris - Luxon Pay","isPartOf":{"@id":"https:\/\/luxon.com\/sv\/#website"},"primaryImageOfPage":{"@id":"https:\/\/luxon.com\/sv\/an-exclusive-promo-for-using-luxon-pay-at-ept-paris\/#primaryimage"},"image":{"@id":"https:\/\/luxon.com\/sv\/an-exclusive-promo-for-using-luxon-pay-at-ept-paris\/#primaryimage"},"thumbnailUrl":"https:\/\/luxon.com\/wp-content\/uploads\/Post-Event-Email-Promo_header-1.png","datePublished":"2026-03-02T12:33:47+00:00","dateModified":"2026-03-02T16:08:11+00:00","inLanguage":"sv-SE","potentialAction":[{"@type":"ReadAction","target":["https:\/\/luxon.com\/sv\/an-exclusive-promo-for-using-luxon-pay-at-ept-paris\/"]}]},{"@type":"ImageObject","inLanguage":"sv-SE","@id":"https:\/\/luxon.com\/sv\/an-exclusive-promo-for-using-luxon-pay-at-ept-paris\/#primaryimage","url":"https:\/\/luxon.com\/wp-content\/uploads\/Post-Event-Email-Promo_header-1.png","contentUrl":"https:\/\/luxon.com\/wp-content\/uploads\/Post-Event-Email-Promo_header-1.png","width":600,"height":400},{"@type":"WebSite","@id":"https:\/\/luxon.com\/sv\/#website","url":"https:\/\/luxon.com\/sv\/","name":"Luxon Pay","description":"Instant secure global payments","publisher":{"@id":"https:\/\/luxon.com\/sv\/#organization"},"potentialAction":[{"@type":"SearchAction","target":{"@type":"EntryPoint","urlTemplate":"https:\/\/luxon.com\/sv\/?s={search_term_string}"},"query-input":{"@type":"PropertyValueSpecification","valueRequired":true,"valueName":"search_term_string"}}],"inLanguage":"sv-SE"},{"@type":"Organization","@id":"https:\/\/luxon.com\/sv\/#organization","name":"Luxon Pay","url":"https:\/\/luxon.com\/sv\/","logo":{"@type":"ImageObject","inLanguage":"sv-SE","@id":"https:\/\/luxon.com\/sv\/#\/schema\/logo\/image\/","url":"https:\/\/luxon.com\/wp-content\/uploads\/WebsiteImage04.png","contentUrl":"https:\/\/luxon.com\/wp-content\/uploads\/WebsiteImage04.png","width":1200,"height":630,"caption":"Luxon Pay"},"image":{"@id":"https:\/\/luxon.com\/sv\/#\/schema\/logo\/image\/"}}]}},"_links":{"self":[{"href":"https:\/\/luxon.com\/sv\/wp-json\/wp\/v2\/pages\/33833","targetHints":{"allow":["GET"]}}],"collection":[{"href":"https:\/\/luxon.com\/sv\/wp-json\/wp\/v2\/pages"}],"about":[{"href":"https:\/\/luxon.com\/sv\/wp-json\/wp\/v2\/types\/page"}],"author":[{"embeddable":true,"href":"https:\/\/luxon.com\/sv\/wp-json\/wp\/v2\/users\/5"}],"replies":[{"embeddable":true,"href":"https:\/\/luxon.com\/sv\/wp-json\/wp\/v2\/comments?post=33833"}],"version-history":[{"count":2,"href":"https:\/\/luxon.com\/sv\/wp-json\/wp\/v2\/pages\/33833\/revisions"}],"predecessor-version":[{"id":33835,"href":"https:\/\/luxon.com\/sv\/wp-json\/wp\/v2\/pages\/33833\/revisions\/33835"}],"wp:featuredmedia":[{"embeddable":true,"href":"https:\/\/luxon.com\/sv\/wp-json\/wp\/v2\/media\/33798"}],"wp:attachment":[{"href":"https:\/\/luxon.com\/sv\/wp-json\/wp\/v2\/media?parent=33833"}],"curies":[{"name":"wp","href":"https:\/\/api.w.org\/{rel}","templated":true}]}}