{"id":33917,"date":"2026-03-03T21:47:10","date_gmt":"2026-03-03T21:47:10","guid":{"rendered":"https:\/\/luxon.com\/win-a-main-event-seat-at-irish-open\/"},"modified":"2026-03-05T08:11:07","modified_gmt":"2026-03-05T08:11:07","slug":"win-a-main-event-seat-at-irish-open","status":"publish","type":"page","link":"https:\/\/luxon.com\/sv\/win-a-main-event-seat-at-irish-open\/","title":{"rendered":"Vinn en plats i Irish Open Main Event! \ud83c\udf9f\ufe0f"},"content":{"rendered":"<p>F\u00e5 ut det mesta av din Irish Open-buy-in!<\/p>\n<p>Varje buy-in via Luxon Pay = 1 lott f\u00f6r att vinna 1 av 4 platser i Irish Open Main Event v\u00e4rda 1 150 \u20ac. Din chans att spela Main Event gratis!<\/p>\n<p><strong>S\u00e5 h\u00e4r fungerar det:<\/strong><br \/>\n\u2022 K\u00f6p in dig till valfritt Irish Open-event med Luxon Pay<br \/>\n\u2022 Tj\u00e4na 1 lott per k\u00f6p<br \/>\n\u2022 Upp till 4 platser i Main Event v\u00e4ntar p\u00e5 att vinnas<\/p>\n<p><strong>Villkor<\/strong><\/p>\n<ul>\n<li>Kampanjen \u00e4r \u00f6ppen f\u00f6r spelare som k\u00f6per in sig till valfri Irish Open-turnering via Luxon Pay fram ToM den 3 april<\/li>\n<li>Det kommer att h\u00e5llas 4 lotteridragningar den 29 mars, 1 april, 2 april och 3 april \u2013 alla ink\u00f6p f\u00f6re det datumet kommer att inkluderas i lotteridragningen\u2022<\/li>\n<li>Varje kvalificerande ink\u00f6p r\u00e4knas som en lott.<\/li>\n<li>Varje lotteri ger en plats i Irish Open Main Event v\u00e4rd 1 150 \u20ac f\u00f6r den angivna Day 1 flighten.<\/li>\n<li>Om en vinnare g\u00e5r vidare till Day 2 i Main Event utan att anv\u00e4nda priset kommer motsvarande v\u00e4rde att krediteras deras Luxon Pay-konto.<\/li>\n<\/ul>\n","protected":false},"excerpt":{"rendered":"<p>F\u00e5 ut det mesta av din Irish Open-buy-in! Varje buy-in via Luxon Pay = 1 lott f\u00f6r att vinna 1 av 4 platser i Irish Open Main Event v\u00e4rda 1 150 \u20ac. Din chans att spela Main Event gratis! S\u00e5 h\u00e4r fungerar det: \u2022 K\u00f6p in dig till valfritt Irish Open-event med Luxon Pay \u2022<a class=\"excerpt-read-more\" href=\"https:\/\/luxon.com\/sv\/win-a-main-event-seat-at-irish-open\/\" title=\"ReadVinn en plats i Irish Open Main Event! \ud83c\udf9f\ufe0f\">&#8230; Read more &raquo;<\/a><\/p>\n","protected":false},"author":5,"featured_media":34100,"parent":0,"menu_order":0,"comment_status":"closed","ping_status":"closed","template":"templates\/block-template.php","meta":{"_acf_changed":false,"footnotes":""},"class_list":["post-33917","page","type-page","status-publish","has-post-thumbnail","hentry"],"acf":[],"yoast_head":"<!-- This site is optimized with the Yoast SEO plugin v27.1.1 - https:\/\/yoast.com\/product\/yoast-seo-wordpress\/ -->\n<title>Vinn en plats i Irish Open Main Event! \ud83c\udf9f\ufe0f - Luxon Pay<\/title>\n<meta name=\"robots\" content=\"index, follow, max-snippet:-1, max-image-preview:large, max-video-preview:-1\" \/>\n<link rel=\"canonical\" href=\"https:\/\/luxon.com\/sv\/win-a-main-event-seat-at-irish-open\/\" \/>\n<meta property=\"og:locale\" content=\"sv_SE\" \/>\n<meta property=\"og:type\" content=\"article\" \/>\n<meta property=\"og:title\" content=\"Vinn en plats i Irish Open Main Event! \ud83c\udf9f\ufe0f - Luxon Pay\" \/>\n<meta property=\"og:description\" content=\"F\u00e5 ut det mesta av din Irish Open-buy-in! Varje buy-in via Luxon Pay = 1 lott f\u00f6r att vinna 1 av 4 platser i Irish Open Main Event v\u00e4rda 1 150 \u20ac. Din chans att spela Main Event gratis! S\u00e5 h\u00e4r fungerar det: \u2022 K\u00f6p in dig till valfritt Irish Open-event med Luxon Pay \u2022... Read more &raquo;\" \/>\n<meta property=\"og:url\" content=\"https:\/\/luxon.com\/sv\/win-a-main-event-seat-at-irish-open\/\" \/>\n<meta property=\"og:site_name\" content=\"Luxon Pay\" \/>\n<meta property=\"article:modified_time\" content=\"2026-03-05T08:11:07+00:00\" \/>\n<meta property=\"og:image\" content=\"https:\/\/luxon.com\/wp-content\/uploads\/Live-Event-Announcement-Promo_header.png\" \/>\n\t<meta property=\"og:image:width\" content=\"600\" \/>\n\t<meta property=\"og:image:height\" content=\"400\" \/>\n\t<meta property=\"og:image:type\" content=\"image\/png\" \/>\n<meta name=\"twitter:card\" content=\"summary_large_image\" \/>\n<meta name=\"twitter:label1\" content=\"Ber\u00e4knad l\u00e4stid\" \/>\n\t<meta name=\"twitter:data1\" content=\"1 minut\" \/>\n<script type=\"application\/ld+json\" class=\"yoast-schema-graph\">{\"@context\":\"https:\/\/schema.org\",\"@graph\":[{\"@type\":\"WebPage\",\"@id\":\"https:\/\/luxon.com\/sv\/win-a-main-event-seat-at-irish-open\/\",\"url\":\"https:\/\/luxon.com\/sv\/win-a-main-event-seat-at-irish-open\/\",\"name\":\"Vinn en plats i Irish Open Main Event! \ud83c\udf9f\ufe0f - Luxon Pay\",\"isPartOf\":{\"@id\":\"https:\/\/luxon.com\/sv\/#website\"},\"primaryImageOfPage\":{\"@id\":\"https:\/\/luxon.com\/sv\/win-a-main-event-seat-at-irish-open\/#primaryimage\"},\"image\":{\"@id\":\"https:\/\/luxon.com\/sv\/win-a-main-event-seat-at-irish-open\/#primaryimage\"},\"thumbnailUrl\":\"https:\/\/luxon.com\/wp-content\/uploads\/Irish-Open_Banner_2-1.png\",\"datePublished\":\"2026-03-03T21:47:10+00:00\",\"dateModified\":\"2026-03-05T08:11:07+00:00\",\"inLanguage\":\"sv-SE\",\"potentialAction\":[{\"@type\":\"ReadAction\",\"target\":[\"https:\/\/luxon.com\/sv\/win-a-main-event-seat-at-irish-open\/\"]}]},{\"@type\":\"ImageObject\",\"inLanguage\":\"sv-SE\",\"@id\":\"https:\/\/luxon.com\/sv\/win-a-main-event-seat-at-irish-open\/#primaryimage\",\"url\":\"https:\/\/luxon.com\/wp-content\/uploads\/Irish-Open_Banner_2-1.png\",\"contentUrl\":\"https:\/\/luxon.com\/wp-content\/uploads\/Irish-Open_Banner_2-1.png\",\"width\":700,\"height\":527},{\"@type\":\"WebSite\",\"@id\":\"https:\/\/luxon.com\/sv\/#website\",\"url\":\"https:\/\/luxon.com\/sv\/\",\"name\":\"Luxon Pay\",\"description\":\"Instant secure global payments\",\"publisher\":{\"@id\":\"https:\/\/luxon.com\/sv\/#organization\"},\"potentialAction\":[{\"@type\":\"SearchAction\",\"target\":{\"@type\":\"EntryPoint\",\"urlTemplate\":\"https:\/\/luxon.com\/sv\/?s={search_term_string}\"},\"query-input\":{\"@type\":\"PropertyValueSpecification\",\"valueRequired\":true,\"valueName\":\"search_term_string\"}}],\"inLanguage\":\"sv-SE\"},{\"@type\":\"Organization\",\"@id\":\"https:\/\/luxon.com\/sv\/#organization\",\"name\":\"Luxon Pay\",\"url\":\"https:\/\/luxon.com\/sv\/\",\"logo\":{\"@type\":\"ImageObject\",\"inLanguage\":\"sv-SE\",\"@id\":\"https:\/\/luxon.com\/sv\/#\/schema\/logo\/image\/\",\"url\":\"https:\/\/luxon.com\/wp-content\/uploads\/WebsiteImage04.png\",\"contentUrl\":\"https:\/\/luxon.com\/wp-content\/uploads\/WebsiteImage04.png\",\"width\":1200,\"height\":630,\"caption\":\"Luxon Pay\"},\"image\":{\"@id\":\"https:\/\/luxon.com\/sv\/#\/schema\/logo\/image\/\"}}]}<\/script>\n<!-- \/ Yoast SEO plugin. -->","yoast_head_json":{"title":"Vinn en plats i Irish Open Main Event! \ud83c\udf9f\ufe0f - Luxon Pay","robots":{"index":"index","follow":"follow","max-snippet":"max-snippet:-1","max-image-preview":"max-image-preview:large","max-video-preview":"max-video-preview:-1"},"canonical":"https:\/\/luxon.com\/sv\/win-a-main-event-seat-at-irish-open\/","og_locale":"sv_SE","og_type":"article","og_title":"Vinn en plats i Irish Open Main Event! \ud83c\udf9f\ufe0f - Luxon Pay","og_description":"F\u00e5 ut det mesta av din Irish Open-buy-in! Varje buy-in via Luxon Pay = 1 lott f\u00f6r att vinna 1 av 4 platser i Irish Open Main Event v\u00e4rda 1 150 \u20ac. Din chans att spela Main Event gratis! S\u00e5 h\u00e4r fungerar det: \u2022 K\u00f6p in dig till valfritt Irish Open-event med Luxon Pay \u2022... Read more &raquo;","og_url":"https:\/\/luxon.com\/sv\/win-a-main-event-seat-at-irish-open\/","og_site_name":"Luxon Pay","article_modified_time":"2026-03-05T08:11:07+00:00","og_image":[{"width":600,"height":400,"url":"https:\/\/luxon.com\/wp-content\/uploads\/Live-Event-Announcement-Promo_header.png","type":"image\/png"}],"twitter_card":"summary_large_image","twitter_misc":{"Ber\u00e4knad l\u00e4stid":"1 minut"},"schema":{"@context":"https:\/\/schema.org","@graph":[{"@type":"WebPage","@id":"https:\/\/luxon.com\/sv\/win-a-main-event-seat-at-irish-open\/","url":"https:\/\/luxon.com\/sv\/win-a-main-event-seat-at-irish-open\/","name":"Vinn en plats i Irish Open Main Event! \ud83c\udf9f\ufe0f - Luxon Pay","isPartOf":{"@id":"https:\/\/luxon.com\/sv\/#website"},"primaryImageOfPage":{"@id":"https:\/\/luxon.com\/sv\/win-a-main-event-seat-at-irish-open\/#primaryimage"},"image":{"@id":"https:\/\/luxon.com\/sv\/win-a-main-event-seat-at-irish-open\/#primaryimage"},"thumbnailUrl":"https:\/\/luxon.com\/wp-content\/uploads\/Irish-Open_Banner_2-1.png","datePublished":"2026-03-03T21:47:10+00:00","dateModified":"2026-03-05T08:11:07+00:00","inLanguage":"sv-SE","potentialAction":[{"@type":"ReadAction","target":["https:\/\/luxon.com\/sv\/win-a-main-event-seat-at-irish-open\/"]}]},{"@type":"ImageObject","inLanguage":"sv-SE","@id":"https:\/\/luxon.com\/sv\/win-a-main-event-seat-at-irish-open\/#primaryimage","url":"https:\/\/luxon.com\/wp-content\/uploads\/Irish-Open_Banner_2-1.png","contentUrl":"https:\/\/luxon.com\/wp-content\/uploads\/Irish-Open_Banner_2-1.png","width":700,"height":527},{"@type":"WebSite","@id":"https:\/\/luxon.com\/sv\/#website","url":"https:\/\/luxon.com\/sv\/","name":"Luxon Pay","description":"Instant secure global payments","publisher":{"@id":"https:\/\/luxon.com\/sv\/#organization"},"potentialAction":[{"@type":"SearchAction","target":{"@type":"EntryPoint","urlTemplate":"https:\/\/luxon.com\/sv\/?s={search_term_string}"},"query-input":{"@type":"PropertyValueSpecification","valueRequired":true,"valueName":"search_term_string"}}],"inLanguage":"sv-SE"},{"@type":"Organization","@id":"https:\/\/luxon.com\/sv\/#organization","name":"Luxon Pay","url":"https:\/\/luxon.com\/sv\/","logo":{"@type":"ImageObject","inLanguage":"sv-SE","@id":"https:\/\/luxon.com\/sv\/#\/schema\/logo\/image\/","url":"https:\/\/luxon.com\/wp-content\/uploads\/WebsiteImage04.png","contentUrl":"https:\/\/luxon.com\/wp-content\/uploads\/WebsiteImage04.png","width":1200,"height":630,"caption":"Luxon Pay"},"image":{"@id":"https:\/\/luxon.com\/sv\/#\/schema\/logo\/image\/"}}]}},"_links":{"self":[{"href":"https:\/\/luxon.com\/sv\/wp-json\/wp\/v2\/pages\/33917","targetHints":{"allow":["GET"]}}],"collection":[{"href":"https:\/\/luxon.com\/sv\/wp-json\/wp\/v2\/pages"}],"about":[{"href":"https:\/\/luxon.com\/sv\/wp-json\/wp\/v2\/types\/page"}],"author":[{"embeddable":true,"href":"https:\/\/luxon.com\/sv\/wp-json\/wp\/v2\/users\/5"}],"replies":[{"embeddable":true,"href":"https:\/\/luxon.com\/sv\/wp-json\/wp\/v2\/comments?post=33917"}],"version-history":[{"count":2,"href":"https:\/\/luxon.com\/sv\/wp-json\/wp\/v2\/pages\/33917\/revisions"}],"predecessor-version":[{"id":33919,"href":"https:\/\/luxon.com\/sv\/wp-json\/wp\/v2\/pages\/33917\/revisions\/33919"}],"wp:featuredmedia":[{"embeddable":true,"href":"https:\/\/luxon.com\/sv\/wp-json\/wp\/v2\/media\/34100"}],"wp:attachment":[{"href":"https:\/\/luxon.com\/sv\/wp-json\/wp\/v2\/media?parent=33917"}],"curies":[{"name":"wp","href":"https:\/\/api.w.org\/{rel}","templated":true}]}}