{"id":35584,"date":"2026-05-08T13:18:09","date_gmt":"2026-05-08T13:18:09","guid":{"rendered":"https:\/\/luxon.com\/an-exclusive-promo-for-using-luxon-pay-at-ept-monte-carlo\/"},"modified":"2026-05-11T15:46:42","modified_gmt":"2026-05-11T15:46:42","slug":"an-exclusive-promo-for-using-luxon-pay-at-ept-monte-carlo","status":"publish","type":"page","link":"https:\/\/luxon.com\/sv\/an-exclusive-promo-for-using-luxon-pay-at-ept-monte-carlo\/","title":{"rendered":"En exklusiv kampanj f\u00f6r att anv\u00e4nda Luxon Pay p\u00e5 EPT Monte Carlo"},"content":{"rendered":"<p><strong>Tack f\u00f6r att du anv\u00e4nder Luxon Pay p\u00e5 EPT Monte Carlo.<\/strong><\/p>\n<p><strong>Exklusiv kampanj<\/strong><br \/>\nVi har ett exklusivt erbjudande till dig \u2013 f\u00e5 1 % cashback p\u00e5 alla onlinebetalningar via Luxon Pay fram till den 21 maj! G\u00f6r en ins\u00e4ttning f\u00f6r att b\u00f6rja tj\u00e4na pengar.<\/p>\n<p><span data-sheets-root=\"1\"><strong>Villkor<\/strong><\/span><\/p>\n<ul>\n<li><span data-sheets-root=\"1\">Erbjudandet g\u00e4ller alla onlinebetalningar gjorda mellan 11 och 21 maj 2026.<\/span><\/li>\n<li><span data-sheets-root=\"1\">Cashback krediteras automatiskt inom 7 arbetsdagar efter kampanjens slut.<\/span><\/li>\n<li><span data-sheets-root=\"1\">Det finns ingen \u00f6vre gr\u00e4ns eller maximigr\u00e4ns f\u00f6r cashback.<br \/>\n<\/span><\/li>\n<li><span data-sheets-root=\"1\">Kampanjen \u00e4r nominativ och kan inte \u00f6verl\u00e5tas.<br \/>\n<\/span><\/li>\n<li><span data-sheets-root=\"1\">G\u00e4ller endast onlinebetalningar och exkluderar plattformar eller betalningar relaterade till liveevenemang.<br \/>\n<\/span><\/li>\n<li><span data-sheets-root=\"1\">Luxon Pays allm\u00e4nna villkor g\u00e4ller.<\/span><\/li>\n<\/ul>\n","protected":false},"excerpt":{"rendered":"<p>Tack f\u00f6r att du anv\u00e4nder Luxon Pay p\u00e5 EPT Monte Carlo. Exklusiv kampanj Vi har ett exklusivt erbjudande till dig \u2013 f\u00e5 1 % cashback p\u00e5 alla onlinebetalningar via Luxon Pay fram till den 21 maj! G\u00f6r en ins\u00e4ttning f\u00f6r att b\u00f6rja tj\u00e4na pengar. Villkor Erbjudandet g\u00e4ller alla onlinebetalningar gjorda mellan 11 och 21 maj<a class=\"excerpt-read-more\" href=\"https:\/\/luxon.com\/sv\/an-exclusive-promo-for-using-luxon-pay-at-ept-monte-carlo\/\" title=\"ReadEn exklusiv kampanj f\u00f6r att anv\u00e4nda Luxon Pay p\u00e5 EPT Monte Carlo\">&#8230; Read more &raquo;<\/a><\/p>\n","protected":false},"author":7,"featured_media":34001,"parent":0,"menu_order":0,"comment_status":"closed","ping_status":"closed","template":"templates\/block-template.php","meta":{"_acf_changed":false,"footnotes":""},"class_list":["post-35584","page","type-page","status-publish","has-post-thumbnail","hentry"],"acf":[],"yoast_head":"<!-- This site is optimized with the Yoast SEO plugin v27.6 - https:\/\/yoast.com\/product\/yoast-seo-wordpress\/ -->\n<title>En exklusiv kampanj f\u00f6r att anv\u00e4nda Luxon Pay p\u00e5 EPT Monte Carlo - Luxon Pay<\/title>\n<meta name=\"robots\" content=\"index, follow, max-snippet:-1, max-image-preview:large, max-video-preview:-1\" \/>\n<link rel=\"canonical\" href=\"https:\/\/luxon.com\/sv\/an-exclusive-promo-for-using-luxon-pay-at-ept-monte-carlo\/\" \/>\n<meta property=\"og:locale\" content=\"sv_SE\" \/>\n<meta property=\"og:type\" content=\"article\" \/>\n<meta property=\"og:title\" content=\"En exklusiv kampanj f\u00f6r att anv\u00e4nda Luxon Pay p\u00e5 EPT Monte Carlo - Luxon Pay\" \/>\n<meta property=\"og:description\" content=\"Tack f\u00f6r att du anv\u00e4nder Luxon Pay p\u00e5 EPT Monte Carlo. Exklusiv kampanj Vi har ett exklusivt erbjudande till dig \u2013 f\u00e5 1 % cashback p\u00e5 alla onlinebetalningar via Luxon Pay fram till den 21 maj! G\u00f6r en ins\u00e4ttning f\u00f6r att b\u00f6rja tj\u00e4na pengar. Villkor Erbjudandet g\u00e4ller alla onlinebetalningar gjorda mellan 11 och 21 maj... Read more &raquo;\" \/>\n<meta property=\"og:url\" content=\"https:\/\/luxon.com\/sv\/an-exclusive-promo-for-using-luxon-pay-at-ept-monte-carlo\/\" \/>\n<meta property=\"og:site_name\" content=\"Luxon Pay\" \/>\n<meta property=\"article:modified_time\" content=\"2026-05-11T15:46:42+00:00\" \/>\n<meta property=\"og:image\" content=\"https:\/\/luxon.com\/wp-content\/uploads\/Live-to-Online-Conversion_header.png\" \/>\n\t<meta property=\"og:image:width\" content=\"600\" \/>\n\t<meta property=\"og:image:height\" content=\"400\" \/>\n\t<meta property=\"og:image:type\" content=\"image\/png\" \/>\n<meta name=\"twitter:card\" content=\"summary_large_image\" \/>\n<meta name=\"twitter:label1\" content=\"Ber\u00e4knad l\u00e4stid\" \/>\n\t<meta name=\"twitter:data1\" content=\"1 minut\" \/>\n<script type=\"application\/ld+json\" class=\"yoast-schema-graph\">{\"@context\":\"https:\\\/\\\/schema.org\",\"@graph\":[{\"@type\":\"WebPage\",\"@id\":\"https:\\\/\\\/luxon.com\\\/sv\\\/an-exclusive-promo-for-using-luxon-pay-at-ept-monte-carlo\\\/\",\"url\":\"https:\\\/\\\/luxon.com\\\/sv\\\/an-exclusive-promo-for-using-luxon-pay-at-ept-monte-carlo\\\/\",\"name\":\"En exklusiv kampanj f\u00f6r att anv\u00e4nda Luxon Pay p\u00e5 EPT Monte Carlo - Luxon Pay\",\"isPartOf\":{\"@id\":\"https:\\\/\\\/luxon.com\\\/sv\\\/#website\"},\"primaryImageOfPage\":{\"@id\":\"https:\\\/\\\/luxon.com\\\/sv\\\/an-exclusive-promo-for-using-luxon-pay-at-ept-monte-carlo\\\/#primaryimage\"},\"image\":{\"@id\":\"https:\\\/\\\/luxon.com\\\/sv\\\/an-exclusive-promo-for-using-luxon-pay-at-ept-monte-carlo\\\/#primaryimage\"},\"thumbnailUrl\":\"https:\\\/\\\/luxon.com\\\/wp-content\\\/uploads\\\/Live-to-Online-Conversion_header.png\",\"datePublished\":\"2026-05-08T13:18:09+00:00\",\"dateModified\":\"2026-05-11T15:46:42+00:00\",\"inLanguage\":\"sv-SE\",\"potentialAction\":[{\"@type\":\"ReadAction\",\"target\":[\"https:\\\/\\\/luxon.com\\\/sv\\\/an-exclusive-promo-for-using-luxon-pay-at-ept-monte-carlo\\\/\"]}]},{\"@type\":\"ImageObject\",\"inLanguage\":\"sv-SE\",\"@id\":\"https:\\\/\\\/luxon.com\\\/sv\\\/an-exclusive-promo-for-using-luxon-pay-at-ept-monte-carlo\\\/#primaryimage\",\"url\":\"https:\\\/\\\/luxon.com\\\/wp-content\\\/uploads\\\/Live-to-Online-Conversion_header.png\",\"contentUrl\":\"https:\\\/\\\/luxon.com\\\/wp-content\\\/uploads\\\/Live-to-Online-Conversion_header.png\",\"width\":600,\"height\":400},{\"@type\":\"WebSite\",\"@id\":\"https:\\\/\\\/luxon.com\\\/sv\\\/#website\",\"url\":\"https:\\\/\\\/luxon.com\\\/sv\\\/\",\"name\":\"Luxon Pay\",\"description\":\"Instant secure global payments\",\"publisher\":{\"@id\":\"https:\\\/\\\/luxon.com\\\/sv\\\/#organization\"},\"potentialAction\":[{\"@type\":\"SearchAction\",\"target\":{\"@type\":\"EntryPoint\",\"urlTemplate\":\"https:\\\/\\\/luxon.com\\\/sv\\\/?s={search_term_string}\"},\"query-input\":{\"@type\":\"PropertyValueSpecification\",\"valueRequired\":true,\"valueName\":\"search_term_string\"}}],\"inLanguage\":\"sv-SE\"},{\"@type\":\"Organization\",\"@id\":\"https:\\\/\\\/luxon.com\\\/sv\\\/#organization\",\"name\":\"Luxon Pay\",\"url\":\"https:\\\/\\\/luxon.com\\\/sv\\\/\",\"logo\":{\"@type\":\"ImageObject\",\"inLanguage\":\"sv-SE\",\"@id\":\"https:\\\/\\\/luxon.com\\\/sv\\\/#\\\/schema\\\/logo\\\/image\\\/\",\"url\":\"https:\\\/\\\/luxon.com\\\/wp-content\\\/uploads\\\/WebsiteImage04.png\",\"contentUrl\":\"https:\\\/\\\/luxon.com\\\/wp-content\\\/uploads\\\/WebsiteImage04.png\",\"width\":1200,\"height\":630,\"caption\":\"Luxon Pay\"},\"image\":{\"@id\":\"https:\\\/\\\/luxon.com\\\/sv\\\/#\\\/schema\\\/logo\\\/image\\\/\"}}]}<\/script>\n<!-- \/ Yoast SEO plugin. -->","yoast_head_json":{"title":"En exklusiv kampanj f\u00f6r att anv\u00e4nda Luxon Pay p\u00e5 EPT Monte Carlo - Luxon Pay","robots":{"index":"index","follow":"follow","max-snippet":"max-snippet:-1","max-image-preview":"max-image-preview:large","max-video-preview":"max-video-preview:-1"},"canonical":"https:\/\/luxon.com\/sv\/an-exclusive-promo-for-using-luxon-pay-at-ept-monte-carlo\/","og_locale":"sv_SE","og_type":"article","og_title":"En exklusiv kampanj f\u00f6r att anv\u00e4nda Luxon Pay p\u00e5 EPT Monte Carlo - Luxon Pay","og_description":"Tack f\u00f6r att du anv\u00e4nder Luxon Pay p\u00e5 EPT Monte Carlo. Exklusiv kampanj Vi har ett exklusivt erbjudande till dig \u2013 f\u00e5 1 % cashback p\u00e5 alla onlinebetalningar via Luxon Pay fram till den 21 maj! G\u00f6r en ins\u00e4ttning f\u00f6r att b\u00f6rja tj\u00e4na pengar. Villkor Erbjudandet g\u00e4ller alla onlinebetalningar gjorda mellan 11 och 21 maj... Read more &raquo;","og_url":"https:\/\/luxon.com\/sv\/an-exclusive-promo-for-using-luxon-pay-at-ept-monte-carlo\/","og_site_name":"Luxon Pay","article_modified_time":"2026-05-11T15:46:42+00:00","og_image":[{"width":600,"height":400,"url":"https:\/\/luxon.com\/wp-content\/uploads\/Live-to-Online-Conversion_header.png","type":"image\/png"}],"twitter_card":"summary_large_image","twitter_misc":{"Ber\u00e4knad l\u00e4stid":"1 minut"},"schema":{"@context":"https:\/\/schema.org","@graph":[{"@type":"WebPage","@id":"https:\/\/luxon.com\/sv\/an-exclusive-promo-for-using-luxon-pay-at-ept-monte-carlo\/","url":"https:\/\/luxon.com\/sv\/an-exclusive-promo-for-using-luxon-pay-at-ept-monte-carlo\/","name":"En exklusiv kampanj f\u00f6r att anv\u00e4nda Luxon Pay p\u00e5 EPT Monte Carlo - Luxon Pay","isPartOf":{"@id":"https:\/\/luxon.com\/sv\/#website"},"primaryImageOfPage":{"@id":"https:\/\/luxon.com\/sv\/an-exclusive-promo-for-using-luxon-pay-at-ept-monte-carlo\/#primaryimage"},"image":{"@id":"https:\/\/luxon.com\/sv\/an-exclusive-promo-for-using-luxon-pay-at-ept-monte-carlo\/#primaryimage"},"thumbnailUrl":"https:\/\/luxon.com\/wp-content\/uploads\/Live-to-Online-Conversion_header.png","datePublished":"2026-05-08T13:18:09+00:00","dateModified":"2026-05-11T15:46:42+00:00","inLanguage":"sv-SE","potentialAction":[{"@type":"ReadAction","target":["https:\/\/luxon.com\/sv\/an-exclusive-promo-for-using-luxon-pay-at-ept-monte-carlo\/"]}]},{"@type":"ImageObject","inLanguage":"sv-SE","@id":"https:\/\/luxon.com\/sv\/an-exclusive-promo-for-using-luxon-pay-at-ept-monte-carlo\/#primaryimage","url":"https:\/\/luxon.com\/wp-content\/uploads\/Live-to-Online-Conversion_header.png","contentUrl":"https:\/\/luxon.com\/wp-content\/uploads\/Live-to-Online-Conversion_header.png","width":600,"height":400},{"@type":"WebSite","@id":"https:\/\/luxon.com\/sv\/#website","url":"https:\/\/luxon.com\/sv\/","name":"Luxon Pay","description":"Instant secure global payments","publisher":{"@id":"https:\/\/luxon.com\/sv\/#organization"},"potentialAction":[{"@type":"SearchAction","target":{"@type":"EntryPoint","urlTemplate":"https:\/\/luxon.com\/sv\/?s={search_term_string}"},"query-input":{"@type":"PropertyValueSpecification","valueRequired":true,"valueName":"search_term_string"}}],"inLanguage":"sv-SE"},{"@type":"Organization","@id":"https:\/\/luxon.com\/sv\/#organization","name":"Luxon Pay","url":"https:\/\/luxon.com\/sv\/","logo":{"@type":"ImageObject","inLanguage":"sv-SE","@id":"https:\/\/luxon.com\/sv\/#\/schema\/logo\/image\/","url":"https:\/\/luxon.com\/wp-content\/uploads\/WebsiteImage04.png","contentUrl":"https:\/\/luxon.com\/wp-content\/uploads\/WebsiteImage04.png","width":1200,"height":630,"caption":"Luxon Pay"},"image":{"@id":"https:\/\/luxon.com\/sv\/#\/schema\/logo\/image\/"}}]}},"_links":{"self":[{"href":"https:\/\/luxon.com\/sv\/wp-json\/wp\/v2\/pages\/35584","targetHints":{"allow":["GET"]}}],"collection":[{"href":"https:\/\/luxon.com\/sv\/wp-json\/wp\/v2\/pages"}],"about":[{"href":"https:\/\/luxon.com\/sv\/wp-json\/wp\/v2\/types\/page"}],"author":[{"embeddable":true,"href":"https:\/\/luxon.com\/sv\/wp-json\/wp\/v2\/users\/7"}],"replies":[{"embeddable":true,"href":"https:\/\/luxon.com\/sv\/wp-json\/wp\/v2\/comments?post=35584"}],"version-history":[{"count":2,"href":"https:\/\/luxon.com\/sv\/wp-json\/wp\/v2\/pages\/35584\/revisions"}],"predecessor-version":[{"id":35586,"href":"https:\/\/luxon.com\/sv\/wp-json\/wp\/v2\/pages\/35584\/revisions\/35586"}],"wp:featuredmedia":[{"embeddable":true,"href":"https:\/\/luxon.com\/sv\/wp-json\/wp\/v2\/media\/34001"}],"wp:attachment":[{"href":"https:\/\/luxon.com\/sv\/wp-json\/wp\/v2\/media?parent=35584"}],"curies":[{"name":"wp","href":"https:\/\/api.w.org\/{rel}","templated":true}]}}