{"id":35776,"date":"2026-05-12T20:55:03","date_gmt":"2026-05-12T20:55:03","guid":{"rendered":"https:\/\/luxon.com\/win-a-10k-wsop-seat\/"},"modified":"2026-05-13T18:09:21","modified_gmt":"2026-05-13T18:09:21","slug":"win-a-10k-wsop-seat","status":"publish","type":"page","link":"https:\/\/luxon.com\/sv\/win-a-10k-wsop-seat\/","title":{"rendered":"Vinn en plats till WSOP Main Event v\u00e4rd 10 000 $"},"content":{"rendered":"<p><span data-sheets-root=\"1\">F\u00e5 ut det mesta av din WSOP Vegas-insats!<\/span><\/p>\n<p>Varje insats via Luxon Pay ger dig 1 lott i utlottningen av en plats till WSOP Main Event v\u00e4rd 10 000 $. Din chans att spela Main Event gratis!<\/p>\n<p><strong>S\u00e5 h\u00e4r fungerar det:<\/strong><br \/>\n\u2022 K\u00f6p in dig till valfritt WSOP Vegas-turnering och betala med Luxon Pay i WSOP Live-appen<br \/>\n\u2022 Tj\u00e4na 1 lotteri-biljett per insats<br \/>\n\u2022 1 x plats i WSOP Main Event v\u00e4rd 10 000 $ att vinna<\/p>\n<p><strong>Villkor<\/strong><\/p>\n<ul>\n<li>Kampanjen \u00e4r \u00f6ppen f\u00f6r spelare som betalar med Luxon Pay f\u00f6r valfria WSOP Vegas-turneringar via WSOP Live-appen fram till den 29 juni<\/li>\n<li>En utlottning kommer att \u00e4ga rum den 30 juni \u2013 alla buy-ins f\u00f6re det datumet kommer att ing\u00e5 i utlottningen<\/li>\n<li>Varje kvalificerande buy-in r\u00e4knas som en lott oavsett buy-in-v\u00e4rdet.<\/li>\n<li>Om en vinnare inte kan spela WSOP Main Event 2026 kommer ett pris av motsvarande v\u00e4rde att diskuteras.<\/li>\n<\/ul>\n","protected":false},"excerpt":{"rendered":"<p>F\u00e5 ut det mesta av din WSOP Vegas-insats! Varje insats via Luxon Pay ger dig 1 lott i utlottningen av en plats till WSOP Main Event v\u00e4rd 10 000 $. Din chans att spela Main Event gratis! S\u00e5 h\u00e4r fungerar det: \u2022 K\u00f6p in dig till valfritt WSOP Vegas-turnering och betala med Luxon Pay i<a class=\"excerpt-read-more\" href=\"https:\/\/luxon.com\/sv\/win-a-10k-wsop-seat\/\" title=\"ReadVinn en plats till WSOP Main Event v\u00e4rd 10 000 $\">&#8230; Read more &raquo;<\/a><\/p>\n","protected":false},"author":5,"featured_media":35738,"parent":0,"menu_order":0,"comment_status":"closed","ping_status":"closed","template":"templates\/block-template.php","meta":{"_acf_changed":false,"footnotes":""},"class_list":["post-35776","page","type-page","status-publish","has-post-thumbnail","hentry"],"acf":[],"yoast_head":"<!-- This site is optimized with the Yoast SEO plugin v27.6 - https:\/\/yoast.com\/product\/yoast-seo-wordpress\/ -->\n<title>Vinn en plats till WSOP Main Event v\u00e4rd 10 000 $ - Luxon Pay<\/title>\n<meta name=\"robots\" content=\"index, follow, max-snippet:-1, max-image-preview:large, max-video-preview:-1\" \/>\n<link rel=\"canonical\" href=\"https:\/\/luxon.com\/sv\/win-a-10k-wsop-seat\/\" \/>\n<meta property=\"og:locale\" content=\"sv_SE\" \/>\n<meta property=\"og:type\" content=\"article\" \/>\n<meta property=\"og:title\" content=\"Vinn en plats till WSOP Main Event v\u00e4rd 10 000 $ - Luxon Pay\" \/>\n<meta property=\"og:description\" content=\"F\u00e5 ut det mesta av din WSOP Vegas-insats! Varje insats via Luxon Pay ger dig 1 lott i utlottningen av en plats till WSOP Main Event v\u00e4rd 10 000 $. Din chans att spela Main Event gratis! S\u00e5 h\u00e4r fungerar det: \u2022 K\u00f6p in dig till valfritt WSOP Vegas-turnering och betala med Luxon Pay i... Read more &raquo;\" \/>\n<meta property=\"og:url\" content=\"https:\/\/luxon.com\/sv\/win-a-10k-wsop-seat\/\" \/>\n<meta property=\"og:site_name\" content=\"Luxon Pay\" \/>\n<meta property=\"article:modified_time\" content=\"2026-05-13T18:09:21+00:00\" \/>\n<meta property=\"og:image\" content=\"https:\/\/luxon.com\/wp-content\/uploads\/EmailBanner_1200x800_1.png\" \/>\n\t<meta property=\"og:image:width\" content=\"600\" \/>\n\t<meta property=\"og:image:height\" content=\"400\" \/>\n\t<meta property=\"og:image:type\" content=\"image\/png\" \/>\n<meta name=\"twitter:card\" content=\"summary_large_image\" \/>\n<meta name=\"twitter:label1\" content=\"Ber\u00e4knad l\u00e4stid\" \/>\n\t<meta name=\"twitter:data1\" content=\"1 minut\" \/>\n<script type=\"application\/ld+json\" class=\"yoast-schema-graph\">{\"@context\":\"https:\\\/\\\/schema.org\",\"@graph\":[{\"@type\":\"WebPage\",\"@id\":\"https:\\\/\\\/luxon.com\\\/sv\\\/win-a-10k-wsop-seat\\\/\",\"url\":\"https:\\\/\\\/luxon.com\\\/sv\\\/win-a-10k-wsop-seat\\\/\",\"name\":\"Vinn en plats till WSOP Main Event v\u00e4rd 10 000 $ - Luxon Pay\",\"isPartOf\":{\"@id\":\"https:\\\/\\\/luxon.com\\\/sv\\\/#website\"},\"primaryImageOfPage\":{\"@id\":\"https:\\\/\\\/luxon.com\\\/sv\\\/win-a-10k-wsop-seat\\\/#primaryimage\"},\"image\":{\"@id\":\"https:\\\/\\\/luxon.com\\\/sv\\\/win-a-10k-wsop-seat\\\/#primaryimage\"},\"thumbnailUrl\":\"https:\\\/\\\/luxon.com\\\/wp-content\\\/uploads\\\/EmailBanner_1200x800_1.png\",\"datePublished\":\"2026-05-12T20:55:03+00:00\",\"dateModified\":\"2026-05-13T18:09:21+00:00\",\"inLanguage\":\"sv-SE\",\"potentialAction\":[{\"@type\":\"ReadAction\",\"target\":[\"https:\\\/\\\/luxon.com\\\/sv\\\/win-a-10k-wsop-seat\\\/\"]}]},{\"@type\":\"ImageObject\",\"inLanguage\":\"sv-SE\",\"@id\":\"https:\\\/\\\/luxon.com\\\/sv\\\/win-a-10k-wsop-seat\\\/#primaryimage\",\"url\":\"https:\\\/\\\/luxon.com\\\/wp-content\\\/uploads\\\/EmailBanner_1200x800_1.png\",\"contentUrl\":\"https:\\\/\\\/luxon.com\\\/wp-content\\\/uploads\\\/EmailBanner_1200x800_1.png\",\"width\":600,\"height\":400},{\"@type\":\"WebSite\",\"@id\":\"https:\\\/\\\/luxon.com\\\/sv\\\/#website\",\"url\":\"https:\\\/\\\/luxon.com\\\/sv\\\/\",\"name\":\"Luxon Pay\",\"description\":\"Instant secure global payments\",\"publisher\":{\"@id\":\"https:\\\/\\\/luxon.com\\\/sv\\\/#organization\"},\"potentialAction\":[{\"@type\":\"SearchAction\",\"target\":{\"@type\":\"EntryPoint\",\"urlTemplate\":\"https:\\\/\\\/luxon.com\\\/sv\\\/?s={search_term_string}\"},\"query-input\":{\"@type\":\"PropertyValueSpecification\",\"valueRequired\":true,\"valueName\":\"search_term_string\"}}],\"inLanguage\":\"sv-SE\"},{\"@type\":\"Organization\",\"@id\":\"https:\\\/\\\/luxon.com\\\/sv\\\/#organization\",\"name\":\"Luxon Pay\",\"url\":\"https:\\\/\\\/luxon.com\\\/sv\\\/\",\"logo\":{\"@type\":\"ImageObject\",\"inLanguage\":\"sv-SE\",\"@id\":\"https:\\\/\\\/luxon.com\\\/sv\\\/#\\\/schema\\\/logo\\\/image\\\/\",\"url\":\"https:\\\/\\\/luxon.com\\\/wp-content\\\/uploads\\\/WebsiteImage04.png\",\"contentUrl\":\"https:\\\/\\\/luxon.com\\\/wp-content\\\/uploads\\\/WebsiteImage04.png\",\"width\":1200,\"height\":630,\"caption\":\"Luxon Pay\"},\"image\":{\"@id\":\"https:\\\/\\\/luxon.com\\\/sv\\\/#\\\/schema\\\/logo\\\/image\\\/\"}}]}<\/script>\n<!-- \/ Yoast SEO plugin. -->","yoast_head_json":{"title":"Vinn en plats till WSOP Main Event v\u00e4rd 10 000 $ - Luxon Pay","robots":{"index":"index","follow":"follow","max-snippet":"max-snippet:-1","max-image-preview":"max-image-preview:large","max-video-preview":"max-video-preview:-1"},"canonical":"https:\/\/luxon.com\/sv\/win-a-10k-wsop-seat\/","og_locale":"sv_SE","og_type":"article","og_title":"Vinn en plats till WSOP Main Event v\u00e4rd 10 000 $ - Luxon Pay","og_description":"F\u00e5 ut det mesta av din WSOP Vegas-insats! Varje insats via Luxon Pay ger dig 1 lott i utlottningen av en plats till WSOP Main Event v\u00e4rd 10 000 $. Din chans att spela Main Event gratis! S\u00e5 h\u00e4r fungerar det: \u2022 K\u00f6p in dig till valfritt WSOP Vegas-turnering och betala med Luxon Pay i... Read more &raquo;","og_url":"https:\/\/luxon.com\/sv\/win-a-10k-wsop-seat\/","og_site_name":"Luxon Pay","article_modified_time":"2026-05-13T18:09:21+00:00","og_image":[{"width":600,"height":400,"url":"https:\/\/luxon.com\/wp-content\/uploads\/EmailBanner_1200x800_1.png","type":"image\/png"}],"twitter_card":"summary_large_image","twitter_misc":{"Ber\u00e4knad l\u00e4stid":"1 minut"},"schema":{"@context":"https:\/\/schema.org","@graph":[{"@type":"WebPage","@id":"https:\/\/luxon.com\/sv\/win-a-10k-wsop-seat\/","url":"https:\/\/luxon.com\/sv\/win-a-10k-wsop-seat\/","name":"Vinn en plats till WSOP Main Event v\u00e4rd 10 000 $ - Luxon Pay","isPartOf":{"@id":"https:\/\/luxon.com\/sv\/#website"},"primaryImageOfPage":{"@id":"https:\/\/luxon.com\/sv\/win-a-10k-wsop-seat\/#primaryimage"},"image":{"@id":"https:\/\/luxon.com\/sv\/win-a-10k-wsop-seat\/#primaryimage"},"thumbnailUrl":"https:\/\/luxon.com\/wp-content\/uploads\/EmailBanner_1200x800_1.png","datePublished":"2026-05-12T20:55:03+00:00","dateModified":"2026-05-13T18:09:21+00:00","inLanguage":"sv-SE","potentialAction":[{"@type":"ReadAction","target":["https:\/\/luxon.com\/sv\/win-a-10k-wsop-seat\/"]}]},{"@type":"ImageObject","inLanguage":"sv-SE","@id":"https:\/\/luxon.com\/sv\/win-a-10k-wsop-seat\/#primaryimage","url":"https:\/\/luxon.com\/wp-content\/uploads\/EmailBanner_1200x800_1.png","contentUrl":"https:\/\/luxon.com\/wp-content\/uploads\/EmailBanner_1200x800_1.png","width":600,"height":400},{"@type":"WebSite","@id":"https:\/\/luxon.com\/sv\/#website","url":"https:\/\/luxon.com\/sv\/","name":"Luxon Pay","description":"Instant secure global payments","publisher":{"@id":"https:\/\/luxon.com\/sv\/#organization"},"potentialAction":[{"@type":"SearchAction","target":{"@type":"EntryPoint","urlTemplate":"https:\/\/luxon.com\/sv\/?s={search_term_string}"},"query-input":{"@type":"PropertyValueSpecification","valueRequired":true,"valueName":"search_term_string"}}],"inLanguage":"sv-SE"},{"@type":"Organization","@id":"https:\/\/luxon.com\/sv\/#organization","name":"Luxon Pay","url":"https:\/\/luxon.com\/sv\/","logo":{"@type":"ImageObject","inLanguage":"sv-SE","@id":"https:\/\/luxon.com\/sv\/#\/schema\/logo\/image\/","url":"https:\/\/luxon.com\/wp-content\/uploads\/WebsiteImage04.png","contentUrl":"https:\/\/luxon.com\/wp-content\/uploads\/WebsiteImage04.png","width":1200,"height":630,"caption":"Luxon Pay"},"image":{"@id":"https:\/\/luxon.com\/sv\/#\/schema\/logo\/image\/"}}]}},"_links":{"self":[{"href":"https:\/\/luxon.com\/sv\/wp-json\/wp\/v2\/pages\/35776","targetHints":{"allow":["GET"]}}],"collection":[{"href":"https:\/\/luxon.com\/sv\/wp-json\/wp\/v2\/pages"}],"about":[{"href":"https:\/\/luxon.com\/sv\/wp-json\/wp\/v2\/types\/page"}],"author":[{"embeddable":true,"href":"https:\/\/luxon.com\/sv\/wp-json\/wp\/v2\/users\/5"}],"replies":[{"embeddable":true,"href":"https:\/\/luxon.com\/sv\/wp-json\/wp\/v2\/comments?post=35776"}],"version-history":[{"count":3,"href":"https:\/\/luxon.com\/sv\/wp-json\/wp\/v2\/pages\/35776\/revisions"}],"predecessor-version":[{"id":35803,"href":"https:\/\/luxon.com\/sv\/wp-json\/wp\/v2\/pages\/35776\/revisions\/35803"}],"wp:featuredmedia":[{"embeddable":true,"href":"https:\/\/luxon.com\/sv\/wp-json\/wp\/v2\/media\/35738"}],"wp:attachment":[{"href":"https:\/\/luxon.com\/sv\/wp-json\/wp\/v2\/media?parent=35776"}],"curies":[{"name":"wp","href":"https:\/\/api.w.org\/{rel}","templated":true}]}}